{"id":44735,"date":"2023-11-26T09:30:01","date_gmt":"2023-11-26T09:30:01","guid":{"rendered":"https:\/\/vitafit.nu\/product\/bonusan-magnesan-forte-plus-120-tabletten\/"},"modified":"2025-04-11T04:41:21","modified_gmt":"2025-04-11T04:41:21","slug":"bonusan-magnesan-forte-plus-120-tabletten","status":"publish","type":"product","link":"https:\/\/vitafit.nu\/de\/produkt\/bonusan-magnesan-forte-plus-120-tabletten\/","title":{"rendered":"Bonusan Magnesan Forte Plus 120 Tabletten"},"content":{"rendered":"<h3><b><strong>Warum Magnesium?<\/strong><\/b><\/h3>\n<p>Magnesium tr\u00e4gt nicht nur zu einer normalen psychischen Funktion bei, es ist auch wissenschaftlich erwiesen, dass es zu einer normalen Muskelfunktion beitr\u00e4gt und M\u00fcdigkeit und Erm\u00fcdung verringert.<\/p>\n<p>Wir wissen auch, dass Magnesium zur Erhaltung normaler Knochen beitr\u00e4gt. Au\u00dferdem spielt es eine Rolle im Prozess der Zellteilung. Magnesium tr\u00e4gt auch zur normalen Proteinsynthese, zum Elektrolytgleichgewicht und zu einer normalen psychischen Funktion bei. Daher ist es auch wichtig, tags\u00fcber ausreichend Magnesium zu sich zu nehmen.   <\/p>\n<p>Magnesium erhalten wir \u00fcber unsere Ern\u00e4hrung. Es ist in verschiedenen Lebensmitteln enthalten. Gr\u00fcnes Blattgem\u00fcse, N\u00fcsse, Fleisch und Bananen sind reichhaltige Quellen. Unser K\u00f6rper kann Magnesium aus der Nahrung aufnehmen, aber das ist nicht immer ausreichend. Zum Beispiel, weil wir nicht gen\u00fcgend magnesiumhaltige Produkte essen oder weil wir zus\u00e4tzliches Magnesium ben\u00f6tigen. Ein Magnesiumpr\u00e4parat bietet dann eine L\u00f6sung.     <\/p>\n<h3><b><strong>Die Vorteile von Bonusan Magnesan Forte Plus<\/strong><\/b><\/h3>\n<p>Magnesan Forte Plus ist eines der beliebtesten Bonusan-Produkte und seit mehr als 20 Jahren als einzigartiges Magnesiumprodukt erh\u00e4ltlich. Im Laufe der Jahre wurde die Zusammensetzung unter Ber\u00fccksichtigung der neuesten wissenschaftlichen Erkenntnisse optimiert. Magnesan Forte Plus-Tabletten enthalten 150 mg Magnesiumbisglycinat pro Tablette und sind somit ideal f\u00fcr die t\u00e4gliche Einnahme geeignet. Was die Magnesan-Formel jedoch wirklich einzigartig macht, ist der Zusatz der wichtigen Synergisten Taurin und L-Glycin.   <\/p>\n<p>Jede Tablette Magnesan Forte Plus enth\u00e4lt 150 mg elementares Magnesium in der leicht verf\u00fcgbaren Form von Bisglycinat. Das &#8220;Plus&#8221; bezieht sich auf den Zusatz der Stoffe Vitamin B6, L-Glycin und Taurin. Die Synergisten sorgen daf\u00fcr, dass das Supplement mehr ist als die Summe seiner Teile. Wie Magnesium tr\u00e4gt Vitamin B6 zu einem normalen energieerzeugenden Stoffwechsel im K\u00f6rper und zur Verringerung von M\u00fcdigkeit und Erm\u00fcdung bei.   <\/p>\n<h3><b><strong>Hohe Qualit\u00e4t durch Magnesiumbisglycinat und Vitamin B6<\/strong><\/b><\/h3>\n<p>Magnesium kommt in verschiedenen Verbindungen vor. Zwei bekannte Verbindungen sind Magnesiumcitrat und Magnesiumbisglycinat. Beide Formen sind organisch gebunden und k\u00f6nnen daher vom K\u00f6rper besser aufgenommen werden als anorganische Formen, wie z. B. Magnesiumoxid. Aus Qualit\u00e4tsgr\u00fcnden verwenden wir bei der Herstellung von Magnesan Forte Plus nur vollst\u00e4ndig umgesetztes Magnesiumbisglycinat. Das bedeutet, dass diese Erg\u00e4nzung frei von Magnesiumoxid ist.    <\/p>\n<p>Ein weiterer Vorteil von Magnesiumbisglycinat besteht darin, dass der K\u00f6rper diese Form des Magnesiums nicht als Mineral, sondern als Aminos\u00e4ure betrachtet. Dies ist n\u00fctzlich, weil die Bisglycinatverbindung dann die so genannte Mineralkonkurrenz umgeht. Eine Mineralienkonkurrenz entsteht, weil verschiedene Mineralien dieselben Transporter benutzen und daher ein Mineral die Aufnahme eines anderen Minerals beeintr\u00e4chtigen kann. Ein weiterer Vorteil besteht darin, dass die Aufnahme von Aminos\u00e4uren durch den K\u00f6rper h\u00f6her ist als die von Mineralien. Tats\u00e4chlich ist die Absorption der Glycinform aufgrund ihrer geringen Gr\u00f6\u00dfe die h\u00f6chste von allen Aminos\u00e4uren. Studien zeigen, dass diese Partikel auch ins Gehirn gelangen k\u00f6nnen. Magnesiumbisglycinat tr\u00e4gt zu einer normalen psychischen Funktion bei. Seine Bindung an L-Glycin sorgt au\u00dferdem daf\u00fcr, dass die Absorption im K\u00f6rper weniger durch andere Ern\u00e4hrungsfaktoren beeintr\u00e4chtigt wird.       <\/p>\n<p>Wir haben Vitamin B6 in seiner aktiven Form hinzugef\u00fcgt: Pyridoxal-5-phosphat (P5P). Diese Form von Vitamin B6 wird besser absorbiert als Pyridoxinhydrochlorid, das h\u00e4ufig in Nahrungserg\u00e4nzungsmitteln verwendet wird. Au\u00dferdem wird davon ausgegangen, dass \u00fcbersch\u00fcssiges P5P nicht ausf\u00e4llt, so dass Magnesan Forte Plus leicht mit anderen B6-haltigen Nahrungserg\u00e4nzungsmitteln kombiniert werden kann.  <\/p>\n<h3><b><strong>Magnesium tr\u00e4gt zu einem normalen energieerzeugenden Stoffwechsel bei<br \/>\n<\/strong><\/b><\/h3>\n<p>Das menschliche Gehirn verarbeitet etwa 10 Millionen Reize pro Sekunde. Magnesium tr\u00e4gt zu einer normalen psychologischen Funktion und einem normalen energieerzeugenden Stoffwechsel bei. F\u00fcr Personen, die eine Erg\u00e4nzung ihrer Ern\u00e4hrung ben\u00f6tigen, kann dieses Produkt eine L\u00f6sung darstellen. Das Produkt ist f\u00fcr den t\u00e4glichen Gebrauch geeignet, sicher bei h\u00f6heren Dosen und kann auch von Vegetariern und Veganern eingenommen werden.   <\/p>\n<p>Da es mit L-Glycin kombiniert ist, ist die Tablette gr\u00f6\u00dfer als der Durchschnitt. Wir haben ein Punktesymbol eingef\u00fcgt, um die Tablette in zwei Teile zu unterteilen. <\/p>\n","protected":false},"excerpt":{"rendered":"<p>Bonusan Magnesan Forte plus tr\u00e4gt zu einer normalen psychischen Funktion bei. Die Erfolgsformel Magnesan Forte Plus ist seit mehr als 20 Jahren ein bew\u00e4hrter Bestseller im Bonusan-Sortiment. Das liegt unter anderem an der einzigartigen Kombination von hochwertigem Magnesium mit den Substanzen Taurin und L-Glycin.  <\/p>\n<ul class=\"perks-text\">\n<li>Hohe Bioverf\u00fcgbarkeit dank Magnesiumbisglycinat<\/li>\n<li>Enth\u00e4lt die wichtigen Synergisten Glycin und Taurin<\/li>\n<li>Magnesium hilft, M\u00fcdigkeit und Erm\u00fcdung zu verringern<\/li>\n<\/ul>\n","protected":false},"featured_media":43675,"comment_status":"open","ping_status":"closed","template":"","meta":{"_acf_changed":false,"_seopress_robots_primary_cat":"404","_seopress_titles_title":"Bonusan Magnesan Forte Plus - 120 St\u00fcck - Tabletten | vitafit.nu","_seopress_titles_desc":"","_seopress_robots_index":""},"product_brand":[],"product_cat":[1318,1334,1333,1335,1320],"product_tag":[],"woo-feed-brand":[],"class_list":{"0":"post-44735","1":"product","2":"type-product","3":"status-publish","4":"has-post-thumbnail","6":"product_cat-losungen","7":"product_cat-magnesium-de","8":"product_cat-mineralien","9":"product_cat-nervensystem","10":"product_cat-zustand-des-geistes","11":"pa_bevat-geen-gelatine-de","12":"pa_bevat-geen-gluten-de","13":"pa_bevat-geen-gvo","14":"pa_bevat-geen-hefe","15":"pa_bevat-geen-konservierungsmittel","16":"pa_bevat-geen-laktose","17":"pa_bevat-geen-mais-de","18":"pa_bevat-geen-soja-de","19":"pa_bevat-geen-synthetische-farbstoffe-aromen-und-duftstoffe","20":"pa_bevat-geen-tierische-stoffe","21":"pa_bevat-geen-zugesetzte-saccharose","22":"pa_inhoud-120-stuck","23":"pa_inhoud-60-stuck","24":"pa_merk-bonusan","25":"pa_mineralen-magnesium-de","26":"pa_oplossingen-nervensystem","27":"pa_oplossingen-zustand-des-geistes","28":"pa_soort-tabletten-de","29":"pa_vitaminen-vitamin-b6","31":"first","32":"instock","33":"taxable","34":"shipping-taxable","35":"purchasable","36":"product-type-variable","37":"has-default-attributes"},"acf":[],"_links":{"self":[{"href":"https:\/\/vitafit.nu\/de\/wp-json\/wp\/v2\/product\/44735","targetHints":{"allow":["GET"]}}],"collection":[{"href":"https:\/\/vitafit.nu\/de\/wp-json\/wp\/v2\/product"}],"about":[{"href":"https:\/\/vitafit.nu\/de\/wp-json\/wp\/v2\/types\/product"}],"replies":[{"embeddable":true,"href":"https:\/\/vitafit.nu\/de\/wp-json\/wp\/v2\/comments?post=44735"}],"wp:featuredmedia":[{"embeddable":true,"href":"https:\/\/vitafit.nu\/de\/wp-json\/wp\/v2\/media\/43675"}],"wp:attachment":[{"href":"https:\/\/vitafit.nu\/de\/wp-json\/wp\/v2\/media?parent=44735"}],"wp:term":[{"taxonomy":"product_brand","embeddable":true,"href":"https:\/\/vitafit.nu\/de\/wp-json\/wp\/v2\/product_brand?post=44735"},{"taxonomy":"product_cat","embeddable":true,"href":"https:\/\/vitafit.nu\/de\/wp-json\/wp\/v2\/product_cat?post=44735"},{"taxonomy":"product_tag","embeddable":true,"href":"https:\/\/vitafit.nu\/de\/wp-json\/wp\/v2\/product_tag?post=44735"},{"taxonomy":"woo-feed-brand","embeddable":true,"href":"https:\/\/vitafit.nu\/de\/wp-json\/wp\/v2\/woo-feed-brand?post=44735"}],"curies":[{"name":"wp","href":"https:\/\/api.w.org\/{rel}","templated":true}]}}