{"id":44757,"date":"2023-11-26T09:30:03","date_gmt":"2023-11-26T09:30:03","guid":{"rendered":"https:\/\/vitafit.nu\/product\/bonusan-carotinoid-komplex-60-kapseln\/"},"modified":"2025-04-11T04:41:34","modified_gmt":"2025-04-11T04:41:34","slug":"bonusan-carotinoid-komplex-60-kapseln","status":"publish","type":"product","link":"https:\/\/vitafit.nu\/de\/bonusan-carotinoid-komplex-60-kapseln\/","title":{"rendered":"Bonusan Carotinoid-Komplex 60 Kapseln"},"content":{"rendered":"<div id=\"v-pills-tabContent\" class=\"tab-content\">\n<div id=\"v-pills-moredetails\" class=\"tab-pane fade active show\" role=\"tabpanel\" aria-labelledby=\"v-pills-moredetails-tab\">\n<div id=\"accordionMoreDetails\" class=\"accordion\">\n<div class=\"accordionMoreDetails\">\n<p>Carotinoid-Komplex enth\u00e4lt ein breites Spektrum an nat\u00fcrlichen Carotinoiden aus Algen, Karotten\u00f6l, Palmfr\u00fcchten, Ringelblumen und Tomaten. Neben Beta-Carotin liefert das Produkt auch bedeutende Mengen an Alpha-Carotin, Lycopin, Lutein und Zeaxanthin. Der Mensch kann Carotinoide nicht selbst herstellen. Sie m\u00fcssen daher aus Karotten, S\u00fc\u00dfkartoffeln, Papaya, Wassermelone, Mango, Spinat, Gr\u00fcnkohl oder Paprika stammen.   <\/p>\n<p>Bonusan Carotinoid-Komplex ist ein Nahrungserg\u00e4nzungsmittel mit Alpha-Carotin, Beta-Carotin, Lycopin, Lutein und Zeaxanthin. Die Wissenschaft hat erst vor kurzem begonnen, dem Alpha-Carotin die Aufmerksamkeit zu schenken, die es verdient. Alpha-Carotin hat etwas andere Eigenschaften als Beta-Carotin. Au\u00dferdem ist es &#8211; wie Beta-Carotin &#8211; eine Quelle von Provitamin A. Provitamin A wird im Darm und in der Leber nach Bedarf in Vitamin A umgewandelt. Es besteht also kein Risiko einer \u00dcberdosierung. Vitamin A unterst\u00fctzt das Immunsystem und ist gut f\u00fcr die Sehkraft. Die Formel enth\u00e4lt auch Chlorella, eine S\u00fc\u00dfwasseralge, die viele Vitamine, Mineralien, Carotinoide und Chlorophyll liefert.      <\/p>\n<p>Der K\u00f6rper braucht Fett, um Carotinoide richtig aufzunehmen. Es wird daher empfohlen, einen Carotinoid-Komplex mit einer fetthaltigen Mahlzeit zu kombinieren. Eine fettarme oder fettfreie Ern\u00e4hrung kann die Aufnahme von Carotinoiden beeintr\u00e4chtigen.  <\/p>\n<\/div>\n<\/div>\n<\/div>\n<\/div>\n<div class=\"product-detail-no-claim-container\">\n<p><strong>Weitere Informationen zu diesem Produkt<\/strong> Aufgrund der Gesetzgebung zu Nahrungserg\u00e4nzungsmitteln ist es uns leider nicht gestattet, (vollst\u00e4ndige) Informationen zu diesem Produkt bereitzustellen. F\u00fcr weitere Informationen empfehlen wir, dass Sie uns kontaktieren. <\/p>\n<\/div>\n","protected":false},"excerpt":{"rendered":"<div class=\"product-detail-description-text mt-3\">Bonusan Carotinoid-Komplex enth\u00e4lt ein breites Spektrum an nat\u00fcrlichen Carotinoiden aus Algen, Karotten\u00f6l, Palmfr\u00fcchten, Ringelblumen und Tomaten. Neben Beta-Carotin liefert das Produkt auch bedeutende Mengen an Alpha-Carotin, Lycopin, Lutein und Zeaxanthin. <\/div>\n<div class=\"product-detail-usps\">\n<ul>\n<li>Breiter Komplex aus nat\u00fcrlichen Carotinoiden<\/li>\n<li>Aus Algen, Karotten\u00f6l, Palmfrucht, Ringelblume und Tomate<\/li>\n<li>Enth\u00e4lt Beta- und Alpha-Carotin, Lycopin, Lutein und Zeaxanthin<\/li>\n<li>Vegetarische Kapseln<\/li>\n<\/ul>\n<\/div>\n","protected":false},"featured_media":44483,"comment_status":"open","ping_status":"closed","template":"","meta":{"_acf_changed":false,"_seopress_robots_primary_cat":"444","_seopress_titles_title":"Bonusan Carotinoid-Komplex - 60 St\u00fcck - Kapsel | VitaFit","_seopress_titles_desc":"","_seopress_robots_index":""},"product_brand":[],"product_cat":[1347,1321],"product_tag":[],"woo-feed-brand":[],"class_list":{"0":"post-44757","1":"product","2":"type-product","3":"status-publish","4":"has-post-thumbnail","6":"product_cat-vitamin-a","7":"product_cat-vitamine","8":"pa_bevat-geen-hefe","9":"pa_bevat-geen-konservierungsmittel","10":"pa_bevat-geen-synthetische-farbstoffe-aromen-und-duftstoffe","11":"pa_inhoud-60-stuck","12":"pa_kruiden-chlorella-de","13":"pa_merk-bonusan","14":"pa_soort-kapsel-2","16":"first","17":"instock","18":"taxable","19":"shipping-taxable","20":"purchasable","21":"product-type-variable","22":"has-default-attributes"},"acf":[],"_links":{"self":[{"href":"https:\/\/vitafit.nu\/de\/wp-json\/wp\/v2\/product\/44757","targetHints":{"allow":["GET"]}}],"collection":[{"href":"https:\/\/vitafit.nu\/de\/wp-json\/wp\/v2\/product"}],"about":[{"href":"https:\/\/vitafit.nu\/de\/wp-json\/wp\/v2\/types\/product"}],"replies":[{"embeddable":true,"href":"https:\/\/vitafit.nu\/de\/wp-json\/wp\/v2\/comments?post=44757"}],"wp:featuredmedia":[{"embeddable":true,"href":"https:\/\/vitafit.nu\/de\/wp-json\/wp\/v2\/media\/44483"}],"wp:attachment":[{"href":"https:\/\/vitafit.nu\/de\/wp-json\/wp\/v2\/media?parent=44757"}],"wp:term":[{"taxonomy":"product_brand","embeddable":true,"href":"https:\/\/vitafit.nu\/de\/wp-json\/wp\/v2\/product_brand?post=44757"},{"taxonomy":"product_cat","embeddable":true,"href":"https:\/\/vitafit.nu\/de\/wp-json\/wp\/v2\/product_cat?post=44757"},{"taxonomy":"product_tag","embeddable":true,"href":"https:\/\/vitafit.nu\/de\/wp-json\/wp\/v2\/product_tag?post=44757"},{"taxonomy":"woo-feed-brand","embeddable":true,"href":"https:\/\/vitafit.nu\/de\/wp-json\/wp\/v2\/woo-feed-brand?post=44757"}],"curies":[{"name":"wp","href":"https:\/\/api.w.org\/{rel}","templated":true}]}}