{"id":44821,"date":"2024-07-30T09:35:45","date_gmt":"2024-07-30T09:35:45","guid":{"rendered":"https:\/\/vitafit.nu\/product\/bonusan-flavoxan-60-vegakapseln\/"},"modified":"2025-04-11T04:42:48","modified_gmt":"2025-04-11T04:42:48","slug":"bonusan-flavoxan-60-vegakapseln","status":"publish","type":"product","link":"https:\/\/vitafit.nu\/de\/produkt\/bonusan-flavoxan-60-vegakapseln\/","title":{"rendered":"Bonusan Flavoxan 60 VegaKapseln"},"content":{"rendered":"<p>Bonusan Flavoxan ist ein umfassender Komplex, der dreizehn nat\u00fcrliche (Bio-)Flavonoide enth\u00e4lt. Flavonoide sind Pflanzenstoffe, die haupts\u00e4chlich in Pflanzen, Kr\u00e4utern und Fr\u00fcchten vorkommen. Flavoxan wird insbesondere zum Schutz gesunder Zellen und Gewebe vor freien Radikalen verwendet, dank des standardisierten Traubenkernextrakts (Vitis vinifera extract). Dieses Antioxidans tr\u00e4gt dazu bei, freie Radikale zu fangen und sich vor oxidativen Sch\u00e4den, z. B. durch Sonnenlicht und Luftverschmutzung, zu sch\u00fctzen.   <\/p>\n<p>Die Flavonoide in Flavoxan haben jeweils ihre eigene Wirkung, z. B. tr\u00e4gt der Extrakt aus gr\u00fcnem Tee (Camellia sinsensis) zur normalen Kollagenbildung f\u00fcr eine normale Funktion der Blutgef\u00e4\u00dfe bei. Schwarzbeerenextrakt (Ribus nigrum) unterst\u00fctzt die normale Blutzirkulation und Traubenkernextrakt (Vitis vinifera) wirkt als Antioxidans. Sie sehen, je vielf\u00e4ltiger Sie essen, desto mehr verschiedene Flavonoide nehmen Sie zu sich. Bonusan Flavoxan bietet eine sch\u00f6ne Erg\u00e4nzung zu einer gesunden und abwechslungsreichen Ern\u00e4hrung.   <\/p>\n<p>Bonusan Flavoxan ist f\u00fcr alle gedacht, die eine zus\u00e4tzliche Unterst\u00fctzung f\u00fcr ihren K\u00f6rper w\u00fcnschen, zum Beispiel mit Vitis vinifera, das als Antioxidans wirkt. Dieses Erg\u00e4nzungsmittel enth\u00e4lt ausschlie\u00dflich pflanzliche Inhaltsstoffe und ist f\u00fcr Veganer und Vegetarier geeignet. Es kann auch w\u00e4hrend der Schwangerschaft und von Kindern verwendet werden.  <\/p>\n<p>Bonusan Flavoxan enth\u00e4lt nicht weniger als dreizehn verschiedene Pflanzenextrakte, die alle auf einen bestimmten Gehalt an Flavonoiden standardisiert sind. So k\u00f6nnen Sie sicher sein, dass die Inhaltsstoffe dieses Nahrungserg\u00e4nzungsmittels die Flavonoide enthalten, die Sie suchen. Der breit gef\u00e4cherte Komplex aus dreizehn verschiedenen Flavonoiden versorgt Ihren K\u00f6rper mit genau der Vielfalt an N\u00e4hrstoffen, die er braucht. Da dieses Nahrungserg\u00e4nzungsmittel keine Vitamine und Mineralien enth\u00e4lt, kann es perfekt mit vielen anderen Nahrungserg\u00e4nzungsmitteln kombiniert werden, z. B. mit einem Multivitaminpr\u00e4parat oder einer gro\u00dfz\u00fcgigen Dosis Vitamin C.   <\/p>\n","protected":false},"excerpt":{"rendered":"<div class=\"product-detail-description-text mt-3 d-none d-lg-block\">\n<p>Flavoxan bietet ein breites Spektrum an Flavonoiden, Substanzen, die nat\u00fcrlich in Pflanzen, Kr\u00e4utern und Fr\u00fcchten vorkommen. Flavoxan ist somit eine gute Erg\u00e4nzung zu einer gesunden und abwechslungsreichen Ern\u00e4hrung. <\/p>\n<\/div>\n<div class=\"product-detail-usps mt-4 lg-mt-0\">\n<ul>\n<li>Enth\u00e4lt standardisierte Flavonoide aus Pflanzen, Kr\u00e4utern und Fr\u00fcchten<\/li>\n<li>Breites Spektrum an verschiedenen Flavonoiden und Polyphenolen<\/li>\n<li>Tr\u00e4gt dank des Extrakts aus Vitis vinifera und Camellia sinensis als Antioxidans* bei<\/li>\n<\/ul>\n<p><em>*Gesundheitsbezogene Angabe, deren europ\u00e4ische Zulassung noch aussteht<\/em><\/p>\n<\/div>\n","protected":false},"featured_media":44003,"comment_status":"closed","ping_status":"closed","template":"","meta":{"_acf_changed":false,"_seopress_robots_primary_cat":"408","_seopress_titles_title":"Bonusan Flavoxan - 60 St\u00fcck - VegaKapseln | Vitafit","_seopress_titles_desc":"","_seopress_robots_index":""},"product_brand":[1398],"product_cat":[1335,1437],"product_tag":[],"woo-feed-brand":[],"class_list":{"0":"post-44821","1":"product","2":"type-product","3":"status-publish","4":"has-post-thumbnail","6":"product_brand-bonusan-de","7":"product_cat-nervensystem","8":"product_cat-oxidativer-stress","9":"pa_bevat-geen-hefe","10":"pa_bevat-geen-konservierungsmittel","11":"pa_bevat-geen-synthetische-farbstoffe-aromen-und-duftstoffe","12":"pa_bevat-geen-tierische-stoffe","13":"pa_bevat-geen-zugesetzte-saccharose","14":"pa_inhoud-60-stuck","15":"pa_kruiden-bioflavonoide-aus-zitrusfruchten","16":"pa_kruiden-camellia-sinensis-gruner-tee-folatextrakt","17":"pa_kruiden-cranberry-de","18":"pa_kruiden-extrakt-aus-rubus-idaeus-himbeere","19":"pa_kruiden-extrakt-aus-schisandra-chinensis-schisandra-fructus","20":"pa_kruiden-extrakt-aus-vaccinium-myrtillus-heidelbeere","21":"pa_kruiden-glycerinmazerat-von-ribes-nigrum-schwarze-johannisbeere","22":"pa_kruiden-granatapfel","23":"pa_kruiden-japanischer-tempelbaum","24":"pa_kruiden-malus-domestica-borkh-apfel-extrakt","25":"pa_kruiden-mariendistel","26":"pa_kruiden-quercetin","27":"pa_kruiden-rutin-flavonoid","28":"pa_kruiden-thymus-vulgaris-thymian","29":"pa_kruiden-traubenkerne","30":"pa_merk-bonusan","31":"pa_oplossingen-nervensystem","32":"pa_oplossingen-oxidativer-stress","33":"pa_soort-vegacapsule-de","35":"first","36":"instock","37":"taxable","38":"shipping-taxable","39":"purchasable","40":"product-type-variable","41":"has-default-attributes"},"acf":[],"_links":{"self":[{"href":"https:\/\/vitafit.nu\/de\/wp-json\/wp\/v2\/product\/44821","targetHints":{"allow":["GET"]}}],"collection":[{"href":"https:\/\/vitafit.nu\/de\/wp-json\/wp\/v2\/product"}],"about":[{"href":"https:\/\/vitafit.nu\/de\/wp-json\/wp\/v2\/types\/product"}],"replies":[{"embeddable":true,"href":"https:\/\/vitafit.nu\/de\/wp-json\/wp\/v2\/comments?post=44821"}],"wp:featuredmedia":[{"embeddable":true,"href":"https:\/\/vitafit.nu\/de\/wp-json\/wp\/v2\/media\/44003"}],"wp:attachment":[{"href":"https:\/\/vitafit.nu\/de\/wp-json\/wp\/v2\/media?parent=44821"}],"wp:term":[{"taxonomy":"product_brand","embeddable":true,"href":"https:\/\/vitafit.nu\/de\/wp-json\/wp\/v2\/product_brand?post=44821"},{"taxonomy":"product_cat","embeddable":true,"href":"https:\/\/vitafit.nu\/de\/wp-json\/wp\/v2\/product_cat?post=44821"},{"taxonomy":"product_tag","embeddable":true,"href":"https:\/\/vitafit.nu\/de\/wp-json\/wp\/v2\/product_tag?post=44821"},{"taxonomy":"woo-feed-brand","embeddable":true,"href":"https:\/\/vitafit.nu\/de\/wp-json\/wp\/v2\/woo-feed-brand?post=44821"}],"curies":[{"name":"wp","href":"https:\/\/api.w.org\/{rel}","templated":true}]}}