{"id":44822,"date":"2024-12-02T10:36:21","date_gmt":"2024-12-02T10:36:21","guid":{"rendered":"https:\/\/vitafit.nu\/product\/bonusan-darmflora-paket\/"},"modified":"2025-04-11T04:42:52","modified_gmt":"2025-04-11T04:42:52","slug":"bonusan-darmflora-paket","status":"publish","type":"product","link":"https:\/\/vitafit.nu\/de\/bonusan-darmflora-paket\/","title":{"rendered":"Bonusan Darmflora-Paket"},"content":{"rendered":"\n<h3 class=\"wp-block-heading\">Vollst\u00e4ndige Unterst\u00fctzung f\u00fcr Ihre Darmgesundheit<\/h3>\n\n<p>Das Bonusan Darmflora-Paket kombiniert zwei hochwertige Nahrungserg\u00e4nzungsmittel, die zusammenwirken, um die Gesundheit Ihres Darms zu optimieren:<\/p>\n\n<p><strong>Bonusan Fibropur:<\/strong><\/p>\n\n<p><a href=\"https:\/\/vitafit.nu\/de\/bonusan-fibropur-fermentiert-90-vegakapseln\/?cgkit_search_word=fibro\">Bonusan Fibropur fermentiert<\/a><\/p>\n\n<p><a href=\"http:\/\/Bonusan%20Fibropur%20Complete\">Bonusan Fibropur Komplett  <\/a><\/p>\n\n<p>Das FibroPur-Sortiment besteht aus einzigartigen fermentierten Obst- und Gem\u00fcsemischungen von Fibriotics\u2122. Dank des Fermentationsprozesses enthalten diese Produkte Mikrofasern, die reich an nat\u00fcrlich vorkommenden Polyphenolen und Flavonoiden sind. Die Mischung enth\u00e4lt bis zu 36 verschiedene Obst- und Gem\u00fcsesorten, die eine gro\u00dfe Vielfalt an N\u00e4hrstoffen zur Unterst\u00fctzung einer gesunden Darmflora liefern.  <\/p>\n\n<p><strong>Bonusan Bacteri<\/strong>:<\/p>\n\n<p><a href=\"https:\/\/vitafit.nu\/bonusan-bacteri-5-infantis-28-sachets\/?cgkit_search_word=bacteri\">Bonusan Bacteri 5 Infantis<\/a> <\/p>\n\n<p><a href=\"https:\/\/vitafit.nu\/bonusan-bacteri-6-oral-14-sachets\/?cgkit_search_word=bacteri\">Bonusan Bacteri 6<\/a><\/p>\n\n<p><a href=\"https:\/\/vitafit.nu\/bonusan-bacteri-8-28-capsules\/?cgkit_search_word=bacteri\">Bonusan Bacteri 8<\/a><\/p>\n\n<p><a href=\"https:\/\/vitafit.nu\/bonusan-bacteri-spore-28-vegacapsules\/\">Bonusan Bacteri Spore<\/a><\/p>\n\n<p><a href=\"https:\/\/vitafit.nu\/bonusan-bacteri-8-senior-28-capsules\/\">Bonusan Bacteri 8 Senior<\/a><\/p>\n\n<p><a href=\"https:\/\/vitafit.nu\/bonusan-bacteri-17-expert-resilience-14-sachets\/?cgkit_search_word=bacteri%201\">Bonusan Bacteri 17 Expert Resilience<\/a><\/p>\n\n<p>  Das Bacteri-Sortiment bietet eine Reihe von probiotischen Erg\u00e4nzungsmitteln mit sorgf\u00e4ltig ausgew\u00e4hlten Bakterienst\u00e4mmen. Von Bacteri 5 bis Bacteri Expert 17 liefert jedes Produkt eine spezifische Mischung von Bakterien, die das nat\u00fcrliche Gleichgewicht Ihrer Darmflora f\u00f6rdern. Die praktische Verpackung, oft in Form von Beuteln, sch\u00fctzt die Bakterien optimal vor Licht, Luft und Feuchtigkeit und garantiert so die Wirksamkeit der 14-t\u00e4gigen Kur.  <\/p>\n\n<p><\/p>\n","protected":false},"excerpt":{"rendered":"<p><strong>St\u00e4rken Sie Ihre Darmgesundheit<\/strong> mit <strong>Pr\u00e4biotika<\/strong> und <strong>Probiotika<\/strong>! Leiden Sie unter Bl\u00e4hungen, M\u00fcdigkeit oder unruhiger Verdauung? Geben Sie Ihrem Darm die Liebe, die er verdient! Kombiniert die Kraft von Pr\u00e4biotika und Probiotika f\u00fcr:  <\/p>\n<ul>\n<li>5 bis 14 speziell ausgew\u00e4hlte Bakterienst\u00e4mme, die direkt im Mund aktiv werden<\/li>\n<li>Einzigartige fermentierte Obst- und Gem\u00fcsemischung mit 36 Sorten<\/li>\n<li>Bequeme 14-Tage-Kur mit einzeln verpackten Beuteln<\/li>\n<li>Enth\u00e4lt nat\u00fcrliche Polyphenole und Flavonoide<\/li>\n<li>Geeignet f\u00fcr Vegetarier und Veganer<\/li>\n<\/ul>\n","protected":false},"featured_media":43459,"comment_status":"open","ping_status":"closed","template":"","meta":{"_acf_changed":false,"_seopress_robots_primary_cat":"none","_seopress_titles_title":"","_seopress_titles_desc":"","_seopress_robots_index":""},"product_brand":[],"product_cat":[],"product_tag":[],"woo-feed-brand":[],"class_list":{"0":"post-44822","1":"product","2":"type-product","3":"status-publish","4":"has-post-thumbnail","7":"first","8":"instock","9":"taxable","10":"shipping-taxable","11":"purchasable","12":"product-type-variable"},"acf":[],"_links":{"self":[{"href":"https:\/\/vitafit.nu\/de\/wp-json\/wp\/v2\/product\/44822","targetHints":{"allow":["GET"]}}],"collection":[{"href":"https:\/\/vitafit.nu\/de\/wp-json\/wp\/v2\/product"}],"about":[{"href":"https:\/\/vitafit.nu\/de\/wp-json\/wp\/v2\/types\/product"}],"replies":[{"embeddable":true,"href":"https:\/\/vitafit.nu\/de\/wp-json\/wp\/v2\/comments?post=44822"}],"wp:featuredmedia":[{"embeddable":true,"href":"https:\/\/vitafit.nu\/de\/wp-json\/wp\/v2\/media\/43459"}],"wp:attachment":[{"href":"https:\/\/vitafit.nu\/de\/wp-json\/wp\/v2\/media?parent=44822"}],"wp:term":[{"taxonomy":"product_brand","embeddable":true,"href":"https:\/\/vitafit.nu\/de\/wp-json\/wp\/v2\/product_brand?post=44822"},{"taxonomy":"product_cat","embeddable":true,"href":"https:\/\/vitafit.nu\/de\/wp-json\/wp\/v2\/product_cat?post=44822"},{"taxonomy":"product_tag","embeddable":true,"href":"https:\/\/vitafit.nu\/de\/wp-json\/wp\/v2\/product_tag?post=44822"},{"taxonomy":"woo-feed-brand","embeddable":true,"href":"https:\/\/vitafit.nu\/de\/wp-json\/wp\/v2\/woo-feed-brand?post=44822"}],"curies":[{"name":"wp","href":"https:\/\/api.w.org\/{rel}","templated":true}]}}