{"id":44839,"date":"2024-11-20T10:06:38","date_gmt":"2024-11-20T10:06:38","guid":{"rendered":"https:\/\/vitafit.nu\/product\/bonusan-herbstpaket\/"},"modified":"2025-04-11T04:42:56","modified_gmt":"2025-04-11T04:42:56","slug":"bonusan-herbstpaket","status":"publish","type":"product","link":"https:\/\/vitafit.nu\/de\/bonusan-herbstpaket\/","title":{"rendered":"Bonusan Herbstpaket!"},"content":{"rendered":"<p><strong>Sch\u00fctzen Sie sich diesen Herbst mit unserem exklusiven Herbstpaket.<\/strong><\/p>\n<p>Der Herbst ist eine Zeit der K\u00e4lte, des geringeren Tageslichts und der zus\u00e4tzlichen Herausforderungen f\u00fcr den K\u00f6rper. In dieser Jahreszeit ist es besonders wichtig, auf Ihre Gesundheit zu achten. Unser sorgf\u00e4ltig zusammengestelltes Herbstpaket bietet alles, was Sie brauchen, um stark, energiegeladen und vital zu bleiben. Mit diesen drei leistungsstarken Erg\u00e4nzungsmitteln sind Sie optimal auf die kalten Monate vorbereitet.   <\/p>\n<p><strong>Unterst\u00fctzung des Immunsystems:<\/strong><\/p>\n<p><a href=\"https:\/\/vitafit.nu\/bonusan-vitamine-d3-75-mcg3000-ie-60-capsules\/\">Vitamin D3 75 mcg\/3000 IU<\/a><\/p>\n<p>Wussten Sie, dass die meisten Menschen im Herbst einen Mangel an Vitamin D haben? Das Sonnenlicht ist rar, und Ihr K\u00f6rper braucht dieses Vitamin dringend f\u00fcr ein starkes Immunsystem. Mit unserem leistungsstarken Vitamin D3 erhalten Sie die t\u00e4gliche Unterst\u00fctzung, die Sie brauchen, um Ihre Abwehrkr\u00e4fte aufrechtzuerhalten.  <\/p>\n<p><strong>Energie und Vitalit\u00e4t:<\/strong><\/p>\n<p><a href=\"https:\/\/vitafit.nu\/bonusan-actief-vitamine-b-complex-60-capsules\/\">Aktiver Vitamin-B-Komplex<\/a><\/p>\n<p>F\u00fchlen Sie sich in den dunklen Tagen oft m\u00fcde oder lethargisch? Unser B-Komplex Aktiv enth\u00e4lt aktive Formen von B-Vitaminen, die direkt vom K\u00f6rper aufgenommen werden. Sie unterst\u00fctzen Ihren Energiestoffwechsel und helfen Ihnen, erfrischt und energiegeladen durch den Tag zu kommen, egal wie kalt es drau\u00dfen ist.  <\/p>\n<p><strong>Zus\u00e4tzliche Unterst\u00fctzung:<\/strong><\/p>\n<p><a href=\"https:\/\/vitafit.nu\/de\/produkt\/bonusan-omega-3-msc-epa-forte-60-weichkapseln\/\">Omega-3 MSC EPA forte  <\/a><\/p>\n<p>Im Herbst ist Ihr K\u00f6rper oft besonders anf\u00e4llig. Unser hochwertiges Omega-3 unterst\u00fctzt Ihr Herz, Ihr Gehirn und Ihr Immunsystem. Das reine Fisch\u00f6l in unserem Nahrungserg\u00e4nzungsmittel tr\u00e4gt zu einer gesunden Grundlage bei, damit Sie alles aus Ihrem Tag herausholen k\u00f6nnen.  <\/p>\n","protected":false},"excerpt":{"rendered":"<p>Warum sollten Sie unser Herbstpaket w\u00e4hlen?<\/p>\n<ul>\n<li><strong>Vollst\u00e4ndig und ausgewogen:<\/strong> Drei unverzichtbare Erg\u00e4nzungen, die sich perfekt erg\u00e4nzen.<\/li>\n<li><strong>Optimale Qualit\u00e4t: <\/strong>Die Formulierung entspricht den h\u00f6chsten Standards und gew\u00e4hrleistet maximale Wirksamkeit.<\/li>\n<\/ul>\n","protected":false},"featured_media":43351,"comment_status":"open","ping_status":"closed","template":"","meta":{"_acf_changed":false,"_seopress_robots_primary_cat":"none","_seopress_titles_title":"","_seopress_titles_desc":"","_seopress_robots_index":""},"product_brand":[],"product_cat":[],"product_tag":[],"woo-feed-brand":[],"class_list":{"0":"post-44839","1":"product","2":"type-product","3":"status-publish","4":"has-post-thumbnail","7":"first","8":"outofstock","9":"taxable","10":"shipping-taxable","11":"purchasable","12":"product-type-variable","13":"has-default-attributes"},"acf":[],"_links":{"self":[{"href":"https:\/\/vitafit.nu\/de\/wp-json\/wp\/v2\/product\/44839","targetHints":{"allow":["GET"]}}],"collection":[{"href":"https:\/\/vitafit.nu\/de\/wp-json\/wp\/v2\/product"}],"about":[{"href":"https:\/\/vitafit.nu\/de\/wp-json\/wp\/v2\/types\/product"}],"replies":[{"embeddable":true,"href":"https:\/\/vitafit.nu\/de\/wp-json\/wp\/v2\/comments?post=44839"}],"wp:featuredmedia":[{"embeddable":true,"href":"https:\/\/vitafit.nu\/de\/wp-json\/wp\/v2\/media\/43351"}],"wp:attachment":[{"href":"https:\/\/vitafit.nu\/de\/wp-json\/wp\/v2\/media?parent=44839"}],"wp:term":[{"taxonomy":"product_brand","embeddable":true,"href":"https:\/\/vitafit.nu\/de\/wp-json\/wp\/v2\/product_brand?post=44839"},{"taxonomy":"product_cat","embeddable":true,"href":"https:\/\/vitafit.nu\/de\/wp-json\/wp\/v2\/product_cat?post=44839"},{"taxonomy":"product_tag","embeddable":true,"href":"https:\/\/vitafit.nu\/de\/wp-json\/wp\/v2\/product_tag?post=44839"},{"taxonomy":"woo-feed-brand","embeddable":true,"href":"https:\/\/vitafit.nu\/de\/wp-json\/wp\/v2\/woo-feed-brand?post=44839"}],"curies":[{"name":"wp","href":"https:\/\/api.w.org\/{rel}","templated":true}]}}