{"id":44857,"date":"2024-07-21T18:38:40","date_gmt":"2024-07-21T18:38:40","guid":{"rendered":"https:\/\/vitafit.nu\/product\/bonusan-silybum-curcuma-extrakt-60-kapseln\/"},"modified":"2025-04-18T19:13:10","modified_gmt":"2025-04-18T19:13:10","slug":"bonusan-silybum-curcuma-extrakt-60-kapseln","status":"publish","type":"product","link":"https:\/\/vitafit.nu\/de\/bonusan-silybum-curcuma-extrakt-60-kapseln\/","title":{"rendered":"Bonusan Silybum-Curcuma-Extrakt 60 Kapseln"},"content":{"rendered":"<p>Bonusan Silybum-Curcuma enth\u00e4lt eine Kombination aus Curcuma und Mariendistel (Silybum marianum) und hat eine positive Wirkung auf die Leber*. Beide Kr\u00e4uter tragen zur Erhaltung einer normalen Leberfunktion* bei. Kurkuma unterst\u00fctzt die normale Funktion des Immunsystems* und tr\u00e4gt zur Erhaltung geschmeidiger Gelenke* bei.  <\/p>\n<p>F\u00fcr Bonusan Silybum-Curcuma verwenden wir einen nat\u00fcrlichen Extrakt aus Mariendistelsamen, der die komplexe Zusammensetzung von Silymarin intakt h\u00e4lt. Au\u00dferdem enth\u00e4lt dieses Erg\u00e4nzungsmittel den Kurkuma-Extrakt CurcuWIN\u00ae, eine wasserl\u00f6sliche Form, die in klinischen Studien gezeigt hat, dass sie um ein Vielfaches besser absorbiert werden kann als andere Kurkuma-Extrakte. CurcuWIN\u00ae wird ebenfalls aus einem nat\u00fcrlichen Extrakt hergestellt, wobei das komplexe Curcuminoidprofil erhalten bleibt.  <\/p>\n<p>* Gesundheitsbezogene Angabe, deren europ\u00e4ische Zulassung noch aussteht<\/p>\n<div id=\"collapse1\" class=\"collapse show\" aria-labelledby=\"heading1\" data-parent=\"#accordionFaq\">\n<div class=\"card-body\">\n<p>Bonusan Silybum-Curcuma enth\u00e4lt eine Kombination aus Curcuma und Mariendistel (Silybum marianum) und hat eine positive Wirkung auf die Leber*. Beide Kr\u00e4uter tragen zur Erhaltung einer normalen Leberfunktion* bei. Kurkuma unterst\u00fctzt die normale Funktion des Immunsystems* und tr\u00e4gt zur Erhaltung geschmeidiger Gelenke* bei.  <\/p>\n<p>F\u00fcr Bonusan Silybum-Curcuma verwenden wir einen nat\u00fcrlichen Extrakt aus Mariendistelsamen, der die komplexe Zusammensetzung von Silymarin intakt h\u00e4lt. Au\u00dferdem enth\u00e4lt dieses Erg\u00e4nzungsmittel den Kurkuma-Extrakt CurcuWIN\u00ae, eine wasserl\u00f6sliche Form, die in klinischen Studien gezeigt hat, dass sie um ein Vielfaches besser absorbiert werden kann als andere Kurkuma-Extrakte. CurcuWIN\u00ae wird ebenfalls aus einem nat\u00fcrlichen Extrakt hergestellt, wobei das komplexe Curcuminoidprofil erhalten bleibt.  <\/p>\n<p>* Gesundheitsbezogene Angabe, deren europ\u00e4ische Zulassung noch aussteht<\/p>\n<\/div>\n<\/div>\n<div class=\"card\">\n<div id=\"heading2\" class=\"card-header\"><\/div>\n<\/div>\n<div id=\"collapse2\" class=\"collapse show\" aria-labelledby=\"heading2\" data-parent=\"#accordionFaq\">\n<div class=\"card-body\">\n<p>&nbsp;<\/p>\n<\/div>\n<\/div>\n","protected":false},"excerpt":{"rendered":"<div class=\"product-detail-description-text mt-3 d-none d-lg-block\">\n<p>Bonusan Silybum-Curcuma-Extrakt ist ein starkes Kombinationsprodukt aus Curcuma und Mariendistel. Beide Kr\u00e4uter tragen zur Erhaltung einer normalen Leberfunktion* bei. Dank der Verwendung nat\u00fcrlicher Extrakte und des patentierten CurcuWIN\u00ae ist dieses Nahrungserg\u00e4nzungsmittel sehr gut absorbierbar.  <\/p>\n<\/div>\n<div class=\"product-detail-usps mt-4 lg-mt-0\">\n<ul>\n<li>Standardisierte, nat\u00fcrliche Extrakte mit 80% Silymarin und 20% Curcuminoiden<\/li>\n<li>Gut f\u00fcr die Leber* dank der einzigartigen Kombination aus Mariendistel und Kurkuma<\/li>\n<li>Besonders resorbierbar durch die Verwendung von CurcuWIN\u00ae<\/li>\n<\/ul>\n<div>* Gesundheitsbezogene Angabe, deren europ\u00e4ische Zulassung noch aussteht<\/div>\n<\/div>\n","protected":false},"featured_media":44407,"comment_status":"open","ping_status":"closed","template":"","meta":{"_acf_changed":false,"_seopress_robots_primary_cat":"412","_seopress_titles_title":"Bonusan Silybum-Curcuma-Extrakt - 60 St\u00fcck - Kapseln | Vitafit.nu","_seopress_titles_desc":"","_seopress_robots_index":""},"product_brand":[1398],"product_cat":[1337],"product_tag":[],"woo-feed-brand":[],"class_list":{"0":"post-44857","1":"product","2":"type-product","3":"status-publish","4":"has-post-thumbnail","6":"product_brand-bonusan-de","7":"product_cat-leber-und-entgiftung","8":"pa_bevat-geen-gelatine-de","9":"pa_bevat-geen-hefe","10":"pa_bevat-geen-konservierungsmittel","11":"pa_bevat-geen-mais-de","12":"pa_bevat-geen-synthetische-farbstoffe-aromen-und-duftstoffe","13":"pa_bevat-geen-tierische-stoffe","14":"pa_bevat-geen-zugesetzte-saccharose","15":"pa_inhoud-200-stuck","16":"pa_inhoud-60-stuck","17":"pa_kruiden-kurkuma","18":"pa_kruiden-mariendistel","19":"pa_merk-bonusan","20":"pa_oplossingen-leber-und-entgiftung","21":"pa_soort-kapsel-2","23":"first","24":"instock","25":"taxable","26":"shipping-taxable","27":"purchasable","28":"product-type-variable","29":"has-default-attributes"},"acf":[],"_links":{"self":[{"href":"https:\/\/vitafit.nu\/de\/wp-json\/wp\/v2\/product\/44857","targetHints":{"allow":["GET"]}}],"collection":[{"href":"https:\/\/vitafit.nu\/de\/wp-json\/wp\/v2\/product"}],"about":[{"href":"https:\/\/vitafit.nu\/de\/wp-json\/wp\/v2\/types\/product"}],"replies":[{"embeddable":true,"href":"https:\/\/vitafit.nu\/de\/wp-json\/wp\/v2\/comments?post=44857"}],"wp:featuredmedia":[{"embeddable":true,"href":"https:\/\/vitafit.nu\/de\/wp-json\/wp\/v2\/media\/44407"}],"wp:attachment":[{"href":"https:\/\/vitafit.nu\/de\/wp-json\/wp\/v2\/media?parent=44857"}],"wp:term":[{"taxonomy":"product_brand","embeddable":true,"href":"https:\/\/vitafit.nu\/de\/wp-json\/wp\/v2\/product_brand?post=44857"},{"taxonomy":"product_cat","embeddable":true,"href":"https:\/\/vitafit.nu\/de\/wp-json\/wp\/v2\/product_cat?post=44857"},{"taxonomy":"product_tag","embeddable":true,"href":"https:\/\/vitafit.nu\/de\/wp-json\/wp\/v2\/product_tag?post=44857"},{"taxonomy":"woo-feed-brand","embeddable":true,"href":"https:\/\/vitafit.nu\/de\/wp-json\/wp\/v2\/woo-feed-brand?post=44857"}],"curies":[{"name":"wp","href":"https:\/\/api.w.org\/{rel}","templated":true}]}}