{"id":44864,"date":"2024-07-17T06:55:21","date_gmt":"2024-07-17T06:55:21","guid":{"rendered":"https:\/\/vitafit.nu\/product\/bonusan-vitamin-b-50-komplex-60-kapseln\/"},"modified":"2025-04-11T04:43:35","modified_gmt":"2025-04-11T04:43:35","slug":"bonusan-vitamin-b-50-komplex-60-kapseln","status":"publish","type":"product","link":"https:\/\/vitafit.nu\/de\/produkt\/bonusan-vitamin-b-50-komplex-60-kapseln\/","title":{"rendered":"Bonusan Vitamin B-50-Komplex 60 Kapseln"},"content":{"rendered":"<p>Der Vitamin B-50-Komplex enth\u00e4lt das gesamte Spektrum der B-Vitamine. Dar\u00fcber hinaus enth\u00e4lt er Inositol, PABA und Cholin. Die B-Vitamine wirken zusammen und sind in ihren einzelnen Aufgaben voneinander abh\u00e4ngig. So sind beispielsweise B1, B3, B8, B11 und B12 f\u00fcr ein gutes geistiges Gleichgewicht von Vorteil. Dar\u00fcber hinaus sind diese B-Vitamine gut f\u00fcr Stimmung, Konzentration, Ged\u00e4chtnis und Lernf\u00e4higkeit. Die Vitamine B6 und B12 tragen zu einer guten Abwehrkraft bei und unterst\u00fctzen das Energieniveau. Sie helfen bei M\u00fcdigkeit und tragen zur Aufrechterhaltung eines normalen Nervensystems bei. Biotin (B8) schlie\u00dflich tr\u00e4gt zu normaler Haut und normalem Haarwachstum bei und ist gut f\u00fcr die Schleimh\u00e4ute.       <\/p>\n","protected":false},"excerpt":{"rendered":"<div class=\"product-detail-description-text mt-3 d-none d-lg-block\">Der Vitamin B-50-Komplex enth\u00e4lt das gesamte Spektrum der B-Vitamine. Dar\u00fcber hinaus enth\u00e4lt er Inositol, PABA und Cholin. <\/div>\n<div class=\"product-detail-usps\">\n<ul>\n<li>Alle B-Vitamine in signifikanten Mengen<\/li>\n<li>Enth\u00e4lt auch unterst\u00fctzendes Cholin, Inositol und PABA<\/li>\n<li>Unterst\u00fctzt u.a. das Herz<\/li>\n<\/ul>\n<\/div>\n","protected":false},"featured_media":44427,"comment_status":"open","ping_status":"closed","template":"","meta":{"_acf_changed":false,"_seopress_robots_primary_cat":"1207","_seopress_titles_title":"Bonusan Vitamin B-50-Komplex - 60 St\u00fcck - Kapseln | Vitafit.nu","_seopress_titles_desc":"","_seopress_robots_index":""},"product_brand":[1398],"product_cat":[1509],"product_tag":[],"woo-feed-brand":[],"class_list":{"0":"post-44864","1":"product","2":"type-product","3":"status-publish","4":"has-post-thumbnail","6":"product_brand-bonusan-de","7":"product_cat-vitamin-b-50","8":"pa_bevat-geen-gelatine-de","9":"pa_bevat-geen-hefe","10":"pa_bevat-geen-konservierungsmittel","11":"pa_bevat-geen-mais-de","12":"pa_bevat-geen-synthetische-farbstoffe-aromen-und-duftstoffe","13":"pa_bevat-geen-zugesetzte-saccharose","14":"pa_inhoud-200-stuck","15":"pa_inhoud-60-stuck","16":"pa_merk-bonusan","17":"pa_oplossingen-energie-de","18":"pa_oplossingen-zustand-des-geistes","19":"pa_soort-kapsel-2","20":"pa_vitaminen-aktives-folat-6s","21":"pa_vitaminen-b1-de","22":"pa_vitaminen-b12-methylcobalamin","23":"pa_vitaminen-b6-pyridoxal-5-phosphat","24":"pa_vitaminen-folsaure","25":"pa_vitaminen-inositol-de","26":"pa_vitaminen-paba-de","27":"pa_vitaminen-vitamin-b2","28":"pa_vitaminen-vitamin-b3","29":"pa_vitaminen-vitamin-b4-cholin","30":"pa_vitaminen-vitamin-b5","32":"first","33":"instock","34":"taxable","35":"shipping-taxable","36":"purchasable","37":"product-type-variable","38":"has-default-attributes"},"acf":[],"_links":{"self":[{"href":"https:\/\/vitafit.nu\/de\/wp-json\/wp\/v2\/product\/44864","targetHints":{"allow":["GET"]}}],"collection":[{"href":"https:\/\/vitafit.nu\/de\/wp-json\/wp\/v2\/product"}],"about":[{"href":"https:\/\/vitafit.nu\/de\/wp-json\/wp\/v2\/types\/product"}],"replies":[{"embeddable":true,"href":"https:\/\/vitafit.nu\/de\/wp-json\/wp\/v2\/comments?post=44864"}],"wp:featuredmedia":[{"embeddable":true,"href":"https:\/\/vitafit.nu\/de\/wp-json\/wp\/v2\/media\/44427"}],"wp:attachment":[{"href":"https:\/\/vitafit.nu\/de\/wp-json\/wp\/v2\/media?parent=44864"}],"wp:term":[{"taxonomy":"product_brand","embeddable":true,"href":"https:\/\/vitafit.nu\/de\/wp-json\/wp\/v2\/product_brand?post=44864"},{"taxonomy":"product_cat","embeddable":true,"href":"https:\/\/vitafit.nu\/de\/wp-json\/wp\/v2\/product_cat?post=44864"},{"taxonomy":"product_tag","embeddable":true,"href":"https:\/\/vitafit.nu\/de\/wp-json\/wp\/v2\/product_tag?post=44864"},{"taxonomy":"woo-feed-brand","embeddable":true,"href":"https:\/\/vitafit.nu\/de\/wp-json\/wp\/v2\/woo-feed-brand?post=44864"}],"curies":[{"name":"wp","href":"https:\/\/api.w.org\/{rel}","templated":true}]}}