{"id":44868,"date":"2024-07-21T17:43:29","date_gmt":"2024-07-21T17:43:29","guid":{"rendered":"https:\/\/vitafit.nu\/product\/bonusan-stress-b-komplex-pro-60-vegakapseln\/"},"modified":"2025-04-11T04:43:42","modified_gmt":"2025-04-11T04:43:42","slug":"bonusan-stress-b-komplex-pro-60-vegakapseln","status":"publish","type":"product","link":"https:\/\/vitafit.nu\/de\/bonusan-stress-b-komplex-pro-60-vegakapseln\/","title":{"rendered":"Bonusan Stress B-Komplex Pro 60 VegaKapseln"},"content":{"rendered":"<p>Stress\u00b9 B Complex ist eine leistungsstarke Formel, die von Bonusan in Zusammenarbeit mit dem Wissensinstitut Natura Foundation entwickelt wurde. Die <strong>optimale Dosierung<\/strong> und das ausgewogene Verh\u00e4ltnis der B-Vitamine sorgen f\u00fcr ein <strong>gesundes Gleichgewicht<\/strong> im K\u00f6rper, denn die Vitamine B2, B3, B5, B6, B12 tragen gemeinsam zur Verringerung von M\u00fcdigkeit und Erm\u00fcdung bei. Bonusan verwendet bioaktive Formen. Der K\u00f6rper nimmt die <strong>bioaktiven Formen<\/strong> schnell auf und kann sie sofort nutzen.   <\/p>\n<p>Dieser Komplex wird durch Ashwagandha erg\u00e4nzt, ein Kraut, das <strong>auf nat\u00fcrliche Weise<\/strong> zu einer normalen Stressresistenz beitr\u00e4gt*. Zur <strong>zus\u00e4tzlichen Unterst\u00fctzung<\/strong> haben wir Schisandra<strong>,<\/strong> Magnesium und gepuffertes Vitamin C hinzugef\u00fcgt; gepuffertes Vitamin C ist magenfreundlicher und wird gut absorbiert. Stress\u00b9 B Complex wird in der eigenen Fabrik von Bonusan in den Niederlanden ohne unn\u00f6tige Zusatzstoffe hergestellt.  <\/p>\n<ul>\n<li><strong>Mit Ashwagandha.  <\/strong>Tr\u00e4gt zur normalen Stressresistenz bei*.<\/li>\n<li><strong>B-Vitamin-Komplex<\/strong>. Der Komplex enth\u00e4lt alle acht B-Vitamine und Inositol, das eng mit den B-Vitaminen verwandt ist. <\/li>\n<li><strong>Optimal dosiert<\/strong>. Die Anteile der B-Vitamine sind optimal aufeinander abgestimmt, so dass kein Ungleichgewicht im K\u00f6rper entsteht. <\/li>\n<li><strong>Enth\u00e4lt die biologisch aktiven Formen<\/strong>. Dies erm\u00f6glicht es dem K\u00f6rper, die Vitamine schnell zu absorbieren und sie sofort zu verwenden. <\/li>\n<li><strong>Mit gepuffertem Vitamin C. <\/strong>Wir f\u00fcgen Vitamin C hinzu, weil es hilft, die Zellen vor oxidativem Stress zu sch\u00fctzen.<\/li>\n<li><strong>Entwickelt von Fachleuten aus dem Gesundheitswesen.  <\/strong>Der Komplex wurde von unserem F&amp;E-Team in Zusammenarbeit mit dem Wissensinstitut der Natura Foundation sorgf\u00e4ltig zusammengestellt.<\/li>\n<li><strong>Frei von unn\u00f6tigen Hilfsstoffen.  <\/strong>Der einzige Hilfsstoff in diesem Pr\u00e4parat ist Ascorbylpalmitat, eine nat\u00fcrliche Form von Vitamin C.<\/li>\n<li><strong>In vegetarischen Kapseln<\/strong>: Der Stress\u00b9 B-Komplex wird in leicht zu schluckenden, vegetarischen Kapseln geliefert.<\/li>\n<li><strong>Produziert in den Niederlanden.<\/strong>  Stress\u00b9 B Complex wird in unserer eigenen Fabrik in den Niederlanden hergestellt.<\/li>\n<li><strong>Zertifiziert f\u00fcr Lebensmittelsicherheit<\/strong>. Bonusan ist FSSC-zertifiziert, d.h. es erf\u00fcllt die internationalen Standards f\u00fcr Lebensmittelsicherheit.Stehen aufregende oder arbeitsreiche Zeiten bevor? Dann verbraucht Ihr K\u00f6rper mehr Vitamine als sonst. Eine Erg\u00e4nzung mit B-Vitaminen ist dann besonders wichtig. Nehmen Sie also Vitamin B5, denn es unterst\u00fctzt in Stresssituationen und bei viel Arbeit. Aktives Folat macht Sie weniger stressempfindlich.Bonusan Stress\u00b9 B Complex verwenden Sie, weil:\n<ul>\n<li>Hilft K\u00f6rper und <strong>Geist<\/strong> zu <strong>entspannen*<\/strong>(Ashwagandha)<\/li>\n<li>Tr\u00e4gt zur normalen <strong>Stressresistenz bei*<\/strong>(Ashwagandha)<\/li>\n<li>Es ist vorteilhaft f\u00fcr ein gutes <strong>psychisches Gleichgewicht<\/strong> (Vitamine B1, B3, B5, B6, B12, Biotin, Fols\u00e4ure, Vitamin C und Magnesium)<\/li>\n<li>Es ist gut gegen <strong>M\u00fcdigkeit <\/strong>und <strong>Ersch\u00f6pfung <\/strong>(Vitamine B2, B3, B5, B6, B12, C, Fols\u00e4ure und Magnesium)<\/li>\n<li>Es unterst\u00fctzt das <strong>Energieniveau<\/strong>(Vitamine B1, B2, B3, B5, B6, B8, B12, C, Magnesium)<\/li>\n<li>Es spielt eine wichtige Rolle f\u00fcr die Funktion <strong>der Nerven <\/strong>(Vitamine B1, B2, B3, B6, B12, Biotin, Vitamin C, Magnesium)<\/li>\n<li>Es hilft, die K\u00f6rperzellen vor \u00e4u\u00dferen Einfl\u00fcssen <strong>zu sch\u00fctzen <\/strong>(Vitamin C und B2)Ashwagandha tr\u00e4gt zur Entspannung von K\u00f6rper und Geist* bei. Es ist ein nat\u00fcrliches Kraut, das genau die richtigen Reize auf den K\u00f6rper aus\u00fcbt und zu einer normalen Stressresistenz* beitr\u00e4gt, ohne zu erlahmen.Bonusan Stress\u00b9 B Complex ist der ultimative B-Vitaminkomplex, der so formuliert ist, dass er die Bed\u00fcrfnisse des K\u00f6rpers optimal unterst\u00fctzt. Jeden Tag, so lange wie n\u00f6tig. Der Vorteil eines B-Komplexes mit Kr\u00e4utern, Vitamin C und Magnesium ist seine breite Wirkung im ganzen K\u00f6rper.Suchen Sie eine Erg\u00e4nzung f\u00fcr den Abend? Dann entscheiden Sie sich f\u00fcr Bonusan Sleep Rest Complex, ein Nahrungserg\u00e4nzungsmittel, das durch die Zugabe von Baldrian eine positive Wirkung auf die Schlaffunktion* hat.Die Anwendung von Stress\u00b9 B Complex ist ganz einfach. Sie nehmen das Pr\u00e4parat zu oder kurz nach den Mahlzeiten ein. Die Kapseln sind leicht zu schlucken, zum Beispiel mit einem gro\u00dfen Glas Wasser. Sie m\u00f6chten lieber keine Kapseln schlucken? Die Kapseln k\u00f6nnen ge\u00f6ffnet werden.\n<p>Der Stress\u00b9 B-Komplex wird am besten zu Beginn des Tages eingenommen. Denn er ist gut f\u00fcr die Konzentration* (Ashwagandha) und tr\u00e4gt zu einer normalen geistigen Leistungsf\u00e4higkeit bei (B5). Ideal f\u00fcr die Zeit w\u00e4hrend der Arbeit oder der Schule. F\u00fcr einen guten Start in den Tag, jeden Tag, so lange wie n\u00f6tig.   <\/p>\n<p>Diese Tipps k\u00f6nnen Ihnen helfen, Ihre Stressresistenz zu erh\u00f6hen:<\/p>\n<ol>\n<li><strong>Langsam atmen<\/strong>: Atmen Sie langsam und tief. Eine ruhige Atmung tr\u00e4gt zur Entspannung von K\u00f6rper und Geist bei. Au\u00dferdem haben Sie dadurch mehr Kontrolle \u00fcber Ihre Stressreaktion.  <\/li>\n<li><strong>Bewegung<\/strong>: Regelm\u00e4\u00dfige Bewegung steigert die Produktion von Gl\u00fcckshormonen. Das erh\u00f6ht Ihre Stressresistenz. <\/li>\n<li><strong>Achtsamkeit und Meditation<\/strong>: Richten Sie Ihre Aufmerksamkeit auf den gegenw\u00e4rtigen Moment. Achtsamkeit und Meditation helfen Ihnen, den Boden unter den F\u00fc\u00dfen wiederzufinden. <\/li>\n<li><strong>Gehen Sie in den Wald<\/strong>: Das Einatmen von Waldluft kann die Stressresistenz erh\u00f6hen und hilft, K\u00f6rper und Geist zu entspannen.<\/li>\n<li><strong>Kuscheln und plaudern<\/strong>: Verbringen Sie Zeit mit Freunden und lieben Menschen. Soziale Kontakte und k\u00f6rperlicher Kontakt stimulieren die Freisetzung von Oxytocin, einem Neurotransmitter, der Stress abbaut und das Wohlbefinden f\u00f6rdert. <\/li>\n<\/ol>\n<p>Dar\u00fcber hinaus k\u00f6nnen Nahrungserg\u00e4nzungsmittel mit Kr\u00e4utern wie Ashwagandha und Schisandra zu einer normalen Stressresistenz beitragen*.<\/p>\n<p>Bonusan Stress\u00b9 B Complex enth\u00e4lt nicht nur das komplette Spektrum an B-Vitaminen, sondern auch wichtige Zusatzstoffe wie Magnesiumcitrat, eine leicht absorbierbare Form von Magnesium.<\/p>\n<p>Magnesium ist eine wichtige Erg\u00e4nzung des B-Komplexes, da es die breite Wirkung des Komplexes unterst\u00fctzt. So tr\u00e4gt es in Zusammenarbeit mit den Vitaminen B2, B3, B5, B6, B12 und Fols\u00e4ure zur Verringerung von M\u00fcdigkeit und Erm\u00fcdung bei.Die Wiederherstellung des nat\u00fcrlichen Gleichgewichts des K\u00f6rpers steht im Mittelpunkt der Entwicklung des Bonusan Stress\u00b9 B-Komplexes. Dabei spielen Kr\u00e4uter eine wesentliche Rolle, da sie auf nat\u00fcrliche und sanfte Weise wirken. Das wichtigste Kraut in dieser Zusammensetzung ist <strong>Ashwagandha<\/strong>. Ashwagandha    <strong> <\/strong>wird auch indischer Ginseng genannt, da er in seiner Wirkung vielen Ginsengarten sehr \u00e4hnlich ist. Ashwagandha tr\u00e4gt zu einer normalen Stressresistenz* und zur Entspannung von K\u00f6rper und Geist* bei. <\/p>\n<p>&nbsp;<\/li>\n<\/ul>\n<\/li>\n<\/ul>\n","protected":false},"excerpt":{"rendered":"<div class=\"product-detail-description-text mt-3 d-none d-lg-block\">\n<p>Stress\u00b9 B Complex enth\u00e4lt den Vitamin-B-Komplex in seiner aktiven Form, erg\u00e4nzt durch Ashwagandha, Schisandra, Vitamin C und Magnesium. Ashwagandha hilft, K\u00f6rper und Geist zu entspannen* und tr\u00e4gt zu einer normalen Stressresistenz bei*. F\u00fcr jeden Tag, so lange wie n\u00f6tig.  <\/p>\n<\/div>\n<div class=\"product-detail-usps mt-4 lg-mt-0\">\n<ul>\n<li>Enth\u00e4lt Vitamin-B-Komplex, Ashwagandha, Schisandra, Magnesium und Vitamin C<\/li>\n<li>Hilft gegen M\u00fcdigkeit und Ersch\u00f6pfung dank B2, B3, B5, B6, B12, C, Fols\u00e4ure und Magnesium<\/li>\n<li>Ashwagandha tr\u00e4gt zur normalen Stressresistenz bei*<\/li>\n<\/ul>\n<\/div>\n","protected":false},"featured_media":43755,"comment_status":"open","ping_status":"closed","template":"","meta":{"_acf_changed":false,"_seopress_robots_primary_cat":"402","_seopress_titles_title":"Bonusan Stress\u00b9 B-Komplex - 60 St\u00fcck - VegaKapseln | Vitafit.nu","_seopress_titles_desc":"","_seopress_robots_index":""},"product_brand":[1398],"product_cat":[1343,1335,1437,1320],"product_tag":[],"woo-feed-brand":[],"class_list":{"0":"post-44868","1":"product","2":"type-product","3":"status-publish","4":"has-post-thumbnail","6":"product_brand-bonusan-de","7":"product_cat-energie-de","8":"product_cat-nervensystem","9":"product_cat-oxidativer-stress","10":"product_cat-zustand-des-geistes","11":"pa_bevat-geen-hefe","12":"pa_bevat-geen-konservierungsmittel","13":"pa_bevat-geen-synthetische-farbstoffe-aromen-und-duftstoffe","14":"pa_bevat-geen-zugesetzte-saccharose","15":"pa_inhoud-60-stuck","16":"pa_kruiden-ashwagandha-de","17":"pa_kruiden-extrakt-aus-schisandra-chinensis-schisandra-fructus","18":"pa_kruiden-inositol-de","19":"pa_merk-bonusan","20":"pa_mineralen-magnesiumzitrat","21":"pa_vitaminen-b1-de","22":"pa_vitaminen-b12-adenosylcobalamin","23":"pa_vitaminen-b12-methylcobalamin","24":"pa_vitaminen-b6-pyridoxal-5-phosphat","25":"pa_vitaminen-vitamin-b2","26":"pa_vitaminen-vitamin-b3","27":"pa_vitaminen-vitamin-b5","28":"pa_vitaminen-vitamin-b8-biotin","29":"pa_vitaminen-vitamin-c","31":"first","32":"instock","33":"taxable","34":"shipping-taxable","35":"purchasable","36":"product-type-variable","37":"has-default-attributes"},"acf":[],"_links":{"self":[{"href":"https:\/\/vitafit.nu\/de\/wp-json\/wp\/v2\/product\/44868","targetHints":{"allow":["GET"]}}],"collection":[{"href":"https:\/\/vitafit.nu\/de\/wp-json\/wp\/v2\/product"}],"about":[{"href":"https:\/\/vitafit.nu\/de\/wp-json\/wp\/v2\/types\/product"}],"replies":[{"embeddable":true,"href":"https:\/\/vitafit.nu\/de\/wp-json\/wp\/v2\/comments?post=44868"}],"wp:featuredmedia":[{"embeddable":true,"href":"https:\/\/vitafit.nu\/de\/wp-json\/wp\/v2\/media\/43755"}],"wp:attachment":[{"href":"https:\/\/vitafit.nu\/de\/wp-json\/wp\/v2\/media?parent=44868"}],"wp:term":[{"taxonomy":"product_brand","embeddable":true,"href":"https:\/\/vitafit.nu\/de\/wp-json\/wp\/v2\/product_brand?post=44868"},{"taxonomy":"product_cat","embeddable":true,"href":"https:\/\/vitafit.nu\/de\/wp-json\/wp\/v2\/product_cat?post=44868"},{"taxonomy":"product_tag","embeddable":true,"href":"https:\/\/vitafit.nu\/de\/wp-json\/wp\/v2\/product_tag?post=44868"},{"taxonomy":"woo-feed-brand","embeddable":true,"href":"https:\/\/vitafit.nu\/de\/wp-json\/wp\/v2\/woo-feed-brand?post=44868"}],"curies":[{"name":"wp","href":"https:\/\/api.w.org\/{rel}","templated":true}]}}