{"id":44878,"date":"2024-06-30T13:18:14","date_gmt":"2024-06-30T13:18:14","guid":{"rendered":"https:\/\/vitafit.nu\/product\/bonusan-lebertran-forte-60-softgel-kapseln\/"},"modified":"2025-04-11T04:43:59","modified_gmt":"2025-04-11T04:43:59","slug":"bonusan-lebertran-forte-60-softgel-kapseln","status":"publish","type":"product","link":"https:\/\/vitafit.nu\/de\/bonusan-lebertran-forte-60-softgel-kapseln\/","title":{"rendered":"Bonusan Lebertran Forte 60 Softgel-Kapseln"},"content":{"rendered":"<p>Lebertran hat viele gute Eigenschaften, aber keineswegs einen guten Namen. Das liegt daran, dass Menschen, die in den 1960er Jahren aufgewachsen sind, immer noch entsetzt sind, wenn sie an diese fettige K\u00f6stlichkeit denken. An den gesundheitlichen Vorteilen von Lebertran hat sich nichts ge\u00e4ndert, wohl aber an der Einnahmeform. Bonusan Lebertran Forte ist Ihre t\u00e4gliche Portion Lebertran in einer kleinen und leicht zu schluckenden Softgel.   <\/p>\n<p>Die kleine Weichkapsel ist einfach einzunehmen und verursacht keinen fischigen Geschmack oder Aufsto\u00dfen. Bonusan verwendet nur Lebertran von h\u00f6chster Qualit\u00e4t, der unter kontrollierten Bedingungen gereinigt wird. Das Produkt wird ausgiebig auf Schadstoffe wie Schwermetalle, Dioxine und PCBs getestet. Sie erhalten also die Vorteile, aber nicht die Nachteile.   <\/p>\n<p><strong>Sie entscheiden sich f\u00fcr Bonusan Cod Liver Oil Forte, weil:<\/strong><\/p>\n<ul>\n<li><strong>Leicht zu schluckende Kapseln<\/strong>. Bonusan Cod Liver Oil Forte sind kleine und leicht zu schluckende Weichkapseln. <\/li>\n<li><strong>Ohne R\u00fclpsen<\/strong>. Dank der hohen Reinheit von Lebertran geh\u00f6ren R\u00fclpser der Vergangenheit an. <\/li>\n<li><strong>Reichlich Vitamine A und D<\/strong>. Lebertran Forte enth\u00e4lt die ideale Dosis an Vitaminen zur t\u00e4glichen Unterst\u00fctzung. <\/li>\n<li><strong>Kapselwand aus Fischgelatine<\/strong>. Unsere kleinen Lebertran-Kapseln werden aus Fischgelatine hergestellt. <\/li>\n<li><strong>Gereinigt und getestet<\/strong>. Der Lebertran wird nach der Produktion gereinigt und ausgiebig auf Schadstoffe und Verunreinigungen getestet. <\/li>\n<li><strong>Entwickelt von Gesundheitsexperten<\/strong>. Lebertran wird aus der Leber von Fischen gewonnen und ist von Natur aus reich an Fisch\u00f6l und Vitaminen. Das \u00d6l enth\u00e4lt essentielles Omega-3-Fisch\u00f6l und die Vitamine A und D.In den 1960er Jahren wurde empfohlen, Kindern t\u00e4glich einen L\u00f6ffel Lebertran zu geben, was vielen nicht schmeckte. Bonusan Lebertran Forte ist das gleiche gesunde \u00d6l in einem neuen Gewand. Der hochwertige Lebertran wird in kleinen, leicht zu schluckenden Weichkapseln geliefert. Er bietet nach wie vor die gesundheitsf\u00f6rdernden Wirkungen, wie z.B. Vitamin A und D, die zur normalen Funktion des Immunsystems beitragen, aber ohne den fischigen Geschmack.Viele Menschen kennen Lebertran, weil er sich positiv auf das <strong>Immunsystem<\/strong> auswirkt. Aber das ist noch nicht alles: Vitamin A ist gut f\u00fcr die Sehkraft. Es tr\u00e4gt n\u00e4mlich zur Aufrechterhaltung des normalen Feuchtigkeitshaushalts der <strong>Augen<\/strong> bei und hilft, im Dunkeln scharf zu sehen. Vitamin D ist gut f\u00fcr das <strong>Skelett<\/strong>, wichtig f\u00fcr (starke) <strong>Z\u00e4hne<\/strong> und das Vitamin ist gut f\u00fcr die <strong>Muskelfunktion<\/strong>.Bonusan Lebertran Forte ist f\u00fcr alle geeignet, die \u00e4lter werden, weil:\n<ul>\n<li>\u00c4ltere Menschen bekommen oft nicht genug Vitamin D, und Lebertran ist eine Vitamin-D-Quelle.<\/li>\n<li>Lebertran tr\u00e4gt in vielerlei Hinsicht dazu bei, dass \u00e4ltere Menschen davon profitieren k\u00f6nnen, wie zum Beispiel:\n<ul>\n<li>Erhaltung normaler <strong>Knochen<\/strong> und <strong>Z\u00e4hne<\/strong> (Vitamin D)<\/li>\n<li>Aufrechterhaltung einer normalen <strong>Haut<\/strong> (Vitamin A)<\/li>\n<li>Erhaltung der normalen <strong>Sehkraft<\/strong> (Vitamin A)<\/li>\n<li>\n<div id=\"collapse4\" class=\"collapse show\" aria-labelledby=\"heading4\" data-parent=\"#accordionFaq\">\n<div class=\"card-body\">\n<p>Bonusan Cod Liver Oil Forte ist f\u00fcr alle geeignet, die \u00e4lter werden, weil:<\/p>\n<ul>\n<li>\u00c4ltere Menschen bekommen oft nicht genug Vitamin D, und Lebertran ist eine Vitamin-D-Quelle.<\/li>\n<li>Lebertran tr\u00e4gt in vielerlei Hinsicht dazu bei, dass \u00e4ltere Menschen davon profitieren k\u00f6nnen, wie zum Beispiel:\n<ul>\n<li>Erhaltung normaler <strong>Knochen<\/strong> und <strong>Z\u00e4hne<\/strong> (Vitamin D)<\/li>\n<li>Aufrechterhaltung einer normalen <strong>Haut<\/strong> (Vitamin A)<\/li>\n<li>Erhaltung der normalen <strong>Sehkraft<\/strong> (Vitamin A)<\/li>\n<li>Aufrechterhaltung einer normalen <strong>Muskelfunktion<\/strong> (Vitamin D)Aufrechterhaltung einer normalen <strong>Muskelfunktion<\/strong> (Vitamin D)Bonusan Cod Liver Oil Forte wird aus Kabeljauleber hergestellt. Der Kabeljau wird in norwegischen Gew\u00e4ssern gefangen. Das kalte norwegische Wasser ist gut f\u00fcr den Omega-3-Gehalt des Fisches. Lebertran kann aus verschiedenen Fischsorten hergestellt werden, wobei Kabeljau sehr verbreitet ist, aber auch andere Fische wie Schellfisch und Heilbutt verwendet werden k\u00f6nnen.\n<div id=\"collapse1\" class=\"collapse show\" aria-labelledby=\"heading1\" data-parent=\"#accordionFaq\">\n<div class=\"card-body\">\n<p>Lebertran hat viele gute Eigenschaften, aber keineswegs einen guten Namen. Das liegt daran, dass Menschen, die in den 1960er Jahren aufgewachsen sind, immer noch entsetzt sind, wenn sie an diese fettige K\u00f6stlichkeit denken. An den gesundheitlichen Vorteilen von Lebertran hat sich nichts ge\u00e4ndert, wohl aber an der Einnahmeform. Bonusan Lebertran Forte ist Ihre t\u00e4gliche Portion Lebertran in einer kleinen und leicht zu schluckenden Softgel.   <\/p>\n<p>Die kleine Weichkapsel ist einfach einzunehmen und verursacht keinen fischigen Geschmack oder Aufsto\u00dfen. Bonusan verwendet nur Lebertran von h\u00f6chster Qualit\u00e4t, der unter kontrollierten Bedingungen gereinigt wird. Das Produkt wird ausgiebig auf Schadstoffe wie Schwermetalle, Dioxine und PCBs getestet. Sie erhalten also die Vorteile, aber nicht die Nachteile.   <\/p>\n<p><strong>Sie entscheiden sich f\u00fcr Bonusan Cod Liver Oil Forte, weil:<\/strong><\/p>\n<ul>\n<li><strong>Leicht zu schluckende Kapseln<\/strong>. Bonusan Cod Liver Oil Forte sind kleine und leicht zu schluckende Weichkapseln. <\/li>\n<li><strong>Ohne R\u00fclpsen<\/strong>. Dank der hohen Reinheit von Lebertran geh\u00f6ren R\u00fclpser der Vergangenheit an. <\/li>\n<li><strong>Reichlich Vitamine A und D<\/strong>. Lebertran Forte enth\u00e4lt die ideale Dosis an Vitaminen zur t\u00e4glichen Unterst\u00fctzung. <\/li>\n<li><strong>Kapselwand aus Fischgelatine<\/strong>. Unsere kleinen Lebertran-Kapseln werden aus Fischgelatine hergestellt. <\/li>\n<li><strong>Gereinigt und getestet<\/strong>. Der Lebertran wird nach der Produktion gereinigt und ausgiebig auf Schadstoffe und Verunreinigungen getestet. <\/li>\n<li><strong>Entwickelt von Fachleuten des Gesundheitswesens<\/strong>. Entwickelt von Gesundheitsexperten auf der Grundlage wissenschaftlicher Forschung. <\/li>\n<\/ul>\n<\/div>\n<\/div>\n<div class=\"card\"><\/div>\n<div id=\"collapse2\" class=\"collapse show\" aria-labelledby=\"heading2\" data-parent=\"#accordionFaq\">\n<div class=\"card-body\">\n<p>Lebertran wird aus der Leber von Fischen gewonnen, die von Natur aus reich an Fisch\u00f6l und Vitaminen ist. Das \u00d6l enth\u00e4lt essentielles Omega-3-Fisch\u00f6l und die Vitamine A und D. <\/p>\n<p>In den 1960er Jahren war der Ratschlag, Kindern t\u00e4glich einen L\u00f6ffel Lebertran zu geben, f\u00fcr viele eine ungenie\u00dfbare Erinnerung. Bonusan Lebertran Forte ist das gleiche gesunde \u00d6l in einem neuen Gewand. Der hochwertige Lebertran wird in kleinen, leicht zu schluckenden Weichkapseln geliefert. Er bietet nach wie vor die gesundheitsf\u00f6rdernden Wirkungen, z. B. tragen Vitamin A und D zu einer normalen Funktion des Immunsystems bei, aber ohne den fischigen Geschmack.   <\/p>\n<\/div>\n<\/div>\n<div class=\"card\"><\/div>\n<div id=\"collapse3\" class=\"collapse show\" aria-labelledby=\"heading3\" data-parent=\"#accordionFaq\">\n<div class=\"card-body\">\n<p>Viele Menschen kennen Lebertran, weil er eine positive Wirkung auf das <strong>Immunsystem<\/strong> hat. Aber das ist noch nicht alles. <\/p>\n<p>Vitamin A ist gut f\u00fcr die Sehkraft. Denn es tr\u00e4gt zur Aufrechterhaltung des normalen Feuchtigkeitshaushalts der <strong>Augen<\/strong> bei und hilft, auch im Dunkeln scharf zu sehen. Vitamin A tr\u00e4gt auch zur Gesunderhaltung der <strong>Haut<\/strong> bei.  <\/p>\n<p>Vitamin D ist gut f\u00fcr das <strong>Skelett<\/strong>, wichtig f\u00fcr (starke) <strong>Z\u00e4hne<\/strong> und das Vitamin ist gut f\u00fcr die <strong>Muskelfunktion<\/strong>.<\/p>\n<\/div>\n<\/div>\n<div class=\"card\">\n<div id=\"heading4\" class=\"card-header\"><\/div>\n<\/div>\n<\/li>\n<\/ul>\n<\/li>\n<\/ul>\n<\/div>\n<\/div>\n<div id=\"collapse6\" class=\"collapse show\" aria-labelledby=\"heading6\" data-parent=\"#accordionFaq\">\n<div class=\"card-body\">\n<p>&nbsp;<\/p>\n<\/div>\n<\/div>\n<\/li>\n<\/ul>\n<\/li>\n<\/ul>\n<\/li>\n<\/ul>\n","protected":false},"excerpt":{"rendered":"<div class=\"product-detail-description-text mt-3 d-none d-lg-block\">\n<p>Bonusan Lebertran Forte ist ein modernes Lebertranpr\u00e4parat mit Omega-3 sowie den Vitaminen A und D3. Nicht mehr der gef\u00fcrchtete L\u00f6ffel Lebertran wie in den 1960er Jahren, sondern eine kleine, leicht zu schluckende Weichkapsel ohne Fischgeschmack. Und Sie profitieren von den gleichen positiven Wirkungen wie bei Lebertran, denn Vitamin A und D3 tragen zu einer normalen Funktion des Immunsystems bei.  <\/p>\n<\/div>\n<div class=\"product-detail-usps mt-4 lg-mt-0\">\n<ul>\n<li>Wertvolle Kombination aus Omega-3-Fisch\u00f6l, Vitamin A und D3<\/li>\n<li>Hergestellt aus in Norwegen gefangenem Kabeljau<\/li>\n<li>Vitamin A und D tragen zu einer normalen Funktion des Immunsystems bei<\/li>\n<\/ul>\n<\/div>\n","protected":false},"featured_media":43711,"comment_status":"open","ping_status":"closed","template":"","meta":{"_acf_changed":false,"_seopress_robots_primary_cat":"1196","_seopress_titles_title":"Bonusan Lebertran Forte 60 St\u00fcck Softgel-Kapseln | Vitafit.nu","_seopress_titles_desc":"","_seopress_robots_index":""},"product_brand":[1398],"product_cat":[1352,1521],"product_tag":[],"woo-feed-brand":[],"class_list":{"0":"post-44878","1":"product","2":"type-product","3":"status-publish","4":"has-post-thumbnail","6":"product_brand-bonusan-de","7":"product_cat-andere-erganzungen","8":"product_cat-lebertran","9":"pa_allergenen-fisch","10":"pa_bevat-geen-hefe","11":"pa_bevat-geen-konservierungsmittel","12":"pa_bevat-geen-mais-de","13":"pa_bevat-geen-synthetische-farbstoffe-aromen-und-duftstoffe","14":"pa_bevat-geen-zugesetzte-saccharose","15":"pa_inhoud-120-stuck","16":"pa_inhoud-60-stuck","17":"pa_merk-bonusan","18":"pa_overige-supplementen-lebertran","19":"pa_soort-softgel-kapseln","21":"first","22":"instock","23":"taxable","24":"shipping-taxable","25":"purchasable","26":"product-type-variable","27":"has-default-attributes"},"acf":[],"_links":{"self":[{"href":"https:\/\/vitafit.nu\/de\/wp-json\/wp\/v2\/product\/44878","targetHints":{"allow":["GET"]}}],"collection":[{"href":"https:\/\/vitafit.nu\/de\/wp-json\/wp\/v2\/product"}],"about":[{"href":"https:\/\/vitafit.nu\/de\/wp-json\/wp\/v2\/types\/product"}],"replies":[{"embeddable":true,"href":"https:\/\/vitafit.nu\/de\/wp-json\/wp\/v2\/comments?post=44878"}],"wp:featuredmedia":[{"embeddable":true,"href":"https:\/\/vitafit.nu\/de\/wp-json\/wp\/v2\/media\/43711"}],"wp:attachment":[{"href":"https:\/\/vitafit.nu\/de\/wp-json\/wp\/v2\/media?parent=44878"}],"wp:term":[{"taxonomy":"product_brand","embeddable":true,"href":"https:\/\/vitafit.nu\/de\/wp-json\/wp\/v2\/product_brand?post=44878"},{"taxonomy":"product_cat","embeddable":true,"href":"https:\/\/vitafit.nu\/de\/wp-json\/wp\/v2\/product_cat?post=44878"},{"taxonomy":"product_tag","embeddable":true,"href":"https:\/\/vitafit.nu\/de\/wp-json\/wp\/v2\/product_tag?post=44878"},{"taxonomy":"woo-feed-brand","embeddable":true,"href":"https:\/\/vitafit.nu\/de\/wp-json\/wp\/v2\/woo-feed-brand?post=44878"}],"curies":[{"name":"wp","href":"https:\/\/api.w.org\/{rel}","templated":true}]}}