{"id":44904,"date":"2024-04-21T12:23:48","date_gmt":"2024-04-21T12:23:48","guid":{"rendered":"https:\/\/vitafit.nu\/product\/bonusan-valeriana-komplex-50-ml\/"},"modified":"2025-04-11T04:44:42","modified_gmt":"2025-04-11T04:44:42","slug":"bonusan-valeriana-komplex-50-ml","status":"publish","type":"product","link":"https:\/\/vitafit.nu\/de\/bonusan-valeriana-komplex-50-ml\/","title":{"rendered":"Bonusan Valeriana Komplex 50 ml"},"content":{"rendered":"<p>Bonusan Valeriana complex enth\u00e4lt <em>Valeriana officinalis,<\/em> eine krautige Pflanze, die zur Familie der<em>Gei\u00dfblattgew\u00e4chse (Caprifoliaceae) geh\u00f6rt.<\/em> Der niederl\u00e4ndische Name von <em>Valeriana officinalis<\/em> ist &#8220;echter Baldrian&#8221;, aber das Kraut ist auch als &#8220;Nervenwurzel&#8221; oder &#8220;Fieberwurzel&#8221; bekannt.<\/p>\n<p>In England wurde er wegen seiner vielseitigen therapeutischen Eigenschaften &#8220;all-heal&#8221; genannt. Eine Baldriantinktur unterst\u00fctzt zum Beispiel das Herz*. Der am h\u00e4ufigsten verwendete Teil der Pflanze ist das Rhizom, das aktive Substanzen wie Valepotriate, Alkaloide<em>(Valeranin<\/em>) und GABA enth\u00e4lt.  <\/p>\n<p>Im Bonusan Valeriana-Komplex wird Baldrian von <em>Humulus lupulus<\/em>, dem Hopfen, begleitet. Hopfen geh\u00f6rt zur Familie der Hanfgew\u00e4chse (Cannabaceae). Der Name Hopfen stammt von dem germanischen Wort &#8220;hoppan&#8221;, was so viel wie &#8220;klettern&#8221; bedeutet &#8211; ein passender Name f\u00fcr diese schnell wachsende Kletterpflanze.  <\/p>\n<p>Wegen seiner positiven Wirkung auf die Schlaffunktion* wird Hopfen h\u00e4ufig in Tees oder als Tinktur verwendet. F\u00fcr die Bonusan-Tinktur werden nur die Hopfenzapfen (Fruchtzapfen) der weiblichen Pflanzen verwendet. Wissenschaftliche Untersuchungen zeigen, dass die Wirkstoffe der weiblichen Hopfenzapfen den GABA-Rezeptor aktivieren. Es ist daher m\u00f6glich, dass dieser Wirkmechanismus daf\u00fcr sorgt, dass der Hopfen die Aufrechterhaltung eines nat\u00fcrlichen Nachtschlafs* unterst\u00fctzt.   <\/p>\n<p>Der Bonusan Valeriana-Komplex wird erg\u00e4nzt durch <em>Passiflora incarnata<\/em> (Passionsblume), eine exotische Kletterpflanze aus der Familie der <em>Passifloraceae.<\/em> Die Passionsblume ist f\u00fcr ihre feenartigen Bl\u00fcten und essbaren Fr\u00fcchte bekannt. Therapeutisch interessant sind jedoch die Bl\u00e4tter, die bereits von den nordamerikanischen Indianern in Medikamenten und Tees als nat\u00fcrliches Beruhigungsmittel* verwendet wurden. Dank der Zugabe der Passionsblume kann Bonusan Valeriana complex in Stresssituationen* eingesetzt werden, da es zur Entspannung von K\u00f6rper und Geist* beitr\u00e4gt.  <\/p>\n<p>Kurz gesagt, die traditionelle Kr\u00e4uterformel ist eine ausgewogene Kombination aus Baldrian<em>(Valeriana officinalis<\/em>), Hopfen (Humulus lulupus) und Passionsblume<em>(Passiflora incarnata<\/em>). Bonusan Baldrian-Komplex tr\u00e4gt dank der Zugabe von Passionsblume zur Stressresistenz* bei und hilft dank des Hopfens, gut zu schlafen*. <\/p>\n<p>Bei der Herstellung unserer Kr\u00e4uterrezepturen verwenden wir nur die besten Pflanzenmaterialien, die richtigen Pflanzenteile und ber\u00fccksichtigen die richtigen Erntezeiten. Deshalb verwenden wir f\u00fcr diesen Komplex nur das Rhizom des Baldrians, das den h\u00f6chsten Gehalt an Valepotriaten, Alkaloiden (Valeranin) und GABA enth\u00e4lt. So erhalten Sie immer das Beste, was die Natur zu bieten hat.  <\/p>\n<p class=\"Paragraph SCXW83935266 BCX9\"><span class=\"TextRun SCXW83935266 BCX9\" lang=\"nl-nl\"><span class=\"NormalTextRun SCXW83935266 BCX9\">*Gesundheitsbezogene Angaben, deren europ\u00e4ische Zulassung noch aussteht<\/span><\/span><span class=\"EOP SCXW83935266 BCX9\"> <\/span><\/p>\n","protected":false},"excerpt":{"rendered":"<div class=\"product-detail-description-text mt-3\">Der Bonusan Valeriana-Komplex enth\u00e4lt drei wichtige Kr\u00e4uter, die sich gegenseitig erg\u00e4nzen. Tags\u00fcber reduziert die Passionsblume die Stressempfindlichkeit*, w\u00e4hrend der Hopfen f\u00fcr einen guten Schlaf sorgt*. Dank der Passionsblume hilft der Kr\u00e4uterkomplex, in Stresssituationen geistig und k\u00f6rperlich ausgeglichen zu bleiben*. *Gesundheitsbezogene Angaben vorbehaltlich der europ\u00e4ischen Zulassung   <\/div>\n<div class=\"product-detail-usps\">\n<ul>\n<li>Eine besondere Kr\u00e4uterformel f\u00fcr aufregende Zeiten* dank der Passionsblume<\/li>\n<li>Der Baldrian-Komplex sorgt f\u00fcr einen guten Schlaf* durch den Zusatz von Hopfen<\/li>\n<li>Passiflora incarnata hilft, K\u00f6rper und Geist zu entspannen*.<\/li>\n<\/ul>\n<\/div>\n","protected":false},"featured_media":44123,"comment_status":"open","ping_status":"closed","template":"","meta":{"_acf_changed":false,"_seopress_robots_primary_cat":"402","_seopress_titles_title":"Bonusan Valeriana-Komplex-Tinktur - 30 ml - Tropfen | vitafit.nu","_seopress_titles_desc":"","_seopress_robots_index":""},"product_brand":[1398],"product_cat":[1318,1498,1320],"product_tag":[],"woo-feed-brand":[],"class_list":{"0":"post-44904","1":"product","2":"type-product","3":"status-publish","4":"has-post-thumbnail","6":"product_brand-bonusan-de","7":"product_cat-losungen","8":"product_cat-schlaf","9":"product_cat-zustand-des-geistes","10":"pa_inhoud-50-ml-de","11":"pa_kruiden-echter-baldrian","12":"pa_kruiden-hopfenextrakt","13":"pa_kruiden-passiflora-incarnata-passionsblume-herba","14":"pa_merk-bonusan","15":"pa_oplossingen-schlaf","16":"pa_oplossingen-zustand-des-geistes","17":"pa_soort-tinktur","19":"first","20":"instock","21":"sale","22":"taxable","23":"shipping-taxable","24":"purchasable","25":"product-type-simple"},"acf":[],"_links":{"self":[{"href":"https:\/\/vitafit.nu\/de\/wp-json\/wp\/v2\/product\/44904","targetHints":{"allow":["GET"]}}],"collection":[{"href":"https:\/\/vitafit.nu\/de\/wp-json\/wp\/v2\/product"}],"about":[{"href":"https:\/\/vitafit.nu\/de\/wp-json\/wp\/v2\/types\/product"}],"replies":[{"embeddable":true,"href":"https:\/\/vitafit.nu\/de\/wp-json\/wp\/v2\/comments?post=44904"}],"wp:featuredmedia":[{"embeddable":true,"href":"https:\/\/vitafit.nu\/de\/wp-json\/wp\/v2\/media\/44123"}],"wp:attachment":[{"href":"https:\/\/vitafit.nu\/de\/wp-json\/wp\/v2\/media?parent=44904"}],"wp:term":[{"taxonomy":"product_brand","embeddable":true,"href":"https:\/\/vitafit.nu\/de\/wp-json\/wp\/v2\/product_brand?post=44904"},{"taxonomy":"product_cat","embeddable":true,"href":"https:\/\/vitafit.nu\/de\/wp-json\/wp\/v2\/product_cat?post=44904"},{"taxonomy":"product_tag","embeddable":true,"href":"https:\/\/vitafit.nu\/de\/wp-json\/wp\/v2\/product_tag?post=44904"},{"taxonomy":"woo-feed-brand","embeddable":true,"href":"https:\/\/vitafit.nu\/de\/wp-json\/wp\/v2\/woo-feed-brand?post=44904"}],"curies":[{"name":"wp","href":"https:\/\/api.w.org\/{rel}","templated":true}]}}