{"id":44906,"date":"2024-04-21T12:12:23","date_gmt":"2024-04-21T12:12:23","guid":{"rendered":"https:\/\/vitafit.nu\/product\/bonusan-urtica-urens-50-ml\/"},"modified":"2025-04-11T04:44:48","modified_gmt":"2025-04-11T04:44:48","slug":"bonusan-urtica-urens-50-ml","status":"publish","type":"product","link":"https:\/\/vitafit.nu\/de\/produkt\/bonusan-urtica-urens-50-ml\/","title":{"rendered":"Bonusan Urtica urens 50 ml"},"content":{"rendered":"<p><em>Urtica urens<\/em> (Kleine Brennnessel) ist eine einj\u00e4hrige Pflanze, die zur Familie der<em>Brennnesselgew\u00e4chse (Urticaceae<\/em>) geh\u00f6rt. Viele Menschen kennen die Brennnessel nur als l\u00e4stiges Unkraut im Garten, aber diese Pflanze hat viel mehr zu bieten. Kr\u00e4uterkundige nutzen die Brennnessel schon seit Hunderten von Jahren. Durch die Verarbeitung der Brennnessel zu einer Alkoholtinktur verliert die Brennnessel ihre hautreizenden Eigenschaften und setzt ihre einzigartigen Inhaltsstoffe frei.   <\/p>\n<p><em>Arctium lappa<\/em> ist in den Niederlanden auch als Gro\u00dfe Klette oder Gro\u00dfe Klette bekannt. Die zur Familie der Korbbl\u00fctler<em>(Asteraceae<\/em>) geh\u00f6rende Pflanze ist f\u00fcr ihre Widerhaken bekannt, die die Entwicklung der Klette inspiriert haben. Die Wurzel wird sowohl in der K\u00fcche als auch in verschiedenen Kr\u00e4uterrezepturen verwendet.  <\/p>\n<p>Kurzum, Bonusan Urtica urens complex ist sowohl innerlich als auch \u00e4u\u00dferlich anwendbar. Die einzigartige Kombination von drei Kr\u00e4utern macht die Formel breit anwendbar. <\/p>\n<p>Bei der Herstellung unserer Kr\u00e4uterrezepturen verwenden wir nur die besten Pflanzenmaterialien, die richtigen Pflanzenteile und ber\u00fccksichtigen die richtigen Erntezeiten. So stellen unsere Kr\u00e4uterexperten die Arctium lappa-Tinktur nur aus den frischen Wurzeln der einj\u00e4hrigen Pflanzen her. So erhalten Sie immer das Beste, was die Natur zu bieten hat.  <\/p>\n","protected":false},"excerpt":{"rendered":"<div class=\"product-detail-description-text mt-3\">Bonusan Urtica urens complex enth\u00e4lt drei starke Kr\u00e4uter. Die Kr\u00e4uterformel wird in bestimmten Situationen akut eingesetzt, ist aber auch als Heilmittel bestens geeignet. Die Tropfen k\u00f6nnen sowohl innerlich als auch \u00e4u\u00dferlich angewendet werden.  <\/div>\n<div class=\"product-detail-usps\">\n<ul>\n<li>Urtica urens complex ist eine wirksame Formel f\u00fcr bestimmte Situationen<\/li>\n<li>Leicht zu dosieren in Tropfenform<\/li>\n<\/ul>\n<\/div>\n","protected":false},"featured_media":44155,"comment_status":"open","ping_status":"closed","template":"","meta":{"_acf_changed":false,"_seopress_robots_primary_cat":"659","_seopress_titles_title":"Bonusan Urtica urens Komplex - 30 ml - Tropfen | vitafit.nu","_seopress_titles_desc":"","_seopress_robots_index":""},"product_brand":[1398],"product_cat":[1566,1318,1567],"product_tag":[],"woo-feed-brand":[],"class_list":{"0":"post-44906","1":"product","2":"type-product","3":"status-publish","4":"has-post-thumbnail","6":"product_brand-bonusan-de","7":"product_cat-auszug","8":"product_cat-losungen","9":"product_cat-nieren-und-harnwege","10":"pa_inhoud-50-ml-de","11":"pa_kruiden-arctium-lappa-grose-klette-radix","12":"pa_kruiden-kleine-brennnessel","13":"pa_kruiden-ringelblume","14":"pa_merk-bonusan","15":"pa_oplossingen-auszug","16":"pa_oplossingen-nieren-und-harnwege","17":"pa_soort-tinktur","19":"first","20":"instock","21":"taxable","22":"shipping-taxable","23":"purchasable","24":"product-type-variable","25":"has-default-attributes"},"acf":[],"_links":{"self":[{"href":"https:\/\/vitafit.nu\/de\/wp-json\/wp\/v2\/product\/44906","targetHints":{"allow":["GET"]}}],"collection":[{"href":"https:\/\/vitafit.nu\/de\/wp-json\/wp\/v2\/product"}],"about":[{"href":"https:\/\/vitafit.nu\/de\/wp-json\/wp\/v2\/types\/product"}],"replies":[{"embeddable":true,"href":"https:\/\/vitafit.nu\/de\/wp-json\/wp\/v2\/comments?post=44906"}],"wp:featuredmedia":[{"embeddable":true,"href":"https:\/\/vitafit.nu\/de\/wp-json\/wp\/v2\/media\/44155"}],"wp:attachment":[{"href":"https:\/\/vitafit.nu\/de\/wp-json\/wp\/v2\/media?parent=44906"}],"wp:term":[{"taxonomy":"product_brand","embeddable":true,"href":"https:\/\/vitafit.nu\/de\/wp-json\/wp\/v2\/product_brand?post=44906"},{"taxonomy":"product_cat","embeddable":true,"href":"https:\/\/vitafit.nu\/de\/wp-json\/wp\/v2\/product_cat?post=44906"},{"taxonomy":"product_tag","embeddable":true,"href":"https:\/\/vitafit.nu\/de\/wp-json\/wp\/v2\/product_tag?post=44906"},{"taxonomy":"woo-feed-brand","embeddable":true,"href":"https:\/\/vitafit.nu\/de\/wp-json\/wp\/v2\/woo-feed-brand?post=44906"}],"curies":[{"name":"wp","href":"https:\/\/api.w.org\/{rel}","templated":true}]}}