{"id":44911,"date":"2024-04-21T13:58:59","date_gmt":"2024-04-21T13:58:59","guid":{"rendered":"https:\/\/vitafit.nu\/product\/bonusan-vitex-agnus-castus-50-ml\/"},"modified":"2025-04-11T04:44:55","modified_gmt":"2025-04-11T04:44:55","slug":"bonusan-vitex-agnus-castus-50-ml","status":"publish","type":"product","link":"https:\/\/vitafit.nu\/de\/produkt\/bonusan-vitex-agnus-castus-50-ml\/","title":{"rendered":"Bonusan Vitex agnus castus 50 ml"},"content":{"rendered":"<p><em>Vitex agnus-castus<\/em> ist eine Pflanze, die zur Familie der <em>Verbenaceae<\/em> geh\u00f6rt. Die Pflanze ist in S\u00fcdeuropa (vor allem in Griechenland) und Westasien (vor allem in der T\u00fcrkei) heimisch. Heute ist sie auch im \u00fcbrigen Mittelmeerraum sowie in Asien, Afrika und Amerika zu finden.  <\/p>\n<p>Der niederl\u00e4ndische Name von <em>Vitex<\/em> ist M\u00f6nchspfeffer. Dieser Name bezieht sich auf die fr\u00fchere Verwendung der Beeren von <em>Vitex agnus-castus<\/em> durch M\u00f6nche. Die Beeren, die die Gr\u00f6\u00dfe einer Pfeffernuss haben, enthalten Samen, die einen pfeffrigen Geschmack haben. Diese Samen k\u00f6nnen auch getrocknet und gemahlen als Ersatz f\u00fcr schwarzen Pfeffer verwendet werden.   <\/p>\n<p>Die Hauptbestandteile von <em>Vitex <\/em>sind Iridoidglykoside, \u00e4therische \u00d6le und Flavonoide einschlie\u00dflich Vitexine. Diese Stoffe sind in den getrockneten Fr\u00fcchten enthalten, die daher f\u00fcr diese Kr\u00e4utertinktur verwendet wurden. <\/p>\n<p>Kurz gesagt, <em>Vitex agnus-castus<\/em> ist die pflanzliche Formel f\u00fcr erwachsene Frauen.<\/p>\n","protected":false},"excerpt":{"rendered":"<div class=\"product-detail-description-text mt-3\">Die Vitex agnus-castus-Tinktur ist vielleicht die bekannteste Tinktur f\u00fcr Frauen. Das Produkt besteht aus einer 100%igen Tinktur von <i>Vitex agnus-castus<\/i>, auch bekannt als M\u00f6nchspfeffer. Mit Vitex erhalten Sie eine unserer beliebtesten traditionellen Kr\u00e4uterrezepturen.  <\/div>\n<div class=\"product-detail-usps\">\n<ul>\n<li>Vitex agnus-castus ist eine der am h\u00e4ufigsten verwendeten Tinkturen bei Frauen<\/li>\n<li>M\u00f6nchspfeffer ist eine sehr ber\u00fchmte Beere<\/li>\n<li>Einfach zu dosieren dank praktischem Tropfer<\/li>\n<\/ul>\n<\/div>\n","protected":false},"featured_media":44143,"comment_status":"open","ping_status":"closed","template":"","meta":{"_acf_changed":false,"_seopress_robots_primary_cat":"658","_seopress_titles_title":"Bonusan Vitex agnus castus Tinktur - 30 ml - Tropfen | vitafit.nu","_seopress_titles_desc":"","_seopress_robots_index":""},"product_brand":[1398],"product_cat":[1318,1569,1533],"product_tag":[],"woo-feed-brand":[],"class_list":{"0":"post-44911","1":"product","2":"type-product","3":"status-publish","4":"has-post-thumbnail","6":"product_brand-bonusan-de","7":"product_cat-losungen","8":"product_cat-menstruation","9":"product_cat-uberleitung","10":"pa_inhoud-50-ml-de","11":"pa_kruiden-vitex-agnus-castus-monchspfeffer","12":"pa_merk-bonusan","13":"pa_oplossingen-menstruation","14":"pa_oplossingen-uberleitung","15":"pa_soort-tinktur","17":"first","18":"instock","19":"taxable","20":"shipping-taxable","21":"purchasable","22":"product-type-variable","23":"has-default-attributes"},"acf":[],"_links":{"self":[{"href":"https:\/\/vitafit.nu\/de\/wp-json\/wp\/v2\/product\/44911","targetHints":{"allow":["GET"]}}],"collection":[{"href":"https:\/\/vitafit.nu\/de\/wp-json\/wp\/v2\/product"}],"about":[{"href":"https:\/\/vitafit.nu\/de\/wp-json\/wp\/v2\/types\/product"}],"replies":[{"embeddable":true,"href":"https:\/\/vitafit.nu\/de\/wp-json\/wp\/v2\/comments?post=44911"}],"wp:featuredmedia":[{"embeddable":true,"href":"https:\/\/vitafit.nu\/de\/wp-json\/wp\/v2\/media\/44143"}],"wp:attachment":[{"href":"https:\/\/vitafit.nu\/de\/wp-json\/wp\/v2\/media?parent=44911"}],"wp:term":[{"taxonomy":"product_brand","embeddable":true,"href":"https:\/\/vitafit.nu\/de\/wp-json\/wp\/v2\/product_brand?post=44911"},{"taxonomy":"product_cat","embeddable":true,"href":"https:\/\/vitafit.nu\/de\/wp-json\/wp\/v2\/product_cat?post=44911"},{"taxonomy":"product_tag","embeddable":true,"href":"https:\/\/vitafit.nu\/de\/wp-json\/wp\/v2\/product_tag?post=44911"},{"taxonomy":"woo-feed-brand","embeddable":true,"href":"https:\/\/vitafit.nu\/de\/wp-json\/wp\/v2\/woo-feed-brand?post=44911"}],"curies":[{"name":"wp","href":"https:\/\/api.w.org\/{rel}","templated":true}]}}