{"id":44914,"date":"2024-04-21T08:28:36","date_gmt":"2024-04-21T08:28:36","guid":{"rendered":"https:\/\/vitafit.nu\/product\/bonusan-tilia-tomentosa-50-ml\/"},"modified":"2025-04-11T04:45:02","modified_gmt":"2025-04-11T04:45:02","slug":"bonusan-tilia-tomentosa-50-ml","status":"publish","type":"product","link":"https:\/\/vitafit.nu\/de\/produkt\/bonusan-tilia-tomentosa-50-ml\/","title":{"rendered":"Bonusan Tilia tomentosa 50 ml"},"content":{"rendered":"<p>Bonusan Tilia tomentosa ist eine bew\u00e4hrte Gemmoformel aus dem Bonusan-Sortiment. <em>Tilia tomentosa<\/em> ist ein kr\u00e4ftiger Baum, der sich im Sommer von seiner besten Seite zeigt. Die Silberlinde geh\u00f6rt zur Gattung der Linden, einer Baumgattung in der Familie der K\u00e4sewurzgew\u00e4chse<em>(Malvaceae<\/em>). Aus Lindenbl\u00fcten und -bl\u00e4ttern wird auch Lindenbl\u00fctentee hergestellt.  <\/p>\n<p>Bonusan Tilia tomentosa wird aus den jungen Knospen des Silberlindenbaums hergestellt. Die jungen Knospen werden in einem Glycerin-Mazerat verarbeitet: einer Mischung aus Alkohol, Wasser und pflanzlichem Glycerin. Das Glyzerin verst\u00e4rkt die einzigartigen Eigenschaften der gemmo-Formel.  <\/p>\n<p>Eine Gemmo-Formel ist eine spezielle Pflanzenformel, die nur die jungen Knospen, Sprossen, Triebe oder Haarwurzeln der Pflanze enth\u00e4lt. Frei aus dem Lateinischen \u00fcbersetzt, bedeutet gemmo daher &#8220;Knospe&#8221;. Die schnell wachsenden jungen Teile einer Pflanze enthalten einzigartige Substanzen, die in anderen Formeln nicht vorkommen, wie die Pflanzenhormone Auxin und Gibberellin.  <\/p>\n<p>Bei der Herstellung unserer Kr\u00e4uterrezepturen verwenden wir nur die besten Pflanzenmaterialien, die richtigen Pflanzenteile und ber\u00fccksichtigen die richtigen Erntezeiten. So erhalten Sie immer das Beste, was die Natur zu bieten hat. <\/p>\n","protected":false},"excerpt":{"rendered":"<div class=\"product-detail-description-text mt-3\">Bonusan Tilia tomentosa ist eine bew\u00e4hrte Gemmoformel. Unsere Gemmoformeln sind spezielle Kr\u00e4uterrezepturen, in die wir nur die jungen, schnell wachsenden Pflanzenteile eingearbeitet haben. Diese Gemmoformel wird aus den jungen Knospen von Tilia tomentosa, auch bekannt als Silberlinde oder Linde, hergestellt.  <\/div>\n<div class=\"product-detail-usps\">\n<ul>\n<li>Gemmo-Formel auf Basis eines hochabsorbierbaren Glycerinmazerats<\/li>\n<li>Eine rein pflanzliche Gemmo-Formel<\/li>\n<li>Bonusan Tilia Tomentosa wird aus den jungen Knospen der Silberlinde hergestellt.<\/li>\n<\/ul>\n<\/div>\n","protected":false},"featured_media":44199,"comment_status":"open","ping_status":"closed","template":"","meta":{"_acf_changed":false,"_seopress_robots_primary_cat":"none","_seopress_titles_title":"Bonusan Tilia tomentosa - 100 ml - Tropfen | vitafit.nu","_seopress_titles_desc":"","_seopress_robots_index":""},"product_brand":[1398],"product_cat":[1352,1574],"product_tag":[],"woo-feed-brand":[],"class_list":{"0":"post-44914","1":"product","2":"type-product","3":"status-publish","4":"has-post-thumbnail","6":"product_brand-bonusan-de","7":"product_cat-andere-erganzungen","8":"product_cat-tilia-tomentosa-de","9":"pa_inhoud-50-ml-de","10":"pa_kruiden-glycerinmazerat-von-tilia-tomentosa-silberlinde","11":"pa_merk-bonusan","12":"pa_soort-drops","14":"first","15":"instock","16":"taxable","17":"shipping-taxable","18":"purchasable","19":"product-type-variable","20":"has-default-attributes"},"acf":[],"_links":{"self":[{"href":"https:\/\/vitafit.nu\/de\/wp-json\/wp\/v2\/product\/44914","targetHints":{"allow":["GET"]}}],"collection":[{"href":"https:\/\/vitafit.nu\/de\/wp-json\/wp\/v2\/product"}],"about":[{"href":"https:\/\/vitafit.nu\/de\/wp-json\/wp\/v2\/types\/product"}],"replies":[{"embeddable":true,"href":"https:\/\/vitafit.nu\/de\/wp-json\/wp\/v2\/comments?post=44914"}],"wp:featuredmedia":[{"embeddable":true,"href":"https:\/\/vitafit.nu\/de\/wp-json\/wp\/v2\/media\/44199"}],"wp:attachment":[{"href":"https:\/\/vitafit.nu\/de\/wp-json\/wp\/v2\/media?parent=44914"}],"wp:term":[{"taxonomy":"product_brand","embeddable":true,"href":"https:\/\/vitafit.nu\/de\/wp-json\/wp\/v2\/product_brand?post=44914"},{"taxonomy":"product_cat","embeddable":true,"href":"https:\/\/vitafit.nu\/de\/wp-json\/wp\/v2\/product_cat?post=44914"},{"taxonomy":"product_tag","embeddable":true,"href":"https:\/\/vitafit.nu\/de\/wp-json\/wp\/v2\/product_tag?post=44914"},{"taxonomy":"woo-feed-brand","embeddable":true,"href":"https:\/\/vitafit.nu\/de\/wp-json\/wp\/v2\/woo-feed-brand?post=44914"}],"curies":[{"name":"wp","href":"https:\/\/api.w.org\/{rel}","templated":true}]}}