{"id":44918,"date":"2023-12-13T09:12:52","date_gmt":"2023-12-13T09:12:52","guid":{"rendered":"https:\/\/vitafit.nu\/product\/bonusan-l-carnosin-200-60-kapseln\/"},"modified":"2025-04-11T04:45:13","modified_gmt":"2025-04-11T04:45:13","slug":"bonusan-l-carnosin-200-60-kapseln","status":"publish","type":"product","link":"https:\/\/vitafit.nu\/de\/bonusan-l-carnosin-200-60-kapseln\/","title":{"rendered":"Bonusan L-Carnosin 200 60 Kapseln"},"content":{"rendered":"<div id=\"v-pills-tabContent\" class=\"tab-content\">\n<div id=\"v-pills-moredetails\" class=\"tab-pane fade active show\" role=\"tabpanel\" aria-labelledby=\"v-pills-moredetails-tab\">\n<div id=\"accordionMoreDetails\" class=\"accordion\">\n<div class=\"accordionMoreDetails\">\n<p>L-Carnosin 200 mg ist speziell f\u00fcr Vegetarier und Sportler formuliert. Die Erg\u00e4nzung enth\u00e4lt gereinigtes Carnosin und hat eine ausgezeichnete Absorption (&gt;70%). Nahrungsquellen f\u00fcr Carnosin sind Fleisch, Fisch und Gefl\u00fcgel. Vegetarier erhalten wenig oder gar kein Carnosin \u00fcber die Nahrung. Dieses Nahrungserg\u00e4nzungsmittel enth\u00e4lt ausreichend L-Carnosin ohne die Verwendung von tierischen Rohstoffen.    <\/p>\n<\/div>\n<\/div>\n<\/div>\n<\/div>\n<div class=\"product-detail-no-claim-container\">\n<p><strong class=\"d-block\">Weitere Informationen zu diesem Produkt<\/strong><\/p>\n<p>Leider ist es uns aufgrund der Gesetzgebung f\u00fcr Nahrungserg\u00e4nzungsmittel nicht gestattet, (vollst\u00e4ndige) Informationen \u00fcber dieses Produkt zu geben. F\u00fcr weitere Informationen verweisen wir Sie an ein Wissensinstitut f\u00fcr orthomolekulare Therapie. <\/p>\n<\/div>\n","protected":false},"excerpt":{"rendered":"<div class=\"product-detail-description-text mt-3\">L-Carnosin 200 mg ist speziell f\u00fcr Vegetarier und Sportler formuliert.<\/div>\n<div class=\"product-detail-usps\">\n<ul>\n<li>Gereinigtes Carnosin, daher ausgezeichnete Absorption<\/li>\n<li>Speziell f\u00fcr Vegetarier und Sportler<\/li>\n<\/ul>\n<\/div>\n","protected":false},"featured_media":44039,"comment_status":"open","ping_status":"closed","template":"","meta":{"_acf_changed":false,"_seopress_robots_primary_cat":"413","_seopress_titles_title":"Bonusan L-Carnosin 200 mg - 60 St\u00fcck - Kapseln | Vitafit","_seopress_titles_desc":"","_seopress_robots_index":""},"product_brand":[1398],"product_cat":[1352,1578],"product_tag":[],"woo-feed-brand":[],"class_list":{"0":"post-44918","1":"product","2":"type-product","3":"status-publish","4":"has-post-thumbnail","6":"product_brand-bonusan-de","7":"product_cat-andere-erganzungen","8":"product_cat-proteine-und-aminosauren","9":"pa_bevat-geen-gelatine-de","10":"pa_bevat-geen-hefe","11":"pa_bevat-geen-konservierungsmittel","12":"pa_bevat-geen-mais-de","13":"pa_bevat-geen-synthetische-farbstoffe-aromen-und-duftstoffe","14":"pa_bevat-geen-tierische-stoffe","15":"pa_bevat-geen-zugesetzte-saccharose","16":"pa_inhoud-60-stuck","17":"pa_merk-bonusan","18":"pa_overige-supplementen-l-carnosin","19":"pa_soort-kapsel-2","21":"first","22":"instock","23":"taxable","24":"shipping-taxable","25":"purchasable","26":"product-type-variable","27":"has-default-attributes"},"acf":[],"_links":{"self":[{"href":"https:\/\/vitafit.nu\/de\/wp-json\/wp\/v2\/product\/44918","targetHints":{"allow":["GET"]}}],"collection":[{"href":"https:\/\/vitafit.nu\/de\/wp-json\/wp\/v2\/product"}],"about":[{"href":"https:\/\/vitafit.nu\/de\/wp-json\/wp\/v2\/types\/product"}],"replies":[{"embeddable":true,"href":"https:\/\/vitafit.nu\/de\/wp-json\/wp\/v2\/comments?post=44918"}],"wp:featuredmedia":[{"embeddable":true,"href":"https:\/\/vitafit.nu\/de\/wp-json\/wp\/v2\/media\/44039"}],"wp:attachment":[{"href":"https:\/\/vitafit.nu\/de\/wp-json\/wp\/v2\/media?parent=44918"}],"wp:term":[{"taxonomy":"product_brand","embeddable":true,"href":"https:\/\/vitafit.nu\/de\/wp-json\/wp\/v2\/product_brand?post=44918"},{"taxonomy":"product_cat","embeddable":true,"href":"https:\/\/vitafit.nu\/de\/wp-json\/wp\/v2\/product_cat?post=44918"},{"taxonomy":"product_tag","embeddable":true,"href":"https:\/\/vitafit.nu\/de\/wp-json\/wp\/v2\/product_tag?post=44918"},{"taxonomy":"woo-feed-brand","embeddable":true,"href":"https:\/\/vitafit.nu\/de\/wp-json\/wp\/v2\/woo-feed-brand?post=44918"}],"curies":[{"name":"wp","href":"https:\/\/api.w.org\/{rel}","templated":true}]}}