{"id":44923,"date":"2023-12-13T09:08:36","date_gmt":"2023-12-13T09:08:36","guid":{"rendered":"https:\/\/vitafit.nu\/product\/bonusan-gsh-glutathion-100-60-kapseln\/"},"modified":"2025-04-11T04:45:20","modified_gmt":"2025-04-11T04:45:20","slug":"bonusan-gsh-glutathion-100-60-kapseln","status":"publish","type":"product","link":"https:\/\/vitafit.nu\/de\/bonusan-gsh-glutathion-100-60-kapseln\/","title":{"rendered":"Bonusan GSH Glutathion 100 60 Kapseln"},"content":{"rendered":"<h3>Was ist GSH Glutathoin?<\/h3>\n<p>Glutathion ist eine k\u00f6rpereigene Substanz und kommt in fast allen K\u00f6rperzellen vor. Glutathion setzt sich aus den Aminos\u00e4uren Cystein, Glycin und Glutamins\u00e4ure zusammen. Die Aminos\u00e4ure ist in unseren Leberzellen, der Haut und den Schleimh\u00e4uten reichlich vorhanden.  <\/p>\n<p>Der Glutathionspiegel kann mit dem Alter (insbesondere nach dem 45. Lebensjahr), durch Umweltstress (z. B. Umweltverschmutzung) oder bei Krankheit abnehmen. Dar\u00fcber hinaus haben manche Menschen von Natur aus eine h\u00f6here oder niedrigere Glutathionproduktion. Dies ist auf genetische Variationen zur\u00fcckzuf\u00fchren. Eine Glutathionerg\u00e4nzung kann daher neben einer gesunden und abwechslungsreichen Ern\u00e4hrung hilfreich sein.   <\/p>\n<h3>F\u00fcr wen ist dieses Produkt geeignet?<\/h3>\n<p>Bonusan GSH Glutathion-Kapseln sind frei von tierischen Stoffen. Damit sind sie f\u00fcr eine vegane oder vegetarische Ern\u00e4hrung geeignet. <\/p>\n<h3>Woher wei\u00df man, dass GSH-Glutathion von hoher Qualit\u00e4t ist?<\/h3>\n<p>Bei der Einnahme von Nahrungserg\u00e4nzungsmitteln mit geringen Mengen an Glutathion pro Tag kann (ein Gro\u00dfteil) des aufgenommenen Glutathions durch Enzyme im Darm abgebaut werden. Bei einer Dosierung von 100-200 mg \u00fcber Kapseln tritt dieser Effekt weniger auf und mindestens 60% des Glutathions werden bereits absorbiert. Die Bonusan GSH-Glutathion-Kapseln enthalten daher eine hohe Dosis von 100 mg, damit so viel Glutathion wie m\u00f6glich absorbiert wird.  <\/p>\n<p>Sie k\u00f6nnen die Kapseln \u00f6ffnen. L\u00f6sen Sie den Inhalt einer oder mehrerer Kapseln in einem Glas Wasser auf, um die Enzyme in Ihrem Darm zu vermeiden. Tats\u00e4chlich wird ein Teil des Glutathions dann bereits \u00fcber die Mundschleimhaut aufgenommen, wie Untersuchungen ergeben haben.  <\/p>\n<p>In unserem Bonusan GSH Glutathion 100 mg enthalten wir reduziertes L-Glutathion. Reduziertes L-Glutathion ist die biologisch aktive Variante. Es wird im Darm nur minimal abgebaut und wird vom K\u00f6rper gut aufgenommen.  <\/p>\n<h3>Worin ist Glutathion enthalten?<\/h3>\n<div id=\"v-pills-tabContent\" class=\"tab-content\">\n<div id=\"v-pills-about\" class=\"tab-pane fade show active\" role=\"tabpanel\" aria-labelledby=\"v-pills-about-tab\">\n<div class=\"cms-block-faq\">\n<div id=\"accordionFaq\" class=\"accordion \">\n<div>\n<div id=\"collapse5\" class=\"collapse show\" aria-labelledby=\"heading5\" data-parent=\"#accordionFaq\">\n<div class=\"card-body\">\n<p>L-Glutathion kommt in kleinen Mengen in unserer Ern\u00e4hrung vor. Spargel, Avocado, Waln\u00fcsse und Spinat sind reiche Quellen. Dar\u00fcber hinaus enthalten Knoblauch, Zwiebeln und Brokkoli die Bausteine, aus denen der K\u00f6rper sein eigenes L-Glutathion herstellen kann.  <\/p>\n<p>Die k\u00f6rpereigene Produktion von Glutathion erfordert Magnesium und Energie (ATP), und Cystein ist ein wichtiger Baustein. Wenn zu wenig Cystein vorhanden ist, kann auch die k\u00f6rpereigene Produktion unzureichend sein. Erg\u00e4nzende Nahrungserg\u00e4nzungsmittel mit L-Cystein oder SAMe (S-Adenosylmethionin) unterst\u00fctzen die k\u00f6rpereigene Produktion von Glutathion.  <\/p>\n<\/div>\n<\/div>\n<\/div>\n<\/div>\n<\/div>\n<\/div>\n<\/div>\n<div class=\"product-detail-no-claim-container\">\n<p><strong class=\"d-block\">Weitere Informationen zu diesem ProduktAufgrund<\/strong>der Gesetzgebung zu Nahrungserg\u00e4nzungsmitteln ist es uns leider nicht gestattet, (vollst\u00e4ndige) Informationen zu diesem Produkt zu geben. F\u00fcr weitere Informationen verweisen wir Sie an ein Wissensinstitut f\u00fcr orthomolekulare Therapie. <\/p>\n<\/div>\n","protected":false},"excerpt":{"rendered":"<div class=\"product-detail-description-text mt-3\">\n<p>Glutathion ist in allen K\u00f6rperzellen in relativ hohen Konzentrationen vorhanden. Bonusan GSH Glutathion ist ein hochdosiertes, hochwertiges Glutathionpr\u00e4parat. <\/p>\n<\/div>\n<div class=\"product-detail-usps\">\n<ul>\n<li>Mit ausschlie\u00dflich reduziertem L-Glutathion (GSH)<\/li>\n<li>Minimaler Abbau durch Enzyme (Proteasen) im Darm<\/li>\n<li>Hohe Dosis von 100 mg Glutathion pro Kapsel<\/li>\n<\/ul>\n<\/div>\n","protected":false},"featured_media":44011,"comment_status":"open","ping_status":"closed","template":"","meta":{"_acf_changed":false,"_seopress_robots_primary_cat":"549","_seopress_titles_title":"Bonusan GSH Glutathion 100 mg - 60 St\u00fcck - Kapseln | Vitafit","_seopress_titles_desc":"","_seopress_robots_index":""},"product_brand":[1398],"product_cat":[1352,1578],"product_tag":[],"woo-feed-brand":[],"class_list":{"0":"post-44923","1":"product","2":"type-product","3":"status-publish","4":"has-post-thumbnail","6":"product_brand-bonusan-de","7":"product_cat-andere-erganzungen","8":"product_cat-proteine-und-aminosauren","9":"pa_bevat-geen-gelatine-de","10":"pa_bevat-geen-hefe","11":"pa_bevat-geen-konservierungsmittel","12":"pa_bevat-geen-mais-de","13":"pa_bevat-geen-synthetische-farbstoffe-aromen-und-duftstoffe","14":"pa_bevat-geen-tierische-stoffe","15":"pa_bevat-geen-zugesetzte-saccharose","16":"pa_inhoud-60-stuck","17":"pa_merk-bonusan","18":"pa_overige-supplementen-l-glutathion-de","19":"pa_soort-kapsel-2","21":"first","22":"instock","23":"taxable","24":"shipping-taxable","25":"purchasable","26":"product-type-variable","27":"has-default-attributes"},"acf":[],"_links":{"self":[{"href":"https:\/\/vitafit.nu\/de\/wp-json\/wp\/v2\/product\/44923","targetHints":{"allow":["GET"]}}],"collection":[{"href":"https:\/\/vitafit.nu\/de\/wp-json\/wp\/v2\/product"}],"about":[{"href":"https:\/\/vitafit.nu\/de\/wp-json\/wp\/v2\/types\/product"}],"replies":[{"embeddable":true,"href":"https:\/\/vitafit.nu\/de\/wp-json\/wp\/v2\/comments?post=44923"}],"wp:featuredmedia":[{"embeddable":true,"href":"https:\/\/vitafit.nu\/de\/wp-json\/wp\/v2\/media\/44011"}],"wp:attachment":[{"href":"https:\/\/vitafit.nu\/de\/wp-json\/wp\/v2\/media?parent=44923"}],"wp:term":[{"taxonomy":"product_brand","embeddable":true,"href":"https:\/\/vitafit.nu\/de\/wp-json\/wp\/v2\/product_brand?post=44923"},{"taxonomy":"product_cat","embeddable":true,"href":"https:\/\/vitafit.nu\/de\/wp-json\/wp\/v2\/product_cat?post=44923"},{"taxonomy":"product_tag","embeddable":true,"href":"https:\/\/vitafit.nu\/de\/wp-json\/wp\/v2\/product_tag?post=44923"},{"taxonomy":"woo-feed-brand","embeddable":true,"href":"https:\/\/vitafit.nu\/de\/wp-json\/wp\/v2\/woo-feed-brand?post=44923"}],"curies":[{"name":"wp","href":"https:\/\/api.w.org\/{rel}","templated":true}]}}