{"id":44924,"date":"2024-04-21T08:00:22","date_gmt":"2024-04-21T08:00:22","guid":{"rendered":"https:\/\/vitafit.nu\/product\/bonusan-taraxacum-officinalis-tinktur-30-ml\/"},"modified":"2025-04-11T04:45:20","modified_gmt":"2025-04-11T04:45:20","slug":"bonusan-taraxacum-officinalis-tinktur-30-ml","status":"publish","type":"product","link":"https:\/\/vitafit.nu\/de\/produkt\/bonusan-taraxacum-officinalis-tinktur-30-ml\/","title":{"rendered":"Bonusan Taraxacum officinalis Tinktur 30 ml"},"content":{"rendered":"<p><em>Taraxacum officinalis<\/em>, besser bekannt als L\u00f6wenzahn, ist eine Pflanze, die vermutlich in Zentralasien beheimatet ist. Heute ist die Pflanze \u00fcberall auf der Welt wild zu finden, au\u00dfer in den Tropen. Die Pflanze geh\u00f6rt zur Familie der<em> Asteraceae<\/em>.  <\/p>\n<p><em>Taraxacum<\/em> ist seit langem daf\u00fcr bekannt, dass es die Nierenfunktion unterst\u00fctzt*. Im 7. Jahrhundert wurde <em>Taraxacum <\/em>bereits in der chinesischen Medizin verwendet. Seit dem 16. Jahrhundert wird das Kraut mit dem Zusatz &#8220;officinalis&#8221; versehen, um anzuzeigen, dass die Pflanze medizinische Eigenschaften besitzt. Die Bl\u00e4tter sind reich an Mineralien, insbesondere an Kaliumsalzen. Dies tr\u00e4gt dazu bei, dass <em>Taraxacum officinalis<\/em> gut f\u00fcr die Funktion der Nieren und Harnwege ist*.    <\/p>\n<p>Neben der phytotherapeutischen Verwendung kann der L\u00f6wenzahn auch in der K\u00fcche eingesetzt werden. Die frischen, jungen Bl\u00e4tter k\u00f6nnen als &#8220;Maulwurfssalat&#8221; gegessen werden, und die Wurzel kann getrocknet, ger\u00f6stet und dann zu einem Kaffeeersatz gemahlen werden. <\/p>\n<p>Kurz gesagt, Taraxacum officinalis Tinktur ist eine sehr gute pflanzliche Formel zur Unterst\u00fctzung der Nierenfunktion*.<\/p>\n","protected":false},"excerpt":{"rendered":"<div class=\"product-detail-description-text mt-3\">Taraxacum officinalis Tinktur ist eine Tinktur aus L\u00f6wenzahn. Eine Pflanze, von der seit langem bekannt ist, dass sie gut f\u00fcr die Nierenfunktion und die Harnwege* ist. Wenn Sie also die Nierenfunktion unterst\u00fctzen wollen, ist <i>Taraxacum<\/i> eine gute Wahl. *Gesundheitsbezogene Angaben vorbehaltlich der europ\u00e4ischen Zulassung   <\/div>\n<div class=\"product-detail-usps\">\n<ul>\n<li>Eines der bekanntesten Kr\u00e4uter in der Phytotherapie<\/li>\n<li>Starke Einzeltinktur zur Unterst\u00fctzung der Nierenfunktion*<\/li>\n<li>Einfach zu dosieren dank praktischem Tropfer<\/li>\n<\/ul>\n<\/div>\n","protected":false},"featured_media":47591,"comment_status":"open","ping_status":"closed","template":"","meta":{"_acf_changed":false,"_seopress_robots_primary_cat":"637","_seopress_titles_title":"Bonusan Taraxacum officinalis Tinktur - 30 ml - Tropfen | vitafit.nu","_seopress_titles_desc":"","_seopress_robots_index":""},"product_brand":[1398],"product_cat":[1566,1318],"product_tag":[],"woo-feed-brand":[],"class_list":{"0":"post-44924","1":"product","2":"type-product","3":"status-publish","4":"has-post-thumbnail","6":"product_brand-bonusan-de","7":"product_cat-auszug","8":"product_cat-losungen","9":"pa_inhoud-50-ml-de","10":"pa_kruiden-lowenzahn","11":"pa_merk-bonusan","12":"pa_oplossingen-auszug","13":"pa_soort-tinktur","15":"first","16":"instock","17":"taxable","18":"shipping-taxable","19":"purchasable","20":"product-type-variable","21":"has-default-attributes"},"acf":[],"_links":{"self":[{"href":"https:\/\/vitafit.nu\/de\/wp-json\/wp\/v2\/product\/44924","targetHints":{"allow":["GET"]}}],"collection":[{"href":"https:\/\/vitafit.nu\/de\/wp-json\/wp\/v2\/product"}],"about":[{"href":"https:\/\/vitafit.nu\/de\/wp-json\/wp\/v2\/types\/product"}],"replies":[{"embeddable":true,"href":"https:\/\/vitafit.nu\/de\/wp-json\/wp\/v2\/comments?post=44924"}],"wp:featuredmedia":[{"embeddable":true,"href":"https:\/\/vitafit.nu\/de\/wp-json\/wp\/v2\/media\/47591"}],"wp:attachment":[{"href":"https:\/\/vitafit.nu\/de\/wp-json\/wp\/v2\/media?parent=44924"}],"wp:term":[{"taxonomy":"product_brand","embeddable":true,"href":"https:\/\/vitafit.nu\/de\/wp-json\/wp\/v2\/product_brand?post=44924"},{"taxonomy":"product_cat","embeddable":true,"href":"https:\/\/vitafit.nu\/de\/wp-json\/wp\/v2\/product_cat?post=44924"},{"taxonomy":"product_tag","embeddable":true,"href":"https:\/\/vitafit.nu\/de\/wp-json\/wp\/v2\/product_tag?post=44924"},{"taxonomy":"woo-feed-brand","embeddable":true,"href":"https:\/\/vitafit.nu\/de\/wp-json\/wp\/v2\/woo-feed-brand?post=44924"}],"curies":[{"name":"wp","href":"https:\/\/api.w.org\/{rel}","templated":true}]}}