{"id":44936,"date":"2024-04-20T13:21:54","date_gmt":"2024-04-20T13:21:54","guid":{"rendered":"https:\/\/vitafit.nu\/product\/bonusan-selenomethionin-200-120-kapseln\/"},"modified":"2025-05-05T09:29:02","modified_gmt":"2025-05-05T09:29:02","slug":"bonusan-selenomethionin-200-120-kapseln","status":"publish","type":"product","link":"https:\/\/vitafit.nu\/de\/produkt\/bonusan-selenomethionin-200-120-kapseln\/","title":{"rendered":"Bonusan Selenomethionin 200 120 Kapseln"},"content":{"rendered":"<div class=\"product-detail-additional-info-selecter\"><\/div>\n<div class=\"product-detail-additional-info-content\">\n<div id=\"v-pills-tabContent\" class=\"tab-content\">\n<div id=\"v-pills-about\" class=\"tab-pane fade show active\" role=\"tabpanel\" aria-labelledby=\"v-pills-about-tab\">\n<div class=\"cms-block-faq\">\n<div id=\"accordionFaq\" class=\"accordion \">\n<div class=\"card\">\n<div id=\"heading1\" class=\"card-header\">\n<div id=\"collapse1\" class=\"collapse show\" aria-labelledby=\"heading1\" data-parent=\"#accordionFaq\">\n<div class=\"card-body\">\n<p>Selen wirkt als Antioxidans und sch\u00fctzt den K\u00f6rper vor freien Radikalen. Es ist ein wichtiger Mineralstoff, der zum normalen Funktionieren des Immunsystems beitr\u00e4gt. Seine antioxidative Wirkung wirkt sich auch auf die m\u00e4nnliche Fruchtbarkeit aus, denn Selen ist gut f\u00fcr die Spermienqualit\u00e4t.  <\/p>\n<p>Selen wird auch h\u00e4ufig verwendet, weil es gut f\u00fcr die Schilddr\u00fcse ist. Dar\u00fcber hinaus ist es gut f\u00fcr Ihre Haare und N\u00e4gel. Aufgrund seiner einzigartigen nat\u00fcrlichen Selenform hat es eine sehr hohe Absorptionsrate von fast 100 %.  <\/p>\n<\/div>\n<\/div>\n<div class=\"card\">\n<div id=\"heading2\" class=\"card-header\"><\/div>\n<\/div>\n<div id=\"collapse2\" class=\"collapse show\" aria-labelledby=\"heading2\" data-parent=\"#accordionFaq\">\n<div class=\"card-body\">\n<p>Selen tr\u00e4gt zur Erhaltung normaler Haare und N\u00e4gel bei. Der Grund daf\u00fcr ist, dass der Mineralstoff dazu beitr\u00e4gt, die Zellen vor den negativen Einfl\u00fcssen von Umweltverschmutzung und Sonnenlicht zu sch\u00fctzen. Daher ist es wichtig, jeden Tag ausreichend Selen zu sich zu nehmen, damit Ihr Haar stark bleibt.  <\/p>\n<p>M\u00f6chten Sie eine breitere Unterst\u00fctzung f\u00fcr Ihre Haare und N\u00e4gel? Dann w\u00e4hlen Sie Bonusan Dermonyl. Dieses Erg\u00e4nzungsmittel tr\u00e4gt dank Selen und D-Biotin zur Erhaltung normaler Haare bei. Und es tr\u00e4gt zur Erhaltung normaler N\u00e4gel bei, dank Selen und Zink.   <\/p>\n<\/div>\n<\/div>\n<div class=\"card\">\n<div id=\"heading3\" class=\"card-header\"><\/div>\n<\/div>\n<div id=\"collapse3\" class=\"collapse show\" aria-labelledby=\"heading3\" data-parent=\"#accordionFaq\">\n<div class=\"card-body\">\n<p>Das Selen in dieser Nahrungserg\u00e4nzung besteht zu 100 Prozent aus der einzigartigen und nat\u00fcrlichen Selenform &#8220;Seleno-L-Methionin&#8221;. Diese Form hat eine gute Verf\u00fcgbarkeit und Absorption im K\u00f6rper: die Absorption von Selenomethionin aus dem Darm betr\u00e4gt fast 100 Prozent. <\/p>\n<\/div>\n<\/div>\n<div class=\"card\">\n<div id=\"heading4\" class=\"card-header\"><\/div>\n<\/div>\n<div class=\"card\">\n<div id=\"heading5\" class=\"card-header\"><\/div>\n<\/div>\n<\/div>\n<\/div>\n<div id=\"collapse1\" class=\"collapse show\" aria-labelledby=\"heading1\" data-parent=\"#accordionFaq\">\n<div class=\"card-body\">\n<div id=\"collapse5\" class=\"collapse show\" aria-labelledby=\"heading5\" data-parent=\"#accordionFaq\">\n<div class=\"card-body\">\n<p>&nbsp;<\/p>\n<\/div>\n<\/div>\n<\/div>\n<\/div>\n<\/div>\n<\/div>\n<\/div>\n<\/div>\n<\/div>\n","protected":false},"excerpt":{"rendered":"<div class=\"product-detail-description-text mt-3\">\n<p>Bonusan Selenomethionin ist gut f\u00fcr Haare und N\u00e4gel und tr\u00e4gt zur Erhaltung einer guten Widerstandskraft bei. Aufgrund seiner einzigartigen nat\u00fcrlichen Selenform hat es eine sehr hohe Absorptionsrate von fast 100%. <\/p>\n<\/div>\n<div class=\"product-detail-usps\">\n<ul>\n<li>Bietet Schutz vor freien Radikalen, da Selen als Antioxidans wirkt<\/li>\n<li>Einzigartige nat\u00fcrliche Selenform<\/li>\n<li>Sehr hohe Bioverf\u00fcgbarkeit, praktisch 100%ige Absorption<\/li>\n<\/ul>\n<\/div>\n","protected":false},"featured_media":44459,"comment_status":"open","ping_status":"closed","template":"","meta":{"_acf_changed":false,"_seopress_robots_primary_cat":"401","_seopress_titles_title":"Bonusan Selenomethionin 200 mcg -120 St\u00fcck - Kapseln | vitafit.nu","_seopress_titles_desc":"","_seopress_robots_index":""},"product_brand":[1398],"product_cat":[1596,1318,1437,1383,1344],"product_tag":[],"woo-feed-brand":[],"class_list":{"0":"post-44936","1":"product","2":"type-product","3":"status-publish","4":"has-post-thumbnail","6":"product_brand-bonusan-de","7":"product_cat-haare-und-nagel","8":"product_cat-losungen","9":"product_cat-oxidativer-stress","10":"product_cat-schilddruse","11":"product_cat-widerstand","12":"pa_inhoud-120-stuck","13":"pa_merk-bonusan","14":"pa_oplossingen-haare-und-nagel","15":"pa_oplossingen-oxidativer-stress","16":"pa_oplossingen-schilddruse","17":"pa_oplossingen-widerstand","18":"pa_overige-supplementen-selen-als-seleno-l-methionin","19":"pa_soort-kapsel-2","21":"first","22":"instock","23":"taxable","24":"shipping-taxable","25":"purchasable","26":"product-type-variable","27":"has-default-attributes"},"acf":[],"_links":{"self":[{"href":"https:\/\/vitafit.nu\/de\/wp-json\/wp\/v2\/product\/44936","targetHints":{"allow":["GET"]}}],"collection":[{"href":"https:\/\/vitafit.nu\/de\/wp-json\/wp\/v2\/product"}],"about":[{"href":"https:\/\/vitafit.nu\/de\/wp-json\/wp\/v2\/types\/product"}],"replies":[{"embeddable":true,"href":"https:\/\/vitafit.nu\/de\/wp-json\/wp\/v2\/comments?post=44936"}],"wp:featuredmedia":[{"embeddable":true,"href":"https:\/\/vitafit.nu\/de\/wp-json\/wp\/v2\/media\/44459"}],"wp:attachment":[{"href":"https:\/\/vitafit.nu\/de\/wp-json\/wp\/v2\/media?parent=44936"}],"wp:term":[{"taxonomy":"product_brand","embeddable":true,"href":"https:\/\/vitafit.nu\/de\/wp-json\/wp\/v2\/product_brand?post=44936"},{"taxonomy":"product_cat","embeddable":true,"href":"https:\/\/vitafit.nu\/de\/wp-json\/wp\/v2\/product_cat?post=44936"},{"taxonomy":"product_tag","embeddable":true,"href":"https:\/\/vitafit.nu\/de\/wp-json\/wp\/v2\/product_tag?post=44936"},{"taxonomy":"woo-feed-brand","embeddable":true,"href":"https:\/\/vitafit.nu\/de\/wp-json\/wp\/v2\/woo-feed-brand?post=44936"}],"curies":[{"name":"wp","href":"https:\/\/api.w.org\/{rel}","templated":true}]}}