{"id":44937,"date":"2023-12-11T18:00:26","date_gmt":"2023-12-11T18:00:26","guid":{"rendered":"https:\/\/vitafit.nu\/product\/bonusan-betain-wasserfrei-pulver-125-gramm\/"},"modified":"2025-04-11T04:45:39","modified_gmt":"2025-04-11T04:45:39","slug":"bonusan-betain-wasserfrei-pulver-125-gramm","status":"publish","type":"product","link":"https:\/\/vitafit.nu\/de\/bonusan-betain-wasserfrei-pulver-125-gramm\/","title":{"rendered":"Bonusan Betain wasserfrei Pulver 125 Gramm"},"content":{"rendered":"<div class=\"product-detail-additional-info\">\n<div class=\"product-detail-additional-info-container\">\n<div class=\"product-detail-additional-info-content\">\n<div id=\"v-pills-tabContent\" class=\"tab-content\">\n<div id=\"v-pills-moredetails\" class=\"tab-pane fade active show\" role=\"tabpanel\" aria-labelledby=\"v-pills-moredetails-tab\">\n<div id=\"accordionMoreDetails\" class=\"accordion\">\n<div class=\"accordionMoreDetails\">\n<p>Betain, auch bekannt als Trimethylglycin oder TMG, ist ein N\u00e4hrstoff, der unter anderem in Spinat, Roter Bete und Meeresfr\u00fcchten vorkommt. Wie der Name Trimethylglycin schon sagt, besteht es aus drei Methylgruppen. <\/p>\n<p>Bei einer Aufnahme von 1,5 Gramm pro Tag tr\u00e4gt Betain zu einem normalen Homocystein-Stoffwechsel bei. In hohen Konzentrationen ist Homocystein ein giftiges Stoffwechselprodukt. Betain wasserfreies Pulver kann dann helfen. Die von uns empfohlene Dosis besteht darin, 1-4 Mal t\u00e4glich 2 Messl\u00f6ffel \u00e0 0,6 Gramm in Wasser oder Fruchtgetr\u00e4nken aufzul\u00f6sen. Seien Sie vorsichtig mit Dosen von mehr als 4 Gramm, da dies den Cholesterinspiegel im Blut deutlich erh\u00f6hen kann.    <\/p>\n<p>Bonusan Betain wasserfrei Pulver ist frei von Hilfsstoffen und enth\u00e4lt somit 100% Betain wasserfrei. Dies ist die ents\u00e4uerte Form von Betain und daher magen- und zahnfreundlich. Dank neuer Verbesserungen in der Zusammensetzung hat Bonusan Betain wasserfrei eine feinere Struktur und l\u00f6st sich noch besser in Wasser und Fruchts\u00e4ften auf.  <\/p>\n<\/div>\n<\/div>\n<\/div>\n<\/div>\n<div class=\"product-detail-no-claim-container\">\n<p><strong class=\"d-block\">Weitere Informationen zu diesem ProduktAufgrund<\/strong>der Gesetzgebung zu Nahrungserg\u00e4nzungsmitteln ist es uns leider nicht gestattet, (vollst\u00e4ndige) Informationen zu diesem Produkt zu geben. F\u00fcr weitere Informationen verweisen wir Sie an ein Wissensinstitut f\u00fcr orthomolekulare Therapie. <\/p>\n<\/div>\n<\/div>\n<\/div>\n<\/div>\n<div class=\"col-12\">\n<div class=\"cross-selling-pdp my-7\">\n<div class=\"product-slider\">\n<div class=\"top-wrapper d-flex justify-content-between align-items-center\">\n<div class=\"cms-element-title\">\n<p class=\"cms-element-title-paragraph\">Andere haben auch gekauft:<\/p>\n<\/div>\n<\/div>\n<\/div>\n<\/div>\n<\/div>\n","protected":false},"excerpt":{"rendered":"<div class=\"product-detail-description-text mt-3\">Betain wasserfrei ist die ents\u00e4uerte Form von Betain. Bonusan Betain wasserfrei Pulver ist von hoher Qualit\u00e4t und ist frei von Hilfsstoffen. <\/div>\n<div class=\"product-detail-usps\">\n<ul>\n<li>F\u00fcr einen normalen Stoffwechsel von Homocystein<\/li>\n<li>Gut l\u00f6slich in Wasser und Fruchtsaft<\/li>\n<li>100% Betain wasserfreies Pulver<\/li>\n<\/ul>\n<\/div>\n","protected":false},"featured_media":44303,"comment_status":"open","ping_status":"closed","template":"","meta":{"_acf_changed":false,"_seopress_robots_primary_cat":"549","_seopress_titles_title":"Bonusan Betain wasserfrei - 125 Gramm - Pulver | Vitafit","_seopress_titles_desc":"","_seopress_robots_index":""},"product_brand":[1398],"product_cat":[1352,1578],"product_tag":[],"woo-feed-brand":[],"class_list":{"0":"post-44937","1":"product","2":"type-product","3":"status-publish","4":"has-post-thumbnail","6":"product_brand-bonusan-de","7":"product_cat-andere-erganzungen","8":"product_cat-proteine-und-aminosauren","9":"pa_bevat-geen-gelatine-de","10":"pa_bevat-geen-hefe","11":"pa_bevat-geen-konservierungsmittel","12":"pa_bevat-geen-mais-de","13":"pa_bevat-geen-synthetische-farbstoffe-aromen-und-duftstoffe","14":"pa_bevat-geen-tierische-stoffe","15":"pa_bevat-geen-zugesetzte-saccharose","16":"pa_inhoud-125-g","17":"pa_merk-bonusan","18":"pa_overige-supplementen-betain-wasserfrei","19":"pa_soort-pulver","21":"first","22":"outofstock","23":"taxable","24":"shipping-taxable","25":"purchasable","26":"product-type-variable","27":"has-default-attributes"},"acf":[],"_links":{"self":[{"href":"https:\/\/vitafit.nu\/de\/wp-json\/wp\/v2\/product\/44937","targetHints":{"allow":["GET"]}}],"collection":[{"href":"https:\/\/vitafit.nu\/de\/wp-json\/wp\/v2\/product"}],"about":[{"href":"https:\/\/vitafit.nu\/de\/wp-json\/wp\/v2\/types\/product"}],"replies":[{"embeddable":true,"href":"https:\/\/vitafit.nu\/de\/wp-json\/wp\/v2\/comments?post=44937"}],"wp:featuredmedia":[{"embeddable":true,"href":"https:\/\/vitafit.nu\/de\/wp-json\/wp\/v2\/media\/44303"}],"wp:attachment":[{"href":"https:\/\/vitafit.nu\/de\/wp-json\/wp\/v2\/media?parent=44937"}],"wp:term":[{"taxonomy":"product_brand","embeddable":true,"href":"https:\/\/vitafit.nu\/de\/wp-json\/wp\/v2\/product_brand?post=44937"},{"taxonomy":"product_cat","embeddable":true,"href":"https:\/\/vitafit.nu\/de\/wp-json\/wp\/v2\/product_cat?post=44937"},{"taxonomy":"product_tag","embeddable":true,"href":"https:\/\/vitafit.nu\/de\/wp-json\/wp\/v2\/product_tag?post=44937"},{"taxonomy":"woo-feed-brand","embeddable":true,"href":"https:\/\/vitafit.nu\/de\/wp-json\/wp\/v2\/woo-feed-brand?post=44937"}],"curies":[{"name":"wp","href":"https:\/\/api.w.org\/{rel}","templated":true}]}}