{"id":44940,"date":"2023-12-11T17:57:16","date_gmt":"2023-12-11T17:57:16","guid":{"rendered":"https:\/\/vitafit.nu\/product\/bonusan-bcaa-pulver-200-gramm\/"},"modified":"2025-04-11T04:45:49","modified_gmt":"2025-04-11T04:45:49","slug":"bonusan-bcaa-pulver-200-gramm","status":"publish","type":"product","link":"https:\/\/vitafit.nu\/de\/produkt\/bonusan-bcaa-pulver-200-gramm\/","title":{"rendered":"Bonusan BCAA-Pulver 200 Gramm"},"content":{"rendered":"<h3>Was sind die Vorteile von Bonusan BCAA-Pulver?<\/h3>\n<p>Was sind BCAAs? Die drei Aminos\u00e4uren L-Leucin, L-Isoleucin und L-Valin werden zusammen als BCAAs bezeichnet. BCAA steht f\u00fcr Branched Chain Amino Acids: verzweigtkettige Aminos\u00e4uren, die der K\u00f6rper nicht selbst herstellen kann. Das Verh\u00e4ltnis der BCAAs in diesem Produkt entspricht dem Verh\u00e4ltnis im K\u00f6rper.   <\/p>\n<h3>F\u00fcr wen ist dieses Produkt geeignet?<\/h3>\n<p>Bonusan BCAA-Pulver ist f\u00fcr jeden geeignet. Auch wenn Sie sich vegetarisch oder vegan ern\u00e4hren, k\u00f6nnen Sie diese Erg\u00e4nzung verwenden. <\/p>\n<h3>Woher wissen Sie, dass BCAA-Pulver von hoher Qualit\u00e4t ist?<\/h3>\n<p>Flexibel dosierbare Pulverform<br \/>\nNat\u00fcrliche linksh\u00e4ndige Aminos\u00e4uren<br \/>\nKeine unn\u00f6tigen Zusatzstoffe<br \/>\nGutes Verh\u00e4ltnis von BCAAs (2:1:1)<\/p>\n<h3>Lebensmittel mit hohem BCAA-Gehalt<\/h3>\n<div id=\"v-pills-tabContent\" class=\"tab-content\">\n<div id=\"v-pills-about\" class=\"tab-pane fade show active\" role=\"tabpanel\" aria-labelledby=\"v-pills-about-tab\">\n<div class=\"cms-block-faq\">\n<div id=\"accordionFaq\" class=\"accordion \">\n<div>\n<div id=\"collapse5\" class=\"collapse show\" aria-labelledby=\"heading5\" data-parent=\"#accordionFaq\">\n<div class=\"card-body\">\n<p>Zu den Nahrungsmitteln mit hohem BCAA-Gehalt geh\u00f6ren Fisch, Milchprodukte und H\u00fclsenfr\u00fcchte. Von Milchprodukten raten wir ab, da sie von unseren Vorfahren nicht gegessen wurden und viele Menschen \u00fcberempfindlich darauf reagieren. Bei H\u00fclsenfr\u00fcchten ist Vorsicht geboten, da sie hohe Mengen an Lektinen enthalten k\u00f6nnen. Das sind pflanzliche Giftstoffe, die den Darm sch\u00e4digen k\u00f6nnen. Au\u00dferdem sind H\u00fclsenfr\u00fcchte, insbesondere als Fleischersatz, weniger reich an den notwendigen Aminos\u00e4uren.    <\/p>\n<\/div>\n<\/div>\n<\/div>\n<\/div>\n<\/div>\n<\/div>\n<\/div>\n<div class=\"product-detail-no-claim-container\">\n<p><strong class=\"d-block\">Weitere Informationen zu diesem ProduktAufgrund<\/strong>der Gesetzgebung zu Nahrungserg\u00e4nzungsmitteln ist es uns leider nicht gestattet, (vollst\u00e4ndige) Informationen zu diesem Produkt zu geben. F\u00fcr weitere Informationen verweisen wir Sie an ein Wissensinstitut f\u00fcr orthomolekulare Therapie. <\/p>\n<\/div>\n","protected":false},"excerpt":{"rendered":"<div class=\"product-detail-description-text mt-3\">\n<p>Bonusan BCAA-Pulver besteht aus drei essentiellen verzweigtkettigen Aminos\u00e4uren: L-Leucin, L-Isoleucin und L-Valin. Das Pulver kann flexibel dosiert werden. Damit ist dieses Supplement ideal f\u00fcr einen h\u00f6heren BCAA-Bedarf. Es ist ein beliebtes Supplement bei Sportlern.   <\/p>\n<\/div>\n<div class=\"product-detail-usps\">\n<ul>\n<li>Gutes Verh\u00e4ltnis von BCAAs (2:1:1)<\/li>\n<li>Das Verh\u00e4ltnis entspricht dem der Muskeln<\/li>\n<li>Nur die nat\u00fcrliche, linksh\u00e4ndige Form<\/li>\n<\/ul>\n<\/div>\n","protected":false},"featured_media":44007,"comment_status":"open","ping_status":"closed","template":"","meta":{"_acf_changed":false,"_seopress_robots_primary_cat":"549","_seopress_titles_title":"Bonusan BCAA - 200 Gramm - Pulver | Vitafit","_seopress_titles_desc":"","_seopress_robots_index":""},"product_brand":[1398],"product_cat":[1352,1578],"product_tag":[],"woo-feed-brand":[],"class_list":{"0":"post-44940","1":"product","2":"type-product","3":"status-publish","4":"has-post-thumbnail","6":"product_brand-bonusan-de","7":"product_cat-andere-erganzungen","8":"product_cat-proteine-und-aminosauren","9":"pa_bevat-geen-hefe","10":"pa_bevat-geen-konservierungsmittel","11":"pa_bevat-geen-mais-de","12":"pa_bevat-geen-synthetische-farbstoffe-aromen-und-duftstoffe","13":"pa_bevat-geen-zugesetzte-saccharose","14":"pa_inhoud-200-gramm","15":"pa_merk-bonusan","16":"pa_overige-supplementen-l-isoleucin","17":"pa_overige-supplementen-l-leucin","18":"pa_overige-supplementen-l-valin","19":"pa_soort-pulver","21":"first","22":"outofstock","23":"taxable","24":"shipping-taxable","25":"purchasable","26":"product-type-variable","27":"has-default-attributes"},"acf":[],"_links":{"self":[{"href":"https:\/\/vitafit.nu\/de\/wp-json\/wp\/v2\/product\/44940","targetHints":{"allow":["GET"]}}],"collection":[{"href":"https:\/\/vitafit.nu\/de\/wp-json\/wp\/v2\/product"}],"about":[{"href":"https:\/\/vitafit.nu\/de\/wp-json\/wp\/v2\/types\/product"}],"replies":[{"embeddable":true,"href":"https:\/\/vitafit.nu\/de\/wp-json\/wp\/v2\/comments?post=44940"}],"wp:featuredmedia":[{"embeddable":true,"href":"https:\/\/vitafit.nu\/de\/wp-json\/wp\/v2\/media\/44007"}],"wp:attachment":[{"href":"https:\/\/vitafit.nu\/de\/wp-json\/wp\/v2\/media?parent=44940"}],"wp:term":[{"taxonomy":"product_brand","embeddable":true,"href":"https:\/\/vitafit.nu\/de\/wp-json\/wp\/v2\/product_brand?post=44940"},{"taxonomy":"product_cat","embeddable":true,"href":"https:\/\/vitafit.nu\/de\/wp-json\/wp\/v2\/product_cat?post=44940"},{"taxonomy":"product_tag","embeddable":true,"href":"https:\/\/vitafit.nu\/de\/wp-json\/wp\/v2\/product_tag?post=44940"},{"taxonomy":"woo-feed-brand","embeddable":true,"href":"https:\/\/vitafit.nu\/de\/wp-json\/wp\/v2\/woo-feed-brand?post=44940"}],"curies":[{"name":"wp","href":"https:\/\/api.w.org\/{rel}","templated":true}]}}