{"id":44946,"date":"2023-12-09T16:12:04","date_gmt":"2023-12-09T16:12:04","guid":{"rendered":"https:\/\/vitafit.nu\/product\/bonusan-astaxanthin-komplex-pro-60-kapseln\/"},"modified":"2025-04-11T04:45:55","modified_gmt":"2025-04-11T04:45:55","slug":"bonusan-astaxanthin-komplex-pro-60-kapseln","status":"publish","type":"product","link":"https:\/\/vitafit.nu\/de\/bonusan-astaxanthin-komplex-pro-60-kapseln\/","title":{"rendered":"Bonusan Astaxanthin-Komplex Pro 60 Kapseln"},"content":{"rendered":"<h3>Warum Astaxanthin und Fucoxanthin?<\/h3>\n<p data-darkreader-inline-bgcolor=\"\">Manchmal isst man nicht genug gesunde Lebensmittel oder es fehlt an Abwechslung. Eine Erg\u00e4nzung aus nat\u00fcrlichen, n\u00e4hrstoffreichen Quellen kann dann eine wertvolle Erg\u00e4nzung der Ern\u00e4hrung sein. <\/p>\n<p>Astaxanthin und Fucoxanthin sind Carotinoide. Sie werden auch als Xanthophyll-Carotinoide bezeichnet, Pigmente, die verschiedenen pflanzlichen und tierischen Produkten ihre gelb-orange Farbe verleihen. In Pflanzen und Algen spielen die Carotinoide eine wichtige Rolle bei der Photosynthese. Astaxanthin hat eine eher rot-rosa Farbe, w\u00e4hrend Fucoxanthin \u00fcberwiegend gelb-orange oder gr\u00fcnlich-braun ist.   <\/p>\n<p>Nat\u00fcrliche Quellen f\u00fcr Astaxanthin sind Lebensmittel aus dem Meer, wie Lachs, Krill, Garnelen, Forellen, Hummer, Krabben und die Alge. <i>Haematococcus pluvialis<\/i>. Der Flamingo verdankt seine rosa Farbe dem Astaxanthin aus seiner Nahrung (u. a. Algen und kleine Krustentiere). Zu den Quellen von Fucoxanthin geh\u00f6ren braune Algen wie Wakame, Arame und Kumbo. Sollten diese Nahrungsquellen nicht ausreichen, kann eine nat\u00fcrliche Erg\u00e4nzung helfen.   <\/p>\n<h3>  Die Vorteile von Asta Fuco Complex<\/h3>\n<p data-darkreader-inline-bgcolor=\"\">Bonusan AstaFuco Complex enth\u00e4lt eine nat\u00fcrliche, ausgewogene und durchdachte Zusammensetzung von 5 mg Astaxanthin (aus <i>Haematococcus pluvialis<\/i>) und 5 mg Fucoxanthin (aus Wakame).<\/p>\n<p>Bonusan AstaFuco Complex wird in Form von leicht zu schluckenden Kapseln geliefert. Wir empfehlen die Einnahme von ein bis zwei Kapseln t\u00e4glich 30 Minuten vor den beiden Hauptmahlzeiten. Die empfohlene Dosierung sollte nicht \u00fcberschritten werden. Falls gew\u00fcnscht, k\u00f6nnen die Kapseln leicht ge\u00f6ffnet werden, um sie auf andere Weise einzunehmen.   <\/p>\n<h3>Hohe Qualit\u00e4t dank der nat\u00fcrlichen Quelle von Astaxanthin und Fucoxanthin<\/h3>\n<p data-darkreader-inline-bgcolor=\"\">Das Astaxanthin in Bonusan AstaFuco Complex stammt aus Algen<i>(Haematococcus pluvialis<\/i>), einer der reichsten nat\u00fcrlichen Astaxanthinquellen. Algen befinden sich am Ende der Nahrungskette, was sie zu einer effizienten und sauberen Quelle macht. Einige Nahrungserg\u00e4nzungsmittel enthalten synthetisches Astaxanthin, das aus Petrochemikalien hergestellt wird. Das Fucoxanthin in AstaFuco Complex wird ausschlie\u00dflich aus braunen Algen (Wakame) isoliert.   <\/p>\n<p>Bonusan formuliert und produziert seine Nahrungserg\u00e4nzungsmittel selbst nach den neuesten wissenschaftlichen Erkenntnissen. In unserer modernen Fabrik in Numansdorp verarbeiten wir Rohstoffe zu aktiven Produkten in einer Umgebung mit optimaler und kontrollierter Sicherheit. <\/p>\n<h3>Geeignet f\u00fcr eine abwechslungsreiche Ern\u00e4hrung<\/h3>\n<p data-darkreader-inline-bgcolor=\"\">AstaFuco Complex ist eine wertvolle Erg\u00e4nzung, wenn eine abwechslungsreiche Ern\u00e4hrung gew\u00fcnscht wird.<br \/>\nBonusan AstaFuco Complex ist f\u00fcr Vegetarier und Veganer geeignet.<\/p>\n<h3>Weitere Informationen zu diesem Produkt<\/h3>\n<p data-darkreader-inline-bgcolor=\"\">Leider ist es uns aufgrund der Gesetzgebung f\u00fcr Nahrungserg\u00e4nzungsmittel nicht gestattet, (vollst\u00e4ndige) Informationen \u00fcber dieses Produkt zu geben. F\u00fcr weitere Informationen wenden Sie sich bitte an ein <a href=\"https:\/\/www.google.com\/search?q=kennisinstituut+voor+orthomoleculaire+therapie&amp;sxsrf=ALeKk00-EjpQXaDxFHvv2Eq26cJSGsnhgQ%3A1623078115984&amp;source=hp&amp;ei=4zS-YLa3OInpkgXiu5LACA&amp;iflsig=AINFCbYAAAAAYL5C870qTdNDQjxyTjAXBsdDSdMZSsl5&amp;oq=ke&amp;gs_lcp=Cgdnd3Mtd2l6EAEYADIECCMQJzIECCMQJzIECCMQJzIECAAQQzIECAAQQzIKCC4QxwEQrwEQQzIECAAQQzIECAAQQzIECAAQQzIECAAQQzoNCC4QsQMQxwEQowIQQzoICC4QxwEQrwE6CwguELEDEMcBEKMCOgUILhCxA1DAEFi-EWC1G2gAcAB4AIABXIgBmQGSAQEymAEAoAEBqgEHZ3dzLXdpeg&amp;sclient=gws-wiz\">Wissensinstitut f\u00fcr orthomolekulare Therapie<\/a>. <\/p>\n<p data-darkreader-inline-bgcolor=\"\">F\u00fcr eine angemessene Beratung \u00fcber Nahrungserg\u00e4nzungsmittel f\u00fcr Ihre pers\u00f6nliche Situation und die Einnahme von Medikamenten empfehlen wir Ihnen, einen Therapeuten zu konsultieren.<\/p>\n","protected":false},"excerpt":{"rendered":"<div class=\"product-detail-description-text mt-3\">\n<h3 class=\"product-detail-description-text mt-3\">Wof\u00fcr steht der Bonusan AstaFuco Complex?<\/h3>\n<div class=\"product-detail-description-text mt-3\">Astaxanthin und Fucoxanthin sind Carotinoide. Diese Carotinoide sind zum Beispiel in Lachs und Krill, aber auch in braunen Algen wie Wakame enthalten. Wenn man es eine Zeit lang nicht schafft, genug davon zu essen, kann ein Nahrungserg\u00e4nzungsmittel helfen.  <\/div>\n<div class=\"product-detail-usps\">\n<ul>\n<li>Enth\u00e4lt die Carotinoide: Astaxanthin und Fucoxanthin<\/li>\n<li>Astaxanthin und Fucoxanthin werden aus nat\u00fcrlichen Quellen gewonnen<\/li>\n<li>Geeignet f\u00fcr Vegetarier und Veganer<\/li>\n<\/ul>\n<\/div>\n<\/div>\n","protected":false},"featured_media":43911,"comment_status":"open","ping_status":"closed","template":"","meta":{"_acf_changed":false,"_seopress_robots_primary_cat":"771","_seopress_titles_title":"Bonusan AstaFuco-Komplex - 60 St\u00fcck - Kapseln | Vitafit","_seopress_titles_desc":"","_seopress_robots_index":""},"product_brand":[1398],"product_cat":[1609,1610,1316],"product_tag":[],"woo-feed-brand":[],"class_list":{"0":"post-44946","1":"product","2":"type-product","3":"status-publish","4":"has-post-thumbnail","6":"product_brand-bonusan-de","7":"product_cat-astaxanthin","8":"product_cat-immunsystem","9":"product_cat-krauter","10":"pa_bevat-geen-hefe","11":"pa_bevat-geen-konservierungsmittel","12":"pa_bevat-geen-synthetische-farbstoffe-aromen-und-duftstoffe","13":"pa_bevat-geen-zugesetzte-saccharose","14":"pa_inhoud-60-stuck","15":"pa_kruiden-blutregenalgen","16":"pa_kruiden-wakame-de","17":"pa_merk-bonusan","18":"pa_soort-kapsel-2","20":"first","21":"instock","22":"taxable","23":"shipping-taxable","24":"purchasable","25":"product-type-variable","26":"has-default-attributes"},"acf":[],"_links":{"self":[{"href":"https:\/\/vitafit.nu\/de\/wp-json\/wp\/v2\/product\/44946","targetHints":{"allow":["GET"]}}],"collection":[{"href":"https:\/\/vitafit.nu\/de\/wp-json\/wp\/v2\/product"}],"about":[{"href":"https:\/\/vitafit.nu\/de\/wp-json\/wp\/v2\/types\/product"}],"replies":[{"embeddable":true,"href":"https:\/\/vitafit.nu\/de\/wp-json\/wp\/v2\/comments?post=44946"}],"wp:featuredmedia":[{"embeddable":true,"href":"https:\/\/vitafit.nu\/de\/wp-json\/wp\/v2\/media\/43911"}],"wp:attachment":[{"href":"https:\/\/vitafit.nu\/de\/wp-json\/wp\/v2\/media?parent=44946"}],"wp:term":[{"taxonomy":"product_brand","embeddable":true,"href":"https:\/\/vitafit.nu\/de\/wp-json\/wp\/v2\/product_brand?post=44946"},{"taxonomy":"product_cat","embeddable":true,"href":"https:\/\/vitafit.nu\/de\/wp-json\/wp\/v2\/product_cat?post=44946"},{"taxonomy":"product_tag","embeddable":true,"href":"https:\/\/vitafit.nu\/de\/wp-json\/wp\/v2\/product_tag?post=44946"},{"taxonomy":"woo-feed-brand","embeddable":true,"href":"https:\/\/vitafit.nu\/de\/wp-json\/wp\/v2\/woo-feed-brand?post=44946"}],"curies":[{"name":"wp","href":"https:\/\/api.w.org\/{rel}","templated":true}]}}