{"id":44949,"date":"2023-12-11T17:50:59","date_gmt":"2023-12-11T17:50:59","guid":{"rendered":"https:\/\/vitafit.nu\/product\/bonusan-acetyl-l-carnitin-500-60-kapseln\/"},"modified":"2025-04-11T04:46:01","modified_gmt":"2025-04-11T04:46:01","slug":"bonusan-acetyl-l-carnitin-500-60-kapseln","status":"publish","type":"product","link":"https:\/\/vitafit.nu\/de\/produkt\/bonusan-acetyl-l-carnitin-500-60-kapseln\/","title":{"rendered":"Bonusan Acetyl-L-Carnitin 500 60 Kapseln"},"content":{"rendered":"<h3>Was sind die Vorteile von Bonusan Acetyl-L-Carnitin?<\/h3>\n<p>Bonusan Acetyl-L-Carnitin ist eine Aminos\u00e4ure, die unser K\u00f6rper nach der Einnahme schnell und einfach \u00fcber den D\u00fcnndarm aufnimmt. Wir wandeln diese Aminos\u00e4ure teilweise in L-Carnitin um, aber ein Teil des Acetyl-L-Carnitins bleibt intakt. Das Acetyl-L-Carnitin, das intakt bleibt, kann die Blut-Hirn-Schranke \u00fcberwinden. Folglich kommt Acetyl-L-Carnitin sowohl im K\u00f6rper als auch im Gehirn vor.   <\/p>\n<p>Was ist L-Carnitin? Der K\u00f6rper ist in der Lage, sein eigenes Acetyl-L-Carnitin herzustellen. Dies geschieht unter anderem in unserem Gehirn. Carnitin wird im K\u00f6rper aus den Aminos\u00e4uren Lysin und Methionin hergestellt. Es ist daher wichtig, dass Sie diese Aminos\u00e4uren in ausreichender Menge zu sich nehmen, damit Sie selbst gen\u00fcgend Carnitin daraus herstellen k\u00f6nnen.    <\/p>\n<p>Funktioniert das nicht, zum Beispiel weil Sie Vegetarier oder Veganer sind? Oder werden Sie \u00e4lter, so dass die k\u00f6rpereigene Produktion nachl\u00e4sst? Dann kann ein Nahrungserg\u00e4nzungsmittel helfen.  <\/p>\n<h3>F\u00fcr wen ist dieses Produkt geeignet?<\/h3>\n<p>Bonusan Acetyl-L-Carnitin ist f\u00fcr Vegetarier und Veganer geeignet. Acetyl-L-Carnitin kann langfristig verwendet werden. <\/p>\n<h3>Woher wei\u00df man, dass Acetyl-L-Carnitin von hoher Qualit\u00e4t ist?<\/h3>\n<p>Hohe, wissenschaftlich erforschte Dosen<br \/>\nNat\u00fcrliche linksdrehende Aminos\u00e4uren<br \/>\nKeine unn\u00f6tigen Zusatzstoffe.<\/p>\n<h3>Acetyl-L-Carnitin in der Ern\u00e4hrung<\/h3>\n<p>L-Carnitin ist fast ausschlie\u00dflich in tierischen Produkten enthalten. Daher r\u00fchrt auch der Name: caro = lateinisch f\u00fcr Fleisch. Bonusan Acetyl-L-Carnitin ist jedoch f\u00fcr Vegetarier und Veganer geeignet, da bei seiner Herstellung kein tierisches Material verwendet wird.  <\/p>\n<p><strong class=\"d-block\">Weitere Informationen zu diesem Produkt<\/strong><\/p>\n<p>Leider ist es uns aufgrund der Gesetzgebung f\u00fcr Nahrungserg\u00e4nzungsmittel nicht gestattet, (vollst\u00e4ndige) Informationen \u00fcber dieses Produkt zu geben. F\u00fcr weitere Informationen verweisen wir Sie an ein Wissensinstitut f\u00fcr orthomolekulare Therapie. <\/p>\n","protected":false},"excerpt":{"rendered":"<div class=\"product-detail-description-text mt-3\">\n<p>Bonusan Acetyl-L-Carnitin ist mit der Aminos\u00e4ure L-Carnitin verwandt und verf\u00fcgt \u00fcber eine Reihe von einzigartigen Eigenschaften. Es ist besonders f\u00fcr \u00e4ltere Menschen geeignet, da die k\u00f6rpereigene Produktion dieser Aminos\u00e4ure mit zunehmendem Alter abnimmt. <\/p>\n<\/div>\n<div class=\"product-detail-usps\">\n<ul>\n<li>Fettl\u00f6slich, wird gut absorbiert<\/li>\n<li>Hochdosierte Kapseln (500 mg)<\/li>\n<li>Nur die nat\u00fcrliche, linksh\u00e4ndige Form der Aminos\u00e4ure<\/li>\n<li>Vollst\u00e4ndig vegetarische Kapseln<\/li>\n<\/ul>\n<\/div>\n","protected":false},"featured_media":44043,"comment_status":"open","ping_status":"closed","template":"","meta":{"_acf_changed":false,"_seopress_robots_primary_cat":"549","_seopress_titles_title":"Bonusan Acetyl-L-Carnitin 500 mg - 60 St\u00fcck - Kapseln | Vitafit","_seopress_titles_desc":"","_seopress_robots_index":""},"product_brand":[1398],"product_cat":[1352,1578],"product_tag":[],"woo-feed-brand":[],"class_list":{"0":"post-44949","1":"product","2":"type-product","3":"status-publish","4":"has-post-thumbnail","6":"product_brand-bonusan-de","7":"product_cat-andere-erganzungen","8":"product_cat-proteine-und-aminosauren","9":"pa_bevat-geen-gelatine-de","10":"pa_bevat-geen-hefe","11":"pa_bevat-geen-konservierungsmittel","12":"pa_bevat-geen-mais-de","13":"pa_bevat-geen-synthetische-farbstoffe-aromen-und-duftstoffe","14":"pa_bevat-geen-tierische-stoffe","15":"pa_bevat-geen-zugesetzte-saccharose","16":"pa_inhoud-60-stuck","17":"pa_merk-bonusan","18":"pa_overige-supplementen-acetyl-l-carnitin","19":"pa_soort-kapsel-2","21":"first","22":"instock","23":"taxable","24":"shipping-taxable","25":"purchasable","26":"product-type-variable","27":"has-default-attributes"},"acf":[],"_links":{"self":[{"href":"https:\/\/vitafit.nu\/de\/wp-json\/wp\/v2\/product\/44949","targetHints":{"allow":["GET"]}}],"collection":[{"href":"https:\/\/vitafit.nu\/de\/wp-json\/wp\/v2\/product"}],"about":[{"href":"https:\/\/vitafit.nu\/de\/wp-json\/wp\/v2\/types\/product"}],"replies":[{"embeddable":true,"href":"https:\/\/vitafit.nu\/de\/wp-json\/wp\/v2\/comments?post=44949"}],"wp:featuredmedia":[{"embeddable":true,"href":"https:\/\/vitafit.nu\/de\/wp-json\/wp\/v2\/media\/44043"}],"wp:attachment":[{"href":"https:\/\/vitafit.nu\/de\/wp-json\/wp\/v2\/media?parent=44949"}],"wp:term":[{"taxonomy":"product_brand","embeddable":true,"href":"https:\/\/vitafit.nu\/de\/wp-json\/wp\/v2\/product_brand?post=44949"},{"taxonomy":"product_cat","embeddable":true,"href":"https:\/\/vitafit.nu\/de\/wp-json\/wp\/v2\/product_cat?post=44949"},{"taxonomy":"product_tag","embeddable":true,"href":"https:\/\/vitafit.nu\/de\/wp-json\/wp\/v2\/product_tag?post=44949"},{"taxonomy":"woo-feed-brand","embeddable":true,"href":"https:\/\/vitafit.nu\/de\/wp-json\/wp\/v2\/woo-feed-brand?post=44949"}],"curies":[{"name":"wp","href":"https:\/\/api.w.org\/{rel}","templated":true}]}}