{"id":44952,"date":"2023-12-11T17:43:16","date_gmt":"2023-12-11T17:43:16","guid":{"rendered":"https:\/\/vitafit.nu\/product\/bonusan-d-mannose-500-120-tabletten\/"},"modified":"2025-04-11T04:46:07","modified_gmt":"2025-04-11T04:46:07","slug":"bonusan-d-mannose-500-120-tabletten","status":"publish","type":"product","link":"https:\/\/vitafit.nu\/de\/produkt\/bonusan-d-mannose-500-120-tabletten\/","title":{"rendered":"Bonusan D-Mannose 500 120 Tabletten"},"content":{"rendered":"<h3>Was ist D-Mannose?<\/h3>\n<p>D-Mannose ist ein nat\u00fcrlicher Zucker, der auch in der Nahrung vorkommt, unter anderem in Cranberries. Mannose ist kein essentieller N\u00e4hrstoff, kann aber in bestimmten Situationen verwendet werden. Mannose wird vom K\u00f6rper schnell aufgenommen und der gr\u00f6\u00dfte Teil davon wird dann schnell wieder ausgeschieden. Zusammen mit unerw\u00fcnschten Stoffen verl\u00e4sst die D-Mannose den K\u00f6rper.   <\/p>\n<h3>Was bewirkt D-Mannose?<\/h3>\n<p>Mannose wird rasch vom Darm aufgenommen und gelangt dann in den Blutkreislauf. Nach etwa einer Stunde wird sie \u00fcber die Nieren ausgeschieden. So gelangt Mannose innerhalb einer halben bis einer Stunde \u00fcber die Harnwege in die Blase. Anschlie\u00dfend verl\u00e4sst D-Mannose den K\u00f6rper zusammen mit unerw\u00fcnschten Stoffen.   <\/p>\n<h3>Was k\u00f6nnen Sie au\u00dfer der Einnahme von D-Mannose noch tun?<\/h3>\n<p>Neben der Einnahme von Mannose wird empfohlen, viel zu trinken und keine Seife im Intimbereich zu verwenden. Mannose wird oft zusammen mit Vitamin C und Lactoferrin verwendet. <\/p>\n<h3>Welche D-Mannose ist die beste?<\/h3>\n<p>Wie Aminos\u00e4uren gibt es auch Mannose in einer rechts- und einer linksdrehenden Form. D-Mannose ist die rechtsdrehende Form der Mannose. Die rechtsdrehende Form der D-Mannose ist die nat\u00fcrliche Form. Dies ist die Form, die in unserem Erg\u00e4nzungsmittel enthalten ist.   <\/p>\n<h3>In welchem Lebensmittel ist dieses Produkt enthalten?<\/h3>\n<p>D-Mannose ist ein Zucker, der von Natur aus einen leicht s\u00fc\u00dfen Geschmack hat. Er ist in Lebensmitteln wie Pfirsich, Apfel, Orange und Beeren, einschlie\u00dflich Preiselbeeren (Cranberries) und Heidelbeeren, enthalten. <\/p>\n<p>Insbesondere Cranberries sind daf\u00fcr bekannt, dass sie D-Mannose enthalten. Bonusan D-Mannose 500 mg enth\u00e4lt eine sehr hohe Konzentration an D-Mannose. <\/p>\n<h3>Was ist die ideale Dosierung dieses Produkts?<\/h3>\n<p>Diese Bonusan-Erg\u00e4nzung enth\u00e4lt eine hohe Konzentration an D-Mannose. Jede Tablette enth\u00e4lt 500 mg D-Mannose. Das macht es einfach, einige Gramm im Rahmen einer Kur einzunehmen. Eine Kur mit D-Mannose kann wie folgt aussehen: Am ersten Tag werden sechs Tabletten alle drei Stunden eingenommen, am zweiten Tag vier Tabletten alle drei Stunden und am dritten und vierten Tag vier Tabletten alle sechs Stunden.   <\/p>\n<h3>Hohe Qualit\u00e4t dank kontrolliertem Produktionsprozess<\/h3>\n<p>Bonusan D-Mannose enth\u00e4lt eine hohe Dosis von 500 mg D-Mannose pro Tablette. Das Produkt wird in unserer eigenen Fabrik in Numansdorp unter Verwendung des reinsten D-Mannose-Rohstoffs hergestellt. Dank der strengen Qualit\u00e4tskontrollen, die wir in den gesamten Produktionsprozess einbauen, k\u00f6nnen wir die hohe Qualit\u00e4t unserer Produkte garantieren.  <\/p>\n<h3>F\u00fcr wen ist D-Mannose geeignet?<\/h3>\n<p>D-Mannose ist eine sehr angenehme Erg\u00e4nzung f\u00fcr M\u00e4nner, Frauen und Kinder. Bonusan D-Mannose ist f\u00fcr Veganer und Vegetarier geeignet. <\/p>\n<p><strong class=\"d-block\">Weitere Informationen zu diesem Produkt<\/strong><\/p>\n<p>Leider ist es uns aufgrund der Gesetzgebung f\u00fcr Nahrungserg\u00e4nzungsmittel nicht gestattet, (vollst\u00e4ndige) Informationen \u00fcber dieses Produkt zu geben. F\u00fcr weitere Informationen verweisen wir Sie an ein Wissensinstitut f\u00fcr orthomolekulare Therapie. <\/p>\n","protected":false},"excerpt":{"rendered":"<div class=\"product-detail-description-text mt-3\">\n<p>D-Mannose ist ein nat\u00fcrlicher Zucker, der vom K\u00f6rper relativ schnell \u00fcber die Harnwege ausgeschieden wird. Zusammen mit unerw\u00fcnschten Stoffen verl\u00e4sst die D-Mannose den K\u00f6rper. <\/p>\n<\/div>\n<div class=\"product-detail-usps\">\n<ul>\n<li>Hohe Dosis von 500 mg D-Mannose pro Tablette<\/li>\n<li>Nat\u00fcrlich leicht s\u00fc\u00dfer Geschmack<\/li>\n<li>Kleine, leicht zu schluckende Tabletten, geeignet f\u00fcr hohe Dosierungen<\/li>\n<\/ul>\n<\/div>\n","protected":false},"featured_media":40515,"comment_status":"open","ping_status":"closed","template":"","meta":{"_acf_changed":false,"_seopress_robots_primary_cat":"616","_seopress_titles_title":"Bonusan D-Mannose 500 mg - 120 St\u00fcck - Tabletten | Vitafit","_seopress_titles_desc":"","_seopress_robots_index":""},"product_brand":[1398],"product_cat":[1352,1615],"product_tag":[],"woo-feed-brand":[],"class_list":{"0":"post-44952","1":"product","2":"type-product","3":"status-publish","4":"has-post-thumbnail","6":"product_brand-bonusan-de","7":"product_cat-andere-erganzungen","8":"product_cat-d-mannose-de","9":"pa_bevat-geen-gelatine-de","10":"pa_bevat-geen-hefe","11":"pa_bevat-geen-konservierungsmittel","12":"pa_bevat-geen-mais-de","13":"pa_bevat-geen-synthetische-farbstoffe-aromen-und-duftstoffe","14":"pa_bevat-geen-tierische-stoffe","15":"pa_bevat-geen-zugesetzte-saccharose","16":"pa_inhoud-120-stuck","17":"pa_merk-bonusan","18":"pa_overige-supplementen-d-mannose-de","19":"pa_soort-beschichtet","21":"first","22":"instock","23":"taxable","24":"shipping-taxable","25":"purchasable","26":"product-type-variable","27":"has-default-attributes"},"acf":[],"_links":{"self":[{"href":"https:\/\/vitafit.nu\/de\/wp-json\/wp\/v2\/product\/44952","targetHints":{"allow":["GET"]}}],"collection":[{"href":"https:\/\/vitafit.nu\/de\/wp-json\/wp\/v2\/product"}],"about":[{"href":"https:\/\/vitafit.nu\/de\/wp-json\/wp\/v2\/types\/product"}],"replies":[{"embeddable":true,"href":"https:\/\/vitafit.nu\/de\/wp-json\/wp\/v2\/comments?post=44952"}],"wp:featuredmedia":[{"embeddable":true,"href":"https:\/\/vitafit.nu\/de\/wp-json\/wp\/v2\/media\/40515"}],"wp:attachment":[{"href":"https:\/\/vitafit.nu\/de\/wp-json\/wp\/v2\/media?parent=44952"}],"wp:term":[{"taxonomy":"product_brand","embeddable":true,"href":"https:\/\/vitafit.nu\/de\/wp-json\/wp\/v2\/product_brand?post=44952"},{"taxonomy":"product_cat","embeddable":true,"href":"https:\/\/vitafit.nu\/de\/wp-json\/wp\/v2\/product_cat?post=44952"},{"taxonomy":"product_tag","embeddable":true,"href":"https:\/\/vitafit.nu\/de\/wp-json\/wp\/v2\/product_tag?post=44952"},{"taxonomy":"woo-feed-brand","embeddable":true,"href":"https:\/\/vitafit.nu\/de\/wp-json\/wp\/v2\/woo-feed-brand?post=44952"}],"curies":[{"name":"wp","href":"https:\/\/api.w.org\/{rel}","templated":true}]}}