{"id":44954,"date":"2023-12-09T11:05:03","date_gmt":"2023-12-09T11:05:03","guid":{"rendered":"https:\/\/vitafit.nu\/product\/bonusan-darm-immun-90-vega-kapseln\/"},"modified":"2025-04-11T04:46:08","modified_gmt":"2025-04-11T04:46:08","slug":"bonusan-darm-immun-90-vega-kapseln","status":"publish","type":"product","link":"https:\/\/vitafit.nu\/de\/bonusan-darm-immun-90-vega-kapseln\/","title":{"rendered":"Bonusan Darm-Immun 90 Vega-Kapseln"},"content":{"rendered":"<h3>F\u00fcr wen ist Bonusan Para Immune geeignet?<\/h3>\n<p>Bonusan Para Immune wird oft von Therapeuten verwendet. Curcuma, Acidbest und Nelken sind gut f\u00fcr die Verdauung*. Curcuma longa unterst\u00fctzt auch die k\u00f6rpereigenen Abwehrkr\u00e4fte*. Diese Erg\u00e4nzung ist f\u00fcr Vegetarier und Veganer geeignet. Nicht bei St\u00f6rungen der Gallenwege verwenden. Bei gleichzeitiger Einnahme von Medikamenten einen Arzt oder Apotheker konsultieren.     <\/p>\n<h3>Woher wissen Sie, dass dieses Produkt von hoher Qualit\u00e4t ist?<\/h3>\n<p>Bonusan Para Immune enth\u00e4lt vier standardisierte Kr\u00e4uterextrakte, so dass Sie sicher sein k\u00f6nnen, dass die Extrakte die gew\u00fcnschte Menge an Inhaltsstoffen enthalten. Dieses Pr\u00e4parat weist jedoch ein Paradoxon auf. F\u00fcr unsere Kurkuma-Erg\u00e4nzungen w\u00e4hlen wir immer den leicht resorbierbaren Extrakt CurcuWIN\u00ae, aber bei dieser Erg\u00e4nzung haben wir das nicht getan. CurcuWIN\u00ae verbleibt aufgrund seiner schnellen Absorption nicht lange im Verdauungstrakt.   <\/p>\n<p>Bonusan Para Immune enth\u00e4lt daher einen Extrakt aus Curcuma longa rhizoma, standardisiert auf mindestens 95% Curcuminoide. Dieser Extrakt wird weniger gut absorbiert und verbleibt im Magen-Darm-Trakt. Aber genau das ist der Sinn der Sache!  <\/p>\n<p><strong class=\"d-block\">Weitere Informationen zu diesem Produkt<\/strong><\/p>\n<p>Leider ist es uns aufgrund der Gesetzgebung f\u00fcr Nahrungserg\u00e4nzungsmittel nicht gestattet, (vollst\u00e4ndige) Informationen \u00fcber dieses Produkt zu geben. F\u00fcr weitere Informationen verweisen wir Sie an ein Wissensinstitut f\u00fcr orthomolekulare Therapie. <\/p>\n<p>&nbsp;<\/p>\n","protected":false},"excerpt":{"rendered":"<div class=\"product-detail-description-text mt-3\">\n<p>Bonusan Para Immune enth\u00e4lt vier standardisierte Kr\u00e4uterextrakte. Kurkuma tr\u00e4gt zu einer normalen Funktion des Immunsystems bei*. Kurkuma, Berberitze und Nelke sind gut f\u00fcr die Verdauung*.  <\/p>\n<\/div>\n<div class=\"product-detail-usps\">\n<ul>\n<li>Einzigartige Kombination mit vier kr\u00e4ftigen standardisierten Kr\u00e4utern<\/li>\n<li>Tr\u00e4gt zu einer normalen Verdauung* bei, dank Kurkuma, Sauerbeere und Nelke<\/li>\n<li>Gut f\u00fcr eine normale Funktion des Immunsystems* dank Kurkuma<\/li>\n<\/ul>\n<div><i>*Gesundheitsbezogene Angaben, deren europ\u00e4ische Zulassung noch aussteht.  <\/i><\/div>\n<\/div>\n","protected":false},"featured_media":44063,"comment_status":"open","ping_status":"closed","template":"","meta":{"_acf_changed":false,"_seopress_robots_primary_cat":"772","_seopress_titles_title":"Bonusan Para Immune - 90 St\u00fcck - Kapseln | Vitafit","_seopress_titles_desc":"","_seopress_robots_index":""},"product_brand":[1398],"product_cat":[1566,1617,1316,1318,1344],"product_tag":[],"woo-feed-brand":[],"class_list":{"0":"post-44954","1":"product","2":"type-product","3":"status-publish","4":"has-post-thumbnail","6":"product_brand-bonusan-de","7":"product_cat-auszug","8":"product_cat-berberitze-vulgaris","9":"product_cat-krauter","10":"product_cat-losungen","11":"product_cat-widerstand","12":"pa_bevat-geen-hefe","13":"pa_bevat-geen-konservierungsmittel","14":"pa_bevat-geen-synthetische-farbstoffe-aromen-und-duftstoffe","15":"pa_bevat-geen-zugesetzte-saccharose","16":"pa_inhoud-90-stuck","17":"pa_kruiden-gewurznelken","18":"pa_kruiden-kurkuma","19":"pa_kruiden-sauerkirsche","20":"pa_merk-bonusan","21":"pa_oplossingen-auszug","22":"pa_oplossingen-widerstand","23":"pa_soort-vegacapsule-de","25":"first","26":"instock","27":"taxable","28":"shipping-taxable","29":"purchasable","30":"product-type-variable","31":"has-default-attributes"},"acf":[],"_links":{"self":[{"href":"https:\/\/vitafit.nu\/de\/wp-json\/wp\/v2\/product\/44954","targetHints":{"allow":["GET"]}}],"collection":[{"href":"https:\/\/vitafit.nu\/de\/wp-json\/wp\/v2\/product"}],"about":[{"href":"https:\/\/vitafit.nu\/de\/wp-json\/wp\/v2\/types\/product"}],"replies":[{"embeddable":true,"href":"https:\/\/vitafit.nu\/de\/wp-json\/wp\/v2\/comments?post=44954"}],"wp:featuredmedia":[{"embeddable":true,"href":"https:\/\/vitafit.nu\/de\/wp-json\/wp\/v2\/media\/44063"}],"wp:attachment":[{"href":"https:\/\/vitafit.nu\/de\/wp-json\/wp\/v2\/media?parent=44954"}],"wp:term":[{"taxonomy":"product_brand","embeddable":true,"href":"https:\/\/vitafit.nu\/de\/wp-json\/wp\/v2\/product_brand?post=44954"},{"taxonomy":"product_cat","embeddable":true,"href":"https:\/\/vitafit.nu\/de\/wp-json\/wp\/v2\/product_cat?post=44954"},{"taxonomy":"product_tag","embeddable":true,"href":"https:\/\/vitafit.nu\/de\/wp-json\/wp\/v2\/product_tag?post=44954"},{"taxonomy":"woo-feed-brand","embeddable":true,"href":"https:\/\/vitafit.nu\/de\/wp-json\/wp\/v2\/woo-feed-brand?post=44954"}],"curies":[{"name":"wp","href":"https:\/\/api.w.org\/{rel}","templated":true}]}}