{"id":44963,"date":"2023-12-08T20:41:36","date_gmt":"2023-12-08T20:41:36","guid":{"rendered":"https:\/\/vitafit.nu\/product\/bonusan-magnesan-forte-plus-pulver-240g\/"},"modified":"2025-04-11T04:46:24","modified_gmt":"2025-04-11T04:46:24","slug":"bonusan-magnesan-forte-plus-pulver-240g","status":"publish","type":"product","link":"https:\/\/vitafit.nu\/de\/produkt\/bonusan-magnesan-forte-plus-pulver-240g\/","title":{"rendered":"Bonusan Magnesan Forte plus Pulver 240g"},"content":{"rendered":"<h3>Was sind die Vorteile von Magnesan Forte Plus Pulver?<\/h3>\n<p>Seit <strong>\u00fcber 20 Jahren<\/strong> ist Magnesan Forte Plus ein beliebtes Magnesiumpr\u00e4parat. Das liegt nicht nur an seiner leicht resorbierbaren Form, dem Magnesiumbisglycinat. Auch die <strong>Cofaktoren<\/strong> Vitamin B6, L-Glycin und Taurin tragen dazu bei. Magnesan Forte Plus Pulver ist besonders f\u00fcr Menschen geeignet, die keine Tabletten schlucken m\u00f6chten. Es kann aber auch hervorragend <strong>Smoothies<\/strong> bereichern oder eine wertvolle Erg\u00e4nzung in der <strong>Sportflasche<\/strong> bieten. Dank Zitronens\u00e4ure und nat\u00fcrlichem Zitronenaroma schmeckt Magnesan Forte Plus Powder sch\u00f6n frisch.     <\/p>\n<p>Dank des Magnesiumbisglycinats spielt Magnesan Forte Plus eine Rolle bei der <strong>Reiz\u00fcbertragung<\/strong> zwischen den Nervenzellen. Dadurch tr\u00e4gt es zu einem klaren Geist und zur <strong>Konzentration<\/strong> bei. Dar\u00fcber hinaus hilft Magnesium, M\u00fcdigkeit zu verringern.  <\/p>\n<h3>Was bedeutet das Plus in in Magnesan Forte?<\/h3>\n<p>Das Plus sagt etwas \u00fcber den Zusatz von Vitamin B6, L-Glycin und Taurin aus. Diese drei Stoffe sorgen nicht nur daf\u00fcr, dass das Magnesium im K\u00f6rper richtig aufgenommen wird, sie sind auch eine wertvolle Erg\u00e4nzung der Formel. Diese Art von &#8220;Extras&#8221; in einem Produkt werden auch als <strong>Kofaktoren<\/strong> bezeichnet. Au\u00dferdem aktiviert Vitamin B6, wie Magnesium, die nat\u00fcrliche Energie im K\u00f6rper und hilft, M\u00fcdigkeit und Ersch\u00f6pfung zu verringern.   <\/p>\n<h3>Was ist elementares Magnesium?<\/h3>\n<p>Letztendlich ist das elementare Magnesium entscheidend. Die Menge des elementaren Magnesiums sagt etwas dar\u00fcber aus, wie viel des &#8220;reinen&#8221; Minerals das Erg\u00e4nzungsmittel enth\u00e4lt. Und gibt an, wie viel des Wirkstoffs der K\u00f6rper tats\u00e4chlich verwerten kann. Die Magnesan Forte Plus Tabletten enthalten zum Beispiel gro\u00dfz\u00fcgige 150 mg elementares Magnesium pro Tablette und das Pulver 114 mg pro Messl\u00f6ffel.   <\/p>\n<h3>Wie nehme ich Magnesium ein?<\/h3>\n<p>Nehmen Sie Magnesan Forte Plus vorzugsweise \u00fcber den Tag verteilt ein. Nicht unbedingt mit einer Mahlzeit, aber Mineralien sollten vorzugsweise nicht auf n\u00fcchternen Magen eingenommen werden. <\/p>\n<p>Da Magnesium dazu beitr\u00e4gt, Energie aus der Nahrung freizusetzen, ist es sinnvoll, Magnesium am <strong>Morgen<\/strong> einzunehmen. Die Einnahme von Magnesiumbisglycinat am Abend, etwa eine Stunde <strong>vor dem Schlafengehen<\/strong>, unterst\u00fctzt die geistige Leistungsf\u00e4higkeit. Denn Magnesium tr\u00e4gt zu einem klaren Geist bei und spielt eine Rolle bei der Reiz\u00fcbertragung zwischen den Nervenzellen.  <\/p>\n<h3>Was ist der Unterschied zwischen Magnesan Forte Plus Tabletten und Pulver?<\/h3>\n<p>Der einzige Unterschied zwischen Tabletten und Pulver von Magnesan Forte plus ist die Einnahmeform. Wenn Sie Magnesium gerne in Ihren Smoothie mischen oder keine Tabletten schlucken m\u00f6chten, ist das Pulver ideal. M\u00f6chten Sie Magnesium lieber schnell einnehmen oder unterwegs einnehmen? Dann wiederum ist eine Tablette praktischer. Das Magnesan Forte plus Pulver enth\u00e4lt Zitronens\u00e4ure, einen nat\u00fcrlichen und angenehmen Geschmack.    <\/p>\n<p>&nbsp;<\/p>\n","protected":false},"excerpt":{"rendered":"<div class=\"product-detail-description-text mt-3\">\n<p>Magnesan Forte Plus ist eines der beliebtesten Produkte von Bonusan. Seit \u00fcber 20 Jahren entscheiden sich Tausende von Gesundheitsexperten f\u00fcr die Formel mit den Cofaktoren Vitamin B6, L-Glycin und Taurin. Ein Messl\u00f6ffel enth\u00e4lt bereits 114 mg Magnesium.  <\/p>\n<\/div>\n<div class=\"product-detail-usps\">\n<ul>\n<li>Magnesium ist gut f\u00fcr die Stimmung und hilft bei M\u00fcdigkeit<\/li>\n<li>Enth\u00e4lt die leicht absorbierbare Form von Magnesiumbisglycinat<\/li>\n<li>Mit den wichtigen Kofaktoren Vitamin B6, L-Glycin und Taurin<\/li>\n<\/ul>\n<\/div>\n","protected":false},"featured_media":44571,"comment_status":"open","ping_status":"closed","template":"","meta":{"_acf_changed":false,"_seopress_robots_primary_cat":"404","_seopress_titles_title":"Bonusan Magnesan Forte plus Pulver - 240g - Pulver | Vitafit","_seopress_titles_desc":"","_seopress_robots_index":""},"product_brand":[1398],"product_cat":[1318,1334,1333,1335,1320],"product_tag":[],"woo-feed-brand":[],"class_list":{"0":"post-44963","1":"product","2":"type-product","3":"status-publish","4":"has-post-thumbnail","6":"product_brand-bonusan-de","7":"product_cat-losungen","8":"product_cat-magnesium-de","9":"product_cat-mineralien","10":"product_cat-nervensystem","11":"product_cat-zustand-des-geistes","12":"pa_bevat-geen-gelatine-de","13":"pa_bevat-geen-hefe","14":"pa_bevat-geen-konservierungsmittel","15":"pa_bevat-geen-synthetische-farbstoffe-aromen-und-duftstoffe","16":"pa_bevat-geen-tierische-stoffe","17":"pa_bevat-geen-zugesetzte-saccharose","18":"pa_inhoud-120-gramm","19":"pa_inhoud-240-gramm","20":"pa_merk-bonusan","21":"pa_mineralen-l-glycin","22":"pa_mineralen-magnesium-de","23":"pa_mineralen-taurin","24":"pa_oplossingen-nervensystem","25":"pa_oplossingen-zustand-des-geistes","26":"pa_soort-pulver","27":"pa_vitaminen-vitamin-b6","29":"first","30":"instock","31":"taxable","32":"shipping-taxable","33":"purchasable","34":"product-type-variable","35":"has-default-attributes"},"acf":[],"_links":{"self":[{"href":"https:\/\/vitafit.nu\/de\/wp-json\/wp\/v2\/product\/44963","targetHints":{"allow":["GET"]}}],"collection":[{"href":"https:\/\/vitafit.nu\/de\/wp-json\/wp\/v2\/product"}],"about":[{"href":"https:\/\/vitafit.nu\/de\/wp-json\/wp\/v2\/types\/product"}],"replies":[{"embeddable":true,"href":"https:\/\/vitafit.nu\/de\/wp-json\/wp\/v2\/comments?post=44963"}],"wp:featuredmedia":[{"embeddable":true,"href":"https:\/\/vitafit.nu\/de\/wp-json\/wp\/v2\/media\/44571"}],"wp:attachment":[{"href":"https:\/\/vitafit.nu\/de\/wp-json\/wp\/v2\/media?parent=44963"}],"wp:term":[{"taxonomy":"product_brand","embeddable":true,"href":"https:\/\/vitafit.nu\/de\/wp-json\/wp\/v2\/product_brand?post=44963"},{"taxonomy":"product_cat","embeddable":true,"href":"https:\/\/vitafit.nu\/de\/wp-json\/wp\/v2\/product_cat?post=44963"},{"taxonomy":"product_tag","embeddable":true,"href":"https:\/\/vitafit.nu\/de\/wp-json\/wp\/v2\/product_tag?post=44963"},{"taxonomy":"woo-feed-brand","embeddable":true,"href":"https:\/\/vitafit.nu\/de\/wp-json\/wp\/v2\/woo-feed-brand?post=44963"}],"curies":[{"name":"wp","href":"https:\/\/api.w.org\/{rel}","templated":true}]}}