{"id":44968,"date":"2023-12-08T20:03:15","date_gmt":"2023-12-08T20:03:15","guid":{"rendered":"https:\/\/vitafit.nu\/product\/bonusan-knochennahrung-60-tabletten\/"},"modified":"2025-04-11T04:46:31","modified_gmt":"2025-04-11T04:46:31","slug":"bonusan-knochennahrung-60-tabletten","status":"publish","type":"product","link":"https:\/\/vitafit.nu\/de\/produkt\/bonusan-knochennahrung-60-tabletten\/","title":{"rendered":"Bonusan Knochennahrung 60 Tabletten"},"content":{"rendered":"<h3>Warum Bonusan Bone Formula?<\/h3>\n<p>Bonusan Bone Formula ist eine ausgewogene Formel mit Calcium, Magnesium und den Vitaminen D und K, die zur Erhaltung normaler Knochen beitr\u00e4gt. Bonusan Bone Formula enth\u00e4lt das optimale Calcium-Magnesium-Verh\u00e4ltnis. Wir verwenden Kalzium aus einer nat\u00fcrlichen Mineralquelle aus Rotalgen und die leicht absorbierbare Magnesiumform Magnesiummalat.  <\/p>\n<p>Vitamin D und Vitamin K sind wichtige Synergisten: Sie verst\u00e4rken sich gegenseitig in ihrer Wirkung. W\u00e4hrend Vitamin D zur normalen Aufnahme und Verwertung von Kalzium und Phosphor beitr\u00e4gt, tr\u00e4gt Vitamin K zur Erhaltung normaler Knochen bei. <\/p>\n<h3>Wozu ist Kalzium gut?<\/h3>\n<p>Kalzium ist gut f\u00fcr die Erhaltung normaler Knochen und Z\u00e4hne. Aber damit sind Sie noch nicht am Ziel. Tats\u00e4chlich tragen auch andere N\u00e4hrstoffe wie Magnesium, Vitamin D3 und Vitamin K zur Erhaltung normaler Knochen bei.  <\/p>\n<p>Calcium tr\u00e4gt auch zu einer normalen Blutgerinnung, einem normalen energieliefernden Stoffwechsel und einer normalen Neurotransmission bei.<\/p>\n<h3>Wozu sind Kalzium und Magnesium zusammen gut?<\/h3>\n<p>Calcium und Magnesium sind eng miteinander verwandt. Folglich ist die Wirkung dieser beiden Mineralien im K\u00f6rper in vielerlei Hinsicht \u00e4hnlich. So tragen Kalzium und Magnesium beispielsweise gemeinsam zu einer normalen Muskelfunktion bei. Daher ist es wichtig, dass Sie das richtige Kalzium-Magnesium-Verh\u00e4ltnis haben.   <\/p>\n<p>Wir nehmen oft zu viel Kalzium im Verh\u00e4ltnis zu Magnesium auf. Dies kann zu einem Ungleichgewicht im K\u00f6rper f\u00fchren. Bonusan Bone Formula enth\u00e4lt das richtige Kalzium-Magnesium-Verh\u00e4ltnis, um das optimale Gleichgewicht wiederherzustellen, um normale Knochen zu erhalten.  <\/p>\n<h3>Was ist in Kalzium enthalten?<\/h3>\n<p>Milcherzeugnisse sind von Natur aus reich an Kalzium. Sie m\u00f6chten lieber keine Milchprodukte essen? Sie k\u00f6nnen Kalzium auch durch den Verzehr von Gr\u00e4ten kleiner Fische aufnehmen, z. B. Sardellen oder Sardinen. Dar\u00fcber hinaus enthalten auch N\u00fcsse, Samen und Gem\u00fcse wie Brokkoli und Spinat Kalzium.   <\/p>\n<p>Achten Sie darauf, dass Sie zus\u00e4tzlich zu Kalzium immer gen\u00fcgend Magnesium zu sich nehmen. Magnesium findet sich in gr\u00fcnem Blattgem\u00fcse wie Spinat, Salat und Gr\u00fcnkohl. Aber auch in Bananen, N\u00fcssen, Kakao, Fleisch und Milchprodukten.  <\/p>\n<h3>Geeignet f\u00fcr die alternde Frau<\/h3>\n<p>Bonusan Bone Formula ist f\u00fcr alle geeignet, die zur Erhaltung normaler Knochen und Z\u00e4hne beitragen wollen.<\/p>\n<p>Ab zwei Tabletten pro Tag ist Bone Formula auch f\u00fcr alternde Frauen in den Wechseljahren geeignet. Denn Kalzium tr\u00e4gt dazu bei, den Verlust an Knochenmineralien bei Frauen in den Wechseljahren zu verringern. Eine geringe Knochenmineraldichte ist ein Risikofaktor f\u00fcr Knochenbr\u00fcche aufgrund von Osteoporose (Osteoporose) *.  <\/p>\n<p>*Bei Frauen ab 50 Jahren wird die positive Wirkung mit einer t\u00e4glichen Zufuhr von mindestens 1.200 mg Kalzium aus allen Quellen erreicht.<\/p>\n<p><strong class=\"d-block\">Weitere Informationen zu diesem Produkt<\/strong><\/p>\n<p>Leider ist es uns aufgrund der Gesetzgebung f\u00fcr Nahrungserg\u00e4nzungsmittel nicht gestattet, (vollst\u00e4ndige) Informationen \u00fcber dieses Produkt zu geben. F\u00fcr weitere Informationen verweisen wir Sie an ein Wissensinstitut f\u00fcr orthomolekulare Therapie. <\/p>\n","protected":false},"excerpt":{"rendered":"<div class=\"product-detail-description-text mt-3\">Bonusan Bone Formula ist eine ausgewogene Formel mit Kalzium, Magnesium und den Vitaminen D und K. Das optimale Kalzium-Magnesium-Verh\u00e4ltnis tr\u00e4gt zur Erhaltung normaler Knochen bei. Das Vitamin D3 in diesem Produkt ist vollst\u00e4ndig vegan. <\/div>\n<div class=\"product-detail-usps\">\n<ul>\n<li>Mit ausschlie\u00dflich pflanzlichem Vitamin D3<\/li>\n<li>Optimale Zusammensetzung f\u00fcr Senioren<\/li>\n<li>Nat\u00fcrliche Kalziumquelle aus Rotalgen (Aquamin) &amp; hoch absorbierbares Magnesium<\/li>\n<\/ul>\n<\/div>\n","protected":false},"featured_media":40355,"comment_status":"open","ping_status":"closed","template":"","meta":{"_acf_changed":false,"_seopress_robots_primary_cat":"404","_seopress_titles_title":"Bonusan Knochennahrung - 60 St\u00fcck - Tabletten | Vitafit","_seopress_titles_desc":"","_seopress_robots_index":""},"product_brand":[1398],"product_cat":[1415,1318,1334,1333,1387],"product_tag":[],"woo-feed-brand":[],"class_list":{"0":"post-44968","1":"product","2":"type-product","3":"status-publish","4":"has-post-thumbnail","6":"product_brand-bonusan-de","7":"product_cat-knochen","8":"product_cat-losungen","9":"product_cat-magnesium-de","10":"product_cat-mineralien","11":"product_cat-mund-und-zahne","12":"pa_bevat-geen-gelatine-de","13":"pa_bevat-geen-hefe","14":"pa_bevat-geen-konservierungsmittel","15":"pa_bevat-geen-synthetische-farbstoffe-aromen-und-duftstoffe","16":"pa_bevat-geen-zugesetzte-saccharose","17":"pa_inhoud-60-stuck","18":"pa_merk-bonusan","19":"pa_mineralen-kalzium","20":"pa_mineralen-magnesium-de","21":"pa_oplossingen-knochen","22":"pa_oplossingen-mund-und-zahne","23":"pa_soort-tabletten-de","24":"pa_vitaminen-vitamin-d3","25":"pa_vitaminen-vitamin-k2","27":"first","28":"instock","29":"taxable","30":"shipping-taxable","31":"purchasable","32":"product-type-variable","33":"has-default-attributes"},"acf":[],"_links":{"self":[{"href":"https:\/\/vitafit.nu\/de\/wp-json\/wp\/v2\/product\/44968","targetHints":{"allow":["GET"]}}],"collection":[{"href":"https:\/\/vitafit.nu\/de\/wp-json\/wp\/v2\/product"}],"about":[{"href":"https:\/\/vitafit.nu\/de\/wp-json\/wp\/v2\/types\/product"}],"replies":[{"embeddable":true,"href":"https:\/\/vitafit.nu\/de\/wp-json\/wp\/v2\/comments?post=44968"}],"wp:featuredmedia":[{"embeddable":true,"href":"https:\/\/vitafit.nu\/de\/wp-json\/wp\/v2\/media\/40355"}],"wp:attachment":[{"href":"https:\/\/vitafit.nu\/de\/wp-json\/wp\/v2\/media?parent=44968"}],"wp:term":[{"taxonomy":"product_brand","embeddable":true,"href":"https:\/\/vitafit.nu\/de\/wp-json\/wp\/v2\/product_brand?post=44968"},{"taxonomy":"product_cat","embeddable":true,"href":"https:\/\/vitafit.nu\/de\/wp-json\/wp\/v2\/product_cat?post=44968"},{"taxonomy":"product_tag","embeddable":true,"href":"https:\/\/vitafit.nu\/de\/wp-json\/wp\/v2\/product_tag?post=44968"},{"taxonomy":"woo-feed-brand","embeddable":true,"href":"https:\/\/vitafit.nu\/de\/wp-json\/wp\/v2\/woo-feed-brand?post=44968"}],"curies":[{"name":"wp","href":"https:\/\/api.w.org\/{rel}","templated":true}]}}