{"id":44973,"date":"2023-12-05T19:19:04","date_gmt":"2023-12-05T19:19:04","guid":{"rendered":"https:\/\/vitafit.nu\/product\/bonusan-vitamin-d3-75-60-kapseln\/"},"modified":"2025-05-05T09:30:16","modified_gmt":"2025-05-05T09:30:16","slug":"bonusan-vitamin-d3-75-60-kapseln","status":"publish","type":"product","link":"https:\/\/vitafit.nu\/de\/bonusan-vitamin-d3-75-60-kapseln\/","title":{"rendered":"Bonusan Vitamin D3 75 60 Kapseln"},"content":{"rendered":"<h3>Wann ist der beste Zeitpunkt f\u00fcr die Einnahme von Vitamin D?<\/h3>\n<p>Am besten nehmen Sie Vitamin D3 w\u00e4hrend oder kurz nach den Mahlzeiten ein. Wenn das Vitamin D in einem \u00d6l aufgel\u00f6st ist, kann es auch zu anderen Zeiten eingenommen werden. Im Allgemeinen wird empfohlen, Nahrungserg\u00e4nzungsmittel zu den Mahlzeiten einzunehmen. Dies ist die beste Zeit f\u00fcr den K\u00f6rper, um Vitamin D3 zu absorbieren.   <\/p>\n<h3>Aufnahme von Vitamin D in unseren K\u00f6rper<\/h3>\n<p>Unser D\u00fcnndarm nimmt Vitamin D am besten auf, wenn es in einem \u00d6l oder einer anderen \u00f6ligen Grundlage aufgel\u00f6st ist. Aus diesem Grund ist Vitamin D in einem in \u00d6l gel\u00f6sten Pr\u00e4parat enthalten, oder es wird empfohlen, ein Pr\u00e4parat mit einer fettigen Mahlzeit einzunehmen. Vitamin D3 ist ein fettl\u00f6sliches Vitamin.  <\/p>\n<h3>Nebenwirkungen Bonusan Vitamin D3<\/h3>\n<p>Wenn Sie sich an die von Bonusan empfohlene Dosierung halten, sind keine Nebenwirkungen bei der Einnahme von Bonusan Vitamin D3 bekannt. Wir halten uns nat\u00fcrlich an die gesetzlich erlaubten Mengen an Vitaminen in Nahrungserg\u00e4nzungsmitteln. Von einer \u00dcberdosierung spricht man, wenn jemand \u00fcber Monate hinweg t\u00e4glich mehr als 250 Mikrogramm einnimmt. Nur dann kann die Einnahme von Vitamin D zu einem \u00fcberh\u00f6hten Calciumspiegel im Blut (Hypercalc\u00e4mie) f\u00fchren. Wenden Sie sich an einen Arzt oder Therapeuten, um Ihren Vitamin-D-Blutspiegel zu messen, wenn Sie besorgt sind oder Fragen zu Ihrer Vitamin-D3-Zufuhr haben.    <\/p>\n<p><strong class=\"d-block\">Weitere Informationen zu diesem Produkt<\/strong><\/p>\n<p>Leider ist es uns aufgrund der Gesetzgebung f\u00fcr Nahrungserg\u00e4nzungsmittel nicht gestattet, (vollst\u00e4ndige) Informationen \u00fcber dieses Produkt zu geben. F\u00fcr weitere Informationen verweisen wir Sie an ein Wissensinstitut f\u00fcr orthomolekulare Therapie. <\/p>\n","protected":false},"excerpt":{"rendered":"<div class=\"product-detail-description-text mt-3\">\n<p>Bonusan Vitamin D3 75 mcg ist unser am h\u00f6chsten dosiertes Vitamin D3-Produkt. Das ist nat\u00fcrlich perfekt f\u00fcr den holl\u00e4ndischen Winter oder um Ihren Vitamin-D3-Spiegel schnell zu erh\u00f6hen. Bonusan Vitamin D3 75 mcg Softgels sind ideal wegen ihrer kleinen, runden Gr\u00f6\u00dfe und bieten eine kr\u00e4ftige Erg\u00e4nzung, wenn gew\u00fcnscht.  <\/p>\n<\/div>\n<div class=\"product-detail-usps\">\n<ul>\n<li>Hohe Dosis mit 75 Mikrogramm Vitamin D3<\/li>\n<li>Gute Absorption dank des nativen Oliven\u00f6ls extra<\/li>\n<li>Enth\u00e4lt keine unn\u00f6tigen Zusatzstoffe wie Omega-6<\/li>\n<\/ul>\n<\/div>\n","protected":false},"featured_media":43927,"comment_status":"open","ping_status":"closed","template":"","meta":{"_acf_changed":false,"_seopress_robots_primary_cat":"435","_seopress_titles_title":"Vitamin D3 75 mcg \/ 3000 IU - 60 St\u00fcck - Kapseln | Vitafit","_seopress_titles_desc":"","_seopress_robots_index":""},"product_brand":[1398],"product_cat":[1415,1318,1387,1414,1321,1344],"product_tag":[],"woo-feed-brand":[],"class_list":{"0":"post-44973","1":"product","2":"type-product","3":"status-publish","4":"has-post-thumbnail","6":"product_brand-bonusan-de","7":"product_cat-knochen","8":"product_cat-losungen","9":"product_cat-mund-und-zahne","10":"product_cat-vitamin-d","11":"product_cat-vitamine","12":"product_cat-widerstand","13":"pa_inhoud-120-stuck","14":"pa_inhoud-60-stuck","15":"pa_merk-bonusan","16":"pa_oplossingen-knochen","17":"pa_oplossingen-mund-und-zahne","18":"pa_oplossingen-widerstand","19":"pa_soort-kapsel-2","20":"pa_vitaminen-vitamin-d3","22":"first","23":"outofstock","24":"taxable","25":"shipping-taxable","26":"purchasable","27":"product-type-variable","28":"has-default-attributes"},"acf":[],"_links":{"self":[{"href":"https:\/\/vitafit.nu\/de\/wp-json\/wp\/v2\/product\/44973","targetHints":{"allow":["GET"]}}],"collection":[{"href":"https:\/\/vitafit.nu\/de\/wp-json\/wp\/v2\/product"}],"about":[{"href":"https:\/\/vitafit.nu\/de\/wp-json\/wp\/v2\/types\/product"}],"replies":[{"embeddable":true,"href":"https:\/\/vitafit.nu\/de\/wp-json\/wp\/v2\/comments?post=44973"}],"wp:featuredmedia":[{"embeddable":true,"href":"https:\/\/vitafit.nu\/de\/wp-json\/wp\/v2\/media\/43927"}],"wp:attachment":[{"href":"https:\/\/vitafit.nu\/de\/wp-json\/wp\/v2\/media?parent=44973"}],"wp:term":[{"taxonomy":"product_brand","embeddable":true,"href":"https:\/\/vitafit.nu\/de\/wp-json\/wp\/v2\/product_brand?post=44973"},{"taxonomy":"product_cat","embeddable":true,"href":"https:\/\/vitafit.nu\/de\/wp-json\/wp\/v2\/product_cat?post=44973"},{"taxonomy":"product_tag","embeddable":true,"href":"https:\/\/vitafit.nu\/de\/wp-json\/wp\/v2\/product_tag?post=44973"},{"taxonomy":"woo-feed-brand","embeddable":true,"href":"https:\/\/vitafit.nu\/de\/wp-json\/wp\/v2\/woo-feed-brand?post=44973"}],"curies":[{"name":"wp","href":"https:\/\/api.w.org\/{rel}","templated":true}]}}