{"id":44978,"date":"2023-12-07T11:50:01","date_gmt":"2023-12-07T11:50:01","guid":{"rendered":"https:\/\/vitafit.nu\/product\/bonusan-msm-1000-120-tabletten\/"},"modified":"2025-04-11T04:46:44","modified_gmt":"2025-04-11T04:46:44","slug":"bonusan-msm-1000-120-tabletten","status":"publish","type":"product","link":"https:\/\/vitafit.nu\/de\/produkt\/bonusan-msm-1000-120-tabletten\/","title":{"rendered":"Bonusan MSM 1000 120 Tabletten"},"content":{"rendered":"<h3><span class=\"TextRun SCXW33940586 BCX9\" lang=\"nl-nl\"><span class=\"NormalTextRun SCXW33940586 BCX9\">Warum MSM?<\/span><\/span><span class=\"EOP SCXW33940586 BCX9\"> <\/span><\/h3>\n<p><span class=\"TextRun SCXW33940586 BCX9\" lang=\"nl-nl\"><span class=\"NormalTextRun SCXW33940586 BCX9\">MSM (<\/span><span class=\"SpellingError SCXW33940586 BCX9\">Methylsulfonylmethan<\/span><span class=\"NormalTextRun SCXW33940586 BCX9\">) ist eine Quelle von Schwefel. Die Verwendung von Schwefel ist schon seit langem bekannt. Schon in der Antike war das Baden in schwefelhaltigen hei\u00dfen Quellen, die oft vulkanischen Ursprungs waren, eine beliebte Methode zur Entspannung des K\u00f6rpers. Auch in vielen modernen Heilb\u00e4dern ist das Wasser oft reich an Schwefelverbindungen&#8230;   <\/span><\/span><span class=\"LineBreakBlob BlobObject DragDrop SCXW33940586 BCX9\"><span class=\"SCXW33940586 BCX9\"> <\/span><br class=\"SCXW33940586 BCX9\"><\/span><span class=\"LineBreakBlob BlobObject DragDrop SCXW33940586 BCX9\"><span class=\"SCXW33940586 BCX9\"> <\/span><br class=\"SCXW33940586 BCX9\"><\/span><span class=\"TextRun SCXW33940586 BCX9\" lang=\"nl-nl\"><span class=\"NormalTextRun SCXW33940586 BCX9\">MSM wird auch als <\/span><span class=\"SpellingError SCXW33940586 BCX9\">Dimethylsulfon<\/span><span class=\"NormalTextRun SCXW33940586 BCX9\">  Schwefel, eine chemische Bezeichnung f\u00fcr zwei Methylgruppen, die an ein Schwefelatom gebunden sind. Schwefel geh\u00f6rt zusammen mit Kalzium, Magnesium, Kalium, Natrium und Phosphor zu den Makromineralien: Mineralien, die der K\u00f6rper jeden Tag in gro\u00dfen Mengen ben\u00f6tigt. Dennoch ist er einer der am meisten untersch\u00e4tzten Mineralien. Schwefel aus MSM ist ein Baustein der schwefelhaltigen Aminos\u00e4uren Cystein und     <\/span><span class=\"SpellingError SCXW33940586 BCX9\">Methionin<\/span><span class=\"NormalTextRun SCXW33940586 BCX9\">die in fast allen Proteinen enthalten sind. Inzwischen steigt das wissenschaftliche Interesse an Separatorenfleisch von Jahr zu Jahr, und bis heute wurden mehr als 300 wissenschaftliche Ver\u00f6ffentlichungen ver\u00f6ffentlicht. <\/span><\/span><span class=\"LineBreakBlob BlobObject DragDrop SCXW33940586 BCX9\"><span class=\"SCXW33940586 BCX9\"> <\/span><br class=\"SCXW33940586 BCX9\"><\/span><span class=\"LineBreakBlob BlobObject DragDrop SCXW33940586 BCX9\"><span class=\"SCXW33940586 BCX9\"> <\/span><br class=\"SCXW33940586 BCX9\"><\/span><span class=\"TextRun SCXW33940586 BCX9\" lang=\"nl-nl\"><span class=\"NormalTextRun SCXW33940586 BCX9\">Wir m\u00fcssen Schwefel aus der Nahrung aufnehmen, weil wir ihn nicht selbst herstellen k\u00f6nnen.  <\/span><span class=\"NormalTextRun SCXW33940586 BCX9\">Zu den Nahrungsquellen geh\u00f6ren Algen, Obst, Gem\u00fcse, Getreide und Tee. Schwefel kommt in Lebensmitteln nicht in gro\u00dfen Mengen vor, und ein gro\u00dfer Teil geht auch beim Kochen verloren. Daher scheinen viele Menschen unwissentlich einen Schwefelmangel zu haben. Wenn wir nicht gen\u00fcgend schwefelhaltige Nahrungsmittel zu uns nehmen oder wenn wir mit zunehmendem Alter eine nachlassende Wirksamkeit unseres Schwefelstoffwechsels feststellen, kann eine MSM-Erg\u00e4nzung helfen. Auf diese Weise kann die Schwefelmenge im K\u00f6rper aufrechterhalten werden.    <\/span><\/span><\/p>\n<p><b>Die Vorteile von Bonusan MSM 1000 mg<\/b><\/p>\n<p>Bonusan MSM 1000 mg hat eine hohe Dosierung, die es erm\u00f6glicht, mit einer Tablette die Schwefelmenge im K\u00f6rper deutlich aufzuf\u00fcllen. Die empfohlene Tagesdosis betr\u00e4gt eine bis drei Tabletten, die zu den Mahlzeiten eingenommen werden k\u00f6nnen. Falls gew\u00fcnscht, kann die Dosierung vor\u00fcbergehend auf vier oder mehr Tabletten pro Tag erh\u00f6ht werden.  <\/p>\n<p>Bonusan MSM ist auch in Form eines Pulvers erh\u00e4ltlich, dem <a href=\"https:\/\/www.bonusan.com\/nl\/msm-poeder\">Bonusan MSM Pulver.<\/a><\/p>\n<p><b>Hohe Qualit\u00e4t dank kontrolliertem Produktionsprozess<\/b><\/p>\n<p>MSM ist eine nat\u00fcrliche Form von organischem Schwefel, so dass Bonusan MSM 1000 mg schnell und gut vom K\u00f6rper aufgenommen wird.<\/p>\n<p>Bei Bonusan achten wir auf h\u00f6chste Qualit\u00e4t des aktiven Grundstoffs. Unsere Lieferanten erf\u00fcllen strenge Anforderungen und wir verarbeiten den MSM-Rohstoff mit gro\u00dfer Sorgfalt zu unseren MSM-Tabletten. Dank umfangreicher Kontrollen in jedem Schritt unseres Produktionsprozesses k\u00f6nnen wir garantieren, dass Bonusan MSM 1000 mg die strengsten Qualit\u00e4tsanforderungen erf\u00fcllt.  <\/p>\n<p><b>Geeignet zur Auff\u00fcllung des Schwefelgehalts im K\u00f6rper<\/b><\/p>\n<p>Der menschliche K\u00f6rper ben\u00f6tigt t\u00e4glich gro\u00dfe Mengen an Makromineralien wie Schwefel. MSM ist eine Schwefelverbindung und tr\u00e4gt dazu bei, den Schwefelhaushalt im K\u00f6rper wieder aufzuf\u00fcllen, zum Beispiel bei schwefelarmer Ern\u00e4hrung. Bonusan MSM 1000 mg ist f\u00fcr eine breite Zielgruppe geeignet und wird insbesondere in der therapeutischen Praxis hochdosiert eingesetzt.  <\/p>\n<p>MSM ist eine der sichersten Substanzen. Dennoch k\u00f6nnen bei empfindlichen Personen nach Beginn der Einnahme von MSM Magen-Darm-Beschwerden, wie Darmkr\u00e4mpfe oder leichter Durchfall, auftreten. In solchen F\u00e4llen ist es ratsam, die Einnahme von MSM mehr \u00fcber den Tag zu verteilen oder die Dosis zu reduzieren und allm\u00e4hlich wieder zu erh\u00f6hen.  <\/p>\n<p>\u00c4hnliches gilt, wenn Entgiftungssymptome auftreten. Insbesondere bei hohen Dosen in der therapeutischen Praxis ist es dann sinnvoll, die Dosierung schrittweise aufzubauen, um diese Symptome zu vermeiden. Bonusan MSM enth\u00e4lt keine tierischen Stoffe und ist daher auch f\u00fcr Vegetarier und Veganer geeignet.  <\/p>\n<p>Klinische Beobachtungen deuten darauf hin, dass MSM die Thrombozytenaggregation hemmen kann. Bei gleichzeitiger Einnahme von Medikamenten ist ein Experte zu konsultieren. <\/p>\n<p><b><strong>Weitere Informationen zu diesem Produkt<\/strong><\/b><\/p>\n<p>Leider ist es uns aufgrund der Gesetzgebung f\u00fcr Nahrungserg\u00e4nzungsmittel nicht gestattet, (vollst\u00e4ndige) Informationen \u00fcber dieses Produkt zu geben. F\u00fcr weitere Informationen verweisen wir Sie an ein Wissensinstitut f\u00fcr orthomolekulare Therapie. <\/p>\n<p>Andere haben auch gekauft:<\/p>\n","protected":false},"excerpt":{"rendered":"<div class=\"product-detail-description-text mt-3\">Methylsulphonylmethan (MSM) ist eine organisch gebundene Form von Schwefel. Wir nehmen Schwefel auch \u00fcber die Nahrung auf, aber er geht meist beim Kochen verloren. Mit zunehmendem Alter kann die Wirksamkeit des Schwefelstoffwechsels nachlassen, und es wird immer wichtiger, die Schwefelmenge im K\u00f6rper zu erhalten.  <\/div>\n<div class=\"product-detail-usps\">\n<ul>\n<li>Hochdosiert mit 1000 mg MSM pro Tablette<\/li>\n<li>MSM ist eine nat\u00fcrliche Form von organischem Schwefel<\/li>\n<\/ul>\n<\/div>\n","protected":false},"featured_media":44067,"comment_status":"open","ping_status":"closed","template":"","meta":{"_acf_changed":false,"_seopress_robots_primary_cat":"481","_seopress_titles_title":"Bonusan MSM 1000 mg - 120 St\u00fcck - Tabletten | Vitafit","_seopress_titles_desc":"","_seopress_robots_index":""},"product_brand":[1398],"product_cat":[1318,1333,1625],"product_tag":[],"woo-feed-brand":[],"class_list":{"0":"post-44978","1":"product","2":"type-product","3":"status-publish","4":"has-post-thumbnail","6":"product_brand-bonusan-de","7":"product_cat-losungen","8":"product_cat-mineralien","9":"product_cat-msm-schwefel","10":"pa_bevat-geen-gelatine-de","11":"pa_bevat-geen-hefe","12":"pa_bevat-geen-konservierungsmittel","13":"pa_bevat-geen-mais-de","14":"pa_bevat-geen-synthetische-farbstoffe-aromen-und-duftstoffe","15":"pa_bevat-geen-tierische-stoffe","16":"pa_bevat-geen-zugesetzte-saccharose","17":"pa_inhoud-120-stuck","18":"pa_merk-bonusan","19":"pa_mineralen-msm-schwefel","20":"pa_soort-tabletten-de","22":"first","23":"instock","24":"taxable","25":"shipping-taxable","26":"purchasable","27":"product-type-variable","28":"has-default-attributes"},"acf":[],"_links":{"self":[{"href":"https:\/\/vitafit.nu\/de\/wp-json\/wp\/v2\/product\/44978","targetHints":{"allow":["GET"]}}],"collection":[{"href":"https:\/\/vitafit.nu\/de\/wp-json\/wp\/v2\/product"}],"about":[{"href":"https:\/\/vitafit.nu\/de\/wp-json\/wp\/v2\/types\/product"}],"replies":[{"embeddable":true,"href":"https:\/\/vitafit.nu\/de\/wp-json\/wp\/v2\/comments?post=44978"}],"wp:featuredmedia":[{"embeddable":true,"href":"https:\/\/vitafit.nu\/de\/wp-json\/wp\/v2\/media\/44067"}],"wp:attachment":[{"href":"https:\/\/vitafit.nu\/de\/wp-json\/wp\/v2\/media?parent=44978"}],"wp:term":[{"taxonomy":"product_brand","embeddable":true,"href":"https:\/\/vitafit.nu\/de\/wp-json\/wp\/v2\/product_brand?post=44978"},{"taxonomy":"product_cat","embeddable":true,"href":"https:\/\/vitafit.nu\/de\/wp-json\/wp\/v2\/product_cat?post=44978"},{"taxonomy":"product_tag","embeddable":true,"href":"https:\/\/vitafit.nu\/de\/wp-json\/wp\/v2\/product_tag?post=44978"},{"taxonomy":"woo-feed-brand","embeddable":true,"href":"https:\/\/vitafit.nu\/de\/wp-json\/wp\/v2\/woo-feed-brand?post=44978"}],"curies":[{"name":"wp","href":"https:\/\/api.w.org\/{rel}","templated":true}]}}