{"id":44982,"date":"2023-12-07T11:30:44","date_gmt":"2023-12-07T11:30:44","guid":{"rendered":"https:\/\/vitafit.nu\/product\/bonusan-tyronyl-expert-90-kapseln\/"},"modified":"2025-04-11T04:46:50","modified_gmt":"2025-04-11T04:46:50","slug":"bonusan-tyronyl-expert-90-kapseln","status":"publish","type":"product","link":"https:\/\/vitafit.nu\/de\/produkt\/bonusan-tyronyl-expert-90-kapseln\/","title":{"rendered":"Bonusan Tyronyl Expert 90 Kapseln"},"content":{"rendered":"<h3>Was sind die Vorteile von Bonusan Tyronyl?<\/h3>\n<p>Bonusan Tyronyl unterst\u00fctzt die normale Funktion der Schilddr\u00fcse dank Selen und Jod. In der Tat unterst\u00fctzen Jod und Selen die normale Hormonproduktion der Schilddr\u00fcse. <\/p>\n<p>Die Zugabe von Zink, Tyrosin und Vitamin B3 macht es zu einer sehr vollst\u00e4ndigen Erg\u00e4nzung. Zink hat viele verschiedene Funktionen in Ihrem K\u00f6rper, unterst\u00fctzt aber auch Selen, zum Beispiel in seiner Wirkung als Antioxidans. Zink und Selen tragen also gemeinsam zum Schutz Ihrer gesunden K\u00f6rperzellen bei.  <\/p>\n<h3>Ist dieses Produkt gut f\u00fcr die Schilddr\u00fcse?<\/h3>\n<p>Tyronyl ist dank Selen und Jod1 gut f\u00fcr die Schilddr\u00fcse. Das Produkt ist nicht umsonst nach diesem Organ benannt: Tats\u00e4chlich wird die Schilddr\u00fcse wissenschaftlich auch glandula thyroidea oder Schilddr\u00fcse genannt. <\/p>\n<h3>Woher wissen Sie, dass Tyronyl von hoher Qualit\u00e4t ist?<\/h3>\n<p>Tyronyl ist eine hochwertige Erg\u00e4nzung, weil:<\/p>\n<p>Es enth\u00e4lt leicht absorbierbares Selen in seiner nat\u00fcrlichen Form: Seleno-L-Methionin<br \/>\nEs enth\u00e4lt Jod aus nat\u00fcrlicher Quelle (Seetang)<br \/>\nEs enth\u00e4lt sp\u00fclungsfreies Niacin (Vitamin B3)<\/p>\n<h3>F\u00fcr wen ist Bonusan Tyronyl geeignet?<\/h3>\n<p>Bonusan Tyronyl ist f\u00fcr Sie geeignet, wenn Sie Ihre Schilddr\u00fcse zus\u00e4tzlich unterst\u00fctzen m\u00f6chten, da es dank Jod und Selen eine normale Schilddr\u00fcsenfunktion unterst\u00fctzt.<\/p>\n<p>Das Produkt enth\u00e4lt keine tierischen Rohstoffe und ist f\u00fcr Vegetarier und Veganer geeignet.<\/p>\n<p>&nbsp;<\/p>\n","protected":false},"excerpt":{"rendered":"<div class=\"product-detail-description-text mt-3\">\n<p>Tyronyl enth\u00e4lt Selen und Jod. Zwei Mineralien, die beide f\u00fcr die Produktion von Schilddr\u00fcsenhormonen wichtig sind. Dank Selen und Jod tr\u00e4gt Bonusan Tyronyl also zu einer normalen Schilddr\u00fcsenfunktion bei. Um das Produkt abzurunden, enth\u00e4lt es au\u00dferdem Tyrosin und Vitamin B3.   <\/p>\n<\/div>\n<div class=\"product-detail-usps\">\n<ul>\n<li>Jod aus nat\u00fcrlicher Quelle: Seetang (Kelp)<\/li>\n<li>Mit flush-freiem Vitamin B3: verursacht keine Flush-Symptome<\/li>\n<li>Ein sehr kompletter N\u00e4hrstoffkomplex, der zu den<\/li>\n<\/ul>\n<\/div>\n","protected":false},"featured_media":43719,"comment_status":"open","ping_status":"closed","template":"","meta":{"_acf_changed":false,"_seopress_robots_primary_cat":"418","_seopress_titles_title":"Bonusan Tyronyl - 90 St\u00fcck - Kapseln | Vitafit","_seopress_titles_desc":"","_seopress_robots_index":""},"product_brand":[1398],"product_cat":[1620,1318,1333,1383],"product_tag":[],"woo-feed-brand":[],"class_list":{"0":"post-44982","1":"product","2":"type-product","3":"status-publish","4":"has-post-thumbnail","6":"product_brand-bonusan-de","7":"product_cat-jod","8":"product_cat-losungen","9":"product_cat-mineralien","10":"product_cat-schilddruse","11":"pa_bevat-geen-gelatine-de","12":"pa_bevat-geen-hefe","13":"pa_bevat-geen-konservierungsmittel","14":"pa_bevat-geen-synthetische-farbstoffe-aromen-und-duftstoffe","15":"pa_bevat-geen-zugesetzte-saccharose","16":"pa_inhoud-300-stuck","17":"pa_inhoud-90-stuck","18":"pa_merk-bonusan","19":"pa_mineralen-jod","20":"pa_mineralen-l-tyrosin","21":"pa_mineralen-selen-selen","22":"pa_mineralen-zink-de","23":"pa_oplossingen-schilddruse","24":"pa_soort-kapsel-2","25":"pa_vitaminen-vitamin-b3","27":"first","28":"instock","29":"taxable","30":"shipping-taxable","31":"purchasable","32":"product-type-variable","33":"has-default-attributes"},"acf":[],"_links":{"self":[{"href":"https:\/\/vitafit.nu\/de\/wp-json\/wp\/v2\/product\/44982","targetHints":{"allow":["GET"]}}],"collection":[{"href":"https:\/\/vitafit.nu\/de\/wp-json\/wp\/v2\/product"}],"about":[{"href":"https:\/\/vitafit.nu\/de\/wp-json\/wp\/v2\/types\/product"}],"replies":[{"embeddable":true,"href":"https:\/\/vitafit.nu\/de\/wp-json\/wp\/v2\/comments?post=44982"}],"wp:featuredmedia":[{"embeddable":true,"href":"https:\/\/vitafit.nu\/de\/wp-json\/wp\/v2\/media\/43719"}],"wp:attachment":[{"href":"https:\/\/vitafit.nu\/de\/wp-json\/wp\/v2\/media?parent=44982"}],"wp:term":[{"taxonomy":"product_brand","embeddable":true,"href":"https:\/\/vitafit.nu\/de\/wp-json\/wp\/v2\/product_brand?post=44982"},{"taxonomy":"product_cat","embeddable":true,"href":"https:\/\/vitafit.nu\/de\/wp-json\/wp\/v2\/product_cat?post=44982"},{"taxonomy":"product_tag","embeddable":true,"href":"https:\/\/vitafit.nu\/de\/wp-json\/wp\/v2\/product_tag?post=44982"},{"taxonomy":"woo-feed-brand","embeddable":true,"href":"https:\/\/vitafit.nu\/de\/wp-json\/wp\/v2\/woo-feed-brand?post=44982"}],"curies":[{"name":"wp","href":"https:\/\/api.w.org\/{rel}","templated":true}]}}