{"id":45009,"date":"2023-12-02T09:40:25","date_gmt":"2023-12-02T09:40:25","guid":{"rendered":"https:\/\/vitafit.nu\/product\/bonusan-aktiver-vitamin-b12-1000-komplex-120-lutschtabletten\/"},"modified":"2025-04-11T04:48:16","modified_gmt":"2025-04-11T04:48:16","slug":"bonusan-aktiver-vitamin-b12-1000-komplex-120-lutschtabletten","status":"publish","type":"product","link":"https:\/\/vitafit.nu\/de\/bonusan-aktiver-vitamin-b12-1000-komplex-120-lutschtabletten\/","title":{"rendered":"Bonusan Aktiver Vitamin B12 1000-Komplex 120 Lutschtabletten"},"content":{"rendered":"&#13;\n<h3 class=\"wp-block-heading\">Ausf\u00fchrliche Beschreibung Vitamin B12 Aktiv 1000 mcg<\/h3>&#13;\n&#13;\n<p>Bonusan Vitamin B12 Aktiv 1000 mcg in Form einer Lutschtablette erm\u00f6glicht die Aufnahme des Vitamins \u00fcber die Mundschleimhaut. N\u00fctzlich, denn manchmal wird Vitamin B12 nicht richtig vom K\u00f6rper aufgenommen. Zum Beispiel, wenn Sie Probleme mit Ihrem Magen oder Darm haben, \u00e4lter werden oder bestimmte Medikamente einnehmen. Eine Lutschtablette, die noch vor der Verdauung absorbiert wird, bietet dann eine L\u00f6sung.   <\/p>&#13;\n&#13;\n<p>Dieses Erg\u00e4nzungsmittel enth\u00e4lt nur die aktiven Formen von B12 (Methylcobalamin und Adenosylcobalamin). Ihr K\u00f6rper muss diese Formen nicht umwandeln. Dies erh\u00f6ht die Menge an Vitamin B12, die von Ihrem K\u00f6rper aufgenommen wird. Und das unterst\u00fctzt die Verringerung von M\u00fcdigkeit und Erm\u00fcdung. Neben Vitamin B12 enth\u00e4lt dieses Nahrungserg\u00e4nzungsmittel auch aktives Folat (Fols\u00e4ure).    <\/p>&#13;\n&#13;\n<h3 class=\"wp-block-heading\">Woran erkennt man die Qualit\u00e4t von Vitamin-B12-Produkten?<\/h3>&#13;\n&#13;\n<p>Nicht jedes Vitamin-B12-Pr\u00e4parat ist von gleicher Qualit\u00e4t und wird vom K\u00f6rper gleich gut aufgenommen. Achten Sie also darauf, dass das von Ihnen gew\u00e4hlte B12-Pr\u00e4parat die aktiven Formen von Vitamin B12 enth\u00e4lt: Methyl- und Adenosylcobalamin. Bei einer hochdosierten Erg\u00e4nzung ist es wichtig, dass aktives Folat (Fols\u00e4ure oder B11) hinzugef\u00fcgt wird, da dieses Vitamin eng mit B12 zusammenarbeitet. Synthetische Duft-, Farb- und Aromastoffe sind nicht notwendig. Achten Sie daher auf eine minimale Verwendung von Hilfsstoffen.    <\/p>&#13;\n&#13;\n<h3 class=\"wp-block-heading\">Empfohlene Verwendung von Vitamin B12 Aktiv 1000 mcg<\/h3>&#13;\n&#13;\n<p>Vitamin B12 Aktiv 1000 mcg ist ein ausgezeichnetes Produkt f\u00fcr Menschen, die Schwierigkeiten haben, Vitamin B12 aus der Nahrung aufzunehmen. Legen Sie die Lutschtablette unter die Zunge und lassen Sie sie schmelzen, dann wird sie sofort von der Mundschleimhaut absorbiert. Ihren angenehmen Geschmack verdankt sie den rein nat\u00fcrlichen Inhaltsstoffen. Falls gew\u00fcnscht, kann die Tablette auch geschluckt werden, wobei das Vitamin B12 \u00fcber die Magen-Darm-Schleimhaut aufgenommen wird.   <\/p>&#13;\n&#13;\n<p>Um einen Mangel auszugleichen, nehmen Sie t\u00e4glich eine Tablette ein, sofern nicht anders empfohlen. Als Erhaltungsdosis, um Ihre B12-Reserven aufzuf\u00fcllen, empfehlen wir, dieses Erg\u00e4nzungsmittel ein- bis zweimal pro Woche einzunehmen. <\/p>&#13;\n&#13;\n<h3 class=\"wp-block-heading\">Finden Sie heraus, ob diese Form von Vitamin B12 zu Ihnen passt<\/h3>&#13;\n&#13;\n<p>Bonusan bietet drei verschiedene Vitamin-B12-Pr\u00e4parate an:<\/p>&#13;\n&#13;\n<p>Vitamin B12 Aktiv 1500 mcg ist eine Tablette, die f\u00fcr Menschen geeignet ist, die nicht gen\u00fcgend Vitamin B12 \u00fcber die Nahrung aufnehmen, wie Vegetarier und Veganer. Wir empfehlen dieses Erg\u00e4nzungsmittel auch, wenn Sie vor\u00fcbergehend einen erh\u00f6hten Bedarf an Vitamin B12 haben, weil Sie eine anstrengende Zeit durchmachen.<br\/>Vitamin B12 Aktiv 1000 mcg ist eine Lutschtablette, die f\u00fcr Menschen geeignet ist, die Schwierigkeiten haben, Vitamin B12 aus der Nahrung aufzunehmen, wie \u00e4ltere Menschen oder Menschen, die Medikamente einnehmen. Sie lassen die Lutschtablette unter der Zunge zergehen, damit sie von der Mundschleimhaut aufgenommen werden kann. Auf diese Weise muss das Vitamin B12 nicht durch den Magen-Darm-Trakt geleitet werden und kann besser aufgenommen werden. Dieses Erg\u00e4nzungsmittel ist auch geeignet, wenn Sie es auf Anraten Ihres Hausarztes oder Therapeuten einnehmen.<br\/>Vitamin B12 Methyl 1000 mcg ist eine Lutschtablette zum Schmelzen unter der Zunge, wonach das Vitamin von der Mundschleimhaut aufgenommen wird. Dieses Erg\u00e4nzungsmittel ist niedriger dosiert und eignet sich daher ideal als Erhaltungsdosis f\u00fcr Menschen mit einem hohen Risiko f\u00fcr B12-Mangel. Denken Sie an Vegetarier, Veganer, \u00e4ltere Menschen, Medikamentenanwender oder Menschen mit eingeschr\u00e4nkter Magen-Darm-Funktion.      <\/p>&#13;\n&#13;\n<h4>Meer informatie over dit product<\/h4>&#13;\n<p>Leider ist es uns aufgrund der Gesetzgebung f\u00fcr Nahrungserg\u00e4nzungsmittel nicht gestattet, (vollst\u00e4ndige) Informationen \u00fcber dieses Produkt zu geben. F\u00fcr weitere Informationen verweisen wir Sie an ein Wissensinstitut f\u00fcr orthomolekulare Therapie. <\/p>&#13;\n","protected":false},"excerpt":{"rendered":"<div class=\"product-detail-description-text mt-3\">Bonusan Vitamin B12 Aktiv 1000 mcg Lutschtabletten helfen gegen M\u00fcdigkeit und Ersch\u00f6pfung und schmecken auch noch gut! Diese Lutschtablette zergeht unter der Zunge und das Vitamin B12 wird sofort von der Mundschleimhaut aufgenommen. Ideal, wenn Ihr K\u00f6rper Probleme mit der Aufnahme von Vitamin B12 hat.  <\/div>\n<div class=\"product-detail-usps\">\n<ul>\n<li>Optimale Erhaltungsdosis mit aktivem B12: Methyl- und Adenosylcobalamin<\/li>\n<li>Vitamin B12 und Fols\u00e4ure tragen zur Verringerung von M\u00fcdigkeit und Erm\u00fcdung bei und unterst\u00fctzen das Immunsystem<\/li>\n<li>Gut schmeckende Lutschtablette, die gut von der Mundschleimhaut aufgenommen wird<\/li>\n<\/ul>\n<\/div>\n","protected":false},"featured_media":44347,"comment_status":"open","ping_status":"closed","template":"","meta":{"_acf_changed":false,"_seopress_robots_primary_cat":"428","_seopress_titles_title":"Bonusan Vitamin B12 aktiv 1000 mcg - 120 St\u00fcck - Lutschtabletten | VitaFit","_seopress_titles_desc":"","_seopress_robots_index":""},"product_brand":[1398],"product_cat":[1343,1345,1318,1335,1378,1321],"product_tag":[],"woo-feed-brand":[],"class_list":{"0":"post-45009","1":"product","2":"type-product","3":"status-publish","4":"has-post-thumbnail","6":"product_brand-bonusan-de","7":"product_cat-energie-de","8":"product_cat-herz-und-oder-blutgefase","9":"product_cat-losungen","10":"product_cat-nervensystem","11":"product_cat-vitamin-b12","12":"product_cat-vitamine","13":"pa_bevat-geen-hefe","14":"pa_bevat-geen-konservierungsmittel","15":"pa_bevat-geen-synthetische-farbstoffe-aromen-und-duftstoffe","16":"pa_inhoud-120-stuck","17":"pa_inhoud-60-stuck","18":"pa_merk-bonusan","19":"pa_oplossingen-energie-de","20":"pa_oplossingen-herz-und-oder-blutgefase","21":"pa_oplossingen-nervensystem","22":"pa_soort-absaugtabletten","23":"pa_vitaminen-vitamin-b12","25":"first","26":"instock","27":"taxable","28":"shipping-taxable","29":"purchasable","30":"product-type-variable","31":"has-default-attributes"},"acf":[],"_links":{"self":[{"href":"https:\/\/vitafit.nu\/de\/wp-json\/wp\/v2\/product\/45009","targetHints":{"allow":["GET"]}}],"collection":[{"href":"https:\/\/vitafit.nu\/de\/wp-json\/wp\/v2\/product"}],"about":[{"href":"https:\/\/vitafit.nu\/de\/wp-json\/wp\/v2\/types\/product"}],"replies":[{"embeddable":true,"href":"https:\/\/vitafit.nu\/de\/wp-json\/wp\/v2\/comments?post=45009"}],"wp:featuredmedia":[{"embeddable":true,"href":"https:\/\/vitafit.nu\/de\/wp-json\/wp\/v2\/media\/44347"}],"wp:attachment":[{"href":"https:\/\/vitafit.nu\/de\/wp-json\/wp\/v2\/media?parent=45009"}],"wp:term":[{"taxonomy":"product_brand","embeddable":true,"href":"https:\/\/vitafit.nu\/de\/wp-json\/wp\/v2\/product_brand?post=45009"},{"taxonomy":"product_cat","embeddable":true,"href":"https:\/\/vitafit.nu\/de\/wp-json\/wp\/v2\/product_cat?post=45009"},{"taxonomy":"product_tag","embeddable":true,"href":"https:\/\/vitafit.nu\/de\/wp-json\/wp\/v2\/product_tag?post=45009"},{"taxonomy":"woo-feed-brand","embeddable":true,"href":"https:\/\/vitafit.nu\/de\/wp-json\/wp\/v2\/woo-feed-brand?post=45009"}],"curies":[{"name":"wp","href":"https:\/\/api.w.org\/{rel}","templated":true}]}}