{"id":45022,"date":"2023-12-02T09:56:54","date_gmt":"2023-12-02T09:56:54","guid":{"rendered":"https:\/\/vitafit.nu\/product\/bonusan-multi-pro-gluco-active-120-tabletten\/"},"modified":"2025-04-11T04:47:58","modified_gmt":"2025-04-11T04:47:58","slug":"bonusan-multi-pro-gluco-active-120-tabletten","status":"publish","type":"product","link":"https:\/\/vitafit.nu\/de\/produkt\/bonusan-multi-pro-gluco-active-120-tabletten\/","title":{"rendered":"Bonusan Multi Pro Gluco Active 120 Tabletten"},"content":{"rendered":"<h3>Was sind die Vorteile von Multi Pro Gluco Active?<\/h3>\n<p>Verzichten Sie bewusst auf Zucker und Kohlenhydrate in Ihrer Ern\u00e4hrung? Streben Sie durch eine \u00c4nderung Ihres Lebensstils einen stabilen Blutzuckerspiegel an? Multi Pro Gluco Actief kann Ihnen genau dabei helfen. Dieses Multi enth\u00e4lt zum Beispiel Chrom, ein Mineral, das Ihrem K\u00f6rper hilft, einen normalen Blutzuckerspiegel aufrechtzuerhalten. Dar\u00fcber hinaus sind Mangan, Zink, Biotin und Cholin enthalten. Mangan unterst\u00fctzt das Energieniveau und Zink tr\u00e4gt zu einem normalen Kohlenhydratstoffwechsel bei. Cholin tr\u00e4gt zu einem normalen Fettstoffwechsel bei.      <\/p>\n<p>Der Blutzucker gibt an, wie viel Glukose Sie im Blut haben. Wenn Sie Kohlenhydrate essen, wandeln Magen und Darm diese in Glukose um, die dann \u00fcber den Blutkreislauf an viele Stellen in Ihrem K\u00f6rper transportiert wird. Neben Vitaminen und Mineralstoffen enth\u00e4lt Multi Pro Gluco Actief die Enzyme Bromelain und Papain. Es enth\u00e4lt zus\u00e4tzliches Magnesium und Vitamin C, und die Vitamine B6, B12 und Fols\u00e4ure (Folat) liegen in der aktiven, leicht absorbierbaren Form vor. Vitamin C unterst\u00fctzt au\u00dferdem das Energieniveau.    <\/p>\n<h3>F\u00fcr wen ist Multi Pro Gluco Active geeignet?<\/h3>\n<p>Multi Pro Gluco Active enth\u00e4lt Chrom und ist daher geeignet, wenn Sie Ihren Blutzuckerspiegel normal halten wollen. Das Produkt l\u00e4sst sich gut mit einer Anpassung des Lebensstils kombinieren. Dazu geh\u00f6ren der Verzicht auf Zucker und Kohlenhydrate in der Ern\u00e4hrung, Sport auf n\u00fcchternen Magen und weniger Mahlzeiten am Tag. Dank des Chroms, das zur Aufrechterhaltung des nat\u00fcrlichen Blutzuckerspiegels beitr\u00e4gt, l\u00e4sst es sich gut kombinieren.   <\/p>\n<p>Haben Sie bestimmte gesundheitliche Probleme? Wenn ja, besprechen Sie die Verwendung dieses Multis immer zuerst mit einem Experten. Wir empfehlen dies auch, wenn Sie schwanger sind. Das Produkt ist nicht f\u00fcr Vegetarier geeignet, da es Organkonzentrate enth\u00e4lt.   <\/p>\n<h3>Wie verwendet man Multi Pro Gluco Active?<\/h3>\n<p>Wir empfehlen, Multi Pro Gluco Active dreimal t\u00e4glich w\u00e4hrend oder kurz nach den Mahlzeiten einzunehmen. Die Tablette kann mit einem Glas Wasser eingenommen werden. F\u00fcr eine optimale Wirkung sollten Sie auch Ihre Ern\u00e4hrung und Lebensweise anpassen, um den Blutzuckerspiegel zu regulieren.  <\/p>\n","protected":false},"excerpt":{"rendered":"<div class=\"product-detail-description-text mt-3\">\n<p>Bonusan Multi Pro Gluco Active ist ein einzigartiges Multivitamin, dem zus\u00e4tzliches Chrom und Enzyme zugef\u00fcgt wurden. Chrom tr\u00e4gt zu einem normalen Blutzuckerspiegel bei. Multi Pro Gluco Actief enth\u00e4lt die aktive Form der Vitamine B6, B12 und Fols\u00e4ure (Folat), wodurch dieses Multivitamin gut vom K\u00f6rper aufgenommen wird.  <\/p>\n<\/div>\n<div class=\"product-detail-usps\">\n<ul>\n<li>tr\u00e4gt dank Chrom zu einem normalen Blutzuckerspiegel bei<\/li>\n<li>Enth\u00e4lt neben allen wichtigen Vitaminen und Mineralien auch Enzyme<\/li>\n<li>Wird sehr gut vom K\u00f6rper aufgenommen<\/li>\n<\/ul>\n<\/div>\n","protected":false},"featured_media":43843,"comment_status":"open","ping_status":"closed","template":"","meta":{"_acf_changed":false,"_seopress_robots_primary_cat":"423","_seopress_titles_title":"Bonusan Multi Pro Gluco Active - 120 St\u00fcck - Tabletten | VitaFit","_seopress_titles_desc":"","_seopress_robots_index":""},"product_brand":[1398],"product_cat":[1384,1318,1406,1383,1321],"product_tag":[],"woo-feed-brand":[],"class_list":{"0":"post-45022","1":"product","2":"type-product","3":"status-publish","4":"has-post-thumbnail","6":"product_brand-bonusan-de","7":"product_cat-blutzucker","8":"product_cat-losungen","9":"product_cat-multivitamin","10":"product_cat-schilddruse","11":"product_cat-vitamine","12":"pa_bevat-geen-hefe","13":"pa_bevat-geen-konservierungsmittel","14":"pa_bevat-geen-synthetische-farbstoffe-aromen-und-duftstoffe","15":"pa_inhoud-120-stuck","16":"pa_inhoud-60-stuck","17":"pa_merk-bonusan","18":"pa_mineralen-bor","19":"pa_mineralen-chrom","20":"pa_mineralen-jod","21":"pa_mineralen-kalzium","22":"pa_mineralen-kupfer","23":"pa_mineralen-magnesium-de","24":"pa_mineralen-mangan","25":"pa_mineralen-molybdan","26":"pa_mineralen-msm-schwefel","27":"pa_mineralen-selen-selen","28":"pa_mineralen-zink-de","29":"pa_oplossingen-blutzucker","30":"pa_oplossingen-schilddruse","31":"pa_soort-tabletten-de","32":"pa_vitaminen-vitamin-b1","33":"pa_vitaminen-vitamin-b12","34":"pa_vitaminen-vitamin-b2","35":"pa_vitaminen-vitamin-b3","36":"pa_vitaminen-vitamin-b5","37":"pa_vitaminen-vitamin-b6","38":"pa_vitaminen-vitamin-c","39":"pa_vitaminen-vitamin-d","40":"pa_vitaminen-vitamin-d3","41":"pa_vitaminen-vitamin-e","42":"pa_vitaminen-vitamin-k1","43":"pa_vitaminen-vitamin-k2","45":"first","46":"instock","47":"taxable","48":"shipping-taxable","49":"purchasable","50":"product-type-variable","51":"has-default-attributes"},"acf":[],"_links":{"self":[{"href":"https:\/\/vitafit.nu\/de\/wp-json\/wp\/v2\/product\/45022","targetHints":{"allow":["GET"]}}],"collection":[{"href":"https:\/\/vitafit.nu\/de\/wp-json\/wp\/v2\/product"}],"about":[{"href":"https:\/\/vitafit.nu\/de\/wp-json\/wp\/v2\/types\/product"}],"replies":[{"embeddable":true,"href":"https:\/\/vitafit.nu\/de\/wp-json\/wp\/v2\/comments?post=45022"}],"wp:featuredmedia":[{"embeddable":true,"href":"https:\/\/vitafit.nu\/de\/wp-json\/wp\/v2\/media\/43843"}],"wp:attachment":[{"href":"https:\/\/vitafit.nu\/de\/wp-json\/wp\/v2\/media?parent=45022"}],"wp:term":[{"taxonomy":"product_brand","embeddable":true,"href":"https:\/\/vitafit.nu\/de\/wp-json\/wp\/v2\/product_brand?post=45022"},{"taxonomy":"product_cat","embeddable":true,"href":"https:\/\/vitafit.nu\/de\/wp-json\/wp\/v2\/product_cat?post=45022"},{"taxonomy":"product_tag","embeddable":true,"href":"https:\/\/vitafit.nu\/de\/wp-json\/wp\/v2\/product_tag?post=45022"},{"taxonomy":"woo-feed-brand","embeddable":true,"href":"https:\/\/vitafit.nu\/de\/wp-json\/wp\/v2\/woo-feed-brand?post=45022"}],"curies":[{"name":"wp","href":"https:\/\/api.w.org\/{rel}","templated":true}]}}