{"id":45027,"date":"2023-12-02T09:55:46","date_gmt":"2023-12-02T09:55:46","guid":{"rendered":"https:\/\/vitafit.nu\/product\/bonusan-magnesiumcitrat-150-komplex-120-tabletten\/"},"modified":"2025-04-11T04:48:05","modified_gmt":"2025-04-11T04:48:05","slug":"bonusan-magnesiumcitrat-150-komplex-120-tabletten","status":"publish","type":"product","link":"https:\/\/vitafit.nu\/de\/produkt\/bonusan-magnesiumcitrat-150-komplex-120-tabletten\/","title":{"rendered":"Bonusan Magnesiumcitrat 150-Komplex 120 Tabletten"},"content":{"rendered":"<h3>Was sind die Vorteile von Bonusan-Magnesiumcitrat?<\/h3>\n<p>Sie verwenden Magnesiumzitrat, weil es gut f\u00fcr die Muskeln ist und die nat\u00fcrliche Energie des K\u00f6rpers aktiviert. Es ist daher eine angenehme Erg\u00e4nzung, um den Tag zu beginnen. Es ist auch besonders f\u00fcr Sportler geeignet.  <\/p>\n<p>Bonusan Magnesiumcitrat 150 mg enth\u00e4lt nur die leicht absorbierbare, organische Form von Magnesiumcitrat. Diese Form zerf\u00e4llt gut im Magen, so dass das Magnesium schnell vom K\u00f6rper aufgenommen werden kann. Das zugesetzte Vitamin B6 verbessert die Aufnahme des Magnesiums und unterst\u00fctzt so die Energiefreisetzung aus der Nahrung.  <\/p>\n<h3>Das Plus an Magnesiumzitrat 150 mg<\/h3>\n<p>Der Bonusan Magnesiumcitrat 150 mg Tablette f\u00fcgen wir die aktive Form von Vitamin B6 als Cofaktor hinzu. Vitamin B6 hat eine Reihe von gesundheitlichen Vorteilen, die sich mit Magnesium \u00fcberschneiden; zum Beispiel tragen beide zu einem normalen energiereichen Stoffwechsel bei. <\/p>\n<h3>Wie nehme ich Magnesium ein?<\/h3>\n<p>Nehmen Sie Magnesiumcitrat vorzugsweise \u00fcber den Tag verteilt ein. Nicht unbedingt mit einer Mahlzeit, aber Mineralien sollten m\u00f6glichst nicht auf n\u00fcchternen Magen eingenommen werden. <\/p>\n<h3>Welche Nebenwirkungen hat Bonusan Magnesiumcitrat?<\/h3>\n<p>Es sind keine Nebenwirkungen dieses Produkts bekannt. Nicht geeignet f\u00fcr Kinder unter 1 Jahr, da Vitamin B6 enthalten ist. <\/p>\n","protected":false},"excerpt":{"rendered":"<p>Bonusan Magnesiumcitrat plus ist ein Magnesiumpr\u00e4parat, das die organische Form Citrat enth\u00e4lt.<\/p>\n<ul class=\"perks-text\">\n<li>Magnesium ist gut f\u00fcr die Muskeln und das Nervensystem<\/li>\n<li>Enth\u00e4lt die leicht absorbierbare Form von Magnesiumcitrat<\/li>\n<li>Magnesium unterst\u00fctzt das Energieniveau<\/li>\n<\/ul>\n","protected":false},"featured_media":43615,"comment_status":"open","ping_status":"closed","template":"","meta":{"_acf_changed":false,"_seopress_robots_primary_cat":"404","_seopress_titles_title":"Bonusan Magnesiumcitrat 150mg Plus - 120 St\u00fcck - Tabletten | VitaFit","_seopress_titles_desc":"","_seopress_robots_index":""},"product_brand":[1398],"product_cat":[1334,1333],"product_tag":[],"woo-feed-brand":[],"class_list":{"0":"post-45027","1":"product","2":"type-product","3":"status-publish","4":"has-post-thumbnail","6":"product_brand-bonusan-de","7":"product_cat-magnesium-de","8":"product_cat-mineralien","9":"pa_bevat-geen-hefe","10":"pa_bevat-geen-konservierungsmittel","11":"pa_bevat-geen-mais-de","12":"pa_bevat-geen-synthetische-farbstoffe-aromen-und-duftstoffe","13":"pa_bevat-geen-zugesetzte-saccharose","14":"pa_inhoud-120-stuck","15":"pa_inhoud-60-stuck","16":"pa_merk-bonusan","17":"pa_mineralen-magnesium-de","18":"pa_mineralen-magnesiumzitrat","19":"pa_oplossingen-energie-de","20":"pa_oplossingen-muskeln","21":"pa_oplossingen-zustand-des-geistes","22":"pa_soort-tabletten-de","23":"pa_vitaminen-vitamin-b6","25":"first","26":"instock","27":"sale","28":"taxable","29":"shipping-taxable","30":"purchasable","31":"product-type-variable","32":"has-default-attributes"},"acf":[],"_links":{"self":[{"href":"https:\/\/vitafit.nu\/de\/wp-json\/wp\/v2\/product\/45027","targetHints":{"allow":["GET"]}}],"collection":[{"href":"https:\/\/vitafit.nu\/de\/wp-json\/wp\/v2\/product"}],"about":[{"href":"https:\/\/vitafit.nu\/de\/wp-json\/wp\/v2\/types\/product"}],"replies":[{"embeddable":true,"href":"https:\/\/vitafit.nu\/de\/wp-json\/wp\/v2\/comments?post=45027"}],"wp:featuredmedia":[{"embeddable":true,"href":"https:\/\/vitafit.nu\/de\/wp-json\/wp\/v2\/media\/43615"}],"wp:attachment":[{"href":"https:\/\/vitafit.nu\/de\/wp-json\/wp\/v2\/media?parent=45027"}],"wp:term":[{"taxonomy":"product_brand","embeddable":true,"href":"https:\/\/vitafit.nu\/de\/wp-json\/wp\/v2\/product_brand?post=45027"},{"taxonomy":"product_cat","embeddable":true,"href":"https:\/\/vitafit.nu\/de\/wp-json\/wp\/v2\/product_cat?post=45027"},{"taxonomy":"product_tag","embeddable":true,"href":"https:\/\/vitafit.nu\/de\/wp-json\/wp\/v2\/product_tag?post=45027"},{"taxonomy":"woo-feed-brand","embeddable":true,"href":"https:\/\/vitafit.nu\/de\/wp-json\/wp\/v2\/woo-feed-brand?post=45027"}],"curies":[{"name":"wp","href":"https:\/\/api.w.org\/{rel}","templated":true}]}}