{"id":45033,"date":"2023-12-01T10:36:03","date_gmt":"2023-12-01T10:36:03","guid":{"rendered":"https:\/\/vitafit.nu\/product\/bonusan-active-vitamin-b12-1500-complex-180-tabletten\/"},"modified":"2025-04-11T04:48:17","modified_gmt":"2025-04-11T04:48:17","slug":"bonusan-active-vitamin-b12-1500-complex-180-tabletten","status":"publish","type":"product","link":"https:\/\/vitafit.nu\/de\/bonusan-active-vitamin-b12-1500-complex-180-tabletten\/","title":{"rendered":"Bonusan Active Vitamin B12 1500 Complex 180 Tabletten"},"content":{"rendered":"\n<h3 class=\"wp-block-heading\">\u00dcber Vitamin B12 Aktiv 1500 mcg<\/h3>\n\n<p>In einer arbeitsreichen Zeit ist es gut, wenn Sie Ihr Energieniveau unterst\u00fctzen, sowohl k\u00f6rperlich als auch geistig. Vielleicht verlangt Ihre Arbeit gerade viel von Ihnen, Sie befinden sich mitten in einem Umzug oder es ist etwas anderes los. Vitamin B12 Active 1500 unterst\u00fctzt den Energielevel und tr\u00e4gt zu einem klaren Geist bei, indem es die M\u00fcdigkeit bek\u00e4mpft. Dieses Erg\u00e4nzungsmittel hilft, B12-Mangelzust\u00e4nde auszugleichen und Ihre B12-Reserven wieder aufzuf\u00fcllen.   <\/p>\n\n<p>Vitamin B12 Aktiv 1500 enth\u00e4lt eine besonders hohe Dosis der aktiven Formen von B12, so dass Ihr K\u00f6rper es nicht mehr selbst umwandeln muss. Dadurch wird die vom K\u00f6rper aufgenommene Menge an Vitamin B12 erh\u00f6ht, was sich positiv auf die Verringerung von M\u00fcdigkeit und Erm\u00fcdung auswirkt. Dieses Erg\u00e4nzungsmittel ist mit aktivem Folat angereichert, um eine optimale Funktion und Aufnahme zu gew\u00e4hrleisten. Die Vorteile von hochdosiertem Vitamin B12 bei M\u00fcdigkeit und Erm\u00fcdung sind wissenschaftlich erwiesen.   <\/p>\n\n<h3 class=\"wp-block-heading\">Woran erkennt man die Qualit\u00e4t von Vitamin-B12-Produkten?<\/h3>\n\n<p>Nicht jedes Vitamin-B12-Pr\u00e4parat ist von gleicher Qualit\u00e4t und wird vom K\u00f6rper gleich gut aufgenommen. Achten Sie also darauf, dass das von Ihnen gew\u00e4hlte B12-Pr\u00e4parat die aktiven Formen von Vitamin B12 enth\u00e4lt: Methyl- und Adenosylcobalamin. Bei einer hochdosierten Erg\u00e4nzung ist es wichtig, dass aktives Folat (Fols\u00e4ure oder B11) hinzugef\u00fcgt wird, da dieses Vitamin eng mit B12 zusammenarbeitet. Synthetische Duft-, Farb- und Aromastoffe sind nicht notwendig. Achten Sie daher auf eine minimale Verwendung von Hilfsstoffen.    <\/p>\n\n<h3 class=\"wp-block-heading\">Empfohlene Verwendung von Vitamin B12 Aktiv 1500 mcg<\/h3>\n\n<p>Vitamin B12 Aktiv 1500 mcg ist ein ausgezeichnetes Produkt, um die Vitamin-B12-Versorgung aufrechtzuerhalten oder bei einem Mangel wieder aufzuf\u00fcllen. Bei einem Vitamin-B12-Mangel empfehlen wir eine Tablette Vitamin B12 Aktiv 1500 mcg pro Tag, die mit Wasser zum Fr\u00fchst\u00fcck oder auf n\u00fcchternen Magen beim intermittierenden Fasten eingenommen wird. Da die leicht absorbierbaren Formen von Vitamin B12 nur in tierischen Produkten vorkommen, sind Veganer und Vegetarier besonders anf\u00e4llig f\u00fcr einen Mangel.  <\/p>\n\n<p>Wenn Sie keinen Mangel haben, aber Ihre Vitamin-B12-Versorgung aufrechterhalten wollen, empfehlen wir Ihnen, ein- bis zweimal pro Woche eine Tablette Vitamin B12 Active 1500 mcg mit Wasser einzunehmen. Bevorzugen Sie eine niedrigere Dosierung oder eine Erg\u00e4nzung in Pulverform? Mit dem Bonusan Tablettenpulverisierer und Pillenschneider k\u00f6nnen Sie dies tun.  <\/p>\n\n<h3 class=\"wp-block-heading\">Finden Sie heraus, ob diese Form von Vitamin B12 zu Ihnen passt<\/h3>\n\n<p>Bonusan bietet drei verschiedene Vitamin-B12-Pr\u00e4parate an:<\/p>\n\n<p>Vitamin B12 Aktiv 1500 mcg ist eine Tablette, die f\u00fcr Menschen geeignet ist, die nicht gen\u00fcgend Vitamin B12 \u00fcber die Nahrung aufnehmen, wie Vegetarier und Veganer. Wir empfehlen dieses Erg\u00e4nzungsmittel auch, wenn Sie vor\u00fcbergehend einen erh\u00f6hten Bedarf an Vitamin B12 haben, weil Sie eine anstrengende Zeit durchmachen.<br\/>Vitamin B12 Aktiv 1000 mcg ist eine Lutschtablette, die f\u00fcr Menschen geeignet ist, die Schwierigkeiten haben, Vitamin B12 aus der Nahrung aufzunehmen, wie \u00e4ltere Menschen oder Menschen, die Medikamente einnehmen. Sie lassen die Lutschtablette unter der Zunge zergehen, damit sie von der Mundschleimhaut aufgenommen werden kann. Auf diese Weise muss das Vitamin B12 nicht durch den Magen-Darm-Trakt geleitet werden und kann besser aufgenommen werden. Dieses Erg\u00e4nzungsmittel ist auch geeignet, wenn Sie es auf Anraten Ihres Hausarztes oder Therapeuten einnehmen.<br\/>Vitamin B12 Methyl 1000 mcg ist eine Lutschtablette, die unter der Zunge geschmolzen wird, damit das Vitamin von der Mundschleimhaut aufgenommen werden kann. Dieses Erg\u00e4nzungsmittel ist niedriger dosiert und eignet sich daher ideal als Erhaltungsdosis f\u00fcr Menschen mit einem hohen Risiko f\u00fcr B12-Mangel. Denken Sie an Vegetarier, Veganer, \u00e4ltere Menschen, Medikamentenanwender oder Menschen mit eingeschr\u00e4nkter Magen-Darm-Funktion.      <\/p>\n\n<p><strong>Weitere Informationen zu diesem Produkt<\/strong><\/p>\n\n<p>Leider ist es uns aufgrund der Gesetzgebung f\u00fcr Nahrungserg\u00e4nzungsmittel nicht gestattet, (vollst\u00e4ndige) Informationen \u00fcber dieses Produkt zu geben. F\u00fcr weitere Informationen verweisen wir Sie an ein Wissensinstitut f\u00fcr orthomolekulare Therapie. <\/p>\n","protected":false},"excerpt":{"rendered":"<div class=\"product-detail-description-text mt-3\">Bonusan Vitamin B12 Aktiv 1500 kann helfen, einen Energiemangel zu verringern. Die kleinen Tabletten enthalten eine extra hohe Dosis der aktiven Formen von Vitamin B12: Methylcobalamin und Adenosylcobalamin. Dadurch muss Ihr K\u00f6rper das B12 nicht mehr selbst umwandeln, was seine Aufnahmef\u00e4higkeit erh\u00f6ht und zu einem normalen Energiehaushalt beitr\u00e4gt.  <\/div>\n<div class=\"product-detail-usps\">\n<ul>\n<li>Enth\u00e4lt eine hohe Dosis an aktivem Vitamin B12<\/li>\n<li>Erg\u00e4nzt mit aktiver Fols\u00e4ure<\/li>\n<li>Die Vorteile von hochdosiertem B12 gegen M\u00fcdigkeit und Ersch\u00f6pfung sind wissenschaftlich erwiesen<\/li>\n<\/ul>\n<\/div>\n","protected":false},"featured_media":43887,"comment_status":"open","ping_status":"closed","template":"","meta":{"_acf_changed":false,"_seopress_robots_primary_cat":"428","_seopress_titles_title":"Bonusan Vitamin B12 aktiv 1500 mcg - 180 St\u00fcck - Tabletten | Vitafit","_seopress_titles_desc":"","_seopress_robots_index":""},"product_brand":[1398],"product_cat":[1343,1345,1318,1335,1378,1321],"product_tag":[],"woo-feed-brand":[],"class_list":{"0":"post-45033","1":"product","2":"type-product","3":"status-publish","4":"has-post-thumbnail","6":"product_brand-bonusan-de","7":"product_cat-energie-de","8":"product_cat-herz-und-oder-blutgefase","9":"product_cat-losungen","10":"product_cat-nervensystem","11":"product_cat-vitamin-b12","12":"product_cat-vitamine","13":"pa_bevat-geen-hefe","14":"pa_bevat-geen-konservierungsmittel","15":"pa_bevat-geen-synthetische-farbstoffe-aromen-und-duftstoffe","16":"pa_bevat-geen-zugesetzte-saccharose","17":"pa_inhoud-180-stuck","18":"pa_inhoud-90-stuck","19":"pa_merk-bonusan","20":"pa_oplossingen-energie-de","21":"pa_oplossingen-herz-und-oder-blutgefase","22":"pa_oplossingen-nervensystem","23":"pa_soort-tabletten-de","24":"pa_vitaminen-vitamin-b12","26":"first","27":"instock","28":"taxable","29":"shipping-taxable","30":"purchasable","31":"product-type-variable","32":"has-default-attributes"},"acf":[],"_links":{"self":[{"href":"https:\/\/vitafit.nu\/de\/wp-json\/wp\/v2\/product\/45033","targetHints":{"allow":["GET"]}}],"collection":[{"href":"https:\/\/vitafit.nu\/de\/wp-json\/wp\/v2\/product"}],"about":[{"href":"https:\/\/vitafit.nu\/de\/wp-json\/wp\/v2\/types\/product"}],"replies":[{"embeddable":true,"href":"https:\/\/vitafit.nu\/de\/wp-json\/wp\/v2\/comments?post=45033"}],"wp:featuredmedia":[{"embeddable":true,"href":"https:\/\/vitafit.nu\/de\/wp-json\/wp\/v2\/media\/43887"}],"wp:attachment":[{"href":"https:\/\/vitafit.nu\/de\/wp-json\/wp\/v2\/media?parent=45033"}],"wp:term":[{"taxonomy":"product_brand","embeddable":true,"href":"https:\/\/vitafit.nu\/de\/wp-json\/wp\/v2\/product_brand?post=45033"},{"taxonomy":"product_cat","embeddable":true,"href":"https:\/\/vitafit.nu\/de\/wp-json\/wp\/v2\/product_cat?post=45033"},{"taxonomy":"product_tag","embeddable":true,"href":"https:\/\/vitafit.nu\/de\/wp-json\/wp\/v2\/product_tag?post=45033"},{"taxonomy":"woo-feed-brand","embeddable":true,"href":"https:\/\/vitafit.nu\/de\/wp-json\/wp\/v2\/woo-feed-brand?post=45033"}],"curies":[{"name":"wp","href":"https:\/\/api.w.org\/{rel}","templated":true}]}}