{"id":45044,"date":"2023-11-26T09:30:30","date_gmt":"2023-11-26T09:30:30","guid":{"rendered":"https:\/\/vitafit.nu\/product\/bonusan-neuronyl-expert-120-vegakapseln\/"},"modified":"2025-04-11T04:48:31","modified_gmt":"2025-04-11T04:48:31","slug":"bonusan-neuronyl-expert-120-vegakapseln","status":"publish","type":"product","link":"https:\/\/vitafit.nu\/de\/bonusan-neuronyl-expert-120-vegakapseln\/","title":{"rendered":"Bonusan Neuronyl Expert 120 VegaKapseln"},"content":{"rendered":"<p>Unser Nervensystem setzt sich aus Millionen von Nervenzellen zusammen. Das Nervensystem verbindet alle Teile unseres K\u00f6rpers und erm\u00f6glicht uns zu f\u00fchlen, zu schmecken und vieles mehr. Neuronyl ist ein spezieller Aminos\u00e4urekomplex, der durch den Zusatz von Vitamin B12 positive Auswirkungen auf die Funktion des Nervensystems hat.  <\/p>\n<p>&#8211; Unterst\u00fctzt die normale Funktion des Nervensystems dank Vitamin B12<br \/>\n&#8211; Eine vollst\u00e4ndige Aminos\u00e4urenformel mit wichtigen Aminos\u00e4uren<br \/>\n&#8211; Gut f\u00fcr die Konzentration dank Vitamin B6<\/p>\n<h3>Die Vorteile von Bonusan Neuronyl<\/h3>\n<p>Bonusan Neuronyl ist eine durchdachte Formel mit einer breiten Palette von Aminos\u00e4uren, die als Vorstufen f\u00fcr die Produktion von Neurotransmittern dienen. Das sind wichtige Botenstoffe im Nervensystem, die daf\u00fcr sorgen, dass Informationen dort ankommen, wo sie gebraucht werden. <\/p>\n<p>Neben den Aminos\u00e4uren enth\u00e4lt Bonusan Neuronyl auch die richtigen Kofaktoren wie die Vitamine B6 und B12, die an dieser Umwandlung beteiligt sind. Au\u00dferdem wurden diesem Produkt CMP (Cytidinmonophosphat) und UMP (Uridinmonophosphat) zugesetzt. Diese speziellen Substanzen sind besonders daf\u00fcr bekannt, dass sie in unserer RNA enthalten sind. Wir sind die Einzigen, die einen Komplex mit diesen speziellen Substanzen in einem Produkt anbieten.   <\/p>\n<p>Die Aminos\u00e4ure-Vitamin-Formel in Bonusan Neuronyl wurde vom Bonusan-Forschungsteam sorgf\u00e4ltig formuliert. Die vegetarischen Kapseln sind leicht zu schlucken. Wenn nicht anders empfohlen, nehmen Sie 1-2 Mal t\u00e4glich 1 Kapsel mindestens eine halbe Stunde vor den Mahlzeiten ein. Nehmen Sie Neuronyl nicht gleichzeitig mit eiwei\u00dfhaltiger Nahrung ein, um eine optimale Aufnahme der Aminos\u00e4uren zu gew\u00e4hrleisten. Im Falle von Schluckbeschwerden kann die Kapsel ge\u00f6ffnet werden.    <\/p>\n<h3>Warum Vitamin B6 und B12?<\/h3>\n<p>Unser Nervensystem ist f\u00fcr den gesamten K\u00f6rper und f\u00fcr alle seine Funktionen wichtig. Die Nerven leiten st\u00e4ndig Informationen an unser Gehirn weiter, z. B. von unseren Sinnesorganen, die es uns erm\u00f6glichen, zu schmecken und zu f\u00fchlen. Fols\u00e4ure und die Vitamine B6 und B12 tragen zu den Gehirn- und Nervenfunktionen bei, die an der Lernf\u00e4higkeit und Konzentration beteiligt sind. Vitamin B6 und B12 tragen zu einer normalen Funktion des Nervensystems bei. Das in Neuronyl enthaltene Vitamin B12 unterst\u00fctzt au\u00dferdem den Aufbau von Nervenzellen.    <\/p>\n<h3>Warum eine Aminos\u00e4uren-Vitamin-Formel?<\/h3>\n<p>Aminos\u00e4uren sind Bestandteile von Proteinen. Proteine sind N\u00e4hrstoffe aus unserer Nahrung. Unser K\u00f6rper zerlegt Proteine in Aminos\u00e4uren. Ein Viertel verbrennen wir als Energie oder scheiden es aus. Den Rest dieser Aminos\u00e4uren verwenden wir als Bausteine in unserem K\u00f6rper oder zur Herstellung von Neurotransmittern. Im Folgenden finden Sie einige interessante Aminos\u00e4uren, die in Neuronyl enthalten sind:     <\/p>\n<p>Tryptophan: Diese essentielle Aminos\u00e4ure ist eine Vorstufe von Serotonin und Melatonin. Magnesium und Vitamin B6 spielen bei dieser Umwandlung eine Rolle. <\/p>\n<p>Tyrosin: ist eine Vorstufe von Dopamin, Noradrenalin und Adrenalin. Unser K\u00f6rper kann Tyrosin mit Hilfe der Cofaktoren Magnesium, Kupfer, Zink, Fols\u00e4ure und den Vitaminen B3, B6 und B12 umwandeln. Folat spielt n\u00e4mlich eine wichtige Rolle bei der Aminos\u00e4uresynthese.  <\/p>\n<p>Taurin: Es handelt sich um eine organische S\u00e4ure, die aus den Aminos\u00e4uren Cystein und Methionin besteht. Der K\u00f6rper kann Taurin selbst herstellen, aber manchmal reicht die k\u00f6rpereigene Produktion nicht aus, so dass es sich um eine bedingt essenzielle Substanz handelt. Die Produktion von Taurin h\u00e4ngt von Vitamin B6 ab, da es ein Cofaktor f\u00fcr seine Herstellung ist. Ein guter Vitamin-B6-Status ist daher wichtig f\u00fcr die Aufrechterhaltung des Taurinspiegels.   <\/p>\n<p>Glutamin: eine bedingt essentielle Aminos\u00e4ure, die unter anderem f\u00fcr die Produktion des Neurotransmitters Glutamat verwendet wird. Glutamin ist die am h\u00e4ufigsten vorkommende Aminos\u00e4ure im Liquor (Gehirnwasser). Glutamat kann (mit Hilfe der Vitamine B6 und B12 sowie Mangan) in GABA umgewandelt werden. Die Anwesenheit der Cofaktoren B6 und B12 tr\u00e4gt zum Gleichgewicht zwischen Glutamat und GABA bei.   <\/p>\n<p>Phenylalanin: ist eine essentielle Aminos\u00e4ure. Sie kann \u00fcber Tyrosin in L-Dopa umgewandelt werden, aus dem schlie\u00dflich die Neurotransmitter Dopamin, Noradrenalin und Adrenalin gebildet werden. Neuronyl enth\u00e4lt nicht nur die linksh\u00e4ndige Form von Phenylalanin (L-Phenylalanin), sondern auch das Stereoisomer, die rechtsh\u00e4ndige Form D-Phenylalanin.  <\/p>\n<p>Neben den Vitaminen in Neuronyl wirken mehrere Substanzen auf einzigartige Weise zusammen, wie z. B. Traubenkernextrakt (Vitis vinifera) sowie CMP und UMP (Cytidinmonophosphat und Uridinmonophosphat).<\/p>\n<h3>Hohe Qualit\u00e4t dank nat\u00fcrlicher Aminos\u00e4uren<\/h3>\n<p>Bonusan legt die Messlatte hoch. Wir zeichnen uns durch die Qualit\u00e4t und Sorgfalt unserer Produkte aus und sind st\u00e4ndig bestrebt, hochwertige Nahrungserg\u00e4nzungsmittel herzustellen. Bonusan Neuronyl enth\u00e4lt nur die nat\u00fcrliche Form der Aminos\u00e4uren. Neuronyl enth\u00e4lt au\u00dferdem Vitamin B6 in Form von Pyridoxal-5-phosphat, Vitamin B12 in Form von Methylcobalamin und Adenosylcobalamin sowie aktives Folat in Form von 5-Methyltetrahydrofolat-Glucosaminsalz (Quatrefolic\u00ae). Diese speziellen Formen der Vitamine gew\u00e4hrleisten eine bessere Aufnahme der Vitamine im K\u00f6rper.    <\/p>\n<h3>Neuronyl zusammenfassend<\/h3>\n<p>Bonusan Neuronyl ist f\u00fcr Vegetarier geeignet. Die Verwendung dieses Nahrungserg\u00e4nzungsmittels ist f\u00fcr Kinder unter 1 Jahr aufgrund des enthaltenen Vitamins B6 nicht geeignet. Ab einem Alter von 1 Jahr kann es wie gewohnt verwendet werden.  <\/p>\n<p>F\u00fcr die Inhaltsstoffe von Neuronyl wurde eine Reihe von gesundheitsbezogenen Angaben genehmigt:<\/p>\n<p>Vitamin B6:<br \/>\n&#8211; Wirkt sich positiv auf die Funktion des Nervensystems aus<br \/>\n&#8211; Ist g\u00fcnstig f\u00fcr den Eiwei\u00dfstoffwechsel<br \/>\n&#8211; Tr\u00e4gt zur geistigen Belastbarkeit bei<br \/>\n&#8211; Ist gut f\u00fcr die Konzentrationsf\u00e4higkeit<\/p>\n<p>Aktives Folat:<br \/>\n&#8211; Tr\u00e4gt zu einer normalen Aminos\u00e4uresynthese bei<br \/>\n&#8211; Tr\u00e4gt zur Zell- und Gewebeproduktion bei<br \/>\n&#8211; Tr\u00e4gt zu einer normalen psychologischen Funktion bei<br \/>\n&#8211; Tr\u00e4gt zu einem guten psychischen Gleichgewicht bei<\/p>\n<p>Vitamin B12:<br \/>\n&#8211; Unterst\u00fctzt den Aufbau von Nervenzellen<br \/>\n&#8211; Tr\u00e4gt zu einer normalen Nervenfunktion bei<\/p>\n","protected":false},"excerpt":{"rendered":"<div class=\"product-detail-description-text mt-3\">Unser Nervensystem setzt sich aus Millionen von Nervenzellen zusammen. Das Nervensystem verbindet alle Teile unseres K\u00f6rpers und erm\u00f6glicht uns zu f\u00fchlen, zu schmecken und vieles mehr. Bonusan Neuronyl ist ein spezieller Aminos\u00e4urekomplex, der durch den Zusatz von Vitamin B12 positive Auswirkungen auf die Funktion des Nervensystems hat.  <\/div>\n<div class=\"product-detail-usps\">\n<ul>\n<li>Eine vollst\u00e4ndige Aminos\u00e4urenformel mit wichtigen Aminos\u00e4uren<\/li>\n<li>Gut f\u00fcr die Konzentration dank des Vitamins B6<\/li>\n<li>Unterst\u00fctzt die normale Funktion des Nervensystems dank des Vitamins B12<\/li>\n<\/ul>\n<\/div>\n","protected":false},"featured_media":44383,"comment_status":"open","ping_status":"closed","template":"","meta":{"_acf_changed":false,"_seopress_robots_primary_cat":"406","_seopress_titles_title":"Bonusan Neuronyl - 120 St\u00fcck - VegaKapseln | VitaFit","_seopress_titles_desc":"","_seopress_robots_index":""},"product_brand":[1398],"product_cat":[1318,1335,1322,1323,1321,1320],"product_tag":[],"woo-feed-brand":[],"class_list":{"0":"post-45044","1":"product","2":"type-product","3":"status-publish","4":"has-post-thumbnail","6":"product_brand-bonusan-de","7":"product_cat-losungen","8":"product_cat-nervensystem","9":"product_cat-vitamin-b","10":"product_cat-vitamin-b-1","11":"product_cat-vitamine","12":"product_cat-zustand-des-geistes","13":"pa_bevat-geen-hefe","14":"pa_bevat-geen-mais-de","15":"pa_bevat-geen-synthetische-farbstoffe-aromen-und-duftstoffe","16":"pa_bevat-geen-zugesetzte-saccharose","17":"pa_inhoud-120-stuck","18":"pa_inhoud-60-stuck","19":"pa_merk-bonusan","20":"pa_oplossingen-nervensystem","21":"pa_oplossingen-zustand-des-geistes","22":"pa_soort-vegacapsule-de","23":"pa_vitaminen-vitamin-b12","24":"pa_vitaminen-vitamin-b6","26":"first","27":"instock","28":"taxable","29":"shipping-taxable","30":"purchasable","31":"product-type-variable","32":"has-default-attributes"},"acf":[],"_links":{"self":[{"href":"https:\/\/vitafit.nu\/de\/wp-json\/wp\/v2\/product\/45044","targetHints":{"allow":["GET"]}}],"collection":[{"href":"https:\/\/vitafit.nu\/de\/wp-json\/wp\/v2\/product"}],"about":[{"href":"https:\/\/vitafit.nu\/de\/wp-json\/wp\/v2\/types\/product"}],"replies":[{"embeddable":true,"href":"https:\/\/vitafit.nu\/de\/wp-json\/wp\/v2\/comments?post=45044"}],"wp:featuredmedia":[{"embeddable":true,"href":"https:\/\/vitafit.nu\/de\/wp-json\/wp\/v2\/media\/44383"}],"wp:attachment":[{"href":"https:\/\/vitafit.nu\/de\/wp-json\/wp\/v2\/media?parent=45044"}],"wp:term":[{"taxonomy":"product_brand","embeddable":true,"href":"https:\/\/vitafit.nu\/de\/wp-json\/wp\/v2\/product_brand?post=45044"},{"taxonomy":"product_cat","embeddable":true,"href":"https:\/\/vitafit.nu\/de\/wp-json\/wp\/v2\/product_cat?post=45044"},{"taxonomy":"product_tag","embeddable":true,"href":"https:\/\/vitafit.nu\/de\/wp-json\/wp\/v2\/product_tag?post=45044"},{"taxonomy":"woo-feed-brand","embeddable":true,"href":"https:\/\/vitafit.nu\/de\/wp-json\/wp\/v2\/woo-feed-brand?post=45044"}],"curies":[{"name":"wp","href":"https:\/\/api.w.org\/{rel}","templated":true}]}}