{"id":45046,"date":"2023-11-26T09:30:17","date_gmt":"2023-11-26T09:30:17","guid":{"rendered":"https:\/\/vitafit.nu\/product\/bonusan-omega-3-msc-krilloel-60-weichkapseln\/"},"modified":"2025-04-11T04:48:37","modified_gmt":"2025-04-11T04:48:37","slug":"bonusan-omega-3-msc-krilloel-60-weichkapseln","status":"publish","type":"product","link":"https:\/\/vitafit.nu\/de\/produkt\/bonusan-omega-3-msc-krilloel-60-weichkapseln\/","title":{"rendered":"Bonusan Omega-3 MSC Krill\u00f6l 60 Weichkapseln"},"content":{"rendered":"<h3><b>Warum Krill\u00f6l verwenden?<\/b><\/h3>\n<p>Krill\u00f6l wird aus antarktischem Krill gewonnen. Das sind kleine, garnelenartige Krebstiere, die in der Nahrungskette ganz unten stehen und daher die saubersten Fetts\u00e4uren liefern, die nur eine minimale Verarbeitung und Reinigung erfordern. Krill\u00f6l ist ein guter Lieferant f\u00fcr die Omega-3-Fetts\u00e4uren EPA und DHA. EPA und DHA kommen im Krill, anders als im Fisch, in Form von Phospholipiden vor. Diese besondere Phospholipidstruktur erleichtert die Aufnahme dieser Fetts\u00e4uren im Darm und macht sie bis zu sechsmal besser resorbierbar. Sie k\u00f6nnen Krill\u00f6l daher viel niedriger dosieren als Fisch\u00f6l.     <\/p>\n<p>Omega-3-Fetts\u00e4uren sind mehrfach unges\u00e4ttigte Fetts\u00e4uren, sie dienen als wichtige Bausteine des menschlichen K\u00f6rpers und sind an allen m\u00f6glichen Prozessen beteiligt. Deshalb ist es wichtig, mindestens einmal pro Woche fetten Fisch wie Hering oder Lachs zu essen. Wenn Sie das nicht k\u00f6nnen, k\u00f6nnen Sie Ihre t\u00e4gliche Ern\u00e4hrung mit einem Omega-3-Pr\u00e4parat erg\u00e4nzen.  <\/p>\n<p>EPA und DHA sind gut f\u00fcr das Herz*. DHA tr\u00e4gt zur Aufrechterhaltung einer normalen Gehirnfunktion und Sehkraft bei**.<br \/>\n*Diese positive Wirkung wird bei einer t\u00e4glichen Aufnahme von 250 mg EPA und DHA erzielt&#8230;<br \/>\n**Diese positive Wirkung wird bei einer t\u00e4glichen Aufnahme von 250 mg DHA erzielt. <\/p>\n<h3><b>Die Vorteile von Bonusan Omega-3 Krill\u00f6l<\/b><\/h3>\n<p>Unser <strong>Krill\u00f6l<\/strong> stammt von winzigen garnelenartigen Krustentieren. Krill steht in der Nahrungskette ganz unten. Daher ist Krill\u00f6l von Natur aus arm an Schwermetallen, PCBs und anderen Schadstoffen. Dadurch wird die Notwendigkeit einer Reinigung verringert. Dar\u00fcber hinaus enth\u00e4lt Krill\u00f6l die Fetts\u00e4uren EPA und DHA in ihrer nat\u00fcrlichen Phospholipidform, die sechsmal besser absorbierbar ist als die nat\u00fcrliche Triglyceridform in Fisch\u00f6l. Infolgedessen entsprechen die 60 mg EPA und 28 mg DHA in einer Omega-3-Krill\u00f6l-Weichkapsel von Bonusan einer effektiven Dosis von 360 mg EPA und 168 DHA. So k\u00f6nnen Sie Ihre t\u00e4gliche Zufuhr leicht auf mindestens die empfohlene Tagesdosis erh\u00f6hen.      <\/p>\n<h3><b>Hochwertiges Krill\u00f6l dank reinem und MSC-zertifiziertem Krill\u00f6l<\/b><\/h3>\n<p>Das antarktische Krill\u00f6l in den Bonusan Omega-3 MSC Krill Oil Softgels stammt aus einer Fischerei, die von unabh\u00e4ngiger Seite nach dem MSC-Standard f\u00fcr eine gut gef\u00fchrte und nachhaltige Fischerei (MSC-C-54613) zertifiziert ist. Der MSC kontrolliert die gesamte Kette: vom Fang bis zum Krill\u00f6l. <\/p>\n<p>Krill\u00f6l ist von Natur aus reich an Astaxantin, das seine Qualit\u00e4t \u00fcber einen langen Zeitraum sichert. Dies bedeutet, dass selbst bei hohen Dosen kein zus\u00e4tzliches Vitamin E oder Tocopherole zur Stabilisierung der Fetts\u00e4uren ben\u00f6tigt werden. <\/p>\n<h3><b>Geeignet f\u00fcr eine schnelle und wirksame Aufnahme von Omega-3<\/b><\/h3>\n<p>Bonusan Omega-3 MSC Krill\u00f6l ist ein hochwertiges t\u00e4gliches Nahrungserg\u00e4nzungsmittel mit Omega-3. Dieses Produkt ist insbesondere f\u00fcr Personen gedacht, die eine schnelle Aufnahme von EPA und DHA ben\u00f6tigen oder f\u00fcr die die Bioverf\u00fcgbarkeit von gro\u00dfer Bedeutung ist. Daher bietet Krill\u00f6l auch eine L\u00f6sung f\u00fcr Menschen, die aufgrund von Darmproblemen oder Leberproblemen Schwierigkeiten haben, EPA und DHA aus Fisch\u00f6l zu absorbieren. Dar\u00fcber hinaus ist es eine gute Alternative, wenn Sie minimal verarbeitete oder unverarbeitete Produkte verwenden m\u00f6chten.   <\/p>\n<h3><strong>Weitere Informationen zu diesem Produkt<\/strong><\/h3>\n<p>Leider ist es uns aufgrund der Gesetzgebung zu Nahrungserg\u00e4nzungsmitteln nicht gestattet, (vollst\u00e4ndige) Informationen zu diesem Produkt zu geben. F\u00fcr eine korrekte Beratung \u00fcber Nahrungserg\u00e4nzungsmittel in Bezug auf Ihre pers\u00f6nliche Situation und die Einnahme von Medikamenten raten wir Ihnen, einen Therapeuten zu konsultieren. <\/p>\n","protected":false},"excerpt":{"rendered":"<p><strong>Bonusan Omega-3 MSC Krill\u00f6l<\/strong> wird aus Fetts\u00e4uren des antarktischen Krills hergestellt. Diese winzigen garnelenartigen Krebstiere stehen in der Nahrungskette ganz unten und bieten daher die saubersten Fetts\u00e4uren. <\/p>\n<ul class=\"perks-text\">\n<li>EPA und DHA sind gut f\u00fcr das Herz* und DHA unterst\u00fctzt die Sehkraft**<\/li>\n<li>Liefert die Fischfetts\u00e4uren EPA und DHA in ihrer nat\u00fcrlichen und gut absorbierbaren Phospholipidform<\/li>\n<li>Krill\u00f6l steht ganz unten in der Nahrungskette und bietet daher die saubersten Fetts\u00e4uren<\/li>\n<\/ul>\n<div id=\"gtx-trans\" style=\"position: absolute;left: 227px;top: -9.33333px\">\n<div class=\"gtx-trans-icon\"><\/div>\n<\/div>\n","protected":false},"featured_media":43827,"comment_status":"open","ping_status":"closed","template":"","meta":{"_acf_changed":false,"_seopress_robots_primary_cat":"none","_seopress_titles_title":"Bonusan Omega-3 MSC Krill\u00f6l - 60 St\u00fcck - Softgel | VitaFit","_seopress_titles_desc":"","_seopress_robots_index":""},"product_brand":[1398],"product_cat":[1507],"product_tag":[],"woo-feed-brand":[],"class_list":{"0":"post-45046","1":"product","2":"type-product","3":"status-publish","4":"has-post-thumbnail","6":"product_brand-bonusan-de","7":"product_cat-omega-3-de","8":"pa_bevat-geen-hefe","9":"pa_bevat-geen-konservierungsmittel","10":"pa_bevat-geen-mais-de","11":"pa_bevat-geen-synthetische-farbstoffe-aromen-und-duftstoffe","12":"pa_bevat-geen-zugesetzte-saccharose","13":"pa_inhoud-120-stuck","14":"pa_inhoud-60-stuck","15":"pa_merk-bonusan","16":"pa_oplossingen-augen-und-sehkraft","17":"pa_oplossingen-konzentration-und-gedachtnis","18":"pa_overige-supplementen-omega-3-de","19":"pa_soort-softgel-de","21":"first","22":"instock","23":"taxable","24":"shipping-taxable","25":"purchasable","26":"product-type-variable","27":"has-default-attributes"},"acf":[],"_links":{"self":[{"href":"https:\/\/vitafit.nu\/de\/wp-json\/wp\/v2\/product\/45046","targetHints":{"allow":["GET"]}}],"collection":[{"href":"https:\/\/vitafit.nu\/de\/wp-json\/wp\/v2\/product"}],"about":[{"href":"https:\/\/vitafit.nu\/de\/wp-json\/wp\/v2\/types\/product"}],"replies":[{"embeddable":true,"href":"https:\/\/vitafit.nu\/de\/wp-json\/wp\/v2\/comments?post=45046"}],"wp:featuredmedia":[{"embeddable":true,"href":"https:\/\/vitafit.nu\/de\/wp-json\/wp\/v2\/media\/43827"}],"wp:attachment":[{"href":"https:\/\/vitafit.nu\/de\/wp-json\/wp\/v2\/media?parent=45046"}],"wp:term":[{"taxonomy":"product_brand","embeddable":true,"href":"https:\/\/vitafit.nu\/de\/wp-json\/wp\/v2\/product_brand?post=45046"},{"taxonomy":"product_cat","embeddable":true,"href":"https:\/\/vitafit.nu\/de\/wp-json\/wp\/v2\/product_cat?post=45046"},{"taxonomy":"product_tag","embeddable":true,"href":"https:\/\/vitafit.nu\/de\/wp-json\/wp\/v2\/product_tag?post=45046"},{"taxonomy":"woo-feed-brand","embeddable":true,"href":"https:\/\/vitafit.nu\/de\/wp-json\/wp\/v2\/woo-feed-brand?post=45046"}],"curies":[{"name":"wp","href":"https:\/\/api.w.org\/{rel}","templated":true}]}}