{"id":45048,"date":"2023-11-26T09:30:16","date_gmt":"2023-11-26T09:30:16","guid":{"rendered":"https:\/\/vitafit.nu\/product\/bonusan-dermonyl-expert-60-kapseln\/"},"modified":"2025-04-11T04:48:43","modified_gmt":"2025-04-11T04:48:43","slug":"bonusan-dermonyl-expert-60-kapseln","status":"publish","type":"product","link":"https:\/\/vitafit.nu\/de\/produkt\/bonusan-dermonyl-expert-60-kapseln\/","title":{"rendered":"Bonusan Dermonyl Expert 60 Kapseln"},"content":{"rendered":"<h3>Warum Dermonyl?<\/h3>\n<p>Dermonyl ist eine leicht zu schluckende Kapsel, die eine vollst\u00e4ndige Reihe von N\u00e4hrstoffen enth\u00e4lt, darunter Zink, Biotin und Vitamin A. Alle drei tragen zur Erhaltung einer normalen Haut bei. Es enth\u00e4lt auch Vitamin C, das zur normalen Kollagenbildung f\u00fcr eine normale Hautfunktion beitr\u00e4gt. <\/p>\n<p>Biotin und Zink tragen zusammen mit Selen ebenfalls zur Erhaltung normaler Haare bei. Selen und Zink tragen auch zur Erhaltung normaler N\u00e4gel bei. Und schlie\u00dflich enth\u00e4lt dieses Erg\u00e4nzungsmittel auch Vitamin E, das dazu beitr\u00e4gt, die Zellen vor oxidativen Sch\u00e4den zu sch\u00fctzen. Kurzum: Dermonyl ist eine sehr vielseitige und vollst\u00e4ndige Kapsel.   <\/p>\n<h3>Kollagen in Ihrer Haut<\/h3>\n<p>Kollagen ist ein Protein, das von Natur aus im Bindegewebe der Haut vorhanden ist. Es ist wichtig f\u00fcr die Struktur, Festigkeit und Elastizit\u00e4t Ihrer Haut. Mit zunehmendem Alter nimmt die Kollagenproduktion ab. Wenn Sie auf eine gesunde und abwechslungsreiche Ern\u00e4hrung achten, n\u00e4hren Sie Ihre Haut von innen heraus.   <\/p>\n<p>M\u00f6chten Sie Ihre Ern\u00e4hrung durch ein Nahrungserg\u00e4nzungsmittel erg\u00e4nzen? Dermonyl enth\u00e4lt Vitamin C. Dieses Vitamin tr\u00e4gt zur normalen Kollagenbildung f\u00fcr eine normale Hautfunktion bei. <\/p>\n<h3>Vitamine und Mineralstoffe f\u00fcr die Haut<\/h3>\n<p>Um eine gesunde Haut zu erhalten, ist es wichtig, dass Sie mit Ihrer t\u00e4glichen Ern\u00e4hrung gen\u00fcgend gesunde N\u00e4hrstoffe aufnehmen. In Dermonyl sind alle wichtigen N\u00e4hrstoffe f\u00fcr die Erhaltung einer gesunden Haut enthalten. Das Erg\u00e4nzungsmittel enth\u00e4lt die folgenden Vitamine und Mineralien, die zur Erhaltung einer normalen Haut beitragen:  <\/p>\n<p>Riboflavin (Vitamin B2)<br \/>\nNiacin (Vitamin B3)<br \/>\nBiotin (Vitamin B8)<br \/>\nVitamin A<br \/>\nVitamin C<br \/>\nZink<br \/>\nNat\u00fcrliches Vitamin E tr\u00e4gt zum Schutz der Zellen vor oxidativen Sch\u00e4den bei. Oxidative Sch\u00e4den werden z.B. durch Schadstoffe von au\u00dfen oder durch UV-Strahlung der Sonne verursacht. Bei diesem Prozess werden freie Radikale freigesetzt, die den gesunden K\u00f6rperzellen schaden.  <\/p>\n<p>Neben diesen Mineralien und Vitaminen enth\u00e4lt Dermonyl unter anderem auch Coenzym Q10 (Ubichinon). Dies ist eine vitamin\u00e4hnliche Substanz, die streng genommen nicht zu den Vitaminen geh\u00f6rt. Ihr K\u00f6rper kann Q10 selbst herstellen, was bei den meisten Vitaminen nicht der Fall ist. Aber die k\u00f6rpereigene Produktion ist nicht immer so hoch. Das kann verschiedene Gr\u00fcnde haben, unter anderem die Alterung. Das Erg\u00e4nzungsmittel enth\u00e4lt au\u00dferdem L-Hydroxyprolin, Inositol und MSM.     <\/p>\n<h3>Was ist MSM?<\/h3>\n<p>MSM steht f\u00fcr Methylsulphonylmethan. Dies ist eine organisch gebundene Form von Schwefel. Wir nehmen Schwefel auch \u00fcber die Nahrung auf, aber ein Gro\u00dfteil davon geht bereits beim Kochen verloren. Der Schwefel aus MSM ist ein Baustein z. B. der Aminos\u00e4uren Cystein und Methionin, die Bestandteil fast aller Proteine in unserem K\u00f6rper sind.   <\/p>\n","protected":false},"excerpt":{"rendered":"<div class=\"product-detail-description-text mt-3\">Die Formulierung &#8220;sich in seiner Haut wohlf\u00fchlen&#8221; kommt nicht von ungef\u00e4hr. Wir sind es gewohnt, unsere Haut im Gesicht und am K\u00f6rper gut zu pflegen. Wir duschen und schmieren uns mit \u00d6l und K\u00f6rperlotion ein. Aber was kann man f\u00fcr seine Haut von innen heraus tun? Deshalb wurde Bonusan Dermonyl mit Biotin und Zink entwickelt, um die Haut von innen heraus zu pflegen.    <\/div>\n<div class=\"product-detail-usps\">\n<ul>\n<li>Tr\u00e4gt dank Biotin und Zink zur Erhaltung einer normalen Haut bei<\/li>\n<li>Einzigartige All-in-One-Formel, die die Haut dank Vitamin C von innen heraus pflegt<\/li>\n<li>Mit nat\u00fcrlichem Vitamin E und nat\u00fcrlichem Beta-Carotin<\/li>\n<\/ul>\n<\/div>\n","protected":false},"featured_media":44087,"comment_status":"open","ping_status":"closed","template":"","meta":{"_acf_changed":false,"_seopress_robots_primary_cat":"481","_seopress_titles_title":"Bonusan Dermonyl - 60 St\u00fcck - Kapsel | VitaFit","_seopress_titles_desc":"","_seopress_robots_index":""},"product_brand":[],"product_cat":[1596,1628,1318,1333,1625],"product_tag":[],"woo-feed-brand":[],"class_list":{"0":"post-45048","1":"product","2":"type-product","3":"status-publish","4":"has-post-thumbnail","6":"product_cat-haare-und-nagel","7":"product_cat-haut","8":"product_cat-losungen","9":"product_cat-mineralien","10":"product_cat-msm-schwefel","11":"pa_bevat-geen-hefe","12":"pa_bevat-geen-konservierungsmittel","13":"pa_bevat-geen-synthetische-farbstoffe-aromen-und-duftstoffe","14":"pa_inhoud-60-stuck","15":"pa_merk-bonusan","16":"pa_mineralen-msm-schwefel","17":"pa_mineralen-selen-selen","18":"pa_mineralen-zink-de","19":"pa_oplossingen-haare-und-nagel","20":"pa_oplossingen-haut","21":"pa_oplossingen-oxidativer-stress","22":"pa_soort-kapsel-2","23":"pa_vitaminen-multivitamine","24":"pa_vitaminen-vitamin-b","25":"pa_vitaminen-vitamin-b5","26":"pa_vitaminen-vitamin-b6","27":"pa_vitaminen-vitamin-b8","28":"pa_vitaminen-vitamin-c","30":"first","31":"instock","32":"taxable","33":"shipping-taxable","34":"purchasable","35":"product-type-variable","36":"has-default-attributes"},"acf":[],"_links":{"self":[{"href":"https:\/\/vitafit.nu\/de\/wp-json\/wp\/v2\/product\/45048","targetHints":{"allow":["GET"]}}],"collection":[{"href":"https:\/\/vitafit.nu\/de\/wp-json\/wp\/v2\/product"}],"about":[{"href":"https:\/\/vitafit.nu\/de\/wp-json\/wp\/v2\/types\/product"}],"replies":[{"embeddable":true,"href":"https:\/\/vitafit.nu\/de\/wp-json\/wp\/v2\/comments?post=45048"}],"wp:featuredmedia":[{"embeddable":true,"href":"https:\/\/vitafit.nu\/de\/wp-json\/wp\/v2\/media\/44087"}],"wp:attachment":[{"href":"https:\/\/vitafit.nu\/de\/wp-json\/wp\/v2\/media?parent=45048"}],"wp:term":[{"taxonomy":"product_brand","embeddable":true,"href":"https:\/\/vitafit.nu\/de\/wp-json\/wp\/v2\/product_brand?post=45048"},{"taxonomy":"product_cat","embeddable":true,"href":"https:\/\/vitafit.nu\/de\/wp-json\/wp\/v2\/product_cat?post=45048"},{"taxonomy":"product_tag","embeddable":true,"href":"https:\/\/vitafit.nu\/de\/wp-json\/wp\/v2\/product_tag?post=45048"},{"taxonomy":"woo-feed-brand","embeddable":true,"href":"https:\/\/vitafit.nu\/de\/wp-json\/wp\/v2\/woo-feed-brand?post=45048"}],"curies":[{"name":"wp","href":"https:\/\/api.w.org\/{rel}","templated":true}]}}