{"id":45050,"date":"2023-11-26T09:30:16","date_gmt":"2023-11-26T09:30:16","guid":{"rendered":"https:\/\/vitafit.nu\/product\/bonusan-uc-ii-kollagen-komplex-pro-60-kapseln\/"},"modified":"2025-04-11T04:48:49","modified_gmt":"2025-04-11T04:48:49","slug":"bonusan-uc-ii-kollagen-komplex-pro-60-kapseln","status":"publish","type":"product","link":"https:\/\/vitafit.nu\/de\/produkt\/bonusan-uc-ii-kollagen-komplex-pro-60-kapseln\/","title":{"rendered":"Bonusan UC-II\u00ae Kollagen-Komplex Pro 60 Kapseln"},"content":{"rendered":"<h3>Was sind die Vorteile von Bonusan UC-II plus?<\/h3>\n<p>Das Kollagen in Bonusan UC-II\u00ae Collagen Complex Pro ist ein spezielles, nicht denaturiertes Typ-2-Kollagen. Kollagen ist ein Protein, das in Ihrem K\u00f6rper nat\u00fcrlich vorkommt. Kollagen ist unter anderem in Ihrer Haut, Ihren Knochen, Sehnen und Ihrem Bindegewebe enthalten. Sie verwenden Bonusan UC-II\u00ae Collagen Complex Pro, weil es dank des Mangans zur normalen Bildung von Bindegewebe beitr\u00e4gt.   <\/p>\n<p>Bonusan UC-II\u00ae Collagen Complex Pro enth\u00e4lt neben dem wissenschaftlich erforschten Collagen Typ 2 einige unterst\u00fctzende Extrakte aus Gr\u00fcnlippmuschel, Kurkuma, Boswellia und Mutterkraut. Au\u00dferdem tr\u00e4gt der Komplex dank Vitamin D3, Mangan und Zink zur Erhaltung normaler Knochen bei. <\/p>\n<h3>Verwenden Sie lieber Kollagenpillen oder -pulver?<\/h3>\n<p>Bonusan UC-II\u00ae Collagen Complex Pro enth\u00e4lt eine einzigartige Kollagenquelle, die niedriger dosiert werden kann als andere Kollagenarten. Es ist daher nicht notwendig, hohe Dosen von Kollagenpulver zu verwenden. Mit zwei Kapseln pro Tag tragen Sie dank Mangan zur normalen Bildung von Bindegewebe bei.  <\/p>\n<h3>Wie viel Kollagen pro Tag?<\/h3>\n<p>Bonusan UC-II\u00ae Collagen Complex Pro enth\u00e4lt einen einzigartigen patentierten Kollagen-Rohstoff, so dass Sie mit 40 Milligramm Kollagen pro Tag ausreichend versorgt sind. Au\u00dferdem enth\u00e4lt Bonusan UC-II\u00ae Collagen Complex Pro eine ganze Reihe von unterst\u00fctzenden Substanzen wie Vitamin D3, Mangan und Zink, die zur Erhaltung normaler Knochen beitragen. <\/p>\n<h3>Was ist Kollagen?<\/h3>\n<p>Kollagen ist ein Protein, das nat\u00fcrlicherweise in Ihrem K\u00f6rper vorkommt, zum Beispiel in Ihrer Haut, Ihren Knochen, Sehnen und Ihrem Bindegewebe. Ihr K\u00f6rper enth\u00e4lt verschiedene Arten von Kollagen, darunter Kollagen Typ 1 und Typ 2. <\/p>\n<h3>Was ist das Besondere an diesem Produkt?<\/h3>\n<p>Bonusan UC-II\u00ae Collagen Complex Pro enth\u00e4lt das Rohmaterial UC-II\u00ae, eine patentierte Kollagenquelle. UC-II\u00ae ist nicht denaturiertes Typ-2-Kollagen. <em>Undenaturiert<\/em> bedeutet, dass die (r\u00e4umliche) Struktur des Kollagens intakt ist, wodurch viel niedrigere Dosen erforderlich sind. <\/p>\n<p>Die Denaturierung von Proteinen wie z. B. Kollagen erfolgt z. B. beim Kochen. Dabei ver\u00e4ndern sich die Struktur und die Eigenschaften des Proteins. Das sieht man zum Beispiel, wenn man ein Ei kocht: Die Proteine werden von fl\u00fcssig und durchscheinend zu fest und undurchsichtig wei\u00df. Ein gekochtes Ei enth\u00e4lt also denaturierte Proteine. UC-II\u00ae ist nicht denaturiertes Typ-2-Kollagen, dessen Struktur und Eigenschaften also noch intakt sind.    <\/p>\n<p>Zus\u00e4tzlich gibt es hydrolysiertes Kollagen. Dabei handelt es sich um Kollagenpeptide. Bei Kollagenpeptiden ist die Kollagenstruktur bereits in kleinere St\u00fccke zerlegt worden, so dass die Kollagenpeptide leichter vom K\u00f6rper aufgenommen werden k\u00f6nnen. Dies ist nur f\u00fcr Kollagen des Typs 1 von Bedeutung, von dem Sie hohe Dosen ben\u00f6tigen, so dass die Aufnahme besonders wichtig ist.   <\/p>\n<h3>Hohe Qualit\u00e4t durch nicht denaturierte Typ 2 und standardisierte Extrakte<\/h3>\n<p>Bonusan UC-II\u00ae Collagen Complex Pro enth\u00e4lt die patentierte Kollagenquelle UC-II\u00ae. Wissenschaftliche Untersuchungen zeigen, dass nicht denaturiertes Typ-2-Kollagen UC-II\u00ae in sehr niedrigen Dosen verwendet werden kann. Bonusan UC-II\u00ae Collagen Complex Pro enth\u00e4lt au\u00dferdem standardisierte Extrakte. Dank der Standardisierung enth\u00e4lt das Produkt immer eine garantierte Menge der wichtigsten Inhaltsstoffe.   <\/p>\n<h3>F\u00fcr wen ist dieses Produkt geeignet?<\/h3>\n<p>Nicht w\u00e4hrend der Schwangerschaft anwenden. Nicht bei Erkrankungen der Gallenwege anwenden. Bei gleichzeitiger Anwendung von Arzneimitteln einen Experten konsultieren.  <\/p>\n<h3>Wie verwenden Sie UC-II plus?<\/h3>\n<p>Wenn nicht anders empfohlen, nehmen Sie 2 Kapseln einmal t\u00e4glich w\u00e4hrend oder unmittelbar nach den Mahlzeiten ein. Die empfohlene Dosis nicht \u00fcberschreiten. <\/p>\n<p><strong class=\"d-block\">Weitere Informationen zu diesem Produkt<\/strong><\/p>\n<p>Aufgrund der Gesetzgebung zu Nahrungserg\u00e4nzungsmitteln ist es uns leider nicht gestattet, (vollst\u00e4ndige) Informationen zu diesem Produkt zu geben. F\u00fcr weitere Informationen empfehlen wir Ihnen, sich mit uns in Verbindung zu setzen. <\/p>\n","protected":false},"excerpt":{"rendered":"<div class=\"product-detail-description-text mt-3\">\n<p>Bonusan UC-II\u00ae Collagen Complex Pro ist eine einzigartige Kollagenerg\u00e4nzung, die patentiertes undenaturiertes <strong>Kollagen Typ 2<\/strong> enth\u00e4lt. Es enth\u00e4lt auch unterst\u00fctzende Substanzen wie Mangan, das zur normalen Bildung von Bindegewebe beitr\u00e4gt. <\/p>\n<\/div>\n<div class=\"product-detail-usps\">\n<ul>\n<li>Enth\u00e4lt nicht denaturiertes Kollagen Typ 2<\/li>\n<li>Tr\u00e4gt dank Mangan zur normalen Bildung von Bindegewebe bei<\/li>\n<li>Undenaturiertes Kollagen, daher kleinere Mengen erforderlich<\/li>\n<\/ul>\n<\/div>\n","protected":false},"featured_media":43667,"comment_status":"open","ping_status":"closed","template":"","meta":{"_acf_changed":false,"_seopress_robots_primary_cat":"607","_seopress_titles_title":"","_seopress_titles_desc":"UC-II\u00ae plus enth\u00e4lt nicht denaturiertes Kollagen Typ 2. Dar\u00fcber hinaus enth\u00e4lt es Stoffe wie Mangan f\u00fcr die richtige und normale Bildung von Bindegewebe. ","_seopress_robots_index":""},"product_brand":[],"product_cat":[1352,1643,1333,1578],"product_tag":[],"woo-feed-brand":[],"class_list":{"0":"post-45050","1":"product","2":"type-product","3":"status-publish","4":"has-post-thumbnail","6":"product_cat-andere-erganzungen","7":"product_cat-mangan","8":"product_cat-mineralien","9":"product_cat-proteine-und-aminosauren","10":"pa_bevat-geen-hefe","11":"pa_bevat-geen-konservierungsmittel","12":"pa_bevat-geen-synthetische-farbstoffe-aromen-und-duftstoffe","13":"pa_bevat-geen-zugesetzte-saccharose","14":"pa_inhoud-60-stuck","15":"pa_kruiden-kurkuma-de","16":"pa_merk-bonusan","17":"pa_mineralen-bor","18":"pa_mineralen-kupfer","19":"pa_mineralen-mangan","20":"pa_mineralen-zink-de","21":"pa_oplossingen-knochen","22":"pa_vitaminen-vitamin-d","24":"first","25":"instock","26":"taxable","27":"shipping-taxable","28":"purchasable","29":"product-type-variable","30":"has-default-attributes"},"acf":[],"_links":{"self":[{"href":"https:\/\/vitafit.nu\/de\/wp-json\/wp\/v2\/product\/45050","targetHints":{"allow":["GET"]}}],"collection":[{"href":"https:\/\/vitafit.nu\/de\/wp-json\/wp\/v2\/product"}],"about":[{"href":"https:\/\/vitafit.nu\/de\/wp-json\/wp\/v2\/types\/product"}],"replies":[{"embeddable":true,"href":"https:\/\/vitafit.nu\/de\/wp-json\/wp\/v2\/comments?post=45050"}],"wp:featuredmedia":[{"embeddable":true,"href":"https:\/\/vitafit.nu\/de\/wp-json\/wp\/v2\/media\/43667"}],"wp:attachment":[{"href":"https:\/\/vitafit.nu\/de\/wp-json\/wp\/v2\/media?parent=45050"}],"wp:term":[{"taxonomy":"product_brand","embeddable":true,"href":"https:\/\/vitafit.nu\/de\/wp-json\/wp\/v2\/product_brand?post=45050"},{"taxonomy":"product_cat","embeddable":true,"href":"https:\/\/vitafit.nu\/de\/wp-json\/wp\/v2\/product_cat?post=45050"},{"taxonomy":"product_tag","embeddable":true,"href":"https:\/\/vitafit.nu\/de\/wp-json\/wp\/v2\/product_tag?post=45050"},{"taxonomy":"woo-feed-brand","embeddable":true,"href":"https:\/\/vitafit.nu\/de\/wp-json\/wp\/v2\/woo-feed-brand?post=45050"}],"curies":[{"name":"wp","href":"https:\/\/api.w.org\/{rel}","templated":true}]}}