{"id":45052,"date":"2023-11-26T09:30:16","date_gmt":"2023-11-26T09:30:16","guid":{"rendered":"https:\/\/vitafit.nu\/product\/bonusan-multi-mineral-forte-60-tabletten\/"},"modified":"2025-05-05T12:20:10","modified_gmt":"2025-05-05T12:20:10","slug":"bonusan-multi-mineral-forte-60-tabletten","status":"publish","type":"product","link":"https:\/\/vitafit.nu\/de\/produkt\/bonusan-multi-mineral-forte-60-tabletten\/","title":{"rendered":"Bonusan Multi Mineral Forte 60 Tabletten"},"content":{"rendered":"<h3>Warum Multi Mineral Forte von Bonusan?<\/h3>\n<p>Vielleicht verwenden Sie bereits ein Multivitaminpr\u00e4parat, aber wie sieht es mit einem Mineralstoffkomplex aus? Aufgrund verarmter Anbaufl\u00e4chen haben wir oft einen Mangel an Mineralien. Wenn das Leben Ihnen viel abverlangt, z. B. durch Unruhe bei der Arbeit oder intensiven Sport, verbrauchen Sie zus\u00e4tzliche Mineralien. Multi Mineral Forte enth\u00e4lt eine breite Palette von Mineralien in ausgewogenen Verh\u00e4ltnissen. So bleiben die Mineralien in einem optimalen Verh\u00e4ltnis und das Gleichgewicht zwischen ihnen wird aufrechterhalten.    <\/p>\n<p>Bonusan Multi Mineral Forte ist als t\u00e4gliches Nahrungserg\u00e4nzungsmittel geeignet und tr\u00e4gt dank des basischen Minerals Zink zu einem gesunden S\u00e4ure-Basen-Haushalt bei. Au\u00dferdem ist dieses Erg\u00e4nzungsmittel gut f\u00fcr die Erhaltung starker Knochen, da es Kalzium, Magnesium, Mangan und Zink in leicht absorbierbarer Form enth\u00e4lt. Dank des Zusatzes von Eisen, Kalzium, Jod, Magnesium, Kupfer und Mangan wird das Energieniveau unterst\u00fctzt. Dar\u00fcber hinaus enth\u00e4lt dieser Mineralienkomplex auch weniger bekannte Mineralien wie Kiesels\u00e4ure (als Bambusextrakt), Schwefel (als MSM) und Molybd\u00e4n.   <\/p>\n<h3>F\u00fcr wen ist Multi Mineral Forte geeignet?<\/h3>\n<p>Bonusan Multi Mineral Forte ist f\u00fcr jeden geeignet, der zus\u00e4tzliche Mineralien ben\u00f6tigt. Diese Erg\u00e4nzung kann helfen, wenn Sie Ihr Energieniveau (Magnesium, Kalzium, Jod, Kupfer, Mangan und Eisen) und Ihr Immunsystem (Zink, Selen, Eisen und Kupfer) unterst\u00fctzen wollen. Dieser Mineralienkomplex ist frei von Allergenen und f\u00fcr Vegetarier und Veganer geeignet.  <\/p>\n<p>Diese Nahrungserg\u00e4nzung ist f\u00fcr Menschen interessant, die viel Eiwei\u00df essen, wie z. B. Sportler. Wenn Sie viel Eiwei\u00df essen, ist es daher wichtig, dass Sie gen\u00fcgend Mineralien zu sich nehmen, insbesondere Zink. Zink tr\u00e4gt zu einem normalen S\u00e4ure-Basen-Gleichgewicht bei. Bonusan Multi Mineral Forte ist dank Magnesium und Kalzium auch gut f\u00fcr die Muskelfunktion.   <\/p>\n<h3>Woher wissen Sie, dass Multi Mineral Forte von hoher Qualit\u00e4t ist?<\/h3>\n<p>Bonusan Multi Mineral Forte enth\u00e4lt alle Mineralien in leicht absorbierbarer, nat\u00fcrlicher Form. So enth\u00e4lt dieses Nahrungserg\u00e4nzungsmittel beispielsweise Kalzium aus Rotalgen, Jod aus Seetang und Kiesels\u00e4ure aus Bambus. Wir w\u00e4hlen stets nat\u00fcrliche Mineralstoffquellen, organisch gebundene Formen und Aminos\u00e4ureverbindungen. Diese Verbindungen sorgen daf\u00fcr, dass die Mineralien nicht miteinander konkurrieren und alle ihre Aufgabe im K\u00f6rper gleich gut erf\u00fcllen k\u00f6nnen.   <\/p>\n<p>Wir pr\u00fcfen die Qualit\u00e4t der Rohstoffe in unserem Labor, und das Produkt wird in unserer eigenen Fabrik hergestellt. Bei der Entwicklung unserer Produkte ziehen wir die Wissenschaft zu Rate, um sicherzustellen, dass wir die richtigen Kombinationen von Substanzen verwenden. Dies spiegelt sich in Bonusan Multi Mineral Forte wider.  <\/p>\n<h3>Kann ich Multi Mineral Forte zusammen mit einem anderen Multi einnehmen?<\/h3>\n<p>Wenn die empfohlene Dosierung von zwei Tabletten Multi Mineral Forte nicht \u00fcberschritten wird, l\u00e4sst sich dieser Mineralstoffkomplex gut mit einem anderen Multi, wie Bonusan Multi Vital Forte Active, kombinieren.<\/p>\n<h3>Was ist der Unterschied zwischen einem Multivitamin und einem Mineralstoffkomplex?<\/h3>\n<p>Ein Multivitamin ist eine Formel, die aus Vitaminen und Mineralien besteht und zur Erg\u00e4nzung der t\u00e4glichen Ern\u00e4hrung dient. Bonusan Multi Mineral Forte enth\u00e4lt nur Mineralien und ist daher speziell f\u00fcr Zeiten gedacht, in denen Sie zus\u00e4tzliche Mineralien ben\u00f6tigen. Es kann sein, dass Sie einen Mangel an verschiedenen Mineralien festgestellt haben, dass Sie viel Sport treiben oder dass Sie sich nicht ausreichend abwechslungsreich und gesund ern\u00e4hren k\u00f6nnen. So kann dieses Erg\u00e4nzungsmittel helfen, wenn Sie Ihr Energieniveau (Magnesium, Kalzium, Jod, Kupfer, Mangan und Eisen) und Ihr Immunsystem (Zink, Selen, Eisen und Kupfer) unterst\u00fctzen wollen.   <\/p>\n<h3>Weitere Informationen zu diesem Produkt<\/h3>\n<p>Aufgrund der Gesetzgebung zu Nahrungserg\u00e4nzungsmitteln ist es uns leider nicht gestattet, (vollst\u00e4ndige) Informationen zu diesem Produkt zu geben. F\u00fcr weitere Informationen empfehlen wir Ihnen, sich mit uns in Verbindung zu setzen. <\/p>\n","protected":false},"excerpt":{"rendered":"<div class=\"product-detail-description-text mt-3\">\n<div class=\"product-detail-description-text mt-3 d-none d-lg-block\">\n<p>Multi Mineral Forte ist ein komplettes Mineralien-Multipr\u00e4parat, das von Gesundheitsexperten sorgf\u00e4ltig formuliert wurde. Alle Mineralien sind <em>vollst\u00e4ndig umgewandelt<\/em> und daher gut absorbierbar. Mit aminos\u00e4uregebundenen Mineralien wie Magnesiumbisglycinat und einer nat\u00fcrlichen Form von Calcium aus Algen: Aquamin\u2122. Mit Bonusan Multi Mineral Forte entscheiden Sie sich also jeden Tag f\u00fcr die perfekt ausgewogene Mischung leicht absorbierbarer Mineralien.   <\/p>\n<\/div>\n<div class=\"product-detail-usps mt-4 lg-mt-0\">\n<ul>\n<li>  Volles Spektrum an hoch absorbierbaren Mineralien und Spurenelementen f\u00fcr den t\u00e4glichen Gebrauch<\/li>\n<li> <em>Vollst\u00e4ndig umgesetzte <\/em>und nach M\u00f6glichkeit an Aminos\u00e4uren gebundene (chelatierte) Mineralien<\/li>\n<li>  Mit nat\u00fcrlichem Aquamin\u2122-Kalzium aus Algen<\/li>\n<\/ul>\n<\/div>\n<\/div>\n","protected":false},"featured_media":43607,"comment_status":"open","ping_status":"closed","template":"","meta":{"_acf_changed":false,"_seopress_robots_primary_cat":"404","_seopress_titles_title":"Bonusan Multi Mineral Forte - 90 St\u00fcck - Tabletten | Vitafit","_seopress_titles_desc":"Bonusan Multi Mineral Forte enth\u00e4lt Mineralien im richtigen Verh\u00e4ltnis, darunter Zink, Magnesium, Eisen und Kalzium.\nEs unterst\u00fctzt das Energieniveau.","_seopress_robots_index":""},"product_brand":[],"product_cat":[1649,1596,1415,1318,1334,1333,1648,1387],"product_tag":[],"woo-feed-brand":[],"class_list":{"0":"post-45052","1":"product","2":"type-product","3":"status-publish","4":"has-post-thumbnail","6":"product_cat-gelenke","7":"product_cat-haare-und-nagel","8":"product_cat-knochen","9":"product_cat-losungen","10":"product_cat-magnesium-de","11":"product_cat-mineralien","12":"product_cat-mineralien-formeln","13":"product_cat-mund-und-zahne","14":"pa_bevat-geen-hefe","15":"pa_bevat-geen-konservierungsmittel","16":"pa_bevat-geen-synthetische-farbstoffe-aromen-und-duftstoffe","17":"pa_bevat-geen-zugesetzte-saccharose","18":"pa_inhoud-60-stuck","19":"pa_merk-bonusan","20":"pa_oplossingen-gelenke","21":"pa_oplossingen-haare-und-nagel","22":"pa_oplossingen-knochen","23":"pa_oplossingen-mund-und-zahne","24":"pa_soort-tabletten-de","26":"first","27":"instock","28":"taxable","29":"shipping-taxable","30":"purchasable","31":"product-type-variable","32":"has-default-attributes"},"acf":[],"_links":{"self":[{"href":"https:\/\/vitafit.nu\/de\/wp-json\/wp\/v2\/product\/45052","targetHints":{"allow":["GET"]}}],"collection":[{"href":"https:\/\/vitafit.nu\/de\/wp-json\/wp\/v2\/product"}],"about":[{"href":"https:\/\/vitafit.nu\/de\/wp-json\/wp\/v2\/types\/product"}],"replies":[{"embeddable":true,"href":"https:\/\/vitafit.nu\/de\/wp-json\/wp\/v2\/comments?post=45052"}],"wp:featuredmedia":[{"embeddable":true,"href":"https:\/\/vitafit.nu\/de\/wp-json\/wp\/v2\/media\/43607"}],"wp:attachment":[{"href":"https:\/\/vitafit.nu\/de\/wp-json\/wp\/v2\/media?parent=45052"}],"wp:term":[{"taxonomy":"product_brand","embeddable":true,"href":"https:\/\/vitafit.nu\/de\/wp-json\/wp\/v2\/product_brand?post=45052"},{"taxonomy":"product_cat","embeddable":true,"href":"https:\/\/vitafit.nu\/de\/wp-json\/wp\/v2\/product_cat?post=45052"},{"taxonomy":"product_tag","embeddable":true,"href":"https:\/\/vitafit.nu\/de\/wp-json\/wp\/v2\/product_tag?post=45052"},{"taxonomy":"woo-feed-brand","embeddable":true,"href":"https:\/\/vitafit.nu\/de\/wp-json\/wp\/v2\/woo-feed-brand?post=45052"}],"curies":[{"name":"wp","href":"https:\/\/api.w.org\/{rel}","templated":true}]}}