{"id":45053,"date":"2023-11-26T09:30:15","date_gmt":"2023-11-26T09:30:15","guid":{"rendered":"https:\/\/vitafit.nu\/product\/bonusan-vitamin-k2-komplex-60-tabletten\/"},"modified":"2025-04-11T04:48:59","modified_gmt":"2025-04-11T04:48:59","slug":"bonusan-vitamin-k2-komplex-60-tabletten","status":"publish","type":"product","link":"https:\/\/vitafit.nu\/de\/bonusan-vitamin-k2-komplex-60-tabletten\/","title":{"rendered":"Bonusan Vitamin-K2-Komplex 60 Tabletten"},"content":{"rendered":"<h3>Was bewirkt Bonusan Vitamin K2?<\/h3>\n<p>Da Vitamin K den Prozess der Blutgerinnung unterst\u00fctzt, wird empfohlen, Babys Vitamin-K-Tropfen zu verabreichen. Aber wussten Sie, dass Vitamin K nicht nur die Blutgerinnung unterst\u00fctzt? Vitamin K ist auch an der Aufnahme von Kalzium in die Knochen beteiligt und tr\u00e4gt so zum Erhalt starker Knochen bei.  <\/p>\n<p>Ob jung oder alt, wir alle k\u00f6nnen ein Vitamin gebrauchen, das gut f\u00fcr das Skelett ist. Mit Bonusan Vitamin K2 100 mcg tragen Sie zur Erhaltung starker Knochen bei. Die Plus-Formel enth\u00e4lt sowohl Vitamin K1, Vitamin K2 als auch Vitamin D3. Vitamin D3 tr\u00e4gt dazu bei, dass Kalzium aus der Nahrung richtig aufgenommen wird und ist gut f\u00fcr das Kinderskelett.   <\/p>\n<h3>Woher wissen Sie, dass Vitamin K2 100 mcg plus von hoher Qualit\u00e4t ist?<\/h3>\n<p>Bonusan Vitamin K2 100 mcg plus enth\u00e4lt Menachinon-7 (MK-7). Dies ist die am besten absorbierbare und verf\u00fcgbare Form von Vitamin K2 f\u00fcr Ihren K\u00f6rper. Wir verwenden den MK-7-Rohstoff von K2Vital\u00ae. Dieser Rohstoff ist mikroverkapselt, d. h. das Vitamin K2 ist in der Tablette sozusagen in kleine Kapseln verpackt. Dadurch bleibt das Vitamin stabil und wird nicht durch Umwelteinfl\u00fcsse beeintr\u00e4chtigt. K2Vital\u00ae ist der stabilste, sicherste und reinste Rohstoff f\u00fcr Vitamin K2.     <\/p>\n<p>Das Erg\u00e4nzungsmittel enth\u00e4lt auch Vitamin K1 (Phytomenadion) in einer hohen Dosis. Es ist wichtig, sowohl Vitamin K1 als auch K2 zu erhalten. Und auch Vitamin D3 sollte nicht fehlen. Vitamin D3 ist die effizienteste Form von Vitamin D f\u00fcr Ihren K\u00f6rper. Das Vitamin D3 in diesem Produkt wird aus Wollfett extrahiert und ist daher f\u00fcr Menschen mit einer vegetarischen Lebensweise geeignet. Das Produkt ist nicht vegan.     <\/p>\n<h3><strong>F\u00fcr wen ist es geeignet?<\/strong><\/h3>\n<p>Dieses Produkt ist von jung bis alt geeignet, um starke Knochen zu erhalten. Auch schwangere und stillende Frauen k\u00f6nnen dieses Pr\u00e4parat sicher verwenden. Dar\u00fcber hinaus ist es f\u00fcr Vegetarier geeignet. Der Grund daf\u00fcr ist, dass das Vitamin D3 aus Wollfett gewonnen wird. Das Produkt ist nicht vegan.    <\/p>\n<h3>Wie nehme ich dieses Vitamin ein?<\/h3>\n<p>Nehmen Sie 1 Tablette t\u00e4glich w\u00e4hrend oder direkt nach einer Mahlzeit ein. Idealerweise nehmen Sie das Pr\u00e4parat w\u00e4hrend einer Mahlzeit ein, die auch Fett enth\u00e4lt. Das Vorhandensein von Fett in Ihrer Nahrung erleichtert die Absorption von Vitamin K1, K2 und Vitamin D3, das diesem Produkt ebenfalls zugesetzt ist.  <\/p>\n<h3>Vitamin K2 100 mcg plus bei Einnahme von Blutgerinnungsmitteln.<\/h3>\n<p>Vitamin K kann die Wirkung von blutgerinnungshemmenden Medikamenten (Cumarinderivate) beeinflussen. Nehmen Sie diese Blutverd\u00fcnner ein? Wenn ja, fragen Sie vor der Einnahme eines Vitamin-K-Pr\u00e4parats Ihren Arzt oder Apotheker um Rat.  <\/p>\n<p><strong class=\"d-block\">Weitere Informationen zu diesem Produkt<\/strong><\/p>\n<p>Aufgrund der Gesetzgebung zu Nahrungserg\u00e4nzungsmitteln ist es uns leider nicht gestattet, (vollst\u00e4ndige) Informationen zu diesem Produkt zu geben. F\u00fcr weitere Informationen empfehlen wir Ihnen, sich mit uns in Verbindung zu setzen. <\/p>\n","protected":false},"excerpt":{"rendered":"<div class=\"product-detail-description-text mt-3\">\n<p>Vitamin K tr\u00e4gt zu einer normalen Blutgerinnung bei, das wissen wir schon seit Jahren. Der Buchstabe K steht daher f\u00fcr &#8220;Koagulation&#8221;, das d\u00e4nische Wort f\u00fcr Blutgerinnung. Aber das ist nicht die einzige Funktion von Vitamin K in Ihrem K\u00f6rper. Vitamin K spielt n\u00e4mlich auch eine Rolle bei der Knochenbildung.   <\/p>\n<\/div>\n<div class=\"product-detail-usps\">\n<ul>\n<li>Enth\u00e4lt die am besten absorbierbare und sicherste Form von K2<\/li>\n<li>Vitamin K unterst\u00fctzt die Blutgerinnung und die Knochen<\/li>\n<li>Enth\u00e4lt auch Vitamin D3 zur Erhaltung starker Knochen<\/li>\n<\/ul>\n<\/div>\n","protected":false},"featured_media":44055,"comment_status":"open","ping_status":"closed","template":"","meta":{"_acf_changed":false,"_seopress_robots_primary_cat":"none","_seopress_titles_title":"Bonusan Vitamin k2 100 mcg plus - 60 St\u00fcck - Tabletten | VitaFit","_seopress_titles_desc":"","_seopress_robots_index":""},"product_brand":[],"product_cat":[1415,1318,1414,1626,1321],"product_tag":[],"woo-feed-brand":[],"class_list":{"0":"post-45053","1":"product","2":"type-product","3":"status-publish","4":"has-post-thumbnail","6":"product_cat-knochen","7":"product_cat-losungen","8":"product_cat-vitamin-d","9":"product_cat-vitamin-k","10":"product_cat-vitamine","11":"pa_bevat-geen-gelatine-de","12":"pa_bevat-geen-hefe","13":"pa_bevat-geen-konservierungsmittel","14":"pa_bevat-geen-synthetische-farbstoffe-aromen-und-duftstoffe","15":"pa_bevat-geen-tierische-stoffe","16":"pa_inhoud-60-stuck","17":"pa_merk-bonusan","18":"pa_oplossingen-knochen","19":"pa_soort-tabletten-de","20":"pa_vitaminen-vitamin-d","21":"pa_vitaminen-vitamin-k","22":"pa_vitaminen-vitamin-k2","24":"first","25":"instock","26":"taxable","27":"shipping-taxable","28":"purchasable","29":"product-type-variable","30":"has-default-attributes"},"acf":[],"_links":{"self":[{"href":"https:\/\/vitafit.nu\/de\/wp-json\/wp\/v2\/product\/45053","targetHints":{"allow":["GET"]}}],"collection":[{"href":"https:\/\/vitafit.nu\/de\/wp-json\/wp\/v2\/product"}],"about":[{"href":"https:\/\/vitafit.nu\/de\/wp-json\/wp\/v2\/types\/product"}],"replies":[{"embeddable":true,"href":"https:\/\/vitafit.nu\/de\/wp-json\/wp\/v2\/comments?post=45053"}],"wp:featuredmedia":[{"embeddable":true,"href":"https:\/\/vitafit.nu\/de\/wp-json\/wp\/v2\/media\/44055"}],"wp:attachment":[{"href":"https:\/\/vitafit.nu\/de\/wp-json\/wp\/v2\/media?parent=45053"}],"wp:term":[{"taxonomy":"product_brand","embeddable":true,"href":"https:\/\/vitafit.nu\/de\/wp-json\/wp\/v2\/product_brand?post=45053"},{"taxonomy":"product_cat","embeddable":true,"href":"https:\/\/vitafit.nu\/de\/wp-json\/wp\/v2\/product_cat?post=45053"},{"taxonomy":"product_tag","embeddable":true,"href":"https:\/\/vitafit.nu\/de\/wp-json\/wp\/v2\/product_tag?post=45053"},{"taxonomy":"woo-feed-brand","embeddable":true,"href":"https:\/\/vitafit.nu\/de\/wp-json\/wp\/v2\/woo-feed-brand?post=45053"}],"curies":[{"name":"wp","href":"https:\/\/api.w.org\/{rel}","templated":true}]}}