{"id":45055,"date":"2023-11-26T09:30:16","date_gmt":"2023-11-26T09:30:16","guid":{"rendered":"https:\/\/vitafit.nu\/product\/bonusan-jod-150-180-tabletten\/"},"modified":"2025-04-11T04:49:06","modified_gmt":"2025-04-11T04:49:06","slug":"bonusan-jod-150-180-tabletten","status":"publish","type":"product","link":"https:\/\/vitafit.nu\/de\/produkt\/bonusan-jod-150-180-tabletten\/","title":{"rendered":"Bonusan Jod 150 180 Tabletten"},"content":{"rendered":"<div class=\"product-detail-description-text mt-3\">Wenn man kein jodiertes Brot isst, fehlt eine wichtige Jodquelle in der Ern\u00e4hrung. Auf vielfachen Wunsch wurde daher das Produkt Jod 150 mcg (aus Seetang) eingef\u00fchrt. Jede Tablette besteht zu 100 % aus Seetang und enth\u00e4lt die volle Referenzzufuhr an Jod pro Tag.  <\/div>\n<div class=\"product-detail-usps\">\n<ul>\n<li>Volle Tagesdosis Jod (150 mcg) pro Tablette<\/li>\n<li>Hergestellt aus 100% Seetang, einer reichhaltigen nat\u00fcrlichen Jodquelle<\/li>\n<li>Tr\u00e4gt u. a. zu einer normalen kognitiven Funktion bei<\/li>\n<\/ul>\n<\/div>\n<p><strong class=\"d-block\">Weitere Informationen zu diesem Produkt<\/strong><\/p>\n<p>Aufgrund der Gesetzgebung zu Nahrungserg\u00e4nzungsmitteln ist es uns leider nicht gestattet, (vollst\u00e4ndige) Informationen zu diesem Produkt zu geben. F\u00fcr weitere Informationen empfehlen wir Ihnen, sich mit uns in Verbindung zu setzen. <\/p>\n","protected":false},"excerpt":{"rendered":"<div class=\"product-detail-description-text mt-3\">\n<p>Wenn man kein jodiertes Brot isst, fehlt eine wichtige Jodquelle in der Ern\u00e4hrung. Auf vielfachen Wunsch wurde daher das Produkt Jod 150 mcg (aus Seetang) eingef\u00fchrt. Jede Tablette besteht zu 100 % aus Seetang und enth\u00e4lt die volle Referenzzufuhr an Jod pro Tag.  <\/p>\n<p>&nbsp;<\/p>\n<div class=\"product-detail-usps\">\n<ul>\n<li>Volle Tagesdosis Jod (150 mcg) pro Tablette<\/li>\n<li>Hergestellt aus 100% Seetang, einer reichhaltigen nat\u00fcrlichen Jodquelle<\/li>\n<li>Tr\u00e4gt u. a. zu einer normalen kognitiven Funktion bei<\/li>\n<\/ul>\n<\/div>\n<\/div>\n<div class=\"product-detail-usps\">\n<p>&nbsp;<\/p>\n<p><b>Hinweis: Die Regierung stellt Jodtabletten f\u00fcr Menschen bereit, die in der N\u00e4he von Quellen nuklearer Strahlung leben. Jodhaltige Nahrungserg\u00e4nzungsmittel, auch von Bonusan, sch\u00fctzen <u>nicht<\/u> vor radioaktiver Strahlung. Die in den Nahrungserg\u00e4nzungsmitteln verwendete Form von Jod und die Dosierung sind f\u00fcr diesen Zweck nicht geeignet. Es ist nicht ratsam, selbst h\u00f6here Joddosen aus Nahrungserg\u00e4nzungsmitteln einzunehmen.   <\/b><\/p>\n<\/div>\n","protected":false},"featured_media":43839,"comment_status":"open","ping_status":"closed","template":"","meta":{"_acf_changed":false,"_seopress_robots_primary_cat":"418","_seopress_titles_title":"","_seopress_titles_desc":"","_seopress_robots_index":""},"product_brand":[],"product_cat":[1628,1620,1505,1318,1333,1383],"product_tag":[],"woo-feed-brand":[],"class_list":{"0":"post-45055","1":"product","2":"type-product","3":"status-publish","4":"has-post-thumbnail","6":"product_cat-haut","7":"product_cat-jod","8":"product_cat-konzentration-und-gedachtnis","9":"product_cat-losungen","10":"product_cat-mineralien","11":"product_cat-schilddruse","12":"pa_bevat-geen-gelatine-de","13":"pa_bevat-geen-hefe","14":"pa_bevat-geen-konservierungsmittel","15":"pa_bevat-geen-mais-de","16":"pa_bevat-geen-synthetische-farbstoffe-aromen-und-duftstoffe","17":"pa_bevat-geen-tierische-stoffe","18":"pa_bevat-geen-zugesetzte-saccharose","19":"pa_inhoud-180-stuck","20":"pa_merk-bonusan","21":"pa_mineralen-jod","22":"pa_oplossingen-haut","23":"pa_oplossingen-konzentration-und-gedachtnis","24":"pa_oplossingen-schilddruse","25":"pa_soort-tabletten-de","27":"first","28":"instock","29":"taxable","30":"shipping-taxable","31":"purchasable","32":"product-type-variable"},"acf":[],"_links":{"self":[{"href":"https:\/\/vitafit.nu\/de\/wp-json\/wp\/v2\/product\/45055","targetHints":{"allow":["GET"]}}],"collection":[{"href":"https:\/\/vitafit.nu\/de\/wp-json\/wp\/v2\/product"}],"about":[{"href":"https:\/\/vitafit.nu\/de\/wp-json\/wp\/v2\/types\/product"}],"replies":[{"embeddable":true,"href":"https:\/\/vitafit.nu\/de\/wp-json\/wp\/v2\/comments?post=45055"}],"wp:featuredmedia":[{"embeddable":true,"href":"https:\/\/vitafit.nu\/de\/wp-json\/wp\/v2\/media\/43839"}],"wp:attachment":[{"href":"https:\/\/vitafit.nu\/de\/wp-json\/wp\/v2\/media?parent=45055"}],"wp:term":[{"taxonomy":"product_brand","embeddable":true,"href":"https:\/\/vitafit.nu\/de\/wp-json\/wp\/v2\/product_brand?post=45055"},{"taxonomy":"product_cat","embeddable":true,"href":"https:\/\/vitafit.nu\/de\/wp-json\/wp\/v2\/product_cat?post=45055"},{"taxonomy":"product_tag","embeddable":true,"href":"https:\/\/vitafit.nu\/de\/wp-json\/wp\/v2\/product_tag?post=45055"},{"taxonomy":"woo-feed-brand","embeddable":true,"href":"https:\/\/vitafit.nu\/de\/wp-json\/wp\/v2\/woo-feed-brand?post=45055"}],"curies":[{"name":"wp","href":"https:\/\/api.w.org\/{rel}","templated":true}]}}