{"id":45057,"date":"2023-11-26T09:30:16","date_gmt":"2023-11-26T09:30:16","guid":{"rendered":"https:\/\/vitafit.nu\/product\/bonusan-molybdaen-400-120-tabletten\/"},"modified":"2025-04-11T04:49:12","modified_gmt":"2025-04-11T04:49:12","slug":"bonusan-molybdaen-400-120-tabletten","status":"publish","type":"product","link":"https:\/\/vitafit.nu\/de\/produkt\/bonusan-molybdaen-400-120-tabletten\/","title":{"rendered":"Bonusan Molybd\u00e4n 400 120 Tabletten"},"content":{"rendered":"<div class=\"product-detail-description-text mt-3\">Molybd\u00e4n ist ein weniger bekannter, aber wichtiger Mineralstoff. Bonusan Molybd\u00e4n 400 mcg enth\u00e4lt Molybd\u00e4n in der richtigen Dosierung und in der am besten absorbierbaren Form. <\/div>\n<div class=\"product-detail-usps\">\n<ul>\n<li>Essentielles Spurenelement in der am besten absorbierbaren Form<\/li>\n<\/ul>\n<p>&nbsp;<\/p>\n<p><strong class=\"d-block\">Weitere Informationen zu diesem Produkt<\/strong><\/p>\n<p>Leider ist es uns aufgrund der Gesetzgebung f\u00fcr Nahrungserg\u00e4nzungsmittel nicht gestattet, (vollst\u00e4ndige) Informationen \u00fcber dieses Produkt zu geben.<\/p>\n<\/div>\n","protected":false},"excerpt":{"rendered":"<div class=\"product-detail-description-text mt-3\">Molybd\u00e4n ist ein weniger bekannter, aber wichtiger Mineralstoff. Bonusan Molybd\u00e4n 400 mcg enth\u00e4lt Molybd\u00e4n in der richtigen Dosierung und in der am besten absorbierbaren Form. <\/div>\n<div class=\"product-detail-usps\">\n<ul>\n<li>Essentielles Spurenelement in der am besten absorbierbaren Form<\/li>\n<\/ul>\n<\/div>\n","protected":false},"featured_media":43643,"comment_status":"open","ping_status":"closed","template":"","meta":{"_acf_changed":false,"_seopress_robots_primary_cat":"608","_seopress_titles_title":"Bonusan Molybd\u00e4n 400 mcg - 120 St\u00fcck - Tabletten | VitaFit","_seopress_titles_desc":"","_seopress_robots_index":""},"product_brand":[],"product_cat":[1333,1650],"product_tag":[],"woo-feed-brand":[],"class_list":{"0":"post-45057","1":"product","2":"type-product","3":"status-publish","4":"has-post-thumbnail","6":"product_cat-mineralien","7":"product_cat-molybdan","8":"pa_bevat-geen-gelatine-de","9":"pa_bevat-geen-hefe","10":"pa_bevat-geen-konservierungsmittel","11":"pa_bevat-geen-mais-de","12":"pa_bevat-geen-tierische-stoffe","13":"pa_inhoud-120-stuck","14":"pa_merk-bonusan","15":"pa_mineralen-molybdan","16":"pa_soort-tabletten-de","18":"first","19":"instock","20":"taxable","21":"shipping-taxable","22":"purchasable","23":"product-type-variable","24":"has-default-attributes"},"acf":[],"_links":{"self":[{"href":"https:\/\/vitafit.nu\/de\/wp-json\/wp\/v2\/product\/45057","targetHints":{"allow":["GET"]}}],"collection":[{"href":"https:\/\/vitafit.nu\/de\/wp-json\/wp\/v2\/product"}],"about":[{"href":"https:\/\/vitafit.nu\/de\/wp-json\/wp\/v2\/types\/product"}],"replies":[{"embeddable":true,"href":"https:\/\/vitafit.nu\/de\/wp-json\/wp\/v2\/comments?post=45057"}],"wp:featuredmedia":[{"embeddable":true,"href":"https:\/\/vitafit.nu\/de\/wp-json\/wp\/v2\/media\/43643"}],"wp:attachment":[{"href":"https:\/\/vitafit.nu\/de\/wp-json\/wp\/v2\/media?parent=45057"}],"wp:term":[{"taxonomy":"product_brand","embeddable":true,"href":"https:\/\/vitafit.nu\/de\/wp-json\/wp\/v2\/product_brand?post=45057"},{"taxonomy":"product_cat","embeddable":true,"href":"https:\/\/vitafit.nu\/de\/wp-json\/wp\/v2\/product_cat?post=45057"},{"taxonomy":"product_tag","embeddable":true,"href":"https:\/\/vitafit.nu\/de\/wp-json\/wp\/v2\/product_tag?post=45057"},{"taxonomy":"woo-feed-brand","embeddable":true,"href":"https:\/\/vitafit.nu\/de\/wp-json\/wp\/v2\/woo-feed-brand?post=45057"}],"curies":[{"name":"wp","href":"https:\/\/api.w.org\/{rel}","templated":true}]}}