{"id":45061,"date":"2023-11-26T09:30:15","date_gmt":"2023-11-26T09:30:15","guid":{"rendered":"https:\/\/vitafit.nu\/product\/bonusan-multi-natal-aktiv-60-tabletten\/"},"modified":"2025-04-11T04:49:25","modified_gmt":"2025-04-11T04:49:25","slug":"bonusan-multi-natal-aktiv-60-tabletten","status":"publish","type":"product","link":"https:\/\/vitafit.nu\/de\/produkt\/bonusan-multi-natal-aktiv-60-tabletten\/","title":{"rendered":"Bonusan Multi Natal Aktiv 60 Tabletten"},"content":{"rendered":"<h3>Was sind die Vorteile von Multi Natal Active?<\/h3>\n<p>Bonusan Multi Natal Active ist speziell f\u00fcr schwangere und stillende Frauen entwickelt worden. Dieses Multi versorgt Sie und Ihr Baby mit einer wertvollen Mischung aus Vitaminen, Mineralstoffen und Algen. Multi Natal Active enth\u00e4lt zum Beispiel Folat (aktive Fols\u00e4ure), die Vitamine B6 und B12, Eisen und Vitamin D3. Diese wichtigen Inhaltsstoffe tragen w\u00e4hrend der Schwangerschaft unter anderem zum Energieniveau (B6, B12, Eisen) und zur Stimmung (B6, Fols\u00e4ure, B12) bei.   <\/p>\n<p>Eine Besonderheit von Multi Natal Active ist der Zusatz von Taurin und den Algen Chlorella und Spirulina, die frei von Schwermetallen sind. Au\u00dferdem ist dieses Multivitamin frei von DMAE und Vitamin A, einem Vitamin, das Sie brauchen, das aber Probleme f\u00fcr Ihr ungeborenes Kind verursachen kann. Dieses Multivitamin enth\u00e4lt daher Beta-Carotin, eine Substanz, die Ihr K\u00f6rper bei Bedarf in Vitamin A umwandeln kann, so dass Sie genau das bekommen, was Sie brauchen, und nicht mehr!  <\/p>\n<h3>F\u00fcr wen ist Multi Natal Active geeignet?<\/h3>\n<p>Multi Natal Active ist f\u00fcr Vegetarier geeignet, aber nicht f\u00fcr Veganer. Der Grund daf\u00fcr ist, dass das Vitamin D3 in diesem Pr\u00e4parat aus dem Fett von Schafwolle und das Kalzium aus aufgegebenen Austernschalen gewonnen wird. <\/p>\n<p>Ein hochwertiges Multivitaminpr\u00e4parat enth\u00e4lt Vitamine in ihrer aktiven Form und leicht absorbierbare Mineralstoffe. Dadurch wird sichergestellt, dass diese Mikron\u00e4hrstoffe im K\u00f6rper direkt wirken k\u00f6nnen. Bei einem Qualit\u00e4tsprodukt wird auf der Verpackung angegeben, welche Formen der Vitamine und Mineralstoffe es enth\u00e4lt. Wenn beispielsweise nur &#8220;Magnesium&#8221; angegeben ist, handelt es sich wahrscheinlich um die schlecht absorbierbare Form von Magnesiumoxid. W\u00e4hlen Sie daher immer ein Erg\u00e4nzungsmittel, bei dem die Formen der Mikron\u00e4hrstoffe klar angegeben sind.    <\/p>\n<p>Das Bonusan-Forschungsteam bestimmt die optimale Dosierung f\u00fcr jeden Inhaltsstoff und sorgt daf\u00fcr, dass unsere Formeln optimal auf Ihre Bed\u00fcrfnisse zugeschnitten sind. Ein gutes Multi enth\u00e4lt alle wichtigen Mineralien, mindestens Zink, Selen, Chrom, Bor, Molybd\u00e4n, Jod, Mangan, Kupfer, Schwefel (MSM) und Silizium. Synthetische Duft-, Farb- und Aromastoffe sind nicht notwendig. Achten Sie also darauf, die Verwendung von Hilfsstoffen auf ein Minimum zu reduzieren.   <\/p>\n<p><strong class=\"d-block\">Weitere Informationen zu diesem Produkt<\/strong><\/p>\n<p>Leider ist es uns aufgrund der Gesetzgebung f\u00fcr Nahrungserg\u00e4nzungsmittel nicht gestattet, (vollst\u00e4ndige) Informationen \u00fcber dieses Produkt zu geben. F\u00fcr weitere Informationen verweisen wir Sie an ein Wissensinstitut f\u00fcr orthomolekulare Therapie. <\/p>\n","protected":false},"excerpt":{"rendered":"<div class=\"product-detail-description-text mt-3\">\n<p>Bonusan Multi Natal Active ist ein Multivitaminpr\u00e4parat, das speziell f\u00fcr schwangere und stillende Frauen entwickelt wurde. So enth\u00e4lt dieses Multi eine ausgekl\u00fcgelte Mischung aus Vitaminen, Mineralstoffen und Algen, die Sie rund um die Schwangerschaft verwenden k\u00f6nnen. Es enth\u00e4lt unter anderem das B-Vitamin Folat (aktive Fols\u00e4ure), das zum Wachstum des Kindes w\u00e4hrend der Schwangerschaft beitr\u00e4gt.  <\/p>\n<\/div>\n<div class=\"product-detail-usps\">\n<ul>\n<li>Vitamine und Mineralstoffe bester Qualit\u00e4t f\u00fcr Mutter und Kind<\/li>\n<li>Enth\u00e4lt zus\u00e4tzlich Eisen, Fols\u00e4ure und Vitamin D, die beim Wachstum und der Entwicklung des Gewebes eine Rolle spielen<\/li>\n<li>Frei von DMAE und reinem Vitamin A und angereichert mit Spirulina und Chlorella<\/li>\n<\/ul>\n<\/div>\n","protected":false},"featured_media":43851,"comment_status":"open","ping_status":"closed","template":"","meta":{"_acf_changed":false,"_seopress_robots_primary_cat":"423","_seopress_titles_title":"Bonusan Multi Natal Aktiv - 60 St\u00fcck - Tabletten | Vitafit","_seopress_titles_desc":"","_seopress_robots_index":""},"product_brand":[],"product_cat":[1346,1316,1318,1333,1406,1321],"product_tag":[],"woo-feed-brand":[],"class_list":{"0":"post-45061","1":"product","2":"type-product","3":"status-publish","4":"has-post-thumbnail","6":"product_cat-fruchtbarkeit","7":"product_cat-krauter","8":"product_cat-losungen","9":"product_cat-mineralien","10":"product_cat-multivitamin","11":"product_cat-vitamine","12":"pa_bevat-geen-gelatine-de","13":"pa_bevat-geen-hefe","14":"pa_bevat-geen-konservierungsmittel","15":"pa_bevat-geen-synthetische-farbstoffe-aromen-und-duftstoffe","16":"pa_bevat-geen-tierische-stoffe","17":"pa_inhoud-60-stuck","18":"pa_kruiden-chlorella-de","19":"pa_merk-bonusan","20":"pa_mineralen-bor","21":"pa_mineralen-chrom","22":"pa_mineralen-eisen","23":"pa_mineralen-jod","24":"pa_mineralen-kalzium","25":"pa_mineralen-magnesium-de","26":"pa_mineralen-mangan","27":"pa_mineralen-mineralien-formeln","28":"pa_mineralen-molybdan","29":"pa_mineralen-msm-schwefel","30":"pa_mineralen-selen-selen","31":"pa_mineralen-zink-de","32":"pa_oplossingen-fruchtbarkeit","33":"pa_oplossingen-schwangerschaft","34":"pa_soort-tabletten-de","35":"pa_vitaminen-vitamin-b","36":"pa_vitaminen-vitamin-b1","37":"pa_vitaminen-vitamin-b12","38":"pa_vitaminen-vitamin-b3","39":"pa_vitaminen-vitamin-b5","40":"pa_vitaminen-vitamin-b6","41":"pa_vitaminen-vitamin-c","42":"pa_vitaminen-vitamin-d","43":"pa_vitaminen-vitamin-d3","44":"pa_vitaminen-vitamin-e","45":"pa_vitaminen-vitamin-k","46":"pa_vitaminen-vitamin-k2","48":"first","49":"instock","50":"taxable","51":"shipping-taxable","52":"purchasable","53":"product-type-variable","54":"has-default-attributes"},"acf":[],"_links":{"self":[{"href":"https:\/\/vitafit.nu\/de\/wp-json\/wp\/v2\/product\/45061","targetHints":{"allow":["GET"]}}],"collection":[{"href":"https:\/\/vitafit.nu\/de\/wp-json\/wp\/v2\/product"}],"about":[{"href":"https:\/\/vitafit.nu\/de\/wp-json\/wp\/v2\/types\/product"}],"replies":[{"embeddable":true,"href":"https:\/\/vitafit.nu\/de\/wp-json\/wp\/v2\/comments?post=45061"}],"wp:featuredmedia":[{"embeddable":true,"href":"https:\/\/vitafit.nu\/de\/wp-json\/wp\/v2\/media\/43851"}],"wp:attachment":[{"href":"https:\/\/vitafit.nu\/de\/wp-json\/wp\/v2\/media?parent=45061"}],"wp:term":[{"taxonomy":"product_brand","embeddable":true,"href":"https:\/\/vitafit.nu\/de\/wp-json\/wp\/v2\/product_brand?post=45061"},{"taxonomy":"product_cat","embeddable":true,"href":"https:\/\/vitafit.nu\/de\/wp-json\/wp\/v2\/product_cat?post=45061"},{"taxonomy":"product_tag","embeddable":true,"href":"https:\/\/vitafit.nu\/de\/wp-json\/wp\/v2\/product_tag?post=45061"},{"taxonomy":"woo-feed-brand","embeddable":true,"href":"https:\/\/vitafit.nu\/de\/wp-json\/wp\/v2\/woo-feed-brand?post=45061"}],"curies":[{"name":"wp","href":"https:\/\/api.w.org\/{rel}","templated":true}]}}