{"id":45062,"date":"2023-11-26T09:30:15","date_gmt":"2023-11-26T09:30:15","guid":{"rendered":"https:\/\/vitafit.nu\/product\/bonusan-vitamin-c-500-ascorbat-komplex-90-vegakapseln\/"},"modified":"2025-04-11T04:49:26","modified_gmt":"2025-04-11T04:49:26","slug":"bonusan-vitamin-c-500-ascorbat-komplex-90-vegakapseln","status":"publish","type":"product","link":"https:\/\/vitafit.nu\/de\/bonusan-vitamin-c-500-ascorbat-komplex-90-vegakapseln\/","title":{"rendered":"Bonusan Vitamin C-500 Ascorbat-Komplex 90 VegaKapseln"},"content":{"rendered":"<h3>Warum Vitamin C-500 Ascorbat-Komplex von Bonusan?<\/h3>\n<p>Bonusan Vitamin C-500 Ascorbat-Komplex enth\u00e4lt <strong>500 mg ents\u00e4uertes Vitamin C<\/strong> pro Kapsel, so dass dieses Produkt im Gegensatz zu anderen Formen von Vitamin C magen- und zahnschonend ist. Au\u00dferdem ist das Vitamin C an die <strong>Mineralien Magnesium, Kalium, Calcium und Zink<\/strong> gebunden. Diese Verbindungen werden als Mineralascorbate bezeichnet. Die Mineralascorbate in diesem Produkt kommen im nat\u00fcrlichen Mineralienverh\u00e4ltnis vor, so wie sie auch in unserem K\u00f6rper vorkommen.    <\/p>\n<p>Zink ist eine gute Erg\u00e4nzung, denn es tr\u00e4gt zu einem gesunden S\u00e4ure-Basen-Gleichgewicht bei und ist wie Vitamin C ein Antioxidans, das zur Gesunderhaltung der Haut und zur Unterst\u00fctzung der Knochen beitr\u00e4gt. Neben Vitamin C enthalten diese Clean-Label-Kapseln auch Acerola und andere Bioflavonoide, um der Natur nahe zu bleiben. <\/p>\n<h3>F\u00fcr wen ist Vitamin C-500 Ascorbat-Komplex geeignet?<\/h3>\n<p>Vitamin C-500 Ascorbat-Komplex ist ein <strong>Clean-Label-Produkt<\/strong>, das hei\u00dft, es enth\u00e4lt nur nat\u00fcrliche Hilfsstoffe. Aus diesem Grund wurde keine Brausetablette entwickelt; um diese Blasen zu erzeugen, m\u00fcssen einer Brausetablette alle m\u00f6glichen Hilfsstoffe zugesetzt werden. Bonusan mag Hilfsstoffe nur dann, wenn sie die Wirksamkeit eines Produkts nachweislich verbessern. Aus diesem Grund ist Vitamin C-500 Ascorbat-Komplex eine<strong> Clean-Label-Kapsel <\/strong>, die nur nat\u00fcrliche Hilfsstoffe enth\u00e4lt. Dar\u00fcber hinaus ist die gesamte Zusammensetzung <strong>auf pflanzlicher Basis<\/strong> und somit f\u00fcr Vegetarier und Veganer geeignet. Es kann von schwangeren und stillenden Frauen eingenommen werden. F\u00fcr Kinder oder Personen, die Schwierigkeiten beim Schlucken haben, empfehlen wir Kautabletten.      <\/p>\n<h3>Wie oft und wann kann ich es einnehmen?<\/h3>\n<p>Nehmen Sie im Rahmen der t\u00e4glichen Basiserg\u00e4nzung 1 Kapsel pro Tag ein. In besonderen Situationen kann der Bedarf an Vitamin C steigen, z. B. wenn eine Unterst\u00fctzung der Abwehrkr\u00e4fte erforderlich ist. Dann empfehlen wir vor\u00fcbergehend die Einnahme von 2 Kapseln pro Tag oder w\u00e4hlen Sie den Vitamin C-1000-Ascorbat-Komplex.  <\/p>\n<h3>Gibt es bei Bonusan auch Vitamin-C-Brausetabletten?<\/h3>\n<p>Wir werden manchmal gefragt, ob wir auch Vitamin-C-Brausetabletten verkaufen. Das k\u00f6nnen wir verstehen, denn eigentlich macht alles, was das Leben zum Glitzern bringt, noch ein bisschen mehr Spa\u00df. Aber um diese Bl\u00e4schen zu erzeugen, m\u00fcssen einer Brausetablette alle m\u00f6glichen Zusatzstoffe zugesetzt werden. Wir m\u00f6gen Hilfsstoffe nur dann, wenn sie die Wirksamkeit eines Produkts nachweislich verbessern. Aus diesem Grund ist Vitamin C-500 Ascorbat-Komplex eine Clean-Label-Kapsel, die nur nat\u00fcrliche Hilfsstoffe enth\u00e4lt. Denn wir sind der Meinung, dass sich unsere Vitamine und Nahrungserg\u00e4nzungsmittel vor allem durch Qualit\u00e4t und bestm\u00f6gliche Wirksamkeit auszeichnen sollten.     <\/p>\n<p><strong class=\"d-block\">Weitere Informationen zu diesem Produkt<\/strong><\/p>\n<p>Leider ist es uns aufgrund der Gesetzgebung f\u00fcr Nahrungserg\u00e4nzungsmittel nicht gestattet, (vollst\u00e4ndige) Informationen \u00fcber dieses Produkt zu geben. F\u00fcr weitere Informationen verweisen wir Sie an ein Wissensinstitut f\u00fcr orthomolekulare Therapie. <\/p>\n","protected":false},"excerpt":{"rendered":"<div class=\"product-detail-description-text mt-3\">\n<p>Vitamin C tr\u00e4gt zur Aufrechterhaltung der Abwehrkr\u00e4fte bei, hilft bei der Freisetzung von Energie aus der Nahrung und f\u00f6rdert die Eisenaufnahme.<\/p>\n<p>Bonusan Vitamin C-500 Ascorbat-Komplex ist ideal, um t\u00e4glich mehr Vitamin C zu erhalten. Diese Kapseln mit sauberem Etikett enthalten 500 mg Vitamin C in Form von Mineralascorbaten. Das bedeutet, dass Sie auch eine kleine Menge an Mineralien, wie Zink, t\u00e4glich erhalten.  <\/p>\n<\/div>\n<div class=\"product-detail-usps\">\n<ul>\n<li>Vitamin C ist ein Antioxidans und tr\u00e4gt zur Erhaltung normaler Haare, gesunder Haut und starker Knochen bei.<\/li>\n<li>Ascorbatkomplex mit Bioflavonoiden, Acerola und Zink<\/li>\n<li>Clean-Label-Kapseln mit ausschlie\u00dflich pflanzlichen, nat\u00fcrlichen Substanzen<\/li>\n<\/ul>\n<\/div>\n","protected":false},"featured_media":43671,"comment_status":"open","ping_status":"closed","template":"","meta":{"_acf_changed":false,"_seopress_robots_primary_cat":"434","_seopress_titles_title":"Bonusan Vitamin C-500 Ascorbat-Komplex - 90 St\u00fcck - Kapsel | VitaFit","_seopress_titles_desc":"","_seopress_robots_index":""},"product_brand":[],"product_cat":[1628,1318,1379,1321,1344],"product_tag":[],"woo-feed-brand":[],"class_list":{"0":"post-45062","1":"product","2":"type-product","3":"status-publish","4":"has-post-thumbnail","6":"product_cat-haut","7":"product_cat-losungen","8":"product_cat-vitamin-c","9":"product_cat-vitamine","10":"product_cat-widerstand","11":"pa_bevat-geen-hefe","12":"pa_bevat-geen-konservierungsmittel","13":"pa_bevat-geen-synthetische-farbstoffe-aromen-und-duftstoffe","14":"pa_bevat-geen-zugesetzte-saccharose","15":"pa_inhoud-90-stuck","16":"pa_merk-bonusan","17":"pa_mineralen-zink-de","18":"pa_oplossingen-haut","19":"pa_oplossingen-widerstand","20":"pa_soort-kapsel-2","21":"pa_vitaminen-vitamin-c","23":"first","24":"instock","25":"taxable","26":"shipping-taxable","27":"purchasable","28":"product-type-variable","29":"has-default-attributes"},"acf":[],"_links":{"self":[{"href":"https:\/\/vitafit.nu\/de\/wp-json\/wp\/v2\/product\/45062","targetHints":{"allow":["GET"]}}],"collection":[{"href":"https:\/\/vitafit.nu\/de\/wp-json\/wp\/v2\/product"}],"about":[{"href":"https:\/\/vitafit.nu\/de\/wp-json\/wp\/v2\/types\/product"}],"replies":[{"embeddable":true,"href":"https:\/\/vitafit.nu\/de\/wp-json\/wp\/v2\/comments?post=45062"}],"wp:featuredmedia":[{"embeddable":true,"href":"https:\/\/vitafit.nu\/de\/wp-json\/wp\/v2\/media\/43671"}],"wp:attachment":[{"href":"https:\/\/vitafit.nu\/de\/wp-json\/wp\/v2\/media?parent=45062"}],"wp:term":[{"taxonomy":"product_brand","embeddable":true,"href":"https:\/\/vitafit.nu\/de\/wp-json\/wp\/v2\/product_brand?post=45062"},{"taxonomy":"product_cat","embeddable":true,"href":"https:\/\/vitafit.nu\/de\/wp-json\/wp\/v2\/product_cat?post=45062"},{"taxonomy":"product_tag","embeddable":true,"href":"https:\/\/vitafit.nu\/de\/wp-json\/wp\/v2\/product_tag?post=45062"},{"taxonomy":"woo-feed-brand","embeddable":true,"href":"https:\/\/vitafit.nu\/de\/wp-json\/wp\/v2\/woo-feed-brand?post=45062"}],"curies":[{"name":"wp","href":"https:\/\/api.w.org\/{rel}","templated":true}]}}