{"id":45068,"date":"2023-11-26T09:30:04","date_gmt":"2023-11-26T09:30:04","guid":{"rendered":"https:\/\/vitafit.nu\/product\/bonusan-aktiver-vitamin-b-komplex-60-kapseln\/"},"modified":"2025-04-25T06:16:04","modified_gmt":"2025-04-25T06:16:04","slug":"bonusan-aktiver-vitamin-b-komplex-60-kapseln","status":"publish","type":"product","link":"https:\/\/vitafit.nu\/de\/produkt\/bonusan-aktiver-vitamin-b-komplex-60-kapseln\/","title":{"rendered":"Bonusan Aktiver Vitamin B-Komplex 60 Kapseln"},"content":{"rendered":"<h3>Warum ein Vitamin-B-Komplex?<\/h3>\n<p>B-Vitamine fungieren als Schl\u00fcsselbestandteile (Coenzyme) wichtiger Enzyme im K\u00f6rper und sind an einer Vielzahl von biochemischen Reaktionen beteiligt. Lange Zeit wurde angenommen, dass es sich bei den B-Vitaminen um eine einzige Verbindung handelt. Weitere Forschungen ergaben, dass es sich um verschiedene Verbindungen handelt, die h\u00e4ufig zusammen in Lebensmitteln vorkommen. Die B-Vitamine tragen unter anderem zu einer normalen Funktion des Nervensystems, zur Verringerung von M\u00fcdigkeit und Erm\u00fcdung und zu einem normalen energieliefernden Stoffwechsel bei (B2, B3, B6 und B12). Ein Vitamin-B-Komplex ist ein Nahrungserg\u00e4nzungsmittel, das alle acht B-Vitamine enth\u00e4lt.    <\/p>\n<p>Ein B-Komplex hat weitere gesundheitliche Vorteile (neben den oben genannten), wie zum Beispiel:<br \/>\n&#8211; Tr\u00e4gt zu einer normalen psychologischen Funktion bei (B1, B3, B6, B8, Folat, B12 und Vit. C)<br \/>\n&#8211; Tr\u00e4gt zu einer normalen Stressresistenz bei (B5)<br \/>\n&#8211; Tr\u00e4gt zum Schutz der Zellen vor oxidativen Sch\u00e4den bei (B2 und Vit. C)<br \/>\n&#8211; tr\u00e4gt zu einer normalen Funktion des Immunsystems bei (B12, Folat und Vit. C)<br \/>\n&#8211; tr\u00e4gt zum Prozess der Zellerneuerung bei (B12 und Folat)<br \/>\n&#8211; tr\u00e4gt zu einer normalen Herzfunktion bei (B1)<br \/>\n&#8211; tr\u00e4gt zu einem normalen Makron\u00e4hrstoff-Stoffwechsel bei (B8)<\/p>\n<h3>Die Vorteile des aktiven Vitamin-B-Komplexes<\/h3>\n<p>Der aktive Vitamin-B-Komplex von Bonusan ist mehr als vollst\u00e4ndig. Er zeichnet sich dadurch aus, dass er neben allen acht B-Vitaminen, von denen vier in aktiver Form vorliegen, auch mit Vitamin B verwandte Substanzen enth\u00e4lt. Dies macht ihn zu einem vollst\u00e4ndigen synergetischen Produkt. Neben den B-Vitaminen enth\u00e4lt der Komplex die B-Vitamin-verwandten Stoffe Cholin, PABA und Inositol. Diese unterst\u00fctzen die Wirkung der B-Vitamine.    <\/p>\n<p>Wir haben uns daf\u00fcr entschieden, B-Vitamine in aktiver Form zuzusetzen. Das bedeutet, dass unser K\u00f6rper sie nicht selbst umwandeln muss. Dies erh\u00f6ht die Bioverf\u00fcgbarkeit und die Absorption im K\u00f6rper. Der aktive Vitamin-B-Komplex von Bonusan enth\u00e4lt nicht nur eine ausgewogene Dosis Vitamin B6 &#8211; in Form von Pyridoxal-5-phosphat (P5P) -, sondern auch hochwertiges Vitamin B2 als Riboflavin-5-phosphat, B11 als aktives Folat (5-MTHF) anstelle von Fols\u00e4ure und B12 als Methyl- und Adenosylcobalamin. Diese aktiven B-Vitamine sind nicht auf die Leber angewiesen und werden vom K\u00f6rper direkt verwertet. Hinter der Dosierung und der Zusammensetzung des aktiven Vitamin-B-Komplexes steckt eine Menge Forschung und \u00dcberlegung. So hat unsere Forschungs- und Entwicklungsabteilung eine umfassende Zusammensetzung entwickelt, die eine optimale t\u00e4gliche Erg\u00e4nzung der B-Vitamine mit nur 1 Kapsel pro Tag erm\u00f6glicht.      <\/p>\n<h3>Hohe Qualit\u00e4t dank der aktiven B-Vitamine<\/h3>\n<p>Bonusan Active Vitamin B complex enth\u00e4lt die aktive Form von B2, B6, B11 und B12. Vitamin B11 ist auch bekannt als Fols\u00e4ure oder seine aktive Form Folat. Dieses Produkt enth\u00e4lt Folat in Form eines patentierten Glucosaminsalzes (5-MTHF) von Quatrefolics\u00ae. Das von uns verwendete Vitamin B3 ist die flush-freie Variante Inositolhexanicotinat, die eine Rotverf\u00e4rbung (Flush) der Haut verhindert. Das zugesetzte Vitamin C (als Magnesiumascorbat) unterst\u00fctzt die Wirkung der B-Vitamine. Es erh\u00f6ht deren Aufnahme durch den K\u00f6rper und steigert so die Qualit\u00e4t der Nahrungserg\u00e4nzung.     <\/p>\n<p>Bei der Zusammenstellung eines Vitamin-B-Komplexes werden mehrere Faktoren ber\u00fccksichtigt: Zum einen muss dem K\u00f6rper eine ausreichende Menge an B-Vitaminen zur optimalen Aufnahme angeboten werden. Zum anderen spielen die Menge und die Zusammensetzung eine Rolle, inwieweit die B-Vitamine zusammenwirken und eine Synergie erreicht wird. Au\u00dferdem h\u00e4ngt die Aufnahme vom k\u00f6rpereigenen biochemischen Umwandlungsprozess ab (Umwandlung der inaktiven Substanzen in die aktive Variante).  <\/p>\n<p>Wir \u00fcberwinden dieses Problem, indem wir dem Bonusan Active Vitamin B Complex die Vitamine B2, B6, Fols\u00e4ure (Folat) und B12 in aktiver Form hinzuf\u00fcgen. Das liegt daran, dass diese B-Vitamine in aktiver Form verf\u00fcgbar sind. Andere B-Vitamine sind nicht in aktiver Form verf\u00fcgbar, oder sie sind instabil, was bedeutet, dass sie nicht unserem hohen Qualit\u00e4tsstandard entsprechen.  <\/p>\n<p>Geeignet zur Unterst\u00fctzung in Stresssituationen und zur Verringerung von M\u00fcdigkeit und Erm\u00fcdung<br \/>\nBonusan Aktiver Vitamin B-Komplex bietet dank Vitamin B5 Unterst\u00fctzung in Stresssituationen. B-Vitamine werden dann schnell vom K\u00f6rper verbraucht und B-Komplex kann als Erg\u00e4nzung dienen. Bonusan Active Vitamin B Complex unterst\u00fctzt unter anderem das Energieniveau (dank B1, B2, B3, B5, B6 und B12), tr\u00e4gt zur normalen Funktion des Nervensystems (B1, B2, B3, B6, B8 und B12) und zur Verringerung von M\u00fcdigkeit und Erm\u00fcdung bei (B2, B3, B5, B6, B11 und B12)  <\/p>\n<p>Da dieses Produkt frei von tierischen Stoffen ist, ist Active Vitamin B Complex f\u00fcr Veganer und Vegetarier geeignet. Aufgrund der enthaltenen Menge an Vitamin B6 ist das Produkt nicht f\u00fcr Kinder unter 17 Jahren geeignet. <\/p>\n<p><strong class=\"d-block\">Weitere Informationen zu diesem Produkt<\/strong><\/p>\n<p>Leider ist es uns aufgrund der Gesetzgebung f\u00fcr Nahrungserg\u00e4nzungsmittel nicht gestattet, (vollst\u00e4ndige) Informationen \u00fcber dieses Produkt zu geben. F\u00fcr weitere Informationen verweisen wir Sie an ein Wissensinstitut f\u00fcr orthomolekulare Therapie. <\/p>\n","protected":false},"excerpt":{"rendered":"<div class=\"product-detail-description-text mt-3\">\n<p>Suchen Sie einen kompletten Vitamin-B-Komplex? Bonusan Aktiver Vitamin-B-Komplex enth\u00e4lt alle acht B-Vitamine und verwandte Stoffe, die den K\u00f6rper ebenfalls unterst\u00fctzen. Die B-Vitamine sind in aktiver Form zugesetzt, so dass der K\u00f6rper sie sofort nutzen kann.  <\/p>\n<\/div>\n<div class=\"product-detail-usps\">\n<ul>\n<li>Ein ausgewogener B-Komplex mit der optimalen Dosierung<\/li>\n<li>Enth\u00e4lt die aktiven Formen der Vitamine B2, B6, B12 und Fols\u00e4ure (Folat)<\/li>\n<li>Mit den Vitaminen B3, B6 und B12 zur Unterst\u00fctzung des Energieniveaus.<\/li>\n<\/ul>\n<\/div>\n<div id=\"gtx-trans\" style=\"position: absolute;left: 544px;top: 37.6667px\">\n<div class=\"gtx-trans-icon\"><\/div>\n<\/div>\n","protected":false},"featured_media":43935,"comment_status":"open","ping_status":"closed","template":"","meta":{"_acf_changed":false,"_seopress_robots_primary_cat":"406","_seopress_titles_title":"Bonusan Aktiver Vitamin B-Komplex - 60 St\u00fcck - Kapsel | VitaFit","_seopress_titles_desc":"","_seopress_robots_index":""},"product_brand":[],"product_cat":[1343,1337,1318,1335,1322,1323,1321,1320],"product_tag":[],"woo-feed-brand":[],"class_list":{"0":"post-45068","1":"product","2":"type-product","3":"status-publish","4":"has-post-thumbnail","6":"product_cat-energie-de","7":"product_cat-leber-und-entgiftung","8":"product_cat-losungen","9":"product_cat-nervensystem","10":"product_cat-vitamin-b","11":"product_cat-vitamin-b-1","12":"product_cat-vitamine","13":"product_cat-zustand-des-geistes","14":"pa_bevat-geen-gelatine-de","15":"pa_bevat-geen-hefe","16":"pa_bevat-geen-konservierungsmittel","17":"pa_bevat-geen-synthetische-farbstoffe-aromen-und-duftstoffe","18":"pa_bevat-geen-tierische-stoffe","19":"pa_bevat-geen-zugesetzte-saccharose","20":"pa_inhoud-60-stuck","21":"pa_merk-bonusan","22":"pa_oplossingen-energie-de","23":"pa_oplossingen-leber-und-entgiftung","24":"pa_oplossingen-nervensystem","25":"pa_oplossingen-zustand-des-geistes","26":"pa_soort-kapsel-2","27":"pa_vitaminen-multivitamine","28":"pa_vitaminen-vitamin-b","29":"pa_vitaminen-vitamin-b1","30":"pa_vitaminen-vitamin-b11-folsaure","31":"pa_vitaminen-vitamin-b12","32":"pa_vitaminen-vitamin-b2","33":"pa_vitaminen-vitamin-b3","34":"pa_vitaminen-vitamin-b4-cholin","35":"pa_vitaminen-vitamin-b5","36":"pa_vitaminen-vitamin-b6","37":"pa_vitaminen-vitamin-b8","38":"pa_vitaminen-vitamin-b8-biotin","39":"pa_vitaminen-vitamin-c","41":"first","42":"instock","43":"taxable","44":"shipping-taxable","45":"purchasable","46":"product-type-variable","47":"has-default-attributes"},"acf":[],"_links":{"self":[{"href":"https:\/\/vitafit.nu\/de\/wp-json\/wp\/v2\/product\/45068","targetHints":{"allow":["GET"]}}],"collection":[{"href":"https:\/\/vitafit.nu\/de\/wp-json\/wp\/v2\/product"}],"about":[{"href":"https:\/\/vitafit.nu\/de\/wp-json\/wp\/v2\/types\/product"}],"replies":[{"embeddable":true,"href":"https:\/\/vitafit.nu\/de\/wp-json\/wp\/v2\/comments?post=45068"}],"wp:featuredmedia":[{"embeddable":true,"href":"https:\/\/vitafit.nu\/de\/wp-json\/wp\/v2\/media\/43935"}],"wp:attachment":[{"href":"https:\/\/vitafit.nu\/de\/wp-json\/wp\/v2\/media?parent=45068"}],"wp:term":[{"taxonomy":"product_brand","embeddable":true,"href":"https:\/\/vitafit.nu\/de\/wp-json\/wp\/v2\/product_brand?post=45068"},{"taxonomy":"product_cat","embeddable":true,"href":"https:\/\/vitafit.nu\/de\/wp-json\/wp\/v2\/product_cat?post=45068"},{"taxonomy":"product_tag","embeddable":true,"href":"https:\/\/vitafit.nu\/de\/wp-json\/wp\/v2\/product_tag?post=45068"},{"taxonomy":"woo-feed-brand","embeddable":true,"href":"https:\/\/vitafit.nu\/de\/wp-json\/wp\/v2\/woo-feed-brand?post=45068"}],"curies":[{"name":"wp","href":"https:\/\/api.w.org\/{rel}","templated":true}]}}