{"id":45070,"date":"2023-11-26T09:30:05","date_gmt":"2023-11-26T09:30:05","guid":{"rendered":"https:\/\/vitafit.nu\/product\/bonusan-vitamin-b6-methyl-komplex-60-vegakapseln\/"},"modified":"2025-05-05T09:30:28","modified_gmt":"2025-05-05T09:30:28","slug":"bonusan-vitamin-b6-methyl-komplex-60-vegakapseln","status":"publish","type":"product","link":"https:\/\/vitafit.nu\/de\/bonusan-vitamin-b6-methyl-komplex-60-vegakapseln\/","title":{"rendered":"Bonusan Vitamin B6 Methyl-Komplex 60 VegaKapseln"},"content":{"rendered":"<h3>Warum Vitamin B6 Methyl Complex?<\/h3>\n<p>Vitamin B6 Methyl Complex ist eine vollst\u00e4ndige Formel, die dank des Vitamins B6 und der Kofaktoren Folat und B12 zu einem normalen Homocystein-Stoffwechsel beitr\u00e4gt. Dieser Stoffwechselprozess wird auch als Methylierung bezeichnet. Der Methylierungsprozess ist f\u00fcr das reibungslose Funktionieren des K\u00f6rpers notwendig.  <\/p>\n<p>Wenn der Methylierungsprozess gest\u00f6rt ist, wird Homocystein freigesetzt. Homocystein ist ein toxisches Stoffwechselprodukt. Daher ist es wichtig, dass der Homocystein-Stoffwechsel normal abl\u00e4uft. Mehrere Vitamine tragen dazu bei, darunter Vitamin B6, B12 und aktives Folat. Diese sind alle in dieser Gesamtformel enthalten.    <\/p>\n<h3>Was ist in Vitamin B6 Methyl Complex enthalten?<\/h3>\n<p>Bonusan Vitamin B6 Methyl Complex enth\u00e4lt die sicherste Form von Vitamin B6 in Form von (P5P). Der Komplex wird erg\u00e4nzt mit: <\/p>\n<p>Hoch resorbierbares Vitamin B2 in Form von Riboflavin<br \/>\nPatentiertes Quatrefolic\u00ae, wissenschaftlich erwiesen als die am besten resorbierbare Form von aktivem Folat<br \/>\nAktives Vitamin B12 in der methylierten Form: Methylcobalamin<br \/>\nBetain in Form von Trimethylglycin, das drei Methylgruppen besitzt<br \/>\nKurz gesagt: Vitamin B6 Methyl Complex ist die vollst\u00e4ndige Formulierung, die dank Vitamin B6, Folat und Vitamin B12 gezielt zu einem normalen Homocysteinstoffwechsel beitr\u00e4gt.<\/p>\n<h3>Was ist Vitamin B6?<\/h3>\n<p>Vitamin B6 ist ein essenzielles Vitamin, das der K\u00f6rper nicht selbst herstellen kann. Das Vitamin ist an bis zu 150 Prozessen im K\u00f6rper beteiligt. Da der K\u00f6rper Vitamin B6 kaum speichern kann, ist es wichtig, dass Sie t\u00e4glich gen\u00fcgend davon \u00fcber die Nahrung oder \u00fcber Nahrungserg\u00e4nzungsmittel zu sich nehmen.  <\/p>\n<p>Vitamin B6 arbeitet eng mit anderen B-Vitaminen wie Vitamin B2, Folat (aktive Fols\u00e4ure) und Vitamin B12 zusammen. Zusammen tragen diese Vitamine also zu einem normalen Homocystein-Stoffwechsel bei. Ein gest\u00f6rter Homocystein-Stoffwechsel kann Homocystein freisetzen, das in hohen Konzentrationen giftig ist. Daher ist die Einnahme von Vitamin B6 und allen Cofaktoren unerl\u00e4sslich.   <\/p>\n<h3>Was bewirkt Vitamin B6?<\/h3>\n<div id=\"v-pills-tabContent\" class=\"tab-content\">\n<div id=\"v-pills-about\" class=\"tab-pane fade show active\" role=\"tabpanel\" aria-labelledby=\"v-pills-about-tab\">\n<div class=\"cms-block-faq\">\n<div id=\"accordionFaq\" class=\"accordion \">\n<div>\n<div id=\"collapse4\" class=\"collapse show\" aria-labelledby=\"heading4\" data-parent=\"#accordionFaq\">\n<div class=\"card-body\">Vitamin B6 tr\u00e4gt zu Folgendem bei:<br \/>\nRegulierung der Hormont\u00e4tigkeit<br \/>\nNormale Bildung roter Blutk\u00f6rperchen<br \/>\nVerringerung von M\u00fcdigkeit und Erm\u00fcdung<br \/>\nNormale Funktion des Nervensystems<br \/>\nNormaler Homocystein-Stoffwechsel<br \/>\nEs ist wichtig, Vitamin B6 nicht allein einzunehmen, sondern immer in Kombination mit anderen B-Vitaminen wie Vitamin B12, das zusammen mit B6 zu einer normalen Funktion des Nervensystems und einem normalen Homocystein-Stoffwechsel beitr\u00e4gt. Vitamin B2, Folat (aktive Fols\u00e4ure) und Betain sind ebenfalls wichtige Kofaktoren in einem Vitamin-B6-Komplex. <\/div>\n<\/div>\n<\/div>\n<\/div>\n<\/div>\n<\/div>\n<div><\/div>\n<div id=\"v-pills-about\" class=\"tab-pane fade show active\" role=\"tabpanel\" aria-labelledby=\"v-pills-about-tab\">\n<div class=\"cms-block-faq\">\n<div id=\"accordionFaq\" class=\"accordion \">\n<div>\n<div><\/div>\n<div id=\"collapse4\" class=\"collapse show\" aria-labelledby=\"heading4\" data-parent=\"#accordionFaq\">\n<div><strong class=\"d-block\" style=\"font-size: revert;color: initial\">Weitere Informationen zu diesem Produkt<\/strong><\/div>\n<\/div>\n<\/div>\n<\/div>\n<\/div>\n<\/div>\n<\/div>\n<p>Leider ist es uns aufgrund der Gesetzgebung f\u00fcr Nahrungserg\u00e4nzungsmittel nicht gestattet, (vollst\u00e4ndige) Informationen \u00fcber dieses Produkt zu geben. F\u00fcr weitere Informationen verweisen wir Sie an ein Wissensinstitut f\u00fcr orthomolekulare Therapie. <\/p>\n","protected":false},"excerpt":{"rendered":"<div class=\"product-detail-description-text mt-3\">\n<p>Bonusan Vitamin B6 plus enth\u00e4lt 20 mg Vitamin B6 in einer aktiven Form. Es muss nicht erst in der Leber umgewandelt werden, bevor es Ihrem K\u00f6rper zugute kommt. Vitamin B6 tr\u00e4gt unter anderem zur Aktivit\u00e4t der Hormone im K\u00f6rper, zur geistigen Belastbarkeit und zur Verringerung von M\u00fcdigkeit und Erm\u00fcdung bei.  <\/p>\n<\/div>\n<div class=\"product-detail-usps\">\n<ul>\n<li>Enth\u00e4lt 20 mg Vitamin B6 pro Kapsel in der aktiven Form, die vom K\u00f6rper direkt verwertet wird<\/li>\n<li>Es enth\u00e4lt auch aktives Vitamin B12 und aktive Fols\u00e4ure (Folat)<\/li>\n<li>Vitamin B6 tr\u00e4gt zur Aktivit\u00e4t der Hormone im K\u00f6rper bei.<\/li>\n<\/ul>\n<\/div>\n","protected":false},"featured_media":43747,"comment_status":"open","ping_status":"closed","template":"","meta":{"_acf_changed":false,"_seopress_robots_primary_cat":"406","_seopress_titles_title":"Bonusan Vitamin B6 Methyl-Komplex - 60 St\u00fcck - VegaCapsule | Vitafit","_seopress_titles_desc":"Bonusan Vitamin B6, das nicht in der Leber umgewandelt werden muss. B6 tr\u00e4gt zur Hormont\u00e4tigkeit, geistigen Belastbarkeit und Energie bei ","_seopress_robots_index":""},"product_brand":[],"product_cat":[1659,1318,1335,1322,1321],"product_tag":[],"woo-feed-brand":[],"class_list":{"0":"post-45070","1":"product","2":"type-product","3":"status-publish","4":"has-post-thumbnail","6":"product_cat-hormone","7":"product_cat-losungen","8":"product_cat-nervensystem","9":"product_cat-vitamin-b","10":"product_cat-vitamine","11":"pa_bevat-geen-gelatine-de","12":"pa_bevat-geen-hefe","13":"pa_bevat-geen-konservierungsmittel","14":"pa_bevat-geen-mais-de","15":"pa_bevat-geen-synthetische-farbstoffe-aromen-und-duftstoffe","16":"pa_bevat-geen-tierische-stoffe","17":"pa_bevat-geen-zugesetzte-saccharose","18":"pa_inhoud-60-stuck","19":"pa_merk-bonusan","20":"pa_oplossingen-nervensystem","21":"pa_oplossingen-zustand-des-geistes","22":"pa_soort-vegacapsule-de","23":"pa_vitaminen-vitamin-b11-folsaure","24":"pa_vitaminen-vitamin-b12","25":"pa_vitaminen-vitamin-b6","27":"first","28":"instock","29":"taxable","30":"shipping-taxable","31":"purchasable","32":"product-type-variable","33":"has-default-attributes"},"acf":[],"_links":{"self":[{"href":"https:\/\/vitafit.nu\/de\/wp-json\/wp\/v2\/product\/45070","targetHints":{"allow":["GET"]}}],"collection":[{"href":"https:\/\/vitafit.nu\/de\/wp-json\/wp\/v2\/product"}],"about":[{"href":"https:\/\/vitafit.nu\/de\/wp-json\/wp\/v2\/types\/product"}],"replies":[{"embeddable":true,"href":"https:\/\/vitafit.nu\/de\/wp-json\/wp\/v2\/comments?post=45070"}],"wp:featuredmedia":[{"embeddable":true,"href":"https:\/\/vitafit.nu\/de\/wp-json\/wp\/v2\/media\/43747"}],"wp:attachment":[{"href":"https:\/\/vitafit.nu\/de\/wp-json\/wp\/v2\/media?parent=45070"}],"wp:term":[{"taxonomy":"product_brand","embeddable":true,"href":"https:\/\/vitafit.nu\/de\/wp-json\/wp\/v2\/product_brand?post=45070"},{"taxonomy":"product_cat","embeddable":true,"href":"https:\/\/vitafit.nu\/de\/wp-json\/wp\/v2\/product_cat?post=45070"},{"taxonomy":"product_tag","embeddable":true,"href":"https:\/\/vitafit.nu\/de\/wp-json\/wp\/v2\/product_tag?post=45070"},{"taxonomy":"woo-feed-brand","embeddable":true,"href":"https:\/\/vitafit.nu\/de\/wp-json\/wp\/v2\/woo-feed-brand?post=45070"}],"curies":[{"name":"wp","href":"https:\/\/api.w.org\/{rel}","templated":true}]}}