{"id":45143,"date":"2024-07-29T08:06:21","date_gmt":"2024-07-29T08:06:21","guid":{"rendered":"https:\/\/vitafit.nu\/product\/bonusan-proteinpulver-complex-schokolade-500g\/"},"modified":"2025-05-05T12:19:24","modified_gmt":"2025-05-05T12:19:24","slug":"bonusan-proteinpulver-complex-schokolade-500g","status":"publish","type":"product","link":"https:\/\/vitafit.nu\/de\/produkt\/bonusan-proteinpulver-complex-schokolade-500g\/","title":{"rendered":"Bonusan Proteinpulver Complex Schokolade 500g"},"content":{"rendered":"<p>Protein Powder Chocolate Plus ist ein Proteinpr\u00e4parat, das speziell f\u00fcr st\u00e4rkere Muskeln entwickelt wurde. Dank des Proteins tr\u00e4gt es zur Muskelerholung nach k\u00f6rperlicher Anstrengung bei. Das Produkt wird aus einem reinen Molkenproteinisolat mit einem hohen Proteingehalt (90%) hergestellt. Das Verh\u00e4ltnis der Aminos\u00e4uren entspricht genau demjenigen im menschlichen K\u00f6rper.   <\/p>\n<p>Dank des zugesetzten einzigartigen Enzymkomplexes werden die Aminos\u00e4uren im K\u00f6rper maximal absorbiert. Der Zusatz von Zink zu diesem Produkt tr\u00e4gt ebenfalls zu einer normalen Proteinsynthese bei. <\/p>\n<p>Proteine tragen zum Wachstum und zur Erhaltung der Muskelmasse und zur Erhaltung normaler Knochen bei. Daher findet dieses Proteinpulver unter anderem im Sport breite Anwendung. <\/p>\n<p>Eiwei\u00dfpulver Chocolate Plus kann auch f\u00fcr \u00e4ltere Menschen einen Mehrwert darstellen. \u00c4ltere Menschen essen oft weniger und weniger. Dann ist es gut, die Proteinzufuhr im Auge zu behalten.  <\/p>\n","protected":false},"excerpt":{"rendered":"<div class=\"product-detail-description-text mt-3 d-none d-lg-block\">\n<p>Protein Powder Chocolate Plus ist ein Protein-Nahrungserg\u00e4nzungsmittel, das speziell f\u00fcr st\u00e4rkere Muskeln und die Muskelerholung nach k\u00f6rperlicher Anstrengung entwickelt wurde. Das Produkt wird aus reinem Molkenproteinisolat mit einem hohen Proteingehalt (90%) hergestellt. Molke ist ein Milchprodukt, das bei der K\u00e4seherstellung anf\u00e4llt. Das Verh\u00e4ltnis der Aminos\u00e4uren im Molkenproteinisolat entspricht genau dem im menschlichen K\u00f6rper.   <\/p>\n<\/div>\n<div class=\"product-detail-usps mt-4 lg-mt-0\">\n<ul>\n<li>Proteine regen die Muskelmasse an und tragen zur Erholung der Muskeln nach dem Sport und zur Erhaltung der Muskelmasse bei<\/li>\n<li>Hoher Proteingehalt (90%) und hohe biologische Wertigkeit dank Molkenproteinisolat<\/li>\n<li>Sehr niedriger Laktosegehalt (weniger als 1%)<\/li>\n<\/ul>\n<\/div>\n","protected":false},"featured_media":43767,"comment_status":"open","ping_status":"closed","template":"","meta":{"_acf_changed":false,"_seopress_robots_primary_cat":"none","_seopress_titles_title":"Bonusan Proteinpulver Schokolade Plus - 750g - Pulver | Vitafit","_seopress_titles_desc":"","_seopress_robots_index":""},"product_brand":[1398],"product_cat":[1683],"product_tag":[],"woo-feed-brand":[],"class_list":{"0":"post-45143","1":"product","2":"type-product","3":"status-publish","4":"has-post-thumbnail","6":"product_brand-bonusan-de","7":"product_cat-muskeln","8":"pa_bevat-geen-konservierungsmittel","9":"pa_bevat-geen-synthetische-farbstoffe-aromen-und-duftstoffe","10":"pa_inhoud-500-gramm","11":"pa_merk-bonusan","12":"pa_mineralen-zink-de","13":"pa_oplossingen-muskeln","14":"pa_overige-supplementen-enzymmix-de","15":"pa_overige-supplementen-l-alanin","16":"pa_overige-supplementen-l-arginin","17":"pa_overige-supplementen-l-asparaginsaure","18":"pa_overige-supplementen-l-cystein","19":"pa_overige-supplementen-l-glutaminsaure","20":"pa_overige-supplementen-l-glycin","21":"pa_overige-supplementen-l-histidin","22":"pa_overige-supplementen-l-isoleucin","23":"pa_overige-supplementen-l-leucin","24":"pa_overige-supplementen-l-lysin","25":"pa_overige-supplementen-l-methionin","26":"pa_overige-supplementen-l-phenylalanin","27":"pa_overige-supplementen-l-prolin","28":"pa_overige-supplementen-l-serin","29":"pa_overige-supplementen-l-threonin","30":"pa_overige-supplementen-l-tryptophan","31":"pa_overige-supplementen-l-tyrosin","32":"pa_overige-supplementen-l-valin","33":"pa_overige-supplementen-molkenproteinisolat-maximal-1-laktose-provon","34":"pa_soort-pulver","36":"first","37":"instock","38":"taxable","39":"shipping-taxable","40":"purchasable","41":"product-type-variable","42":"has-default-attributes"},"acf":[],"_links":{"self":[{"href":"https:\/\/vitafit.nu\/de\/wp-json\/wp\/v2\/product\/45143","targetHints":{"allow":["GET"]}}],"collection":[{"href":"https:\/\/vitafit.nu\/de\/wp-json\/wp\/v2\/product"}],"about":[{"href":"https:\/\/vitafit.nu\/de\/wp-json\/wp\/v2\/types\/product"}],"replies":[{"embeddable":true,"href":"https:\/\/vitafit.nu\/de\/wp-json\/wp\/v2\/comments?post=45143"}],"wp:featuredmedia":[{"embeddable":true,"href":"https:\/\/vitafit.nu\/de\/wp-json\/wp\/v2\/media\/43767"}],"wp:attachment":[{"href":"https:\/\/vitafit.nu\/de\/wp-json\/wp\/v2\/media?parent=45143"}],"wp:term":[{"taxonomy":"product_brand","embeddable":true,"href":"https:\/\/vitafit.nu\/de\/wp-json\/wp\/v2\/product_brand?post=45143"},{"taxonomy":"product_cat","embeddable":true,"href":"https:\/\/vitafit.nu\/de\/wp-json\/wp\/v2\/product_cat?post=45143"},{"taxonomy":"product_tag","embeddable":true,"href":"https:\/\/vitafit.nu\/de\/wp-json\/wp\/v2\/product_tag?post=45143"},{"taxonomy":"woo-feed-brand","embeddable":true,"href":"https:\/\/vitafit.nu\/de\/wp-json\/wp\/v2\/woo-feed-brand?post=45143"}],"curies":[{"name":"wp","href":"https:\/\/api.w.org\/{rel}","templated":true}]}}