{"id":45150,"date":"2024-07-28T09:27:53","date_gmt":"2024-07-28T09:27:53","guid":{"rendered":"https:\/\/vitafit.nu\/product\/bonusan-salvia-officinalis-extrakt-60-kapseln\/"},"modified":"2025-04-11T04:51:28","modified_gmt":"2025-04-11T04:51:28","slug":"bonusan-salvia-officinalis-extrakt-60-kapseln","status":"publish","type":"product","link":"https:\/\/vitafit.nu\/de\/bonusan-salvia-officinalis-extrakt-60-kapseln\/","title":{"rendered":"Bonusan Salvia officinalis Extrakt 60 Kapseln"},"content":{"rendered":"<p><span class=\"TextRun SCXW243142886 BCX9\" lang=\"nl-nl\"><span class=\"NormalTextRun SCXW243142886 BCX9\">Salvia kommt aus dem Lateinischen und bedeutet <\/span><span class=\"NormalTextRun SCXW243142886 BCX9\">&#8216;o<\/span><span class=\"NormalTextRun CommentStart SCXW243142886 BCX9\">plosing&#8217;<\/span><span class=\"NormalTextRun SCXW243142886 BCX9\">. Die Tatsache, dass einer Pflanze ein solcher Name gegeben wurde, spiegelt den breiten therapeutischen Wert wider, der ihr zugeschrieben wird. Seit Tausenden von Jahren werden Salvia-Arten von V\u00f6lkern auf verschiedenen Kontinenten gegen verschiedene Beschwerden eingesetzt. Salvia    <\/span><span class=\"SpellingError SCXW243142886 BCX9\">officinalis<\/span><span class=\"NormalTextRun SCXW243142886 BCX9\"> Der Extrakt ist auf Rosmarins\u00e4ure standardisiert und enth\u00e4lt 4-6% \u00e4therische \u00d6le.<\/span><\/span><span class=\"LineBreakBlob BlobObject DragDrop SCXW243142886 BCX9\"><span class=\"SCXW243142886 BCX9\"> <\/span><br class=\"SCXW243142886 BCX9\"><\/span><span class=\"LineBreakBlob BlobObject DragDrop SCXW243142886 BCX9\"><span class=\"SCXW243142886 BCX9\"> <\/span><br class=\"SCXW243142886 BCX9\"><\/span><span class=\"TextRun SCXW243142886 BCX9\" lang=\"nl-nl\"><span class=\"NormalTextRun SCXW243142886 BCX9\">*Gesundheitsbezogene Angabe, deren europ\u00e4ische Zulassung noch aussteht<\/span><\/span><span class=\"EOP SCXW243142886 BCX9\"> <\/span><\/p>\n","protected":false},"excerpt":{"rendered":"<div class=\"product-detail-description-text mt-3 d-none d-lg-block\">\n<p>Salvia kommt aus dem Lateinischen und bedeutet &#8220;sich aufl\u00f6sen&#8221;. Die Tatsache, dass einer Pflanze ein solcher Name gegeben wurde, spiegelt den breiten therapeutischen Wert wider, der ihr zugeschrieben wird. Seit Tausenden von Jahren werden Salvia-Arten von V\u00f6lkern auf verschiedenen Kontinenten gegen verschiedene Beschwerden eingesetzt.  <\/p>\n<p>*Gesundheitsbezogene Angabe, deren europ\u00e4ische Zulassung noch aussteht<\/p>\n<\/div>\n<div class=\"product-detail-usps\">\n<ul>\n<li>Der Extrakt aus Salvia officinalis ist standardisiert auf 2,5% Rosmarins\u00e4ure<\/li>\n<li>Enth\u00e4lt 4-6% \u00e4therische \u00d6le<\/li>\n<li>Hat eine beruhigende Wirkung auf Hals und Atemwege*.<\/li>\n<\/ul>\n<\/div>\n","protected":false},"featured_media":44271,"comment_status":"open","ping_status":"closed","template":"","meta":{"_acf_changed":false,"_seopress_robots_primary_cat":"441","_seopress_titles_title":"Bonusan Salvia officinalis Extrakt - 60 St\u00fcck - Kapseln | Vitafit","_seopress_titles_desc":"","_seopress_robots_index":""},"product_brand":[1398],"product_cat":[1566,1453,1569,1437,1533,1344],"product_tag":[],"woo-feed-brand":[],"class_list":{"0":"post-45150","1":"product","2":"type-product","3":"status-publish","4":"has-post-thumbnail","6":"product_brand-bonusan-de","7":"product_cat-auszug","8":"product_cat-kehle-und-atemwege","9":"product_cat-menstruation","10":"product_cat-oxidativer-stress","11":"product_cat-uberleitung","12":"product_cat-widerstand","13":"pa_bevat-geen-gelatine-de","14":"pa_bevat-geen-hefe","15":"pa_bevat-geen-konservierungsmittel","16":"pa_bevat-geen-synthetische-farbstoffe-aromen-und-duftstoffe","17":"pa_bevat-geen-zugesetzte-saccharose","18":"pa_inhoud-60-stuck","19":"pa_kruiden-salvia-officinalis-echter-salbei","20":"pa_merk-bonusan","21":"pa_oplossingen-auszug","22":"pa_oplossingen-kehle-und-atemwege","23":"pa_oplossingen-menstruation","24":"pa_oplossingen-oxidativer-stress","25":"pa_oplossingen-uberleitung","26":"pa_oplossingen-widerstand","27":"pa_soort-kapsel-2","29":"first","30":"instock","31":"taxable","32":"shipping-taxable","33":"purchasable","34":"product-type-variable","35":"has-default-attributes"},"acf":[],"_links":{"self":[{"href":"https:\/\/vitafit.nu\/de\/wp-json\/wp\/v2\/product\/45150","targetHints":{"allow":["GET"]}}],"collection":[{"href":"https:\/\/vitafit.nu\/de\/wp-json\/wp\/v2\/product"}],"about":[{"href":"https:\/\/vitafit.nu\/de\/wp-json\/wp\/v2\/types\/product"}],"replies":[{"embeddable":true,"href":"https:\/\/vitafit.nu\/de\/wp-json\/wp\/v2\/comments?post=45150"}],"wp:featuredmedia":[{"embeddable":true,"href":"https:\/\/vitafit.nu\/de\/wp-json\/wp\/v2\/media\/44271"}],"wp:attachment":[{"href":"https:\/\/vitafit.nu\/de\/wp-json\/wp\/v2\/media?parent=45150"}],"wp:term":[{"taxonomy":"product_brand","embeddable":true,"href":"https:\/\/vitafit.nu\/de\/wp-json\/wp\/v2\/product_brand?post=45150"},{"taxonomy":"product_cat","embeddable":true,"href":"https:\/\/vitafit.nu\/de\/wp-json\/wp\/v2\/product_cat?post=45150"},{"taxonomy":"product_tag","embeddable":true,"href":"https:\/\/vitafit.nu\/de\/wp-json\/wp\/v2\/product_tag?post=45150"},{"taxonomy":"woo-feed-brand","embeddable":true,"href":"https:\/\/vitafit.nu\/de\/wp-json\/wp\/v2\/woo-feed-brand?post=45150"}],"curies":[{"name":"wp","href":"https:\/\/api.w.org\/{rel}","templated":true}]}}