{"id":45153,"date":"2024-07-28T09:16:32","date_gmt":"2024-07-28T09:16:32","guid":{"rendered":"https:\/\/vitafit.nu\/product\/bonusan-sabal-pygeum-cranberry-extrakt-60-kapseln\/"},"modified":"2025-04-11T04:51:33","modified_gmt":"2025-04-11T04:51:33","slug":"bonusan-sabal-pygeum-cranberry-extrakt-60-kapseln","status":"publish","type":"product","link":"https:\/\/vitafit.nu\/de\/bonusan-sabal-pygeum-cranberry-extrakt-60-kapseln\/","title":{"rendered":"Bonusan Sabal-Pygeum-Cranberry-Extrakt 60 Kapseln"},"content":{"rendered":"<p>Sabal-Pygeum-Cranberry ist eine beliebte Kombination f\u00fcr \u00e4ltere M\u00e4nner. Die Beeren enthalten wichtige Inhaltsstoffe wie Phytosterine, Flavonoide und \u00e4therisches \u00d6l. Pygeum africanum ist ein afrikanischer Baum und mit dem Pfirsich verwandt.  <\/p>\n","protected":false},"excerpt":{"rendered":"<div class=\"product-detail-description-text mt-3 d-none d-lg-block\">Sabal-Pygeum-Cranberry ist eine beliebte Kombination f\u00fcr \u00e4ltere M\u00e4nner.<\/div>\n<div class=\"product-detail-usps\">\n<ul>\n<li>Spezielle Formel f\u00fcr alternde M\u00e4nner<\/li>\n<li>Hochkonzentrierte Cranberry (36:1)<\/li>\n<li>Nur standardisierte Extrakte<\/li>\n<\/ul>\n<\/div>\n","protected":false},"featured_media":44243,"comment_status":"open","ping_status":"closed","template":"","meta":{"_acf_changed":false,"_seopress_robots_primary_cat":"none","_seopress_titles_title":"Bonusan Sabal-Pygeum-Cranberry-Extrakt - 60 St\u00fcck - Kapseln | Vitafit","_seopress_titles_desc":"","_seopress_robots_index":""},"product_brand":[1398],"product_cat":[1316],"product_tag":[],"woo-feed-brand":[],"class_list":{"0":"post-45153","1":"product","2":"type-product","3":"status-publish","4":"has-post-thumbnail","6":"product_brand-bonusan-de","7":"product_cat-krauter","8":"pa_bevat-geen-gelatine-de","9":"pa_bevat-geen-hefe","10":"pa_bevat-geen-konservierungsmittel","11":"pa_bevat-geen-mais-de","12":"pa_bevat-geen-synthetische-farbstoffe-aromen-und-duftstoffe","13":"pa_bevat-geen-zugesetzte-saccharose","14":"pa_inhoud-60-stuck","15":"pa_kruiden-cranberry-de","16":"pa_kruiden-extrakt-aus-roter-stinkholzrinde-pygeum-africanum-cortex","17":"pa_kruiden-sagepalmenfruchte-sabal-serrulata-fructus","18":"pa_merk-bonusan","19":"pa_soort-kapsel-2","21":"first","22":"instock","23":"taxable","24":"shipping-taxable","25":"purchasable","26":"product-type-variable","27":"has-default-attributes"},"acf":[],"_links":{"self":[{"href":"https:\/\/vitafit.nu\/de\/wp-json\/wp\/v2\/product\/45153","targetHints":{"allow":["GET"]}}],"collection":[{"href":"https:\/\/vitafit.nu\/de\/wp-json\/wp\/v2\/product"}],"about":[{"href":"https:\/\/vitafit.nu\/de\/wp-json\/wp\/v2\/types\/product"}],"replies":[{"embeddable":true,"href":"https:\/\/vitafit.nu\/de\/wp-json\/wp\/v2\/comments?post=45153"}],"wp:featuredmedia":[{"embeddable":true,"href":"https:\/\/vitafit.nu\/de\/wp-json\/wp\/v2\/media\/44243"}],"wp:attachment":[{"href":"https:\/\/vitafit.nu\/de\/wp-json\/wp\/v2\/media?parent=45153"}],"wp:term":[{"taxonomy":"product_brand","embeddable":true,"href":"https:\/\/vitafit.nu\/de\/wp-json\/wp\/v2\/product_brand?post=45153"},{"taxonomy":"product_cat","embeddable":true,"href":"https:\/\/vitafit.nu\/de\/wp-json\/wp\/v2\/product_cat?post=45153"},{"taxonomy":"product_tag","embeddable":true,"href":"https:\/\/vitafit.nu\/de\/wp-json\/wp\/v2\/product_tag?post=45153"},{"taxonomy":"woo-feed-brand","embeddable":true,"href":"https:\/\/vitafit.nu\/de\/wp-json\/wp\/v2\/woo-feed-brand?post=45153"}],"curies":[{"name":"wp","href":"https:\/\/api.w.org\/{rel}","templated":true}]}}