{"id":45155,"date":"2024-07-28T08:55:48","date_gmt":"2024-07-28T08:55:48","guid":{"rendered":"https:\/\/vitafit.nu\/product\/bonusan-vitamin-e-400-komplex-200-weichkapseln\/"},"modified":"2025-05-05T12:19:15","modified_gmt":"2025-05-05T12:19:15","slug":"bonusan-vitamin-e-400-komplex-200-weichkapseln","status":"publish","type":"product","link":"https:\/\/vitafit.nu\/de\/bonusan-vitamin-e-400-komplex-200-weichkapseln\/","title":{"rendered":"Bonusan Vitamin E-400-Komplex 200 Weichkapseln"},"content":{"rendered":"<p>Vitamin E ist ein Antioxidans, das zum Schutz und zur Erhaltung gesunder K\u00f6rperzellen beitr\u00e4gt. So hilft es, Zellen und Gewebe vor oxidativen Sch\u00e4den zu sch\u00fctzen, die durch Luftverschmutzung und UV-Strahlung verursacht werden. <\/p>\n<p>Bei Vitamin E handelt es sich in der Regel um d-Alpha-Tocopherol. Bonusan Vitamin E-400 Complex enth\u00e4lt auch d-Beta-, d-Gamma- und d-Delta-Tocopherol f\u00fcr eine besonders effektive Wirkung. <\/p>\n<p>Die Funktionen der Tocopherole \u00fcberschneiden sich und erg\u00e4nzen sich gegenseitig. Zusammen bilden die vier Tocopherole einen Vitamin-E-Komplex, den der K\u00f6rper gut erkennt und aufnimmt. Diese nat\u00fcrliche Mischung von Tocopherolen ist daher die wirksamste Form von Vitamin E.  <\/p>\n<p>Bonusan Vitamin E-400 Complex ist eine leicht zu schluckende Weichkapsel, die eine hohe Dosis von 268 mg (400 IU) d-Alpha-Tocopherol und 100 mg anderer nat\u00fcrlich gemischter Tocopherole enth\u00e4lt. Dieser Komplex enth\u00e4lt keine unn\u00f6tigen, synthetischen Zusatzstoffe. <\/p>\n<p>Vitamin E ist ein Antioxidans, eine Substanz, die zum Schutz der Zellen vor freien Radikalen und oxidativen Sch\u00e4den beitr\u00e4gt. Antioxidantien tragen zum normalen Funktionieren des (nat\u00fcrlichen) Immunsystems der Zellen des K\u00f6rpers bei. So hilft Vitamin E, die Zellen vor oxidativen Sch\u00e4den zu sch\u00fctzen, die durch UV-Strahlung, Luftverschmutzung und andere \u00e4u\u00dfere Einfl\u00fcsse verursacht werden. Vitamin E ist gut f\u00fcr die Erhaltung gesunder Zellen und Gewebe.   <\/p>\n<p>F\u00fcr Bonusan Vitamin E-400 Complex verwenden wir nur hochwertige nat\u00fcrliche Rohstoffe. Es enth\u00e4lt die nat\u00fcrliche Form von Vitamin E: d-alpha-Tocopherol. Die synthetische Form dl-alpha-Tocopherol ist schlecht absorbierbar und weniger wirksam im K\u00f6rper. Au\u00dferdem enth\u00e4lt dieses Nahrungserg\u00e4nzungsmittel eine Kombination aus mehreren Tocopherolen, die eine bessere Absorption und Wirksamkeit gew\u00e4hrleistet, so dass f\u00fcr dieselbe Wirkung weniger eingenommen werden muss.   <\/p>\n","protected":false},"excerpt":{"rendered":"<div class=\"product-detail-description-text mt-3 d-none d-lg-block\">\n<p>Nat\u00fcrliches Vitamin E besteht immer aus verschiedenen Tocopherolen. Bonusan Vitamin E-400 Complex enth\u00e4lt eine hohe Dosis von 268 mg d-Alpha-Tocopherol (400 IU) und 100 mg gemischte Tocopherole. Die nat\u00fcrliche Kombination sorgt f\u00fcr eine bessere Absorption und Wirksamkeit, so dass Sie weniger davon einnehmen m\u00fcssen, um die gleiche Wirkung zu erzielen.Die Softgels sind leicht zu schlucken und der Inhalt wird leicht vom K\u00f6rper aufgenommen.<\/p>\n<\/div>\n<div class=\"product-detail-usps mt-4 lg-mt-0\">\n<ul>\n<li>Nat\u00fcrliches Vitamin E (d-alpha-Tocopherol) mit gemischten Tocopherolen<\/li>\n<li>Bessere Absorption und Wirksamkeit, so dass Sie weniger davon einnehmen m\u00fcssen<\/li>\n<li>Vitamin E tr\u00e4gt zum Schutz und zur Erhaltung der gesunden K\u00f6rperzellen bei<\/li>\n<\/ul>\n<\/div>\n","protected":false},"featured_media":44015,"comment_status":"open","ping_status":"closed","template":"","meta":{"_acf_changed":false,"_seopress_robots_primary_cat":"452","_seopress_titles_title":"Bonusan Vitamin E-400 Komplex - 200 St\u00fcck - Kapseln | Vitafit","_seopress_titles_desc":"","_seopress_robots_index":""},"product_brand":[1398],"product_cat":[1437],"product_tag":[],"woo-feed-brand":[],"class_list":{"0":"post-45155","1":"product","2":"type-product","3":"status-publish","4":"has-post-thumbnail","6":"product_brand-bonusan-de","7":"product_cat-oxidativer-stress","8":"pa_bevat-geen-hefe","9":"pa_bevat-geen-konservierungsmittel","10":"pa_bevat-geen-mais-de","11":"pa_bevat-geen-synthetische-farbstoffe-aromen-und-duftstoffe","12":"pa_bevat-geen-zugesetzte-saccharose","13":"pa_inhoud-200-stuck","14":"pa_inhoud-60-stuck","15":"pa_merk-bonusan","16":"pa_oplossingen-oxidativer-stress","17":"pa_soort-kapsel-2","18":"pa_vitaminen-tocopherole","19":"pa_vitaminen-vitamin-e-d-alpha-toceferol","21":"first","22":"instock","23":"taxable","24":"shipping-taxable","25":"purchasable","26":"product-type-variable","27":"has-default-attributes"},"acf":[],"_links":{"self":[{"href":"https:\/\/vitafit.nu\/de\/wp-json\/wp\/v2\/product\/45155","targetHints":{"allow":["GET"]}}],"collection":[{"href":"https:\/\/vitafit.nu\/de\/wp-json\/wp\/v2\/product"}],"about":[{"href":"https:\/\/vitafit.nu\/de\/wp-json\/wp\/v2\/types\/product"}],"replies":[{"embeddable":true,"href":"https:\/\/vitafit.nu\/de\/wp-json\/wp\/v2\/comments?post=45155"}],"wp:featuredmedia":[{"embeddable":true,"href":"https:\/\/vitafit.nu\/de\/wp-json\/wp\/v2\/media\/44015"}],"wp:attachment":[{"href":"https:\/\/vitafit.nu\/de\/wp-json\/wp\/v2\/media?parent=45155"}],"wp:term":[{"taxonomy":"product_brand","embeddable":true,"href":"https:\/\/vitafit.nu\/de\/wp-json\/wp\/v2\/product_brand?post=45155"},{"taxonomy":"product_cat","embeddable":true,"href":"https:\/\/vitafit.nu\/de\/wp-json\/wp\/v2\/product_cat?post=45155"},{"taxonomy":"product_tag","embeddable":true,"href":"https:\/\/vitafit.nu\/de\/wp-json\/wp\/v2\/product_tag?post=45155"},{"taxonomy":"woo-feed-brand","embeddable":true,"href":"https:\/\/vitafit.nu\/de\/wp-json\/wp\/v2\/woo-feed-brand?post=45155"}],"curies":[{"name":"wp","href":"https:\/\/api.w.org\/{rel}","templated":true}]}}