{"id":45163,"date":"2024-07-25T12:01:08","date_gmt":"2024-07-25T12:01:08","guid":{"rendered":"https:\/\/vitafit.nu\/product\/bonusan-equisetum-komplex-50-ml\/"},"modified":"2025-04-11T04:51:54","modified_gmt":"2025-04-11T04:51:54","slug":"bonusan-equisetum-komplex-50-ml","status":"publish","type":"product","link":"https:\/\/vitafit.nu\/de\/bonusan-equisetum-komplex-50-ml\/","title":{"rendered":"Bonusan Equisetum Komplex 50 ml"},"content":{"rendered":"<p>Die Staubgef\u00e4\u00dfe des Katzenschnurrbartes<em>(Orthosiphon stamineus<\/em>) erinnern an die Schnurrhaare einer Katze. Der aus dem Katzenschnurrbart gezogene Tee ist als javanischer Nierentee bekannt. Dieser Tee stammt urspr\u00fcnglich von der indonesischen Insel Java, ist aber inzwischen auch in vielen westlichen Reformh\u00e4usern zu finden. Der hochwertige Extrakt aus Katzenschnurrbart in diesem Komplex wird aus den Bl\u00e4ttern (Folia) der Pflanze gewonnen. Diese sind reich an Terpenen, Flavonoiden und \u00e4therischen \u00d6len, darunter das Polyphenol Sinensetin.    <\/p>\n<p>Die Gemeine Goldrute<em>(Solidago virgaurea<\/em>) ist eine eurasische Pflanze aus der Familie der Korbbl\u00fctler<em>(Asteraceae<\/em>). Der Name<em> Solidago<\/em> stammt vom lateinischen Wort <em>solidum agare<\/em> und bedeutet &#8220;gesund machen&#8221;. Die Bl\u00fcten sind reich an Saponinen, Quercetin und Kaempferol. Daher wird die Pflanze in Europa seit dem 15. Jahrhundert f\u00fcr eine Reihe von Anwendungen genutzt. Heute wird ein Extrakt aus den Bl\u00fcten u.a. zum Schutz gesunder Zellen und Gewebe* und zur Unterst\u00fctzung des Immunsystems* verwendet.   <\/p>\n<p>Schachtelhalm<em>(Equisetum arvense<\/em>) ist eine Pflanze aus der Familie der<em>Schachtelhalmgew\u00e4chse (Equisetaceae<\/em>). Der Extrakt, den wir in diesem Komplex verwenden, enth\u00e4lt neben Vitaminen und Mineralien (Silizium) eine Reihe interessanter Substanzen wie Phytosterine, Gerbstoffe, Alkaloide, Saponine und Flavonoide. Der Schachtelhalm passt in diesem Komplex besonders gut zum Katzenschnurrbart. Ein Extrakt aus dem Blatt der<em>H\u00e4nge-Birke (Betula pendula<\/em>), der unter anderem Betulin und Gerbstoffe enth\u00e4lt, vervollst\u00e4ndigt diesen Komplex.   <\/p>\n<p>Kurz gesagt, der Equisetum-Komplex mit Katzenschnurrbart, der Bestandteil des javanischen Nierentees, kann dank der echten Goldrute zum Schutz gesunder Zellen und Gewebe* und zur Unterst\u00fctzung des Immunsystems* eingesetzt werden.<\/p>\n<p>*Gesundheitsbezogene Angabe, deren europ\u00e4ische Zulassung noch aussteht<\/p>\n<p>Bei der Herstellung unserer Kr\u00e4uterrezepturen verwenden wir nur die besten Pflanzenmaterialien, die richtigen Pflanzenteile und ber\u00fccksichtigen den richtigen Erntezeitpunkt. F\u00fcr den Extrakt aus Katzenschnurrbart, dem Bestandteil des javanischen Nierentees, verwenden wir zum Beispiel die Bl\u00e4tter (Folia), weil sie sehr reich an Terpenen, Flavonoiden und \u00e4therischen \u00d6len sind, darunter das Polyphenol Sinensetin. So erhalten Sie immer das Beste, was die Natur zu bieten hat.  <\/p>\n","protected":false},"excerpt":{"rendered":"<div class=\"product-detail-description-text mt-3 d-none d-lg-block\">Die Equisetum-Komplex-Tinktur ist ein ausgewogener Komplex aus Schachtelhalm und Katzenpf\u00f6tchen. Aus der letztgenannten Pflanze wird javanischer Nierentee hergestellt. Der Komplex enth\u00e4lt auch echte Goldrute, die zum Schutz gesunder Zellen und Gewebe* und zur Unterst\u00fctzung des Immunsystems* eingesetzt wird.  <\/div>\n<div class=\"product-detail-usps\">\n<ul>\n<li>Synergistische Formel aus Schachtelhalm, Goldrute und Katzenschnurrbart, u.a.<\/li>\n<li>Katzenschnurrbart ist die bekannte Zutat f\u00fcr javanischen Nierentee<\/li>\n<li>Goldrute unterst\u00fctzt das Immunsystem*<\/li>\n<\/ul>\n<\/div>\n","protected":false},"featured_media":44207,"comment_status":"open","ping_status":"closed","template":"","meta":{"_acf_changed":false,"_seopress_robots_primary_cat":"448","_seopress_titles_title":"","_seopress_titles_desc":"","_seopress_robots_index":""},"product_brand":[1398],"product_cat":[1704,1345,1567],"product_tag":[],"woo-feed-brand":[],"class_list":{"0":"post-45163","1":"product","2":"type-product","3":"status-publish","4":"has-post-thumbnail","6":"product_brand-bonusan-de","7":"product_cat-gewicht-und-appetit","8":"product_cat-herz-und-oder-blutgefase","9":"product_cat-nieren-und-harnwege","10":"pa_inhoud-50-ml-de","11":"pa_kruiden-orthosiphon-stamineus-katzenschnurrbart-folia","12":"pa_kruiden-raue-birke","13":"pa_kruiden-schachtelhalm","14":"pa_kruiden-solidago-virgaurea-echte-goldrute","15":"pa_merk-bonusan","16":"pa_oplossingen-gewicht-und-appetit","17":"pa_oplossingen-herz-und-oder-blutgefase","18":"pa_oplossingen-nieren-und-harnwege","19":"pa_soort-tinktur","21":"first","22":"instock","23":"taxable","24":"shipping-taxable","25":"purchasable","26":"product-type-variable","27":"has-default-attributes"},"acf":[],"_links":{"self":[{"href":"https:\/\/vitafit.nu\/de\/wp-json\/wp\/v2\/product\/45163","targetHints":{"allow":["GET"]}}],"collection":[{"href":"https:\/\/vitafit.nu\/de\/wp-json\/wp\/v2\/product"}],"about":[{"href":"https:\/\/vitafit.nu\/de\/wp-json\/wp\/v2\/types\/product"}],"replies":[{"embeddable":true,"href":"https:\/\/vitafit.nu\/de\/wp-json\/wp\/v2\/comments?post=45163"}],"wp:featuredmedia":[{"embeddable":true,"href":"https:\/\/vitafit.nu\/de\/wp-json\/wp\/v2\/media\/44207"}],"wp:attachment":[{"href":"https:\/\/vitafit.nu\/de\/wp-json\/wp\/v2\/media?parent=45163"}],"wp:term":[{"taxonomy":"product_brand","embeddable":true,"href":"https:\/\/vitafit.nu\/de\/wp-json\/wp\/v2\/product_brand?post=45163"},{"taxonomy":"product_cat","embeddable":true,"href":"https:\/\/vitafit.nu\/de\/wp-json\/wp\/v2\/product_cat?post=45163"},{"taxonomy":"product_tag","embeddable":true,"href":"https:\/\/vitafit.nu\/de\/wp-json\/wp\/v2\/product_tag?post=45163"},{"taxonomy":"woo-feed-brand","embeddable":true,"href":"https:\/\/vitafit.nu\/de\/wp-json\/wp\/v2\/woo-feed-brand?post=45163"}],"curies":[{"name":"wp","href":"https:\/\/api.w.org\/{rel}","templated":true}]}}