{"id":45170,"date":"2024-04-20T09:15:58","date_gmt":"2024-04-20T09:15:58","guid":{"rendered":"https:\/\/vitafit.nu\/product\/bonusan-salvia-komplex-50-ml\/"},"modified":"2025-04-11T04:52:07","modified_gmt":"2025-04-11T04:52:07","slug":"bonusan-salvia-komplex-50-ml","status":"publish","type":"product","link":"https:\/\/vitafit.nu\/de\/produkt\/bonusan-salvia-komplex-50-ml\/","title":{"rendered":"Bonusan Salvia Komplex 50 ml"},"content":{"rendered":"","protected":false},"excerpt":{"rendered":"<p>Die umfangreichen Qualit\u00e4tskontrollen bei Bonusan garantieren die hohe Qualit\u00e4t und Reinheit dieses Produktes. Verl\u00e4sslichkeit ist uns wichtig, deshalb verwendet Bonusan f\u00fcr seine Gesundheitsprodukte nur beste Rohstoffe und ausgewogene Zusammensetzungen. <\/p>\n","protected":false},"featured_media":44115,"comment_status":"open","ping_status":"closed","template":"","meta":{"_acf_changed":false,"_seopress_robots_primary_cat":"410","_seopress_titles_title":"Bonusan Salvia Komplex Tinktur - 30 ml - Tropfen | vitafit.nu","_seopress_titles_desc":"","_seopress_robots_index":""},"product_brand":[1398],"product_cat":[1316],"product_tag":[],"woo-feed-brand":[],"class_list":{"0":"post-45170","1":"product","2":"type-product","3":"status-publish","4":"has-post-thumbnail","6":"product_brand-bonusan-de","7":"product_cat-krauter","8":"pa_inhoud-50-ml-de","9":"pa_kruiden-brachliegendes-kraut","10":"pa_kruiden-hirtentaschel","11":"pa_kruiden-salvia-officinalis-echter-salbei","12":"pa_merk-bonusan","13":"pa_soort-tinktur","15":"first","16":"instock","17":"sale","18":"taxable","19":"shipping-taxable","20":"purchasable","21":"product-type-simple"},"acf":[],"_links":{"self":[{"href":"https:\/\/vitafit.nu\/de\/wp-json\/wp\/v2\/product\/45170","targetHints":{"allow":["GET"]}}],"collection":[{"href":"https:\/\/vitafit.nu\/de\/wp-json\/wp\/v2\/product"}],"about":[{"href":"https:\/\/vitafit.nu\/de\/wp-json\/wp\/v2\/types\/product"}],"replies":[{"embeddable":true,"href":"https:\/\/vitafit.nu\/de\/wp-json\/wp\/v2\/comments?post=45170"}],"wp:featuredmedia":[{"embeddable":true,"href":"https:\/\/vitafit.nu\/de\/wp-json\/wp\/v2\/media\/44115"}],"wp:attachment":[{"href":"https:\/\/vitafit.nu\/de\/wp-json\/wp\/v2\/media?parent=45170"}],"wp:term":[{"taxonomy":"product_brand","embeddable":true,"href":"https:\/\/vitafit.nu\/de\/wp-json\/wp\/v2\/product_brand?post=45170"},{"taxonomy":"product_cat","embeddable":true,"href":"https:\/\/vitafit.nu\/de\/wp-json\/wp\/v2\/product_cat?post=45170"},{"taxonomy":"product_tag","embeddable":true,"href":"https:\/\/vitafit.nu\/de\/wp-json\/wp\/v2\/product_tag?post=45170"},{"taxonomy":"woo-feed-brand","embeddable":true,"href":"https:\/\/vitafit.nu\/de\/wp-json\/wp\/v2\/woo-feed-brand?post=45170"}],"curies":[{"name":"wp","href":"https:\/\/api.w.org\/{rel}","templated":true}]}}